{"id":82946,"date":"2025-11-03T18:46:01","date_gmt":"2025-11-03T18:46:01","guid":{"rendered":"https:\/\/deromania.es\/?post_type=product&#038;p=82946"},"modified":"2026-03-22T19:04:34","modified_gmt":"2026-03-22T18:04:34","slug":"cruce-ortodoxa-din-lemn-stil-rusesc","status":"publish","type":"product","link":"https:\/\/deromania.es\/es\/producto\/cruce-ortodoxa-din-lemn-stil-rusesc","title":{"rendered":"Cruz Ortodoxa de Madera - Estilo Ruso, 14\u00d77,8 cm"},"content":{"rendered":"<p>Cruce ortodox\u0103 tradi\u021bional\u0103 din lemn, \u00een stil rusesc, realizat\u0103 cu detalii fine \u0219i <strong>consagrado<\/strong> \u00eenainte de expediere. Produsul este disponibil \u00een mai multe variante, fiecare cu un design distinct.<\/p>","protected":false},"excerpt":{"rendered":"<p>Cruz ortodoxa de madera de estilo ruso, consagrada - disponible en dos dise\u00f1os. Adecuada para el hogar, el altar o el coche.<\/p>","protected":false},"featured_media":170813,"comment_status":"open","ping_status":"closed","template":"","meta":[],"product_brand":[122],"product_cat":[146,98,685],"product_tag":[551,584,544,506,585],"class_list":{"0":"post-82946","1":"product","2":"type-product","3":"status-publish","4":"has-post-thumbnail","6":"product_brand-patriarhia-romana","7":"product_cat-lemn-ceramica","8":"product_cat-obiecte-ortodoxe","9":"product_cat-pastele-ortodox","10":"product_tag-cruce","11":"product_tag-lemn","12":"product_tag-ortodox","13":"product_tag-sfintita","14":"product_tag-stil-rusesc","16":"first","17":"instock","18":"taxable","19":"shipping-taxable","20":"purchasable","21":"product-type-simple"},"_links":{"self":[{"href":"https:\/\/deromania.es\/es\/wp-json\/wp\/v2\/product\/82946","targetHints":{"allow":["GET"]}}],"collection":[{"href":"https:\/\/deromania.es\/es\/wp-json\/wp\/v2\/product"}],"about":[{"href":"https:\/\/deromania.es\/es\/wp-json\/wp\/v2\/types\/product"}],"replies":[{"embeddable":true,"href":"https:\/\/deromania.es\/es\/wp-json\/wp\/v2\/comments?post=82946"}],"version-history":[{"count":0,"href":"https:\/\/deromania.es\/es\/wp-json\/wp\/v2\/product\/82946\/revisions"}],"wp:featuredmedia":[{"embeddable":true,"href":"https:\/\/deromania.es\/es\/wp-json\/wp\/v2\/media\/170813"}],"wp:attachment":[{"href":"https:\/\/deromania.es\/es\/wp-json\/wp\/v2\/media?parent=82946"}],"wp:term":[{"taxonomy":"product_brand","embeddable":true,"href":"https:\/\/deromania.es\/es\/wp-json\/wp\/v2\/product_brand?post=82946"},{"taxonomy":"product_cat","embeddable":true,"href":"https:\/\/deromania.es\/es\/wp-json\/wp\/v2\/product_cat?post=82946"},{"taxonomy":"product_tag","embeddable":true,"href":"https:\/\/deromania.es\/es\/wp-json\/wp\/v2\/product_tag?post=82946"}],"curies":[{"name":"wp","href":"https:\/\/api.w.org\/{rel}","templated":true}]}}