{"id":411,"date":"2025-07-23T12:19:36","date_gmt":"2025-07-23T12:19:36","guid":{"rendered":"http:\/\/dummy.xtemos.com\/woodmart2\/elementor\/?post_type=product&#038;p=411"},"modified":"2025-08-27T09:14:44","modified_gmt":"2025-08-27T09:14:44","slug":"ceasca-ceramica-smaltuita-corund","status":"publish","type":"product","link":"https:\/\/deromania.es\/es\/producto\/ceasca-ceramica-smaltuita-corund","title":{"rendered":"Taza de cer\u00e1mica Corund 80 ml - Varios Colores"},"content":{"rendered":"<div data-elementor-type=\"wp-post\" data-elementor-id=\"411\" class=\"elementor elementor-411\">\n\t\t\t\t<div class=\"wd-negative-gap elementor-element elementor-element-1ce11ca0 e-flex e-con-boxed e-con e-parent\" data-id=\"1ce11ca0\" data-element_type=\"container\" data-e-type=\"container\">\n\t\t\t\t\t<div class=\"e-con-inner\">\n\t\t<div class=\"elementor-element elementor-element-73d7a666 e-con-full e-flex e-con e-child\" data-id=\"73d7a666\" data-element_type=\"container\" data-e-type=\"container\">\n\t\t\t\t<div class=\"elementor-element elementor-element-6e339ce7 elementor-widget elementor-widget-wd_text_block\" data-id=\"6e339ce7\" data-element_type=\"widget\" data-e-type=\"widget\" data-widget_type=\"wd_text_block.default\">\n\t\t\t\t<div class=\"elementor-widget-container\">\n\t\t\t\t\t\t\t<div class=\"wd-text-block reset-last-child text-left\">\n\t\t\t\n\t\t\t<p data-start=\"229\" data-end=\"299\"><strong data-start=\"229\" data-end=\"299\">Cea\u0219c\u0103 Ceramic\u0103 Sm\u0103l\u021buit\u0103 Corund \u2013 Tradi\u021bie \u00een fiecare \u00eenghi\u021bitur\u0103<\/strong><\/p><p data-start=\"301\" data-end=\"595\">Aceast\u0103 cea\u0219c\u0103 de 80 ml este realizat\u0103 manual \u00een celebrul centru de ol\u0103rit Corund, renumit pentru ceramica sa autentic\u0103 \u0219i motivele populare pictate cu migal\u0103. Sm\u0103l\u021buit\u0103 \u0219i ars\u0103 la temperaturi \u00eenalte, este ideal\u0103 pentru espresso, \u021buic\u0103 fiart\u0103 sau servirea simbolic\u0103 a unei b\u0103uturi tradi\u021bionale.<\/p><p data-start=\"597\" data-end=\"886\">Fiecare pies\u0103 este unic\u0103, cu varia\u021bii de culoare \u0219i model. Cea\u0219ca aduce un plus de autenticitate \u00een orice buc\u0103t\u0103rie \u0219i poate fi folosit\u0103 at\u00e2t decorativ, c\u00e2t \u0219i practic. Este o alegere minunat\u0103 pentru rom\u00e2nii din Spania care vor s\u0103 aib\u0103 acas\u0103 un strop din atmosfera arhaic\u0103 a Transilvaniei.<\/p><p data-start=\"888\" data-end=\"1021\">Buscar en <strong data-start=\"894\" data-end=\"935\">ce\u0219ti ceramice tradi\u021bionale \u00een Spania<\/strong>? Deromania.es \u00ee\u021bi ofer\u0103 original Corund, cu livrare rapid\u0103 din stocul nostru propriu.<\/p>\n\t\t\t\t\t<\/div>\n\t\t\t\t\t\t<\/div>\n\t\t\t\t<\/div>\n\t\t\t\t<\/div>\n\t\t<div class=\"elementor-element elementor-element-4af0f0f5 e-con-full e-flex e-con e-child\" data-id=\"4af0f0f5\" data-element_type=\"container\" data-e-type=\"container\">\n\t\t\t\t<div class=\"elementor-element elementor-element-659241 elementor-widget elementor-widget-wd_infobox\" data-id=\"659241\" data-element_type=\"widget\" data-e-type=\"widget\" data-widget_type=\"wd_infobox.default\">\n\t\t\t\t<div class=\"elementor-widget-container\">\n\t\t\t\t\t\t\t<div class=\"info-box-wrapper\">\n\t\t\t<div class=\"wd-info-box text-center box-icon-align-top box-style-base color-scheme-\">\n\t\t\t\t\t\t\t\t\t<div class=\"box-icon-wrapper  box-with-icon box-icon-simple\">\n\t\t\t\t\t\t<div class=\"info-box-icon\">\n\t\t\t\t\t\t\t\t\t\t\t\t\t\t\t<img loading=\"lazy\" decoding=\"async\" width=\"50\" height=\"50\" src=\"https:\/\/deromania.es\/wp-content\/smush-webp\/2021\/08\/cesti-cermice-corund-spania-50x50.jpeg.webp\" class=\"attachment-50x50 size-50x50\" alt=\"cesti cermice corund spania\" srcset=\"https:\/\/deromania.es\/wp-content\/smush-webp\/2021\/08\/cesti-cermice-corund-spania-50x50.jpeg.webp 50w, https:\/\/deromania.es\/wp-content\/smush-webp\/2021\/08\/cesti-cermice-corund-spania-12x12.jpeg.webp 12w, https:\/\/deromania.es\/wp-content\/smush-webp\/2021\/08\/cesti-cermice-corund-spania-150x150.jpeg.webp 150w, https:\/\/deromania.es\/wp-content\/smush-webp\/2021\/08\/cesti-cermice-corund-spania-300x300.jpeg.webp 300w, https:\/\/deromania.es\/wp-content\/smush-webp\/2021\/08\/cesti-cermice-corund-spania-768x768.jpeg.webp 768w, https:\/\/deromania.es\/wp-content\/smush-webp\/2021\/08\/cesti-cermice-corund-spania-800x800.jpeg.webp 800w, https:\/\/deromania.es\/wp-content\/smush-webp\/2021\/08\/cesti-cermice-corund-spania-430x430.jpeg.webp 430w, https:\/\/deromania.es\/wp-content\/smush-webp\/2021\/08\/cesti-cermice-corund-spania-700x700.jpeg.webp 700w, https:\/\/deromania.es\/wp-content\/smush-webp\/2021\/08\/cesti-cermice-corund-spania.jpeg.webp 1024w\" sizes=\"auto, (max-width: 50px) 100vw, 50px\" title=\"\">\t\t\t\t\t\t\t\t\t\t\t\t\t<\/div>\n\t\t\t\t\t<\/div>\n\t\t\t\t\n\t\t\t\t<div class=\"info-box-content\">\n\t\t\t\t\t\n\t\t\t\t\t\t\t\t\t\t\t<h4\t\t\t\t\t\tclass=\"info-box-title title box-title-style-default wd-fontsize-s\" data-elementor-setting-key=\"title\">\n\t\t\t\t\t\t\t\t\u2615 Gust cu tradi\u021bie\t\t\t\t\t\t<\/h4>\n\t\t\t\t\t\n\t\t\t\t\t<div class=\"info-box-inner reset-last-child\"data-elementor-setting-key=\"content\"><p style=\"text-align: center;\">Perfect\u0103 pentru b\u0103uturi calde servite cu suflet \u2013 espresso, ceai concentrat sau \u021buic\u0103 fiart\u0103.<\/p>\n<\/div>\n\n\t\t\t\t\t\t\t\t\t<\/div>\n\n\t\t\t\t\t\t\t\t\t<a href=\"#\" class=\"wd-info-box-link wd-fill\" aria-label=\"Infobox link\"><\/a>\n\t\t\t\t\t\t\t<\/div>\n\t\t<\/div>\n\t\t\t\t\t\t<\/div>\n\t\t\t\t<\/div>\n\t\t\t\t<div class=\"elementor-element elementor-element-2fd74c73 elementor-widget elementor-widget-wd_infobox\" data-id=\"2fd74c73\" data-element_type=\"widget\" data-e-type=\"widget\" data-widget_type=\"wd_infobox.default\">\n\t\t\t\t<div class=\"elementor-widget-container\">\n\t\t\t\t\t\t\t<div class=\"info-box-wrapper\">\n\t\t\t<div class=\"wd-info-box text-center box-icon-align-top box-style-base color-scheme-\">\n\t\t\t\t\t\t\t\t\t<div class=\"box-icon-wrapper  box-with-icon box-icon-simple\">\n\t\t\t\t\t\t<div class=\"info-box-icon\">\n\t\t\t\t\t\t\t\t\t\t\t\t\t\t\t<img loading=\"lazy\" decoding=\"async\" width=\"50\" height=\"50\" src=\"https:\/\/deromania.es\/wp-content\/smush-webp\/2025\/07\/Icon-Dracula-legendar-50x50.jpeg.webp\" class=\"attachment-50x50 size-50x50\" alt=\"Icon Dracula legendar\" srcset=\"https:\/\/deromania.es\/wp-content\/smush-webp\/2025\/07\/Icon-Dracula-legendar-50x50.jpeg.webp 50w, https:\/\/deromania.es\/wp-content\/smush-webp\/2025\/07\/Icon-Dracula-legendar-12x12.jpeg.webp 12w, https:\/\/deromania.es\/wp-content\/smush-webp\/2025\/07\/Icon-Dracula-legendar-150x150.jpeg.webp 150w, https:\/\/deromania.es\/wp-content\/smush-webp\/2025\/07\/Icon-Dracula-legendar-300x300.jpeg.webp 300w, https:\/\/deromania.es\/wp-content\/smush-webp\/2025\/07\/Icon-Dracula-legendar-768x768.jpeg.webp 768w, https:\/\/deromania.es\/wp-content\/smush-webp\/2025\/07\/Icon-Dracula-legendar-800x800.jpeg.webp 800w, https:\/\/deromania.es\/wp-content\/smush-webp\/2025\/07\/Icon-Dracula-legendar-430x430.jpeg.webp 430w, https:\/\/deromania.es\/wp-content\/smush-webp\/2025\/07\/Icon-Dracula-legendar-700x700.jpeg.webp 700w, https:\/\/deromania.es\/wp-content\/smush-webp\/2025\/07\/Icon-Dracula-legendar.jpeg.webp 1024w\" sizes=\"auto, (max-width: 50px) 100vw, 50px\" title=\"\">\t\t\t\t\t\t\t\t\t\t\t\t\t<\/div>\n\t\t\t\t\t<\/div>\n\t\t\t\t\n\t\t\t\t<div class=\"info-box-content\">\n\t\t\t\t\t\n\t\t\t\t\t\t\t\t\t\t\t<h4\t\t\t\t\t\tclass=\"info-box-title title box-title-style-default wd-fontsize-s\" data-elementor-setting-key=\"title\">\n\t\t\t\t\t\t\t\tEntrega r\u00e1pida desde Espa\u00f1a\t\t\t\t\t\t<\/h4>\n\t\t\t\t\t\n\t\t\t\t\t<div class=\"info-box-inner reset-last-child\"data-elementor-setting-key=\"content\"><p style=\"text-align: center;\">Enviamos desde nuestro propio stock en la provincia de C\u00e1diz. Sin aranceles ni largas esperas desde Ruman\u00eda.<\/p>\n<\/div>\n\n\t\t\t\t\t\t\t\t\t<\/div>\n\n\t\t\t\t\t\t\t\t\t<a href=\"#\" class=\"wd-info-box-link wd-fill\" aria-label=\"Infobox link\"><\/a>\n\t\t\t\t\t\t\t<\/div>\n\t\t<\/div>\n\t\t\t\t\t\t<\/div>\n\t\t\t\t<\/div>\n\t\t\t\t<\/div>\n\t\t<div class=\"elementor-element elementor-element-617c34db e-con-full e-flex e-con e-child\" data-id=\"617c34db\" data-element_type=\"container\" data-e-type=\"container\">\n\t\t\t\t<div class=\"elementor-element elementor-element-57992980 elementor-widget elementor-widget-wd_infobox\" data-id=\"57992980\" data-element_type=\"widget\" data-e-type=\"widget\" data-widget_type=\"wd_infobox.default\">\n\t\t\t\t<div class=\"elementor-widget-container\">\n\t\t\t\t\t\t\t<div class=\"info-box-wrapper\">\n\t\t\t<div class=\"wd-info-box text-center box-icon-align-top box-style-base color-scheme-\">\n\t\t\t\t\t\t\t\t\t<div class=\"box-icon-wrapper  box-with-icon box-icon-simple\">\n\t\t\t\t\t\t<div class=\"info-box-icon\">\n\t\t\t\t\t\t\t\t\t\t\t\t\t\t\t<img loading=\"lazy\" decoding=\"async\" width=\"50\" height=\"50\" src=\"https:\/\/deromania.es\/wp-content\/smush-webp\/2021\/08\/Unguente-Traditionale-Romanesti-50x50.png.webp\" class=\"attachment-50x50 size-50x50\" alt=\"Ung\u00fcentos tradicionales rumanos\" srcset=\"https:\/\/deromania.es\/wp-content\/smush-webp\/2021\/08\/Unguente-Traditionale-Romanesti-50x50.png.webp 50w, https:\/\/deromania.es\/wp-content\/smush-webp\/2021\/08\/Unguente-Traditionale-Romanesti-12x12.png.webp 12w, https:\/\/deromania.es\/wp-content\/smush-webp\/2021\/08\/Unguente-Traditionale-Romanesti-150x150.png.webp 150w, https:\/\/deromania.es\/wp-content\/uploads\/2021\/08\/Unguente-Traditionale-Romanesti-300x300.png 300w, https:\/\/deromania.es\/wp-content\/uploads\/2021\/08\/Unguente-Traditionale-Romanesti-768x768.png 768w, https:\/\/deromania.es\/wp-content\/uploads\/2021\/08\/Unguente-Traditionale-Romanesti-800x800.png 800w, https:\/\/deromania.es\/wp-content\/uploads\/2021\/08\/Unguente-Traditionale-Romanesti-430x430.png 430w, https:\/\/deromania.es\/wp-content\/uploads\/2021\/08\/Unguente-Traditionale-Romanesti-700x700.png 700w, https:\/\/deromania.es\/wp-content\/uploads\/2021\/08\/Unguente-Traditionale-Romanesti.png 1024w\" sizes=\"auto, (max-width: 50px) 100vw, 50px\" title=\"\">\t\t\t\t\t\t\t\t\t\t\t\t\t<\/div>\n\t\t\t\t\t<\/div>\n\t\t\t\t\n\t\t\t\t<div class=\"info-box-content\">\n\t\t\t\t\t\n\t\t\t\t\t\t\t\t\t\t\t<h4\t\t\t\t\t\tclass=\"info-box-title title box-title-style-default wd-fontsize-s\" data-elementor-setting-key=\"title\">\n\t\t\t\t\t\t\t\t\ud83c\udfa8 Modele \u0219i culori variate\t\t\t\t\t\t<\/h4>\n\t\t\t\t\t\n\t\t\t\t\t<div class=\"info-box-inner reset-last-child\"data-elementor-setting-key=\"content\"><p style=\"text-align: center;\">Fiecare cea\u0219c\u0103 este pictat\u0103 manual, \u00een culori vii, inspirate din ceramica de Corund direct din Transilvania<\/p>\n<\/div>\n\n\t\t\t\t\t\t\t\t\t<\/div>\n\n\t\t\t\t\t\t\t\t\t<a href=\"#\" class=\"wd-info-box-link wd-fill\" aria-label=\"Infobox link\"><\/a>\n\t\t\t\t\t\t\t<\/div>\n\t\t<\/div>\n\t\t\t\t\t\t<\/div>\n\t\t\t\t<\/div>\n\t\t\t\t<div class=\"elementor-element elementor-element-59dde6bc elementor-widget elementor-widget-wd_infobox\" data-id=\"59dde6bc\" data-element_type=\"widget\" data-e-type=\"widget\" data-widget_type=\"wd_infobox.default\">\n\t\t\t\t<div class=\"elementor-widget-container\">\n\t\t\t\t\t\t\t<div class=\"info-box-wrapper\">\n\t\t\t<div class=\"wd-info-box text-center box-icon-align-top box-style-base color-scheme-\">\n\t\t\t\t\t\t\t\t\t<div class=\"box-icon-wrapper  box-with-icon box-icon-simple\">\n\t\t\t\t\t\t<div class=\"info-box-icon\">\n\t\t\t\t\t\t\t\t\t\t\t\t\t\t\t<img loading=\"lazy\" decoding=\"async\" width=\"50\" height=\"50\" src=\"https:\/\/deromania.es\/wp-content\/smush-webp\/2025\/07\/Lemn-si-Ceramica-Romaneasca-Spania-50x50.png.webp\" class=\"attachment-50x50 size-50x50\" alt=\"Madera y cer\u00e1mica rumana Espa\u00f1a\" srcset=\"https:\/\/deromania.es\/wp-content\/smush-webp\/2025\/07\/Lemn-si-Ceramica-Romaneasca-Spania-50x50.png.webp 50w, https:\/\/deromania.es\/wp-content\/smush-webp\/2025\/07\/Lemn-si-Ceramica-Romaneasca-Spania-150x150.png.webp 150w, https:\/\/deromania.es\/wp-content\/smush-webp\/2025\/07\/Lemn-si-Ceramica-Romaneasca-Spania-430x430.png.webp 430w\" sizes=\"auto, (max-width: 50px) 100vw, 50px\" title=\"\">\t\t\t\t\t\t\t\t\t\t\t\t\t<\/div>\n\t\t\t\t\t<\/div>\n\t\t\t\t\n\t\t\t\t<div class=\"info-box-content\">\n\t\t\t\t\t\n\t\t\t\t\t\t\t\t\t\t\t<h4\t\t\t\t\t\tclass=\"info-box-title title box-title-style-default wd-fontsize-s\" data-elementor-setting-key=\"title\">\n\t\t\t\t\t\t\t\t\ud83c\uddf7\ud83c\uddf4 Me\u0219te\u0219ug autentic din Corund\t\t\t\t\t\t<\/h4>\n\t\t\t\t\t\n\t\t\t\t\t<div class=\"info-box-inner reset-last-child\"data-elementor-setting-key=\"content\"><p style=\"text-align: center;\">F\u0103cut\u0103 \u00een inima Transilvaniei, acolo unde ol\u0103ritul e art\u0103 \u0219i tradi\u021bia merge mai departe.<\/p>\n<\/div>\n\n\t\t\t\t\t\t\t\t\t<\/div>\n\n\t\t\t\t\t\t\t\t\t<a href=\"#\" class=\"wd-info-box-link wd-fill\" aria-label=\"Infobox link\"><\/a>\n\t\t\t\t\t\t\t<\/div>\n\t\t<\/div>\n\t\t\t\t\t\t<\/div>\n\t\t\t\t<\/div>\n\t\t\t\t<\/div>\n\t\t\t\t\t<\/div>\n\t\t\t\t<\/div>\n\t\t\t\t<\/div>","protected":false},"excerpt":{"rendered":"<p data-start=\"1066\" data-end=\"1202\">Taza de cer\u00e1mica hecha a mano, de 80 ml de capacidad. Ideal para caf\u00e9, brandy o decoraci\u00f3n con sabor rumano.<\/p>","protected":false},"featured_media":34687,"comment_status":"open","ping_status":"closed","template":"elementor_theme","meta":[],"product_brand":[126],"product_cat":[144,117,146],"product_tag":[198,193,239,233,234,199,194,188,192,235],"class_list":{"0":"post-411","1":"product","2":"type-product","3":"status-publish","4":"has-post-thumbnail","6":"product_brand-transilvania","7":"product_cat-decoratiuni","8":"product_cat-handmade","9":"product_cat-lemn-ceramica","10":"product_tag-artizanat-romanesc","11":"product_tag-cadou-romanesc","12":"product_tag-ceasca-ceramica","13":"product_tag-ceramica-corund","14":"product_tag-ceramica-romaneasca","15":"product_tag-decor-traditional","16":"product_tag-obiect-traditional","17":"product_tag-produse-traditionale-romanesti","18":"product_tag-suvenir-romanesc","19":"product_tag-vase-traditionale","21":"first","22":"instock","23":"taxable","24":"shipping-taxable","25":"purchasable","26":"product-type-variable"},"_links":{"self":[{"href":"https:\/\/deromania.es\/es\/wp-json\/wp\/v2\/product\/411","targetHints":{"allow":["GET"]}}],"collection":[{"href":"https:\/\/deromania.es\/es\/wp-json\/wp\/v2\/product"}],"about":[{"href":"https:\/\/deromania.es\/es\/wp-json\/wp\/v2\/types\/product"}],"replies":[{"embeddable":true,"href":"https:\/\/deromania.es\/es\/wp-json\/wp\/v2\/comments?post=411"}],"version-history":[{"count":0,"href":"https:\/\/deromania.es\/es\/wp-json\/wp\/v2\/product\/411\/revisions"}],"wp:featuredmedia":[{"embeddable":true,"href":"https:\/\/deromania.es\/es\/wp-json\/wp\/v2\/media\/34687"}],"wp:attachment":[{"href":"https:\/\/deromania.es\/es\/wp-json\/wp\/v2\/media?parent=411"}],"wp:term":[{"taxonomy":"product_brand","embeddable":true,"href":"https:\/\/deromania.es\/es\/wp-json\/wp\/v2\/product_brand?post=411"},{"taxonomy":"product_cat","embeddable":true,"href":"https:\/\/deromania.es\/es\/wp-json\/wp\/v2\/product_cat?post=411"},{"taxonomy":"product_tag","embeddable":true,"href":"https:\/\/deromania.es\/es\/wp-json\/wp\/v2\/product_tag?post=411"}],"curies":[{"name":"wp","href":"https:\/\/api.w.org\/{rel}","templated":true}]}}