{"id":381,"date":"2025-07-23T12:02:01","date_gmt":"2025-07-23T12:02:01","guid":{"rendered":"http:\/\/dummy.xtemos.com\/woodmart2\/elementor\/?post_type=product&#038;p=381"},"modified":"2025-11-21T09:59:17","modified_gmt":"2025-11-21T09:59:17","slug":"canuta-de-tuica-visinata-din-ceramica-de-horezu-40-ml","status":"publish","type":"product","link":"https:\/\/deromania.es\/es\/producto\/canuta-de-tuica-visinata-din-ceramica-de-horezu-40-ml","title":{"rendered":"Taza de cer\u00e1mica Horezu cereza 40 ml"},"content":{"rendered":"<div data-elementor-type=\"wp-post\" data-elementor-id=\"381\" class=\"elementor elementor-381\">\n\t\t\t\t<div class=\"wd-negative-gap elementor-element elementor-element-34bd11a6 e-flex e-con-boxed e-con e-parent\" data-id=\"34bd11a6\" data-element_type=\"container\" data-e-type=\"container\">\n\t\t\t\t\t<div class=\"e-con-inner\">\n\t\t<div class=\"elementor-element elementor-element-39dd0b9f e-con-full e-flex e-con e-child\" data-id=\"39dd0b9f\" data-element_type=\"container\" data-e-type=\"container\">\n\t\t\t\t<div class=\"elementor-element elementor-element-27780e41 elementor-widget elementor-widget-wd_text_block\" data-id=\"27780e41\" data-element_type=\"widget\" data-e-type=\"widget\" data-widget_type=\"wd_text_block.default\">\n\t\t\t\t<div class=\"elementor-widget-container\">\n\t\t\t\t\t\t\t<div class=\"wd-text-block reset-last-child text-left\">\n\t\t\t\n\t\t\t<p data-start=\"221\" data-end=\"283\"><strong data-start=\"221\" data-end=\"283\">C\u0103nu\u021b\u0103 din Ceramic\u0103 de Horezu \u2013 Mic\u0103, dar cu tradi\u021bie mare<\/strong><\/p><p data-start=\"285\" data-end=\"557\">Aceast\u0103 c\u0103nu\u021b\u0103 de 40 ml, lucrat\u0103 \u0219i pictat\u0103 manual la Horezu, este o pies\u0103 autentic\u0103 de ceramic\u0103 rom\u00e2neasc\u0103. Ideal\u0103 pentru servirea tradi\u021bional\u0103 a \u021buicii, vi\u0219inatei sau altor b\u0103uturi tari, este sm\u0103l\u021buit\u0103, rezistent\u0103 \u0219i decorat\u0103 cu motive populare specifice zonei Olteniei.<\/p><p data-start=\"559\" data-end=\"766\">Fiecare c\u0103nu\u021b\u0103 este unic\u0103, o combina\u021bie \u00eentre util \u0219i decorativ. Este perfect\u0103 pentru colec\u021bii, cadouri tradi\u021bionale sau pentru rom\u00e2nii din Spania care vor s\u0103 p\u0103streze vie bucuria unei mese cu gust rom\u00e2nesc.<\/p><p data-start=\"768\" data-end=\"915\">En busca de un <strong data-start=\"776\" data-end=\"816\">c\u0103nu\u021b\u0103 de \u021buic\u0103 din Horezu \u00een Spania<\/strong>? La Deromania.es g\u0103se\u0219ti originalul \u2013 lucrat \u00een Rom\u00e2nia, livrat rapid din stocul nostru din C\u00e1diz.<\/p>\n\t\t\t\t\t<\/div>\n\t\t\t\t\t\t<\/div>\n\t\t\t\t<\/div>\n\t\t\t\t<\/div>\n\t\t<div class=\"elementor-element elementor-element-774cbedd e-con-full e-flex e-con e-child\" data-id=\"774cbedd\" data-element_type=\"container\" data-e-type=\"container\">\n\t\t\t\t<div class=\"elementor-element elementor-element-62c1ee88 elementor-widget elementor-widget-wd_infobox\" data-id=\"62c1ee88\" data-element_type=\"widget\" data-e-type=\"widget\" data-widget_type=\"wd_infobox.default\">\n\t\t\t\t<div class=\"elementor-widget-container\">\n\t\t\t\t\t\t\t<div class=\"info-box-wrapper\">\n\t\t\t<div class=\"wd-info-box text-center box-icon-align-top box-style-base color-scheme-\">\n\t\t\t\t\t\t\t\t\t<div class=\"box-icon-wrapper  box-with-icon box-icon-simple\">\n\t\t\t\t\t\t<div class=\"info-box-icon\">\n\t\t\t\t\t\t\t\t\t\t\t\t\t\t\t<img loading=\"lazy\" decoding=\"async\" width=\"50\" height=\"50\" src=\"https:\/\/deromania.es\/wp-content\/smush-webp\/2025\/07\/cermaica-pictata-manual-50x50.jpeg.webp\" class=\"attachment-50x50 size-50x50\" alt=\"cermaica pictata manual\" srcset=\"https:\/\/deromania.es\/wp-content\/smush-webp\/2025\/07\/cermaica-pictata-manual-50x50.jpeg.webp 50w, https:\/\/deromania.es\/wp-content\/smush-webp\/2025\/07\/cermaica-pictata-manual-12x12.jpeg.webp 12w, https:\/\/deromania.es\/wp-content\/smush-webp\/2025\/07\/cermaica-pictata-manual-150x150.jpeg.webp 150w, https:\/\/deromania.es\/wp-content\/smush-webp\/2025\/07\/cermaica-pictata-manual-300x300.jpeg.webp 300w, https:\/\/deromania.es\/wp-content\/smush-webp\/2025\/07\/cermaica-pictata-manual-768x768.jpeg.webp 768w, https:\/\/deromania.es\/wp-content\/smush-webp\/2025\/07\/cermaica-pictata-manual-800x800.jpeg.webp 800w, https:\/\/deromania.es\/wp-content\/smush-webp\/2025\/07\/cermaica-pictata-manual-430x430.jpeg.webp 430w, https:\/\/deromania.es\/wp-content\/smush-webp\/2025\/07\/cermaica-pictata-manual-700x700.jpeg.webp 700w, https:\/\/deromania.es\/wp-content\/smush-webp\/2025\/07\/cermaica-pictata-manual.jpeg.webp 1024w\" sizes=\"auto, (max-width: 50px) 100vw, 50px\" title=\"\">\t\t\t\t\t\t\t\t\t\t\t\t\t<\/div>\n\t\t\t\t\t<\/div>\n\t\t\t\t\n\t\t\t\t<div class=\"info-box-content\">\n\t\t\t\t\t\n\t\t\t\t\t\t\t\t\t\t\t<h4\t\t\t\t\t\tclass=\"info-box-title title box-title-style-default wd-fontsize-s\" data-elementor-setting-key=\"title\">\n\t\t\t\t\t\t\t\t\ud83c\udf77 Mic\u0103, dar de efect\t\t\t\t\t\t<\/h4>\n\t\t\t\t\t\n\t\t\t\t\t<div class=\"info-box-inner reset-last-child\"data-elementor-setting-key=\"content\"><p style=\"text-align: center;\">Capacitate 40 ml \u2013 perfect\u0103 pentru o \u021buic\u0103 de \u00eenceput sau o vi\u0219inat\u0103 de final de masa.<\/p>\n<\/div>\n\n\t\t\t\t\t\t\t\t\t<\/div>\n\n\t\t\t\t\t\t\t\t\t<a href=\"#\" class=\"wd-info-box-link wd-fill\" aria-label=\"Infobox link\"><\/a>\n\t\t\t\t\t\t\t<\/div>\n\t\t<\/div>\n\t\t\t\t\t\t<\/div>\n\t\t\t\t<\/div>\n\t\t\t\t<div class=\"elementor-element elementor-element-33965ab6 elementor-widget elementor-widget-wd_infobox\" data-id=\"33965ab6\" data-element_type=\"widget\" data-e-type=\"widget\" data-widget_type=\"wd_infobox.default\">\n\t\t\t\t<div class=\"elementor-widget-container\">\n\t\t\t\t\t\t\t<div class=\"info-box-wrapper\">\n\t\t\t<div class=\"wd-info-box text-center box-icon-align-top box-style-base color-scheme-\">\n\t\t\t\t\t\t\t\t\t<div class=\"box-icon-wrapper  box-with-icon box-icon-simple\">\n\t\t\t\t\t\t<div class=\"info-box-icon\">\n\t\t\t\t\t\t\t\t\t\t\t\t\t\t\t<img loading=\"lazy\" decoding=\"async\" width=\"50\" height=\"50\" src=\"https:\/\/deromania.es\/wp-content\/smush-webp\/2025\/07\/Icon-Dracula-legendar-50x50.jpeg.webp\" class=\"attachment-50x50 size-50x50\" alt=\"Icon Dracula legendar\" srcset=\"https:\/\/deromania.es\/wp-content\/smush-webp\/2025\/07\/Icon-Dracula-legendar-50x50.jpeg.webp 50w, https:\/\/deromania.es\/wp-content\/smush-webp\/2025\/07\/Icon-Dracula-legendar-12x12.jpeg.webp 12w, https:\/\/deromania.es\/wp-content\/smush-webp\/2025\/07\/Icon-Dracula-legendar-150x150.jpeg.webp 150w, https:\/\/deromania.es\/wp-content\/smush-webp\/2025\/07\/Icon-Dracula-legendar-300x300.jpeg.webp 300w, https:\/\/deromania.es\/wp-content\/smush-webp\/2025\/07\/Icon-Dracula-legendar-768x768.jpeg.webp 768w, https:\/\/deromania.es\/wp-content\/smush-webp\/2025\/07\/Icon-Dracula-legendar-800x800.jpeg.webp 800w, https:\/\/deromania.es\/wp-content\/smush-webp\/2025\/07\/Icon-Dracula-legendar-430x430.jpeg.webp 430w, https:\/\/deromania.es\/wp-content\/smush-webp\/2025\/07\/Icon-Dracula-legendar-700x700.jpeg.webp 700w, https:\/\/deromania.es\/wp-content\/smush-webp\/2025\/07\/Icon-Dracula-legendar.jpeg.webp 1024w\" sizes=\"auto, (max-width: 50px) 100vw, 50px\" title=\"\">\t\t\t\t\t\t\t\t\t\t\t\t\t<\/div>\n\t\t\t\t\t<\/div>\n\t\t\t\t\n\t\t\t\t<div class=\"info-box-content\">\n\t\t\t\t\t\n\t\t\t\t\t\t\t\t\t\t\t<h4\t\t\t\t\t\tclass=\"info-box-title title box-title-style-default wd-fontsize-s\" data-elementor-setting-key=\"title\">\n\t\t\t\t\t\t\t\tLivrare rapid\u0103 din Spania prin Correos\t\t\t\t\t\t<\/h4>\n\t\t\t\t\t\n\t\t\t\t\t<div class=\"info-box-inner reset-last-child\"data-elementor-setting-key=\"content\"><p style=\"text-align: center;\">Enviamos desde nuestro propio stock en la provincia de C\u00e1diz. Sin aranceles ni largas esperas desde Ruman\u00eda.<\/p>\n<\/div>\n\n\t\t\t\t\t\t\t\t\t<\/div>\n\n\t\t\t\t\t\t\t\t\t<a href=\"#\" class=\"wd-info-box-link wd-fill\" aria-label=\"Infobox link\"><\/a>\n\t\t\t\t\t\t\t<\/div>\n\t\t<\/div>\n\t\t\t\t\t\t<\/div>\n\t\t\t\t<\/div>\n\t\t\t\t<\/div>\n\t\t<div class=\"elementor-element elementor-element-78642b08 e-con-full e-flex e-con e-child\" data-id=\"78642b08\" data-element_type=\"container\" data-e-type=\"container\">\n\t\t\t\t<div class=\"elementor-element elementor-element-7bf19c3d elementor-widget elementor-widget-wd_infobox\" data-id=\"7bf19c3d\" data-element_type=\"widget\" data-e-type=\"widget\" data-widget_type=\"wd_infobox.default\">\n\t\t\t\t<div class=\"elementor-widget-container\">\n\t\t\t\t\t\t\t<div class=\"info-box-wrapper\">\n\t\t\t<div class=\"wd-info-box text-center box-icon-align-top box-style-base color-scheme-\">\n\t\t\t\t\t\t\t\t\t<div class=\"box-icon-wrapper  box-with-icon box-icon-simple\">\n\t\t\t\t\t\t<div class=\"info-box-icon\">\n\t\t\t\t\t\t\t\t\t\t\t\t\t\t\t<img loading=\"lazy\" decoding=\"async\" width=\"50\" height=\"50\" src=\"https:\/\/deromania.es\/wp-content\/smush-webp\/2025\/07\/Obiecte-traditionale-Horezu-in-Spania-50x50.png.webp\" class=\"attachment-50x50 size-50x50\" alt=\"Objetos tradicionales Horezu en Espa\u00f1a\" srcset=\"https:\/\/deromania.es\/wp-content\/smush-webp\/2025\/07\/Obiecte-traditionale-Horezu-in-Spania-50x50.png.webp 50w, https:\/\/deromania.es\/wp-content\/uploads\/2025\/07\/Obiecte-traditionale-Horezu-in-Spania-150x150.png 150w, https:\/\/deromania.es\/wp-content\/uploads\/2025\/07\/Obiecte-traditionale-Horezu-in-Spania-430x430.png 430w\" sizes=\"auto, (max-width: 50px) 100vw, 50px\" title=\"\">\t\t\t\t\t\t\t\t\t\t\t\t\t<\/div>\n\t\t\t\t\t<\/div>\n\t\t\t\t\n\t\t\t\t<div class=\"info-box-content\">\n\t\t\t\t\t\n\t\t\t\t\t\t\t\t\t\t\t<h4\t\t\t\t\t\tclass=\"info-box-title title box-title-style-default wd-fontsize-s\" data-elementor-setting-key=\"title\">\n\t\t\t\t\t\t\t\t\ud83c\udfa8 Pictat\u0103 cu motive din Horezu\t\t\t\t\t\t<\/h4>\n\t\t\t\t\t\n\t\t\t\t\t<div class=\"info-box-inner reset-last-child\"data-elementor-setting-key=\"content\"><p style=\"text-align: center;\">Fiecare pies\u0103 e diferit\u0103 \u2013 sm\u0103l\u021buit\u0103 \u0219i pictat\u0103 manual, \u00een stil tradi\u021bional oltenesc.<\/p>\n<\/div>\n\n\t\t\t\t\t\t\t\t\t<\/div>\n\n\t\t\t\t\t\t\t\t\t<a href=\"#\" class=\"wd-info-box-link wd-fill\" aria-label=\"Infobox link\"><\/a>\n\t\t\t\t\t\t\t<\/div>\n\t\t<\/div>\n\t\t\t\t\t\t<\/div>\n\t\t\t\t<\/div>\n\t\t\t\t<div class=\"elementor-element elementor-element-444e24d3 elementor-widget elementor-widget-wd_infobox\" data-id=\"444e24d3\" data-element_type=\"widget\" data-e-type=\"widget\" data-widget_type=\"wd_infobox.default\">\n\t\t\t\t<div class=\"elementor-widget-container\">\n\t\t\t\t\t\t\t<div class=\"info-box-wrapper\">\n\t\t\t<div class=\"wd-info-box text-center box-icon-align-top box-style-base color-scheme-\">\n\t\t\t\t\t\t\t\t\t<div class=\"box-icon-wrapper  box-with-icon box-icon-simple\">\n\t\t\t\t\t\t<div class=\"info-box-icon\">\n\t\t\t\t\t\t\t\t\t\t\t\t\t\t\t<img loading=\"lazy\" decoding=\"async\" width=\"50\" height=\"50\" src=\"https:\/\/deromania.es\/wp-content\/smush-webp\/2025\/07\/Carti-Arta-traditionale-romanesti-Spania-50x50.png.webp\" class=\"attachment-50x50 size-50x50\" alt=\"Libros y arte Arte tradicional rumano Espa\u00f1a\" srcset=\"https:\/\/deromania.es\/wp-content\/smush-webp\/2025\/07\/Carti-Arta-traditionale-romanesti-Spania-50x50.png.webp 50w, https:\/\/deromania.es\/wp-content\/smush-webp\/2025\/07\/Carti-Arta-traditionale-romanesti-Spania-150x150.png.webp 150w, https:\/\/deromania.es\/wp-content\/smush-webp\/2025\/07\/Carti-Arta-traditionale-romanesti-Spania-430x430.png.webp 430w\" sizes=\"auto, (max-width: 50px) 100vw, 50px\" title=\"\">\t\t\t\t\t\t\t\t\t\t\t\t\t<\/div>\n\t\t\t\t\t<\/div>\n\t\t\t\t\n\t\t\t\t<div class=\"info-box-content\">\n\t\t\t\t\t\n\t\t\t\t\t\t\t\t\t\t\t<h4\t\t\t\t\t\tclass=\"info-box-title title box-title-style-default wd-fontsize-s\" data-elementor-setting-key=\"title\">\n\t\t\t\t\t\t\t\t\ud83c\udf81 Cadou rustic sau pies\u0103 de colec\u021bie\t\t\t\t\t\t<\/h4>\n\t\t\t\t\t\n\t\t\t\t\t<div class=\"info-box-inner reset-last-child\"data-elementor-setting-key=\"content\"><p style=\"text-align: center;\">Adaug\u0103 farmec mesei tale sau ofer-o unui prieten cu dor de cas\u0103, sau pur si simplu ca decoratiune<\/p>\n<\/div>\n\n\t\t\t\t\t\t\t\t\t<\/div>\n\n\t\t\t\t\t\t\t\t\t<a href=\"#\" class=\"wd-info-box-link wd-fill\" aria-label=\"Infobox link\"><\/a>\n\t\t\t\t\t\t\t<\/div>\n\t\t<\/div>\n\t\t\t\t\t\t<\/div>\n\t\t\t\t<\/div>\n\t\t\t\t<\/div>\n\t\t\t\t\t<\/div>\n\t\t\t\t<\/div>\n\t\t\t\t<\/div>","protected":false},"excerpt":{"rendered":"<p>Jarra de cer\u00e1mica artesanal Horezu de 40 ml. Ideal para servir \"\u021buicii\", \"vi\u0219inatei\" o como aut\u00e9ntico recuerdo tradicional.<\/p>","protected":false},"featured_media":34702,"comment_status":"open","ping_status":"closed","template":"","meta":[],"product_brand":[121],"product_cat":[144,117,146],"product_tag":[198,193,242,243,234,199,194,188,192,235],"class_list":{"0":"post-381","1":"product","2":"type-product","3":"status-publish","4":"has-post-thumbnail","6":"product_brand-horezu","7":"product_cat-decoratiuni","8":"product_cat-handmade","9":"product_cat-lemn-ceramica","10":"product_tag-artizanat-romanesc","11":"product_tag-cadou-romanesc","12":"product_tag-cana-de-tuica","13":"product_tag-ceramica-horezu","14":"product_tag-ceramica-romaneasca","15":"product_tag-decor-traditional","16":"product_tag-obiect-traditional","17":"product_tag-produse-traditionale-romanesti","18":"product_tag-suvenir-romanesc","19":"product_tag-vase-traditionale","21":"first","22":"instock","23":"taxable","24":"shipping-taxable","25":"purchasable","26":"product-type-simple"},"_links":{"self":[{"href":"https:\/\/deromania.es\/es\/wp-json\/wp\/v2\/product\/381","targetHints":{"allow":["GET"]}}],"collection":[{"href":"https:\/\/deromania.es\/es\/wp-json\/wp\/v2\/product"}],"about":[{"href":"https:\/\/deromania.es\/es\/wp-json\/wp\/v2\/types\/product"}],"replies":[{"embeddable":true,"href":"https:\/\/deromania.es\/es\/wp-json\/wp\/v2\/comments?post=381"}],"version-history":[{"count":0,"href":"https:\/\/deromania.es\/es\/wp-json\/wp\/v2\/product\/381\/revisions"}],"wp:featuredmedia":[{"embeddable":true,"href":"https:\/\/deromania.es\/es\/wp-json\/wp\/v2\/media\/34702"}],"wp:attachment":[{"href":"https:\/\/deromania.es\/es\/wp-json\/wp\/v2\/media?parent=381"}],"wp:term":[{"taxonomy":"product_brand","embeddable":true,"href":"https:\/\/deromania.es\/es\/wp-json\/wp\/v2\/product_brand?post=381"},{"taxonomy":"product_cat","embeddable":true,"href":"https:\/\/deromania.es\/es\/wp-json\/wp\/v2\/product_cat?post=381"},{"taxonomy":"product_tag","embeddable":true,"href":"https:\/\/deromania.es\/es\/wp-json\/wp\/v2\/product_tag?post=381"}],"curies":[{"name":"wp","href":"https:\/\/api.w.org\/{rel}","templated":true}]}}