{"id":372,"date":"2025-07-22T11:59:19","date_gmt":"2025-07-22T11:59:19","guid":{"rendered":"http:\/\/dummy.xtemos.com\/woodmart2\/elementor\/?post_type=product&#038;p=372"},"modified":"2025-09-29T12:11:03","modified_gmt":"2025-09-29T12:11:03","slug":"cutie-muzicala-suvenir-romania","status":"publish","type":"product","link":"https:\/\/deromania.es\/es\/producto\/cutie-muzicala-suvenir-romania","title":{"rendered":"Caja de m\u00fasica de recuerdo Ruman\u00eda"},"content":{"rendered":"<div data-elementor-type=\"wp-post\" data-elementor-id=\"372\" class=\"elementor elementor-372\">\n\t\t\t\t<div class=\"wd-negative-gap elementor-element elementor-element-522c1f3f e-flex e-con-boxed e-con e-parent\" data-id=\"522c1f3f\" data-element_type=\"container\" data-e-type=\"container\">\n\t\t\t\t\t<div class=\"e-con-inner\">\n\t\t<div class=\"elementor-element elementor-element-5893502e e-con-full e-flex e-con e-child\" data-id=\"5893502e\" data-element_type=\"container\" data-e-type=\"container\">\n\t\t\t\t<div class=\"elementor-element elementor-element-2c6b9ce4 elementor-widget elementor-widget-wd_text_block\" data-id=\"2c6b9ce4\" data-element_type=\"widget\" data-e-type=\"widget\" data-widget_type=\"wd_text_block.default\">\n\t\t\t\t<div class=\"elementor-widget-container\">\n\t\t\t\t\t\t\t<div class=\"wd-text-block reset-last-child text-left\">\n\t\t\t\n\t\t\t<p data-start=\"213\" data-end=\"264\"><strong data-start=\"213\" data-end=\"264\">Cutie Muzical\u0103 Suvenir \u2013 Rom\u00e2nia \u00eentr-o melodie<\/strong><\/p><p data-start=\"266\" data-end=\"538\">Aceast\u0103 cutie muzical\u0103 este mai mult dec\u00e2t un obiect decorativ: este o amintire sonor\u0103. Gravat\u0103 cu inscrip\u021bia <em data-start=\"376\" data-end=\"385\">RUMAN\u00cdA<\/em> \u0219i decorat\u0103 cu elemente tradi\u021bionale, cutiu\u021ba red\u0103 o melodie pl\u0103cut\u0103 atunci c\u00e2nd este \u00eenv\u00e2rtit\u0103 manual, aduc\u00e2nd instant o stare de nostalgie \u0219i bucurie.<\/p><p data-start=\"540\" data-end=\"815\">Este un suvenir ideal pentru rom\u00e2nii din Spania care vor s\u0103 simt\u0103 acas\u0103 printr-un mic gest, sau pentru cei care vor s\u0103 ofere cadouri cu emo\u021bie \u0219i identitate. Compact\u0103, elegant\u0103 \u0219i rezistent\u0103, cutia muzical\u0103 se potrive\u0219te \u00een orice spa\u021biu \u2013 de la birou la col\u021bul cu suveniruri.<\/p><p data-start=\"817\" data-end=\"940\">En busca de un <strong data-start=\"825\" data-end=\"876\">cutie muzical\u0103 cu tematic\u0103 rom\u00e2neasc\u0103 \u00een Spania<\/strong>? Deromania.es o are \u00een stoc \u2013 gata de trimis, gata de \u00eenc\u00e2ntat.<\/p>\n\t\t\t\t\t<\/div>\n\t\t\t\t\t\t<\/div>\n\t\t\t\t<\/div>\n\t\t\t\t<\/div>\n\t\t<div class=\"elementor-element elementor-element-35fa348e e-con-full e-flex e-con e-child\" data-id=\"35fa348e\" data-element_type=\"container\" data-e-type=\"container\">\n\t\t\t\t<div class=\"elementor-element elementor-element-6c33e438 elementor-widget elementor-widget-wd_infobox\" data-id=\"6c33e438\" data-element_type=\"widget\" data-e-type=\"widget\" data-widget_type=\"wd_infobox.default\">\n\t\t\t\t<div class=\"elementor-widget-container\">\n\t\t\t\t\t\t\t<div class=\"info-box-wrapper\">\n\t\t\t<div class=\"wd-info-box text-center box-icon-align-top box-style-base color-scheme-\">\n\t\t\t\t\t\t\t\t\t<div class=\"box-icon-wrapper  box-with-icon box-icon-simple\">\n\t\t\t\t\t\t<div class=\"info-box-icon\">\n\t\t\t\t\t\t\t\t\t\t\t\t\t\t\t<img loading=\"lazy\" decoding=\"async\" width=\"50\" height=\"50\" src=\"https:\/\/deromania.es\/wp-content\/smush-webp\/2025\/07\/Jucarii-Traditionale-Romanesti-Spania-50x50.png.webp\" class=\"attachment-50x50 size-50x50\" alt=\"Juguetes tradicionales rumanos Espa\u00f1a\" srcset=\"https:\/\/deromania.es\/wp-content\/smush-webp\/2025\/07\/Jucarii-Traditionale-Romanesti-Spania-50x50.png.webp 50w, https:\/\/deromania.es\/wp-content\/smush-webp\/2025\/07\/Jucarii-Traditionale-Romanesti-Spania-150x150.png.webp 150w, https:\/\/deromania.es\/wp-content\/smush-webp\/2025\/07\/Jucarii-Traditionale-Romanesti-Spania-430x430.png.webp 430w\" sizes=\"auto, (max-width: 50px) 100vw, 50px\" title=\"\">\t\t\t\t\t\t\t\t\t\t\t\t\t<\/div>\n\t\t\t\t\t<\/div>\n\t\t\t\t\n\t\t\t\t<div class=\"info-box-content\">\n\t\t\t\t\t\n\t\t\t\t\t\t\t\t\t\t\t<h4\t\t\t\t\t\tclass=\"info-box-title title box-title-style-default wd-fontsize-s\" data-elementor-setting-key=\"title\">\n\t\t\t\t\t\t\t\t\ud83c\udfb5 Melodie cu amintiri direct din Romania\t\t\t\t\t\t<\/h4>\n\t\t\t\t\t\n\t\t\t\t\t<div class=\"info-box-inner reset-last-child\"data-elementor-setting-key=\"content\"><p style=\"text-align: center;\">R\u0103suce\u0219te maneta \u0219i las\u0103-te purtat de un sunet cald, familiar \u0219i reconfortant.<\/p>\n<\/div>\n\n\t\t\t\t\t\t\t\t\t<\/div>\n\n\t\t\t\t\t\t\t\t\t<a href=\"#\" class=\"wd-info-box-link wd-fill\" aria-label=\"Infobox link\"><\/a>\n\t\t\t\t\t\t\t<\/div>\n\t\t<\/div>\n\t\t\t\t\t\t<\/div>\n\t\t\t\t<\/div>\n\t\t\t\t<div class=\"elementor-element elementor-element-7c13eff2 elementor-widget elementor-widget-wd_infobox\" data-id=\"7c13eff2\" data-element_type=\"widget\" data-e-type=\"widget\" data-widget_type=\"wd_infobox.default\">\n\t\t\t\t<div class=\"elementor-widget-container\">\n\t\t\t\t\t\t\t<div class=\"info-box-wrapper\">\n\t\t\t<div class=\"wd-info-box text-center box-icon-align-top box-style-base color-scheme-\">\n\t\t\t\t\t\t\t\t\t<div class=\"box-icon-wrapper  box-with-icon box-icon-simple\">\n\t\t\t\t\t\t<div class=\"info-box-icon\">\n\t\t\t\t\t\t\t\t\t\t\t\t\t\t\t<img loading=\"lazy\" decoding=\"async\" width=\"50\" height=\"50\" src=\"https:\/\/deromania.es\/wp-content\/smush-webp\/2025\/07\/Icon-Dracula-legendar-50x50.jpeg.webp\" class=\"attachment-50x50 size-50x50\" alt=\"Icon Dracula legendar\" srcset=\"https:\/\/deromania.es\/wp-content\/smush-webp\/2025\/07\/Icon-Dracula-legendar-50x50.jpeg.webp 50w, https:\/\/deromania.es\/wp-content\/smush-webp\/2025\/07\/Icon-Dracula-legendar-12x12.jpeg.webp 12w, https:\/\/deromania.es\/wp-content\/smush-webp\/2025\/07\/Icon-Dracula-legendar-150x150.jpeg.webp 150w, https:\/\/deromania.es\/wp-content\/smush-webp\/2025\/07\/Icon-Dracula-legendar-300x300.jpeg.webp 300w, https:\/\/deromania.es\/wp-content\/smush-webp\/2025\/07\/Icon-Dracula-legendar-768x768.jpeg.webp 768w, https:\/\/deromania.es\/wp-content\/smush-webp\/2025\/07\/Icon-Dracula-legendar-800x800.jpeg.webp 800w, https:\/\/deromania.es\/wp-content\/smush-webp\/2025\/07\/Icon-Dracula-legendar-430x430.jpeg.webp 430w, https:\/\/deromania.es\/wp-content\/smush-webp\/2025\/07\/Icon-Dracula-legendar-700x700.jpeg.webp 700w, https:\/\/deromania.es\/wp-content\/smush-webp\/2025\/07\/Icon-Dracula-legendar.jpeg.webp 1024w\" sizes=\"auto, (max-width: 50px) 100vw, 50px\" title=\"\">\t\t\t\t\t\t\t\t\t\t\t\t\t<\/div>\n\t\t\t\t\t<\/div>\n\t\t\t\t\n\t\t\t\t<div class=\"info-box-content\">\n\t\t\t\t\t\n\t\t\t\t\t\t\t\t\t\t\t<h4\t\t\t\t\t\tclass=\"info-box-title title box-title-style-default wd-fontsize-s\" data-elementor-setting-key=\"title\">\n\t\t\t\t\t\t\t\tEntrega r\u00e1pida desde Espa\u00f1a\t\t\t\t\t\t<\/h4>\n\t\t\t\t\t\n\t\t\t\t\t<div class=\"info-box-inner reset-last-child\"data-elementor-setting-key=\"content\"><p style=\"text-align: center;\">Enviamos desde nuestro propio stock en la provincia de C\u00e1diz. Sin aranceles ni largas esperas desde Ruman\u00eda.<\/p>\n<\/div>\n\n\t\t\t\t\t\t\t\t\t<\/div>\n\n\t\t\t\t\t\t\t\t\t<a href=\"#\" class=\"wd-info-box-link wd-fill\" aria-label=\"Infobox link\"><\/a>\n\t\t\t\t\t\t\t<\/div>\n\t\t<\/div>\n\t\t\t\t\t\t<\/div>\n\t\t\t\t<\/div>\n\t\t\t\t<\/div>\n\t\t<div class=\"elementor-element elementor-element-6041fdbd e-con-full e-flex e-con e-child\" data-id=\"6041fdbd\" data-element_type=\"container\" data-e-type=\"container\">\n\t\t\t\t<div class=\"elementor-element elementor-element-3a88c0bc elementor-widget elementor-widget-wd_infobox\" data-id=\"3a88c0bc\" data-element_type=\"widget\" data-e-type=\"widget\" data-widget_type=\"wd_infobox.default\">\n\t\t\t\t<div class=\"elementor-widget-container\">\n\t\t\t\t\t\t\t<div class=\"info-box-wrapper\">\n\t\t\t<div class=\"wd-info-box text-center box-icon-align-top box-style-base color-scheme-\">\n\t\t\t\t\t\t\t\t\t<div class=\"box-icon-wrapper  box-with-icon box-icon-simple\">\n\t\t\t\t\t\t<div class=\"info-box-icon\">\n\t\t\t\t\t\t\t\t\t\t\t\t\t\t\t<img loading=\"lazy\" decoding=\"async\" width=\"50\" height=\"50\" src=\"https:\/\/deromania.es\/wp-content\/smush-webp\/2025\/07\/Jucarii-Traditionale-Romanesti-50x50.png.webp\" class=\"attachment-50x50 size-50x50\" alt=\"Juguetes tradicionales rumanos\" srcset=\"https:\/\/deromania.es\/wp-content\/smush-webp\/2025\/07\/Jucarii-Traditionale-Romanesti-50x50.png.webp 50w, https:\/\/deromania.es\/wp-content\/smush-webp\/2025\/07\/Jucarii-Traditionale-Romanesti-12x12.png.webp 12w, https:\/\/deromania.es\/wp-content\/smush-webp\/2025\/07\/Jucarii-Traditionale-Romanesti-150x150.png.webp 150w, https:\/\/deromania.es\/wp-content\/uploads\/2025\/07\/Jucarii-Traditionale-Romanesti-300x300.png 300w, https:\/\/deromania.es\/wp-content\/smush-webp\/2025\/07\/Jucarii-Traditionale-Romanesti-768x768.png.webp 768w, https:\/\/deromania.es\/wp-content\/uploads\/2025\/07\/Jucarii-Traditionale-Romanesti-800x800.png 800w, https:\/\/deromania.es\/wp-content\/uploads\/2025\/07\/Jucarii-Traditionale-Romanesti-430x430.png 430w, https:\/\/deromania.es\/wp-content\/uploads\/2025\/07\/Jucarii-Traditionale-Romanesti-700x700.png 700w, https:\/\/deromania.es\/wp-content\/smush-webp\/2025\/07\/Jucarii-Traditionale-Romanesti.png.webp 1024w\" sizes=\"auto, (max-width: 50px) 100vw, 50px\" title=\"\">\t\t\t\t\t\t\t\t\t\t\t\t\t<\/div>\n\t\t\t\t\t<\/div>\n\t\t\t\t\n\t\t\t\t<div class=\"info-box-content\">\n\t\t\t\t\t\n\t\t\t\t\t\t\t\t\t\t\t<h4\t\t\t\t\t\tclass=\"info-box-title title box-title-style-default wd-fontsize-s\" data-elementor-setting-key=\"title\">\n\t\t\t\t\t\t\t\t\ud83c\udf81 Cadou original cu tematic\u0103 rom\u00e2neasc\u0103\t\t\t\t\t\t<\/h4>\n\t\t\t\t\t\n\t\t\t\t\t<div class=\"info-box-inner reset-last-child\"data-elementor-setting-key=\"content\"><p style=\"text-align: center;\">Perfect pentru cei pleca\u021bi de acas\u0103, dar \u0219i pentru cei care iubesc Rom\u00e2nia.<\/p>\n<\/div>\n\n\t\t\t\t\t\t\t\t\t<\/div>\n\n\t\t\t\t\t\t\t\t\t<a href=\"#\" class=\"wd-info-box-link wd-fill\" aria-label=\"Infobox link\"><\/a>\n\t\t\t\t\t\t\t<\/div>\n\t\t<\/div>\n\t\t\t\t\t\t<\/div>\n\t\t\t\t<\/div>\n\t\t\t\t<div class=\"elementor-element elementor-element-515b475d elementor-widget elementor-widget-wd_infobox\" data-id=\"515b475d\" data-element_type=\"widget\" data-e-type=\"widget\" data-widget_type=\"wd_infobox.default\">\n\t\t\t\t<div class=\"elementor-widget-container\">\n\t\t\t\t\t\t\t<div class=\"info-box-wrapper\">\n\t\t\t<div class=\"wd-info-box text-center box-icon-align-top box-style-base color-scheme-\">\n\t\t\t\t\t\t\t\t\t<div class=\"box-icon-wrapper  box-with-icon box-icon-simple\">\n\t\t\t\t\t\t<div class=\"info-box-icon\">\n\t\t\t\t\t\t\t\t\t\t\t\t\t\t\t<img loading=\"lazy\" decoding=\"async\" width=\"50\" height=\"50\" src=\"https:\/\/deromania.es\/wp-content\/smush-webp\/2025\/07\/Carti-Arta-traditionale-romanesti-Spania-50x50.png.webp\" class=\"attachment-50x50 size-50x50\" alt=\"Libros y arte Arte tradicional rumano Espa\u00f1a\" srcset=\"https:\/\/deromania.es\/wp-content\/smush-webp\/2025\/07\/Carti-Arta-traditionale-romanesti-Spania-50x50.png.webp 50w, https:\/\/deromania.es\/wp-content\/smush-webp\/2025\/07\/Carti-Arta-traditionale-romanesti-Spania-150x150.png.webp 150w, https:\/\/deromania.es\/wp-content\/smush-webp\/2025\/07\/Carti-Arta-traditionale-romanesti-Spania-430x430.png.webp 430w\" sizes=\"auto, (max-width: 50px) 100vw, 50px\" title=\"\">\t\t\t\t\t\t\t\t\t\t\t\t\t<\/div>\n\t\t\t\t\t<\/div>\n\t\t\t\t\n\t\t\t\t<div class=\"info-box-content\">\n\t\t\t\t\t\n\t\t\t\t\t\t\t\t\t\t\t<h4\t\t\t\t\t\tclass=\"info-box-title title box-title-style-default wd-fontsize-s\" data-elementor-setting-key=\"title\">\n\t\t\t\t\t\t\t\t\ud83e\udeb5 Design rustic, u\u0219or de integrat\t\t\t\t\t\t<\/h4>\n\t\t\t\t\t\n\t\t\t\t\t<div class=\"info-box-inner reset-last-child\"data-elementor-setting-key=\"content\"><p style=\"text-align: center;\">Gravat\u0103 \u0219i finisat\u0103 manual, cu inscrip\u021bia \u201eROMANIA\u201d \u0219i detalii atent lucrate de mesteri romani.<\/p>\n<\/div>\n\n\t\t\t\t\t\t\t\t\t<\/div>\n\n\t\t\t\t\t\t\t\t\t<a href=\"#\" class=\"wd-info-box-link wd-fill\" aria-label=\"Infobox link\"><\/a>\n\t\t\t\t\t\t\t<\/div>\n\t\t<\/div>\n\t\t\t\t\t\t<\/div>\n\t\t\t\t<\/div>\n\t\t\t\t<\/div>\n\t\t\t\t\t<\/div>\n\t\t\t\t<\/div>\n\t\t\t\t<\/div>","protected":false},"excerpt":{"rendered":"<p>Caja de m\u00fasica grabada RUMANIA - recuerdo con melod\u00eda e identidad. Ideal para regalos emotivos o colecciones tradicionales.<\/p>","protected":false},"featured_media":34727,"comment_status":"open","ping_status":"closed","template":"","meta":[],"product_brand":[124,128,226,225,127],"product_cat":[149,146],"product_tag":[198,193,245,199,328,197,203,194,188,246,195,192],"class_list":{"0":"post-372","1":"product","2":"type-product","3":"status-publish","4":"has-post-thumbnail","6":"product_brand-maramures","7":"product_brand-martisor","8":"product_brand-moldova","9":"product_brand-muntenia","10":"product_brand-oltenia","11":"product_cat-jucarii-traditionale","12":"product_cat-lemn-ceramica","13":"product_tag-artizanat-romanesc","14":"product_tag-cadou-romanesc","15":"product_tag-cutie-muzicala","16":"product_tag-decor-traditional","17":"product_tag-decorative","18":"product_tag-lemn-artizanal","19":"product_tag-muzica-populara","20":"product_tag-obiect-traditional","21":"product_tag-produse-traditionale-romanesti","22":"product_tag-romania-turistica","23":"product_tag-simbol-romanesc","24":"product_tag-suvenir-romanesc","26":"first","27":"instock","28":"taxable","29":"shipping-taxable","30":"purchasable","31":"product-type-simple"},"_links":{"self":[{"href":"https:\/\/deromania.es\/es\/wp-json\/wp\/v2\/product\/372","targetHints":{"allow":["GET"]}}],"collection":[{"href":"https:\/\/deromania.es\/es\/wp-json\/wp\/v2\/product"}],"about":[{"href":"https:\/\/deromania.es\/es\/wp-json\/wp\/v2\/types\/product"}],"replies":[{"embeddable":true,"href":"https:\/\/deromania.es\/es\/wp-json\/wp\/v2\/comments?post=372"}],"version-history":[{"count":0,"href":"https:\/\/deromania.es\/es\/wp-json\/wp\/v2\/product\/372\/revisions"}],"wp:featuredmedia":[{"embeddable":true,"href":"https:\/\/deromania.es\/es\/wp-json\/wp\/v2\/media\/34727"}],"wp:attachment":[{"href":"https:\/\/deromania.es\/es\/wp-json\/wp\/v2\/media?parent=372"}],"wp:term":[{"taxonomy":"product_brand","embeddable":true,"href":"https:\/\/deromania.es\/es\/wp-json\/wp\/v2\/product_brand?post=372"},{"taxonomy":"product_cat","embeddable":true,"href":"https:\/\/deromania.es\/es\/wp-json\/wp\/v2\/product_cat?post=372"},{"taxonomy":"product_tag","embeddable":true,"href":"https:\/\/deromania.es\/es\/wp-json\/wp\/v2\/product_tag?post=372"}],"curies":[{"name":"wp","href":"https:\/\/api.w.org\/{rel}","templated":true}]}}