{"id":34990,"date":"2025-07-31T18:21:39","date_gmt":"2025-07-31T18:21:39","guid":{"rendered":"https:\/\/deromania.es\/?post_type=product&#038;p=34990"},"modified":"2026-03-13T01:21:07","modified_gmt":"2026-03-13T00:21:07","slug":"viata-acatistul-si-paraclisul-sfantului-cuvios-mucenic-efrem-cel-nou","status":"publish","type":"product","link":"https:\/\/deromania.es\/es\/producto\/viata-acatistul-si-paraclisul-sfantului-cuvios-mucenic-efrem-cel-nou","title":{"rendered":"La Vida, el Acatistul y el Par\u00e1clito de San Efr\u00e9n el Nuevo"},"content":{"rendered":"<div data-elementor-type=\"wp-post\" data-elementor-id=\"34990\" class=\"elementor elementor-34990\">\n\t\t\t\t<div class=\"wd-negative-gap elementor-element elementor-element-dc525ed e-flex e-con-boxed e-con e-parent\" data-id=\"dc525ed\" data-element_type=\"container\" data-e-type=\"container\">\n\t\t\t\t\t<div class=\"e-con-inner\">\n\t\t<div class=\"elementor-element elementor-element-01b3617 e-con-full e-flex e-con e-child\" data-id=\"01b3617\" data-element_type=\"container\" data-e-type=\"container\">\n\t\t\t\t<div class=\"elementor-element elementor-element-090be9a elementor-widget elementor-widget-wd_text_block\" data-id=\"090be9a\" data-element_type=\"widget\" data-e-type=\"widget\" data-widget_type=\"wd_text_block.default\">\n\t\t\t\t<div class=\"elementor-widget-container\">\n\t\t\t\t\t\t\t<div class=\"wd-text-block reset-last-child text-left\">\n\t\t\t\n\t\t\t<p data-start=\"622\" data-end=\"723\"><strong data-start=\"622\" data-end=\"723\">Via\u021ba, Acatistul \u0219i Paraclisul Sf\u00e2ntului Efrem cel Nou \u2013 Ajutorul celor afla\u021bi \u00een \u00eencerc\u0103ri grele<\/strong><\/p><p data-start=\"725\" data-end=\"1099\">Aceast\u0103 bro\u0219ur\u0103 ortodox\u0103 cuprinde trei p\u0103r\u021bi esen\u021biale pentru evlavia \u0219i sprijinul duhovnicesc: <strong data-start=\"821\" data-end=\"883\">Via\u021ba Sf\u00e2ntului Efrem cel Nou, Acatistul \u0219i Paraclisul s\u0103u<\/strong>. Este o lectur\u0103 complet\u0103, ideal\u0103 pentru cei care doresc s\u0103 se apropie de unul dintre cei mai iubi\u021bi sfin\u021bi ai vremurilor noastre \u2013 <strong data-start=\"1015\" data-end=\"1055\">Sf\u00e2ntul Cuvios Mucenic Efrem cel Nou<\/strong>, numit \u0219i \u201egrabnic ajut\u0103tor \u0219i vindec\u0103tor\u201d.<\/p><p data-start=\"1101\" data-end=\"1444\">Sf\u00e2ntul Efrem a tr\u0103it \u00een secolul al XV-lea, la M\u0103n\u0103stirea Nea Makri din Grecia, unde a fost martirizat \u00een chinuri groaznice de invadatori otomani. Dup\u0103 sute de ani, moa\u0219tele sale au fost descoperite \u00een mod minunat, iar sf\u00e2ntul a \u00eenceput s\u0103 se arate celor care \u00eel chemau cu credin\u021b\u0103, vindec\u00e2nd boli grele \u0219i intervenind \u00een situa\u021bii f\u0103r\u0103 ie\u0219ire.<\/p><p data-start=\"1446\" data-end=\"1707\">Rug\u0103ciunile c\u0103tre el sunt recunoscute pentru <strong data-start=\"1491\" data-end=\"1540\">puterea lor de mijlocire \u00een fa\u021ba lui Dumnezeu<\/strong>, \u00een special \u00een cazuri de boal\u0103, accidente, examene, suferin\u021be suflete\u0219ti sau nevoi urgente. Este un sf\u00e2nt apropiat, care r\u0103spunde repede celor ce se roag\u0103 cu n\u0103dejde.<\/p><p data-start=\"1709\" data-end=\"1934\">Bro\u0219ura este ideal\u0103 pentru citirea zilnic\u0103 sau \u00een perioade de \u00eencercare. Pe <strong data-start=\"1785\" data-end=\"1801\">Deromania.es<\/strong>, o po\u021bi comanda cu livrare rapid\u0103 \u00een toat\u0103 Spania \u2013 un sprijin real pentru sufletul t\u0103u sau un cadou duhovnicesc pentru cineva drag.<\/p>\n\t\t\t\t\t<\/div>\n\t\t\t\t\t\t<\/div>\n\t\t\t\t<\/div>\n\t\t\t\t<\/div>\n\t\t<div class=\"elementor-element elementor-element-5b9142a e-con-full e-flex e-con e-child\" data-id=\"5b9142a\" data-element_type=\"container\" data-e-type=\"container\">\n\t\t\t\t<div class=\"elementor-element elementor-element-bc4ec9d elementor-widget elementor-widget-wd_infobox\" data-id=\"bc4ec9d\" data-element_type=\"widget\" data-e-type=\"widget\" data-widget_type=\"wd_infobox.default\">\n\t\t\t\t<div class=\"elementor-widget-container\">\n\t\t\t\t\t\t\t<div class=\"info-box-wrapper\">\n\t\t\t<div class=\"wd-info-box text-center box-icon-align-top box-style-base color-scheme-\">\n\t\t\t\t\t\t\t\t\t<div class=\"box-icon-wrapper  box-with-icon box-icon-simple\">\n\t\t\t\t\t\t<div class=\"info-box-icon\">\n\t\t\t\t\t\t\t\t\t\t\t\t\t\t\t<img loading=\"lazy\" decoding=\"async\" width=\"50\" height=\"50\" src=\"https:\/\/deromania.es\/wp-content\/smush-webp\/2025\/07\/Obiecte-pangar-Spania-50x50.png.webp\" class=\"attachment-50x50 size-50x50\" alt=\"Objetos pangar Espa\u00f1a\" srcset=\"https:\/\/deromania.es\/wp-content\/smush-webp\/2025\/07\/Obiecte-pangar-Spania-50x50.png.webp 50w, https:\/\/deromania.es\/wp-content\/smush-webp\/2025\/07\/Obiecte-pangar-Spania-150x150.png.webp 150w, https:\/\/deromania.es\/wp-content\/smush-webp\/2025\/07\/Obiecte-pangar-Spania-430x430.png.webp 430w, https:\/\/deromania.es\/wp-content\/smush-webp\/2025\/07\/Obiecte-pangar-Spania-118x118.png.webp 118w\" sizes=\"auto, (max-width: 50px) 100vw, 50px\" title=\"\">\t\t\t\t\t\t\t\t\t\t\t\t\t<\/div>\n\t\t\t\t\t<\/div>\n\t\t\t\t\n\t\t\t\t<div class=\"info-box-content\">\n\t\t\t\t\t\n\t\t\t\t\t\t\t\t\t\t\t<h4\t\t\t\t\t\tclass=\"info-box-title title box-title-style-default wd-fontsize-s\" data-elementor-setting-key=\"title\">\n\t\t\t\t\t\t\t\t\ud83d\udd4a\ufe0f Sf\u00e2ntul Efrem cel Nou \u2013 grabnic ajut\u0103tor\t\t\t\t\t\t<\/h4>\n\t\t\t\t\t\n\t\t\t\t\t<div class=\"info-box-inner reset-last-child\"data-elementor-setting-key=\"content\"><p style=\"text-align: center;\">Mare f\u0103c\u0103tor de minuni, invocat \u00een suferin\u021b\u0103, boal\u0103 \u0219i nevoi urgente.<\/p>\n<\/div>\n\n\t\t\t\t\t\t\t\t\t<\/div>\n\n\t\t\t\t\t\t\t\t\t<a href=\"#\" class=\"wd-info-box-link wd-fill\" aria-label=\"Infobox link\"><\/a>\n\t\t\t\t\t\t\t<\/div>\n\t\t<\/div>\n\t\t\t\t\t\t<\/div>\n\t\t\t\t<\/div>\n\t\t\t\t<div class=\"elementor-element elementor-element-925f8ae elementor-widget elementor-widget-wd_infobox\" data-id=\"925f8ae\" data-element_type=\"widget\" data-e-type=\"widget\" data-widget_type=\"wd_infobox.default\">\n\t\t\t\t<div class=\"elementor-widget-container\">\n\t\t\t\t\t\t\t<div class=\"info-box-wrapper\">\n\t\t\t<div class=\"wd-info-box text-center box-icon-align-top box-style-base color-scheme-\">\n\t\t\t\t\t\t\t\t\t<div class=\"box-icon-wrapper  box-with-icon box-icon-simple\">\n\t\t\t\t\t\t<div class=\"info-box-icon\">\n\t\t\t\t\t\t\t\t\t\t\t\t\t\t\t<img loading=\"lazy\" decoding=\"async\" width=\"50\" height=\"50\" src=\"https:\/\/deromania.es\/wp-content\/smush-webp\/2025\/07\/patriarhia-romana-in-Spania-50x50.jpg.webp\" class=\"attachment-50x50 size-50x50\" alt=\"Patriarcado Romano en Espa\u00f1a\" srcset=\"https:\/\/deromania.es\/wp-content\/smush-webp\/2025\/07\/patriarhia-romana-in-Spania-50x50.jpg.webp 50w, https:\/\/deromania.es\/wp-content\/smush-webp\/2025\/07\/patriarhia-romana-in-Spania-150x150.jpg.webp 150w, https:\/\/deromania.es\/wp-content\/smush-webp\/2025\/07\/patriarhia-romana-in-Spania-430x430.jpg.webp 430w\" sizes=\"auto, (max-width: 50px) 100vw, 50px\" title=\"\">\t\t\t\t\t\t\t\t\t\t\t\t\t<\/div>\n\t\t\t\t\t<\/div>\n\t\t\t\t\n\t\t\t\t<div class=\"info-box-content\">\n\t\t\t\t\t\n\t\t\t\t\t\t\t\t\t\t\t<h4\t\t\t\t\t\tclass=\"info-box-title title box-title-style-default wd-fontsize-s\" data-elementor-setting-key=\"title\">\n\t\t\t\t\t\t\t\t\ud83d\udce6 Env\u00edo r\u00e1pido desde Espa\u00f1a\t\t\t\t\t\t<\/h4>\n\t\t\t\t\t\n\t\t\t\t\t<div class=\"info-box-inner reset-last-child\"data-elementor-setting-key=\"content\"><p style=\"text-align: center;\">Haga su pedido f\u00e1cilmente en Deromania.es - realizamos los env\u00edos desde nuestro stock local sin demoras.<\/p>\n<\/div>\n\n\t\t\t\t\t\t\t\t\t<\/div>\n\n\t\t\t\t\t\t\t\t\t<a href=\"#\" class=\"wd-info-box-link wd-fill\" aria-label=\"Infobox link\"><\/a>\n\t\t\t\t\t\t\t<\/div>\n\t\t<\/div>\n\t\t\t\t\t\t<\/div>\n\t\t\t\t<\/div>\n\t\t\t\t<\/div>\n\t\t<div class=\"elementor-element elementor-element-33979a3 e-con-full e-flex e-con e-child\" data-id=\"33979a3\" data-element_type=\"container\" data-e-type=\"container\">\n\t\t\t\t<div class=\"elementor-element elementor-element-3fca813 elementor-widget elementor-widget-wd_infobox\" data-id=\"3fca813\" data-element_type=\"widget\" data-e-type=\"widget\" data-widget_type=\"wd_infobox.default\">\n\t\t\t\t<div class=\"elementor-widget-container\">\n\t\t\t\t\t\t\t<div class=\"info-box-wrapper\">\n\t\t\t<div class=\"wd-info-box text-center box-icon-align-top box-style-base color-scheme-\">\n\t\t\t\t\t\t\t\t\t<div class=\"box-icon-wrapper  box-with-icon box-icon-simple\">\n\t\t\t\t\t\t<div class=\"info-box-icon\">\n\t\t\t\t\t\t\t\t\t\t\t\t\t\t\t<img loading=\"lazy\" decoding=\"async\" width=\"50\" height=\"50\" src=\"https:\/\/deromania.es\/wp-content\/smush-webp\/2025\/07\/Carti-Arta-traditionale-romanesti-in-Spania-50x50.png.webp\" class=\"attachment-50x50 size-50x50\" alt=\"Libros y arte tradicionales rumanos en Espa\u00f1a\" srcset=\"https:\/\/deromania.es\/wp-content\/smush-webp\/2025\/07\/Carti-Arta-traditionale-romanesti-in-Spania-50x50.png.webp 50w, https:\/\/deromania.es\/wp-content\/smush-webp\/2025\/07\/Carti-Arta-traditionale-romanesti-in-Spania-12x12.png.webp 12w, https:\/\/deromania.es\/wp-content\/smush-webp\/2025\/07\/Carti-Arta-traditionale-romanesti-in-Spania-150x150.png.webp 150w, https:\/\/deromania.es\/wp-content\/smush-webp\/2025\/07\/Carti-Arta-traditionale-romanesti-in-Spania-300x300.png.webp 300w, https:\/\/deromania.es\/wp-content\/uploads\/2025\/07\/Carti-Arta-traditionale-romanesti-in-Spania-768x768.png 768w, https:\/\/deromania.es\/wp-content\/uploads\/2025\/07\/Carti-Arta-traditionale-romanesti-in-Spania-800x800.png 800w, https:\/\/deromania.es\/wp-content\/smush-webp\/2025\/07\/Carti-Arta-traditionale-romanesti-in-Spania-430x430.png.webp 430w, https:\/\/deromania.es\/wp-content\/smush-webp\/2025\/07\/Carti-Arta-traditionale-romanesti-in-Spania-700x700.png.webp 700w, https:\/\/deromania.es\/wp-content\/smush-webp\/2025\/07\/Carti-Arta-traditionale-romanesti-in-Spania-118x118.png.webp 118w, https:\/\/deromania.es\/wp-content\/uploads\/2025\/07\/Carti-Arta-traditionale-romanesti-in-Spania.png 1024w\" sizes=\"auto, (max-width: 50px) 100vw, 50px\" title=\"\">\t\t\t\t\t\t\t\t\t\t\t\t\t<\/div>\n\t\t\t\t\t<\/div>\n\t\t\t\t\n\t\t\t\t<div class=\"info-box-content\">\n\t\t\t\t\t\n\t\t\t\t\t\t\t\t\t\t\t<h4\t\t\t\t\t\tclass=\"info-box-title title box-title-style-default wd-fontsize-s\" data-elementor-setting-key=\"title\">\n\t\t\t\t\t\t\t\t\ud83d\udcd8 Include via\u021ba, acatistul \u0219i paraclisul\t\t\t\t\t\t<\/h4>\n\t\t\t\t\t\n\t\t\t\t\t<div class=\"info-box-inner reset-last-child\"data-elementor-setting-key=\"content\"><p style=\"text-align: center;\">Trei texte de rug\u0103ciune \u0219i medita\u021bie pentru \u00eent\u0103rirea sufleteasc\u0103.<\/p>\n<\/div>\n\n\t\t\t\t\t\t\t\t\t<\/div>\n\n\t\t\t\t\t\t\t\t\t<a href=\"#\" class=\"wd-info-box-link wd-fill\" aria-label=\"Infobox link\"><\/a>\n\t\t\t\t\t\t\t<\/div>\n\t\t<\/div>\n\t\t\t\t\t\t<\/div>\n\t\t\t\t<\/div>\n\t\t\t\t<div class=\"elementor-element elementor-element-d0884bb elementor-widget elementor-widget-wd_infobox\" data-id=\"d0884bb\" data-element_type=\"widget\" data-e-type=\"widget\" data-widget_type=\"wd_infobox.default\">\n\t\t\t\t<div class=\"elementor-widget-container\">\n\t\t\t\t\t\t\t<div class=\"info-box-wrapper\">\n\t\t\t<div class=\"wd-info-box text-center box-icon-align-top box-style-base color-scheme-\">\n\t\t\t\t\t\t\t\t\t<div class=\"box-icon-wrapper  box-with-icon box-icon-simple\">\n\t\t\t\t\t\t<div class=\"info-box-icon\">\n\t\t\t\t\t\t\t\t\t\t\t\t\t\t\t<img loading=\"lazy\" decoding=\"async\" width=\"50\" height=\"50\" src=\"https:\/\/deromania.es\/wp-content\/smush-webp\/2025\/07\/Carti-Arta-traditionale-romanesti-Spania-50x50.png.webp\" class=\"attachment-50x50 size-50x50\" alt=\"Libros y arte Arte tradicional rumano Espa\u00f1a\" srcset=\"https:\/\/deromania.es\/wp-content\/smush-webp\/2025\/07\/Carti-Arta-traditionale-romanesti-Spania-50x50.png.webp 50w, https:\/\/deromania.es\/wp-content\/smush-webp\/2025\/07\/Carti-Arta-traditionale-romanesti-Spania-150x150.png.webp 150w, https:\/\/deromania.es\/wp-content\/smush-webp\/2025\/07\/Carti-Arta-traditionale-romanesti-Spania-430x430.png.webp 430w\" sizes=\"auto, (max-width: 50px) 100vw, 50px\" title=\"\">\t\t\t\t\t\t\t\t\t\t\t\t\t<\/div>\n\t\t\t\t\t<\/div>\n\t\t\t\t\n\t\t\t\t<div class=\"info-box-content\">\n\t\t\t\t\t\n\t\t\t\t\t\t\t\t\t\t\t<h4\t\t\t\t\t\tclass=\"info-box-title title box-title-style-default wd-fontsize-s\" data-elementor-setting-key=\"title\">\n\t\t\t\t\t\t\t\t\ud83d\ude4f Putere de vindecare \u0219i ocrotire\t\t\t\t\t\t<\/h4>\n\t\t\t\t\t\n\t\t\t\t\t<div class=\"info-box-inner reset-last-child\"data-elementor-setting-key=\"content\"><p style=\"text-align: center;\">Rug\u0103ciuni citite de credincio\u0219i din toat\u0103 lumea, cu nenum\u0103rate m\u0103rturii.<\/p>\n<\/div>\n\n\t\t\t\t\t\t\t\t\t<\/div>\n\n\t\t\t\t\t\t\t\t\t<a href=\"#\" class=\"wd-info-box-link wd-fill\" aria-label=\"Infobox link\"><\/a>\n\t\t\t\t\t\t\t<\/div>\n\t\t<\/div>\n\t\t\t\t\t\t<\/div>\n\t\t\t\t<\/div>\n\t\t\t\t<\/div>\n\t\t\t\t\t<\/div>\n\t\t\t\t<\/div>\n\t\t\t\t<\/div>","protected":false},"excerpt":{"rendered":"<p>Folleto ortodoxo con la vida, acticismo y par\u00e1clito de San Efr\u00e9n el Nuevo, el Pronto Auxiliador y Sanador. Apoyo espiritual en el sufrimiento, la enfermedad y las aflicciones.<\/p>","protected":false},"featured_media":170951,"comment_status":"open","ping_status":"closed","template":"","meta":[],"product_brand":[122],"product_cat":[148,98],"product_tag":[166,187,181,165,182,190,186,184,183,188,185,168,325,159,189],"class_list":{"0":"post-34990","1":"product","2":"type-product","3":"status-publish","4":"has-post-thumbnail","6":"product_brand-patriarhia-romana","7":"product_cat-carti-arta","8":"product_cat-obiecte-ortodoxe","9":"product_tag-acatiste","10":"product_tag-cadou-ortodox","11":"product_tag-carte-religioasa","12":"product_tag-carti-bisericesti","13":"product_tag-credinta-ortodoxa","14":"product_tag-cultura-romaneasca","15":"product_tag-dar-religios","16":"product_tag-obiecte-ortodoxe","17":"product_tag-ortodoxie","18":"product_tag-produse-traditionale-romanesti","19":"product_tag-religie-romaneasca","20":"product_tag-rugaciuni","21":"product_tag-sfantul-efrem","22":"product_tag-sfinti","23":"product_tag-simboluri-ortodoxe","25":"first","26":"outofstock","27":"taxable","28":"shipping-taxable","29":"purchasable","30":"product-type-simple"},"_links":{"self":[{"href":"https:\/\/deromania.es\/es\/wp-json\/wp\/v2\/product\/34990","targetHints":{"allow":["GET"]}}],"collection":[{"href":"https:\/\/deromania.es\/es\/wp-json\/wp\/v2\/product"}],"about":[{"href":"https:\/\/deromania.es\/es\/wp-json\/wp\/v2\/types\/product"}],"replies":[{"embeddable":true,"href":"https:\/\/deromania.es\/es\/wp-json\/wp\/v2\/comments?post=34990"}],"version-history":[{"count":0,"href":"https:\/\/deromania.es\/es\/wp-json\/wp\/v2\/product\/34990\/revisions"}],"wp:featuredmedia":[{"embeddable":true,"href":"https:\/\/deromania.es\/es\/wp-json\/wp\/v2\/media\/170951"}],"wp:attachment":[{"href":"https:\/\/deromania.es\/es\/wp-json\/wp\/v2\/media?parent=34990"}],"wp:term":[{"taxonomy":"product_brand","embeddable":true,"href":"https:\/\/deromania.es\/es\/wp-json\/wp\/v2\/product_brand?post=34990"},{"taxonomy":"product_cat","embeddable":true,"href":"https:\/\/deromania.es\/es\/wp-json\/wp\/v2\/product_cat?post=34990"},{"taxonomy":"product_tag","embeddable":true,"href":"https:\/\/deromania.es\/es\/wp-json\/wp\/v2\/product_tag?post=34990"}],"curies":[{"name":"wp","href":"https:\/\/api.w.org\/{rel}","templated":true}]}}