{"id":34959,"date":"2025-07-31T17:32:58","date_gmt":"2025-07-31T17:32:58","guid":{"rendered":"https:\/\/deromania.es\/?post_type=product&#038;p=34959"},"modified":"2026-03-07T15:09:57","modified_gmt":"2026-03-07T14:09:57","slug":"icoana-cu-iisus-rugandu-se-12-x-10-cm","status":"publish","type":"product","link":"https:\/\/deromania.es\/es\/producto\/icoana-cu-iisus-rugandu-se-12-x-10-cm","title":{"rendered":"Icono de Jes\u00fas Orando - Peque\u00f1o, Santo"},"content":{"rendered":"<div data-elementor-type=\"wp-post\" data-elementor-id=\"34959\" class=\"elementor elementor-34959\">\n\t\t\t\t<div class=\"wd-negative-gap elementor-element elementor-element-dc525ed e-flex e-con-boxed e-con e-parent\" data-id=\"dc525ed\" data-element_type=\"container\" data-e-type=\"container\">\n\t\t\t\t\t<div class=\"e-con-inner\">\n\t\t<div class=\"elementor-element elementor-element-01b3617 e-con-full e-flex e-con e-child\" data-id=\"01b3617\" data-element_type=\"container\" data-e-type=\"container\">\n\t\t\t\t<div class=\"elementor-element elementor-element-090be9a elementor-widget elementor-widget-wd_text_block\" data-id=\"090be9a\" data-element_type=\"widget\" data-e-type=\"widget\" data-widget_type=\"wd_text_block.default\">\n\t\t\t\t<div class=\"elementor-widget-container\">\n\t\t\t\t\t\t\t<div class=\"wd-text-block reset-last-child text-left\">\n\t\t\t\n\t\t\t<p data-start=\"565\" data-end=\"667\"><strong data-start=\"565\" data-end=\"667\">Icoan\u0103 Ortodox\u0103 cu Iisus Rug\u00e2ndu-se \u2013 Model de smerenie, credin\u021b\u0103 \u0219i supunere fa\u021b\u0103 de voia Tat\u0103lui<\/strong><\/p><p data-start=\"669\" data-end=\"990\">Aceast\u0103 icoan\u0103 litografiat\u0103 de mici dimensiuni (12 x 10 cm), realizat\u0103 pe suport din PAL, \u00cel reprezint\u0103 pe <strong data-start=\"776\" data-end=\"806\">Iisus Hristos \u00een rug\u0103ciune<\/strong>, \u00een una dintre cele mai profunde ipostaze ale vie\u021bii Sale p\u0103m\u00e2nte\u0219ti. Este o icoan\u0103 lini\u0219titoare, cu mesaj spiritual ad\u00e2nc, ideal\u0103 pentru spa\u021biile personale de rug\u0103ciune \u0219i medita\u021bie.<\/p><p data-start=\"992\" data-end=\"1313\">Reprezentarea M\u00e2ntuitorului rug\u00e2ndu-se este inspirat\u0103 cel mai adesea din <strong data-start=\"1065\" data-end=\"1100\">momentul din Gr\u0103dina Ghetsimani<\/strong>, \u00eenainte de Patima Sa. \u00cen aceast\u0103 scen\u0103, Iisus Se roag\u0103 cu lacrimi \u0219i sudoare de s\u00e2nge, ar\u0103t\u00e2nd pe deplin firea Sa uman\u0103, supus\u0103 durerii \u0219i fricii, dar \u0219i firea divin\u0103, \u00een perfect\u0103 ascultare fa\u021b\u0103 de voia Tat\u0103lui.<\/p><p data-start=\"1315\" data-end=\"1601\">Aceast\u0103 icoan\u0103 este un \u00eendemn la <strong data-start=\"1348\" data-end=\"1458\">rug\u0103ciune sincer\u0103, r\u0103bdare \u00een \u00eencerc\u0103ri, acceptarea greut\u0103\u021bilor vie\u021bii \u0219i n\u0103dejde \u00een ajutorul lui Dumnezeu<\/strong>. Este iubit\u0103 de credincio\u0219i pentru simplitatea \u0219i for\u021ba ei duhovniceasc\u0103 \u0219i ofer\u0103 alinare celor care se simt singuri sau ap\u0103sa\u021bi de \u00eencerc\u0103ri.<\/p><p data-start=\"1603\" data-end=\"1833\">Pentru rom\u00e2nii din Spania, icoana <strong data-start=\"1637\" data-end=\"1660\">cu Iisus Rug\u00e2ndu-se<\/strong> este o prezen\u021b\u0103 lini\u0219titoare \u0219i \u00een\u0103l\u021b\u0103toare \u00een cas\u0103. Deromania.es ofer\u0103 aceast\u0103 icoan\u0103 ortodox\u0103 litografiat\u0103, compact\u0103, u\u0219or de a\u0219ezat oriunde, cu livrare rapid\u0103 \u00een 24\u201348h.<\/p>\n\t\t\t\t\t<\/div>\n\t\t\t\t\t\t<\/div>\n\t\t\t\t<\/div>\n\t\t\t\t<\/div>\n\t\t<div class=\"elementor-element elementor-element-5b9142a e-con-full e-flex e-con e-child\" data-id=\"5b9142a\" data-element_type=\"container\" data-e-type=\"container\">\n\t\t\t\t<div class=\"elementor-element elementor-element-bc4ec9d elementor-widget elementor-widget-wd_infobox\" data-id=\"bc4ec9d\" data-element_type=\"widget\" data-e-type=\"widget\" data-widget_type=\"wd_infobox.default\">\n\t\t\t\t<div class=\"elementor-widget-container\">\n\t\t\t\t\t\t\t<div class=\"info-box-wrapper\">\n\t\t\t<div class=\"wd-info-box text-center box-icon-align-top box-style-base color-scheme-\">\n\t\t\t\t\t\t\t\t\t<div class=\"box-icon-wrapper  box-with-icon box-icon-simple\">\n\t\t\t\t\t\t<div class=\"info-box-icon\">\n\t\t\t\t\t\t\t\t\t\t\t\t\t\t\t<img loading=\"lazy\" decoding=\"async\" width=\"50\" height=\"50\" src=\"https:\/\/deromania.es\/wp-content\/smush-webp\/2025\/07\/Obiecte-pangar-Spania-50x50.png.webp\" class=\"attachment-50x50 size-50x50\" alt=\"Objetos pangar Espa\u00f1a\" srcset=\"https:\/\/deromania.es\/wp-content\/smush-webp\/2025\/07\/Obiecte-pangar-Spania-50x50.png.webp 50w, https:\/\/deromania.es\/wp-content\/smush-webp\/2025\/07\/Obiecte-pangar-Spania-150x150.png.webp 150w, https:\/\/deromania.es\/wp-content\/smush-webp\/2025\/07\/Obiecte-pangar-Spania-430x430.png.webp 430w, https:\/\/deromania.es\/wp-content\/smush-webp\/2025\/07\/Obiecte-pangar-Spania-118x118.png.webp 118w\" sizes=\"auto, (max-width: 50px) 100vw, 50px\" title=\"\">\t\t\t\t\t\t\t\t\t\t\t\t\t<\/div>\n\t\t\t\t\t<\/div>\n\t\t\t\t\n\t\t\t\t<div class=\"info-box-content\">\n\t\t\t\t\t\n\t\t\t\t\t\t\t\t\t\t\t<h4\t\t\t\t\t\tclass=\"info-box-title title box-title-style-default wd-fontsize-s\" data-elementor-setting-key=\"title\">\n\t\t\t\t\t\t\t\t\ud83d\ude4f Iisus Hristos \u00een rug\u0103ciune\t\t\t\t\t\t<\/h4>\n\t\t\t\t\t\n\t\t\t\t\t<div class=\"info-box-inner reset-last-child\"data-elementor-setting-key=\"content\"><p style=\"text-align: center;\">Imagine lini\u0219titoare, simbol al \u00eencrederii \u00een voia lui Dumnezeu \u0219i al ascult\u0103rii des\u0103v\u00e2r\u0219ite.<\/p>\n<\/div>\n\n\t\t\t\t\t\t\t\t\t<\/div>\n\n\t\t\t\t\t\t\t\t\t<a href=\"#\" class=\"wd-info-box-link wd-fill\" aria-label=\"Infobox link\"><\/a>\n\t\t\t\t\t\t\t<\/div>\n\t\t<\/div>\n\t\t\t\t\t\t<\/div>\n\t\t\t\t<\/div>\n\t\t\t\t<div class=\"elementor-element elementor-element-925f8ae elementor-widget elementor-widget-wd_infobox\" data-id=\"925f8ae\" data-element_type=\"widget\" data-e-type=\"widget\" data-widget_type=\"wd_infobox.default\">\n\t\t\t\t<div class=\"elementor-widget-container\">\n\t\t\t\t\t\t\t<div class=\"info-box-wrapper\">\n\t\t\t<div class=\"wd-info-box text-center box-icon-align-top box-style-base color-scheme-\">\n\t\t\t\t\t\t\t\t\t<div class=\"box-icon-wrapper  box-with-icon box-icon-simple\">\n\t\t\t\t\t\t<div class=\"info-box-icon\">\n\t\t\t\t\t\t\t\t\t\t\t\t\t\t\t<img loading=\"lazy\" decoding=\"async\" width=\"50\" height=\"50\" src=\"https:\/\/deromania.es\/wp-content\/smush-webp\/2025\/07\/patriarhia-romana-in-Spania-50x50.jpg.webp\" class=\"attachment-50x50 size-50x50\" alt=\"Patriarcado Romano en Espa\u00f1a\" srcset=\"https:\/\/deromania.es\/wp-content\/smush-webp\/2025\/07\/patriarhia-romana-in-Spania-50x50.jpg.webp 50w, https:\/\/deromania.es\/wp-content\/smush-webp\/2025\/07\/patriarhia-romana-in-Spania-150x150.jpg.webp 150w, https:\/\/deromania.es\/wp-content\/smush-webp\/2025\/07\/patriarhia-romana-in-Spania-430x430.jpg.webp 430w\" sizes=\"auto, (max-width: 50px) 100vw, 50px\" title=\"\">\t\t\t\t\t\t\t\t\t\t\t\t\t<\/div>\n\t\t\t\t\t<\/div>\n\t\t\t\t\n\t\t\t\t<div class=\"info-box-content\">\n\t\t\t\t\t\n\t\t\t\t\t\t\t\t\t\t\t<h4\t\t\t\t\t\tclass=\"info-box-title title box-title-style-default wd-fontsize-s\" data-elementor-setting-key=\"title\">\n\t\t\t\t\t\t\t\t\ud83d\udce6 Env\u00edo r\u00e1pido desde Espa\u00f1a\t\t\t\t\t\t<\/h4>\n\t\t\t\t\t\n\t\t\t\t\t<div class=\"info-box-inner reset-last-child\"data-elementor-setting-key=\"content\"><p style=\"text-align: center;\">Disponible en stock en Deromania.es - sin pedidos externos, sin esperas.<\/p>\n<\/div>\n\n\t\t\t\t\t\t\t\t\t<\/div>\n\n\t\t\t\t\t\t\t\t\t<a href=\"#\" class=\"wd-info-box-link wd-fill\" aria-label=\"Infobox link\"><\/a>\n\t\t\t\t\t\t\t<\/div>\n\t\t<\/div>\n\t\t\t\t\t\t<\/div>\n\t\t\t\t<\/div>\n\t\t\t\t<\/div>\n\t\t<div class=\"elementor-element elementor-element-33979a3 e-con-full e-flex e-con e-child\" data-id=\"33979a3\" data-element_type=\"container\" data-e-type=\"container\">\n\t\t\t\t<div class=\"elementor-element elementor-element-3fca813 elementor-widget elementor-widget-wd_infobox\" data-id=\"3fca813\" data-element_type=\"widget\" data-e-type=\"widget\" data-widget_type=\"wd_infobox.default\">\n\t\t\t\t<div class=\"elementor-widget-container\">\n\t\t\t\t\t\t\t<div class=\"info-box-wrapper\">\n\t\t\t<div class=\"wd-info-box text-center box-icon-align-top box-style-base color-scheme-\">\n\t\t\t\t\t\t\t\t\t<div class=\"box-icon-wrapper  box-with-icon box-icon-simple\">\n\t\t\t\t\t\t<div class=\"info-box-icon\">\n\t\t\t\t\t\t\t\t\t\t\t\t\t\t\t<img loading=\"lazy\" decoding=\"async\" width=\"50\" height=\"50\" src=\"https:\/\/deromania.es\/wp-content\/smush-webp\/2025\/07\/Carti-Arta-traditionale-romanesti-in-Spania-50x50.png.webp\" class=\"attachment-50x50 size-50x50\" alt=\"Libros y arte tradicionales rumanos en Espa\u00f1a\" srcset=\"https:\/\/deromania.es\/wp-content\/smush-webp\/2025\/07\/Carti-Arta-traditionale-romanesti-in-Spania-50x50.png.webp 50w, https:\/\/deromania.es\/wp-content\/smush-webp\/2025\/07\/Carti-Arta-traditionale-romanesti-in-Spania-12x12.png.webp 12w, https:\/\/deromania.es\/wp-content\/smush-webp\/2025\/07\/Carti-Arta-traditionale-romanesti-in-Spania-150x150.png.webp 150w, https:\/\/deromania.es\/wp-content\/smush-webp\/2025\/07\/Carti-Arta-traditionale-romanesti-in-Spania-300x300.png.webp 300w, https:\/\/deromania.es\/wp-content\/uploads\/2025\/07\/Carti-Arta-traditionale-romanesti-in-Spania-768x768.png 768w, https:\/\/deromania.es\/wp-content\/uploads\/2025\/07\/Carti-Arta-traditionale-romanesti-in-Spania-800x800.png 800w, https:\/\/deromania.es\/wp-content\/smush-webp\/2025\/07\/Carti-Arta-traditionale-romanesti-in-Spania-430x430.png.webp 430w, https:\/\/deromania.es\/wp-content\/smush-webp\/2025\/07\/Carti-Arta-traditionale-romanesti-in-Spania-700x700.png.webp 700w, https:\/\/deromania.es\/wp-content\/smush-webp\/2025\/07\/Carti-Arta-traditionale-romanesti-in-Spania-118x118.png.webp 118w, https:\/\/deromania.es\/wp-content\/uploads\/2025\/07\/Carti-Arta-traditionale-romanesti-in-Spania.png 1024w\" sizes=\"auto, (max-width: 50px) 100vw, 50px\" title=\"\">\t\t\t\t\t\t\t\t\t\t\t\t\t<\/div>\n\t\t\t\t\t<\/div>\n\t\t\t\t\n\t\t\t\t<div class=\"info-box-content\">\n\t\t\t\t\t\n\t\t\t\t\t\t\t\t\t\t\t<h4\t\t\t\t\t\tclass=\"info-box-title title box-title-style-default wd-fontsize-s\" data-elementor-setting-key=\"title\">\n\t\t\t\t\t\t\t\t\ud83d\udccf Format mic 12 x 10 cm pe suport PAL\t\t\t\t\t\t<\/h4>\n\t\t\t\t\t\n\t\t\t\t\t<div class=\"info-box-inner reset-last-child\"data-elementor-setting-key=\"content\"><p style=\"text-align: center;\">Potrivit\u0103 pentru noptier\u0103, birou, spa\u021bii intime de rug\u0103ciune sau c\u0103l\u0103torii.<\/p>\n<\/div>\n\n\t\t\t\t\t\t\t\t\t<\/div>\n\n\t\t\t\t\t\t\t\t\t<a href=\"#\" class=\"wd-info-box-link wd-fill\" aria-label=\"Infobox link\"><\/a>\n\t\t\t\t\t\t\t<\/div>\n\t\t<\/div>\n\t\t\t\t\t\t<\/div>\n\t\t\t\t<\/div>\n\t\t\t\t<div class=\"elementor-element elementor-element-d0884bb elementor-widget elementor-widget-wd_infobox\" data-id=\"d0884bb\" data-element_type=\"widget\" data-e-type=\"widget\" data-widget_type=\"wd_infobox.default\">\n\t\t\t\t<div class=\"elementor-widget-container\">\n\t\t\t\t\t\t\t<div class=\"info-box-wrapper\">\n\t\t\t<div class=\"wd-info-box text-center box-icon-align-top box-style-base color-scheme-\">\n\t\t\t\t\t\t\t\t\t<div class=\"box-icon-wrapper  box-with-icon box-icon-simple\">\n\t\t\t\t\t\t<div class=\"info-box-icon\">\n\t\t\t\t\t\t\t\t\t\t\t\t\t\t\t<img loading=\"lazy\" decoding=\"async\" width=\"50\" height=\"50\" src=\"https:\/\/deromania.es\/wp-content\/smush-webp\/2025\/07\/Carti-Arta-traditionale-romanesti-Spania-50x50.png.webp\" class=\"attachment-50x50 size-50x50\" alt=\"Libros y arte Arte tradicional rumano Espa\u00f1a\" srcset=\"https:\/\/deromania.es\/wp-content\/smush-webp\/2025\/07\/Carti-Arta-traditionale-romanesti-Spania-50x50.png.webp 50w, https:\/\/deromania.es\/wp-content\/smush-webp\/2025\/07\/Carti-Arta-traditionale-romanesti-Spania-150x150.png.webp 150w, https:\/\/deromania.es\/wp-content\/smush-webp\/2025\/07\/Carti-Arta-traditionale-romanesti-Spania-430x430.png.webp 430w\" sizes=\"auto, (max-width: 50px) 100vw, 50px\" title=\"\">\t\t\t\t\t\t\t\t\t\t\t\t\t<\/div>\n\t\t\t\t\t<\/div>\n\t\t\t\t\n\t\t\t\t<div class=\"info-box-content\">\n\t\t\t\t\t\n\t\t\t\t\t\t\t\t\t\t\t<h4\t\t\t\t\t\tclass=\"info-box-title title box-title-style-default wd-fontsize-s\" data-elementor-setting-key=\"title\">\n\t\t\t\t\t\t\t\t\ud83d\udd4a\ufe0f \u00cent\u0103re\u0219te r\u0103bdarea \u0219i n\u0103dejdea \u00een \u00eencerc\u0103ri\t\t\t\t\t\t<\/h4>\n\t\t\t\t\t\n\t\t\t\t\t<div class=\"info-box-inner reset-last-child\"data-elementor-setting-key=\"content\"><p style=\"text-align: center;\">Inspir\u0103 \u00eencredere, curaj \u0219i o leg\u0103tur\u0103 profund\u0103 cu Dumnezeu.<\/p>\n<\/div>\n\n\t\t\t\t\t\t\t\t\t<\/div>\n\n\t\t\t\t\t\t\t\t\t<a href=\"#\" class=\"wd-info-box-link wd-fill\" aria-label=\"Infobox link\"><\/a>\n\t\t\t\t\t\t\t<\/div>\n\t\t<\/div>\n\t\t\t\t\t\t<\/div>\n\t\t\t\t<\/div>\n\t\t\t\t<\/div>\n\t\t\t\t\t<\/div>\n\t\t\t\t<\/div>\n\t\t\t\t<\/div>","protected":false},"excerpt":{"rendered":"<p>Icono rumano consagrado que representa a Jes\u00fas en oraci\u00f3n, s\u00edmbolo de humildad, fuerza interior y conexi\u00f3n con Dios. Tama\u00f1o peque\u00f1o, ideal para espacios \u00edntimos, la oficina o los viajes. Un icono profundamente conmovedor e inspirador. Entrega r\u00e1pida desde Espa\u00f1a.<\/p>","protected":false},"featured_media":170975,"comment_status":"open","ping_status":"closed","template":"","meta":[],"product_brand":[122],"product_cat":[91,98,685],"product_tag":[504,529,528,505,532,506,533,534],"class_list":{"0":"post-34959","1":"product","2":"type-product","3":"status-publish","4":"has-post-thumbnail","6":"product_brand-patriarhia-romana","7":"product_cat-icoane","8":"product_cat-obiecte-ortodoxe","9":"product_cat-pastele-ortodox","10":"product_tag-icoana","11":"product_tag-iisus","12":"product_tag-mica","13":"product_tag-ortodoxa","14":"product_tag-rugaciune","15":"product_tag-sfintita","16":"product_tag-smerenie","17":"product_tag-speranta","19":"first","20":"instock","21":"taxable","22":"shipping-taxable","23":"purchasable","24":"product-type-simple"},"_links":{"self":[{"href":"https:\/\/deromania.es\/es\/wp-json\/wp\/v2\/product\/34959","targetHints":{"allow":["GET"]}}],"collection":[{"href":"https:\/\/deromania.es\/es\/wp-json\/wp\/v2\/product"}],"about":[{"href":"https:\/\/deromania.es\/es\/wp-json\/wp\/v2\/types\/product"}],"replies":[{"embeddable":true,"href":"https:\/\/deromania.es\/es\/wp-json\/wp\/v2\/comments?post=34959"}],"version-history":[{"count":0,"href":"https:\/\/deromania.es\/es\/wp-json\/wp\/v2\/product\/34959\/revisions"}],"wp:featuredmedia":[{"embeddable":true,"href":"https:\/\/deromania.es\/es\/wp-json\/wp\/v2\/media\/170975"}],"wp:attachment":[{"href":"https:\/\/deromania.es\/es\/wp-json\/wp\/v2\/media?parent=34959"}],"wp:term":[{"taxonomy":"product_brand","embeddable":true,"href":"https:\/\/deromania.es\/es\/wp-json\/wp\/v2\/product_brand?post=34959"},{"taxonomy":"product_cat","embeddable":true,"href":"https:\/\/deromania.es\/es\/wp-json\/wp\/v2\/product_cat?post=34959"},{"taxonomy":"product_tag","embeddable":true,"href":"https:\/\/deromania.es\/es\/wp-json\/wp\/v2\/product_tag?post=34959"}],"curies":[{"name":"wp","href":"https:\/\/api.w.org\/{rel}","templated":true}]}}