{"id":34929,"date":"2025-07-31T16:21:37","date_gmt":"2025-07-31T16:21:37","guid":{"rendered":"https:\/\/deromania.es\/?post_type=product&#038;p=34929"},"modified":"2026-02-02T19:01:57","modified_gmt":"2026-02-02T18:01:57","slug":"icoana-litografiata-bizantina-cu-nasterea-domnului-mica","status":"publish","type":"product","link":"https:\/\/deromania.es\/es\/producto\/icoana-litografiata-bizantina-cu-nasterea-domnului-mica","title":{"rendered":"Icono de la Natividad - 12\u00d710 cm, Santificado Producto Ortodoxo Rumano"},"content":{"rendered":"<div data-elementor-type=\"wp-post\" data-elementor-id=\"34929\" class=\"elementor elementor-34929\">\n\t\t\t\t<div class=\"wd-negative-gap elementor-element elementor-element-dc525ed e-flex e-con-boxed e-con e-parent\" data-id=\"dc525ed\" data-element_type=\"container\" data-e-type=\"container\">\n\t\t\t\t\t<div class=\"e-con-inner\">\n\t\t<div class=\"elementor-element elementor-element-01b3617 e-con-full e-flex e-con e-child\" data-id=\"01b3617\" data-element_type=\"container\" data-e-type=\"container\">\n\t\t\t\t<div class=\"elementor-element elementor-element-090be9a elementor-widget elementor-widget-wd_text_block\" data-id=\"090be9a\" data-element_type=\"widget\" data-e-type=\"widget\" data-widget_type=\"wd_text_block.default\">\n\t\t\t\t<div class=\"elementor-widget-container\">\n\t\t\t\t\t\t\t<div class=\"wd-text-block reset-last-child text-left\">\n\t\t\t\n\t\t\t<p data-start=\"242\" data-end=\"324\"><strong data-start=\"242\" data-end=\"324\">Icoan\u0103 Bizantin\u0103 cu Na\u0219terea Domnului \u2013 Tradi\u021bie, art\u0103 \u0219i lumin\u0103 \u00een format mic<\/strong><\/p><p data-start=\"326\" data-end=\"606\">Aceast\u0103 icoan\u0103 litografiat\u0103 red\u0103 scena <strong data-start=\"365\" data-end=\"386\">Na\u0219terii Domnului<\/strong> \u00een stil bizantin, cu o compozi\u021bie echilibrat\u0103 \u0219i detalii bogate, tipice artei sacre ortodoxe. Cu dimensiunea de 12 x 10 cm, este o alegere excelent\u0103 pentru decorarea spa\u021biilor mici sau ca dar spiritual pentru s\u0103rb\u0103tori.<\/p><p data-start=\"608\" data-end=\"799\">Este aplicat\u0103 pe suport de lemn, cu finisaj lucios \u0219i margini atent lucrate, potrivit\u0103 pentru col\u021bul de rug\u0103ciune, masa de Cr\u0103ciun sau chiar ca obiect de pus \u00een geant\u0103 \u00een timpul c\u0103l\u0103toriilor.<\/p><p data-start=\"801\" data-end=\"957\">Dac\u0103 vrei o <strong data-start=\"813\" data-end=\"854\">icoan\u0103 cu Na\u0219terea Domnului \u00een Spania<\/strong>, Deromania.es \u021bi-o aduce din tradi\u021bia bizantin\u0103 direct \u00een casa ta, cu livrare rapid\u0103 din stoc propriu.<\/p>\n\t\t\t\t\t<\/div>\n\t\t\t\t\t\t<\/div>\n\t\t\t\t<\/div>\n\t\t\t\t<\/div>\n\t\t<div class=\"elementor-element elementor-element-5b9142a e-con-full e-flex e-con e-child\" data-id=\"5b9142a\" data-element_type=\"container\" data-e-type=\"container\">\n\t\t\t\t<div class=\"elementor-element elementor-element-bc4ec9d elementor-widget elementor-widget-wd_infobox\" data-id=\"bc4ec9d\" data-element_type=\"widget\" data-e-type=\"widget\" data-widget_type=\"wd_infobox.default\">\n\t\t\t\t<div class=\"elementor-widget-container\">\n\t\t\t\t\t\t\t<div class=\"info-box-wrapper\">\n\t\t\t<div class=\"wd-info-box text-center box-icon-align-top box-style-base color-scheme-\">\n\t\t\t\t\t\t\t\t\t<div class=\"box-icon-wrapper  box-with-icon box-icon-simple\">\n\t\t\t\t\t\t<div class=\"info-box-icon\">\n\t\t\t\t\t\t\t\t\t\t\t\t\t\t\t<img loading=\"lazy\" decoding=\"async\" width=\"50\" height=\"50\" src=\"https:\/\/deromania.es\/wp-content\/smush-webp\/2025\/07\/Obiecte-pangar-Spania-50x50.png.webp\" class=\"attachment-50x50 size-50x50\" alt=\"Objetos pangar Espa\u00f1a\" srcset=\"https:\/\/deromania.es\/wp-content\/smush-webp\/2025\/07\/Obiecte-pangar-Spania-50x50.png.webp 50w, https:\/\/deromania.es\/wp-content\/smush-webp\/2025\/07\/Obiecte-pangar-Spania-150x150.png.webp 150w, https:\/\/deromania.es\/wp-content\/smush-webp\/2025\/07\/Obiecte-pangar-Spania-430x430.png.webp 430w, https:\/\/deromania.es\/wp-content\/smush-webp\/2025\/07\/Obiecte-pangar-Spania-118x118.png.webp 118w\" sizes=\"auto, (max-width: 50px) 100vw, 50px\" title=\"\">\t\t\t\t\t\t\t\t\t\t\t\t\t<\/div>\n\t\t\t\t\t<\/div>\n\t\t\t\t\n\t\t\t\t<div class=\"info-box-content\">\n\t\t\t\t\t\n\t\t\t\t\t\t\t\t\t\t\t<h4\t\t\t\t\t\tclass=\"info-box-title title box-title-style-default wd-fontsize-s\" data-elementor-setting-key=\"title\">\n\t\t\t\t\t\t\t\t\ud83c\udf1f Reprezentare a Na\u0219terii Domnului\t\t\t\t\t\t<\/h4>\n\t\t\t\t\t\n\t\t\t\t\t<div class=\"info-box-inner reset-last-child\"data-elementor-setting-key=\"content\"><p style=\"text-align: center;\">Scen\u0103 bizantin\u0103 cu simbolism profund, culori vii \u0219i detalii sacre, imprimat\u0103 cu grij\u0103 pe suport din lemn.<\/p>\n<\/div>\n\n\t\t\t\t\t\t\t\t\t<\/div>\n\n\t\t\t\t\t\t\t\t\t<a href=\"#\" class=\"wd-info-box-link wd-fill\" aria-label=\"Infobox link\"><\/a>\n\t\t\t\t\t\t\t<\/div>\n\t\t<\/div>\n\t\t\t\t\t\t<\/div>\n\t\t\t\t<\/div>\n\t\t\t\t<div class=\"elementor-element elementor-element-925f8ae elementor-widget elementor-widget-wd_infobox\" data-id=\"925f8ae\" data-element_type=\"widget\" data-e-type=\"widget\" data-widget_type=\"wd_infobox.default\">\n\t\t\t\t<div class=\"elementor-widget-container\">\n\t\t\t\t\t\t\t<div class=\"info-box-wrapper\">\n\t\t\t<div class=\"wd-info-box text-center box-icon-align-top box-style-base color-scheme-\">\n\t\t\t\t\t\t\t\t\t<div class=\"box-icon-wrapper  box-with-icon box-icon-simple\">\n\t\t\t\t\t\t<div class=\"info-box-icon\">\n\t\t\t\t\t\t\t\t\t\t\t\t\t\t\t<img loading=\"lazy\" decoding=\"async\" width=\"50\" height=\"50\" src=\"https:\/\/deromania.es\/wp-content\/smush-webp\/2025\/07\/patriarhia-romana-in-Spania-50x50.jpg.webp\" class=\"attachment-50x50 size-50x50\" alt=\"Patriarcado Romano en Espa\u00f1a\" srcset=\"https:\/\/deromania.es\/wp-content\/smush-webp\/2025\/07\/patriarhia-romana-in-Spania-50x50.jpg.webp 50w, https:\/\/deromania.es\/wp-content\/smush-webp\/2025\/07\/patriarhia-romana-in-Spania-150x150.jpg.webp 150w, https:\/\/deromania.es\/wp-content\/smush-webp\/2025\/07\/patriarhia-romana-in-Spania-430x430.jpg.webp 430w\" sizes=\"auto, (max-width: 50px) 100vw, 50px\" title=\"\">\t\t\t\t\t\t\t\t\t\t\t\t\t<\/div>\n\t\t\t\t\t<\/div>\n\t\t\t\t\n\t\t\t\t<div class=\"info-box-content\">\n\t\t\t\t\t\n\t\t\t\t\t\t\t\t\t\t\t<h4\t\t\t\t\t\tclass=\"info-box-title title box-title-style-default wd-fontsize-s\" data-elementor-setting-key=\"title\">\n\t\t\t\t\t\t\t\t\ud83d\udce6 Env\u00edo r\u00e1pido desde Espa\u00f1a\t\t\t\t\t\t<\/h4>\n\t\t\t\t\t\n\t\t\t\t\t<div class=\"info-box-inner reset-last-child\"data-elementor-setting-key=\"content\"><p style=\"text-align: center;\">Disponible en stock en Deromania.es - sin pedidos externos, sin esperas.<\/p>\n<\/div>\n\n\t\t\t\t\t\t\t\t\t<\/div>\n\n\t\t\t\t\t\t\t\t\t<a href=\"#\" class=\"wd-info-box-link wd-fill\" aria-label=\"Infobox link\"><\/a>\n\t\t\t\t\t\t\t<\/div>\n\t\t<\/div>\n\t\t\t\t\t\t<\/div>\n\t\t\t\t<\/div>\n\t\t\t\t<\/div>\n\t\t<div class=\"elementor-element elementor-element-33979a3 e-con-full e-flex e-con e-child\" data-id=\"33979a3\" data-element_type=\"container\" data-e-type=\"container\">\n\t\t\t\t<div class=\"elementor-element elementor-element-3fca813 elementor-widget elementor-widget-wd_infobox\" data-id=\"3fca813\" data-element_type=\"widget\" data-e-type=\"widget\" data-widget_type=\"wd_infobox.default\">\n\t\t\t\t<div class=\"elementor-widget-container\">\n\t\t\t\t\t\t\t<div class=\"info-box-wrapper\">\n\t\t\t<div class=\"wd-info-box text-center box-icon-align-top box-style-base color-scheme-\">\n\t\t\t\t\t\t\t\t\t<div class=\"box-icon-wrapper  box-with-icon box-icon-simple\">\n\t\t\t\t\t\t<div class=\"info-box-icon\">\n\t\t\t\t\t\t\t\t\t\t\t\t\t\t\t<img loading=\"lazy\" decoding=\"async\" width=\"50\" height=\"50\" src=\"https:\/\/deromania.es\/wp-content\/smush-webp\/2025\/07\/Carti-Arta-traditionale-romanesti-in-Spania-50x50.png.webp\" class=\"attachment-50x50 size-50x50\" alt=\"Libros y arte tradicionales rumanos en Espa\u00f1a\" srcset=\"https:\/\/deromania.es\/wp-content\/smush-webp\/2025\/07\/Carti-Arta-traditionale-romanesti-in-Spania-50x50.png.webp 50w, https:\/\/deromania.es\/wp-content\/smush-webp\/2025\/07\/Carti-Arta-traditionale-romanesti-in-Spania-12x12.png.webp 12w, https:\/\/deromania.es\/wp-content\/smush-webp\/2025\/07\/Carti-Arta-traditionale-romanesti-in-Spania-150x150.png.webp 150w, https:\/\/deromania.es\/wp-content\/smush-webp\/2025\/07\/Carti-Arta-traditionale-romanesti-in-Spania-300x300.png.webp 300w, https:\/\/deromania.es\/wp-content\/uploads\/2025\/07\/Carti-Arta-traditionale-romanesti-in-Spania-768x768.png 768w, https:\/\/deromania.es\/wp-content\/uploads\/2025\/07\/Carti-Arta-traditionale-romanesti-in-Spania-800x800.png 800w, https:\/\/deromania.es\/wp-content\/smush-webp\/2025\/07\/Carti-Arta-traditionale-romanesti-in-Spania-430x430.png.webp 430w, https:\/\/deromania.es\/wp-content\/smush-webp\/2025\/07\/Carti-Arta-traditionale-romanesti-in-Spania-700x700.png.webp 700w, https:\/\/deromania.es\/wp-content\/smush-webp\/2025\/07\/Carti-Arta-traditionale-romanesti-in-Spania-118x118.png.webp 118w, https:\/\/deromania.es\/wp-content\/uploads\/2025\/07\/Carti-Arta-traditionale-romanesti-in-Spania.png 1024w\" sizes=\"auto, (max-width: 50px) 100vw, 50px\" title=\"\">\t\t\t\t\t\t\t\t\t\t\t\t\t<\/div>\n\t\t\t\t\t<\/div>\n\t\t\t\t\n\t\t\t\t<div class=\"info-box-content\">\n\t\t\t\t\t\n\t\t\t\t\t\t\t\t\t\t\t<h4\t\t\t\t\t\tclass=\"info-box-title title box-title-style-default wd-fontsize-s\" data-elementor-setting-key=\"title\">\n\t\t\t\t\t\t\t\t\ud83d\udcd0 Mic\u0103, dar expresiv\u0103 pentru peretele casei tale\t\t\t\t\t\t<\/h4>\n\t\t\t\t\t\n\t\t\t\t\t<div class=\"info-box-inner reset-last-child\"data-elementor-setting-key=\"content\"><p style=\"text-align: center;\">Dimensiune 12 x 10 cm \u2013 u\u0219or de a\u0219ezat \u00een col\u021bul de rug\u0103ciune, pe raft sau \u00een geant\u0103, pentru c\u0103l\u0103torii\u00a0<\/p>\n<\/div>\n\n\t\t\t\t\t\t\t\t\t<\/div>\n\n\t\t\t\t\t\t\t\t\t<a href=\"#\" class=\"wd-info-box-link wd-fill\" aria-label=\"Infobox link\"><\/a>\n\t\t\t\t\t\t\t<\/div>\n\t\t<\/div>\n\t\t\t\t\t\t<\/div>\n\t\t\t\t<\/div>\n\t\t\t\t<div class=\"elementor-element elementor-element-d0884bb elementor-widget elementor-widget-wd_infobox\" data-id=\"d0884bb\" data-element_type=\"widget\" data-e-type=\"widget\" data-widget_type=\"wd_infobox.default\">\n\t\t\t\t<div class=\"elementor-widget-container\">\n\t\t\t\t\t\t\t<div class=\"info-box-wrapper\">\n\t\t\t<div class=\"wd-info-box text-center box-icon-align-top box-style-base color-scheme-\">\n\t\t\t\t\t\t\t\t\t<div class=\"box-icon-wrapper  box-with-icon box-icon-simple\">\n\t\t\t\t\t\t<div class=\"info-box-icon\">\n\t\t\t\t\t\t\t\t\t\t\t\t\t\t\t<img loading=\"lazy\" decoding=\"async\" width=\"50\" height=\"50\" src=\"https:\/\/deromania.es\/wp-content\/smush-webp\/2025\/07\/Carti-Arta-traditionale-romanesti-Spania-50x50.png.webp\" class=\"attachment-50x50 size-50x50\" alt=\"Libros y arte Arte tradicional rumano Espa\u00f1a\" srcset=\"https:\/\/deromania.es\/wp-content\/smush-webp\/2025\/07\/Carti-Arta-traditionale-romanesti-Spania-50x50.png.webp 50w, https:\/\/deromania.es\/wp-content\/smush-webp\/2025\/07\/Carti-Arta-traditionale-romanesti-Spania-150x150.png.webp 150w, https:\/\/deromania.es\/wp-content\/smush-webp\/2025\/07\/Carti-Arta-traditionale-romanesti-Spania-430x430.png.webp 430w\" sizes=\"auto, (max-width: 50px) 100vw, 50px\" title=\"\">\t\t\t\t\t\t\t\t\t\t\t\t\t<\/div>\n\t\t\t\t\t<\/div>\n\t\t\t\t\n\t\t\t\t<div class=\"info-box-content\">\n\t\t\t\t\t\n\t\t\t\t\t\t\t\t\t\t\t<h4\t\t\t\t\t\tclass=\"info-box-title title box-title-style-default wd-fontsize-s\" data-elementor-setting-key=\"title\">\n\t\t\t\t\t\t\t\t\ud83c\udf81 Cadou ideal pentru Cr\u0103ciun\t\t\t\t\t\t<\/h4>\n\t\t\t\t\t\n\t\t\t\t\t<div class=\"info-box-inner reset-last-child\"data-elementor-setting-key=\"content\"><p style=\"text-align: center;\">Un dar spiritual pentru cei dragi, care aduce sens \u0219i lumin\u0103 \u00een timpul s\u0103rb\u0103torilor.<\/p>\n<\/div>\n\n\t\t\t\t\t\t\t\t\t<\/div>\n\n\t\t\t\t\t\t\t\t\t<a href=\"#\" class=\"wd-info-box-link wd-fill\" aria-label=\"Infobox link\"><\/a>\n\t\t\t\t\t\t\t<\/div>\n\t\t<\/div>\n\t\t\t\t\t\t<\/div>\n\t\t\t\t<\/div>\n\t\t\t\t<\/div>\n\t\t\t\t\t<\/div>\n\t\t\t\t<\/div>\n\t\t\t\t<\/div>","protected":false},"excerpt":{"rendered":"<p>Icoan\u0103 Na\u0219terea Domnului \u2013 simbol al bucuriei, speran\u021bei \u0219i iubirii divine. Dimensiune mic\u0103 12&#215;10 cm, ideal\u0103 pentru cas\u0103, cadouri sau altar personal.<\/p>","protected":false},"featured_media":34930,"comment_status":"open","ping_status":"closed","template":"","meta":[],"product_brand":[122],"product_cat":[91,98],"product_tag":[540,504,525,528,539,505,506,534],"class_list":{"0":"post-34929","1":"product","2":"type-product","3":"status-publish","4":"has-post-thumbnail","6":"product_brand-patriarhia-romana","7":"product_cat-icoane","8":"product_cat-obiecte-ortodoxe","9":"product_tag-craciun","10":"product_tag-icoana","11":"product_tag-lumina","12":"product_tag-mica","13":"product_tag-nasterea-domnului","14":"product_tag-ortodoxa","15":"product_tag-sfintita","16":"product_tag-speranta","18":"first","19":"instock","20":"taxable","21":"shipping-taxable","22":"purchasable","23":"product-type-simple"},"_links":{"self":[{"href":"https:\/\/deromania.es\/es\/wp-json\/wp\/v2\/product\/34929","targetHints":{"allow":["GET"]}}],"collection":[{"href":"https:\/\/deromania.es\/es\/wp-json\/wp\/v2\/product"}],"about":[{"href":"https:\/\/deromania.es\/es\/wp-json\/wp\/v2\/types\/product"}],"replies":[{"embeddable":true,"href":"https:\/\/deromania.es\/es\/wp-json\/wp\/v2\/comments?post=34929"}],"version-history":[{"count":0,"href":"https:\/\/deromania.es\/es\/wp-json\/wp\/v2\/product\/34929\/revisions"}],"wp:featuredmedia":[{"embeddable":true,"href":"https:\/\/deromania.es\/es\/wp-json\/wp\/v2\/media\/34930"}],"wp:attachment":[{"href":"https:\/\/deromania.es\/es\/wp-json\/wp\/v2\/media?parent=34929"}],"wp:term":[{"taxonomy":"product_brand","embeddable":true,"href":"https:\/\/deromania.es\/es\/wp-json\/wp\/v2\/product_brand?post=34929"},{"taxonomy":"product_cat","embeddable":true,"href":"https:\/\/deromania.es\/es\/wp-json\/wp\/v2\/product_cat?post=34929"},{"taxonomy":"product_tag","embeddable":true,"href":"https:\/\/deromania.es\/es\/wp-json\/wp\/v2\/product_tag?post=34929"}],"curies":[{"name":"wp","href":"https:\/\/api.w.org\/{rel}","templated":true}]}}