{"id":34789,"date":"2025-07-25T19:42:39","date_gmt":"2025-07-25T19:42:39","guid":{"rendered":"https:\/\/deromania.es\/?post_type=product&#038;p=34789"},"modified":"2026-04-24T16:45:56","modified_gmt":"2026-04-24T14:45:56","slug":"untdelemn-sfintit-10ml","status":"publish","type":"product","link":"https:\/\/deromania.es\/es\/producto\/untdelemn-sfintit-10ml","title":{"rendered":"Aceite sagrado 10ml"},"content":{"rendered":"<div data-elementor-type=\"wp-post\" data-elementor-id=\"34789\" class=\"elementor elementor-34789\">\n\t\t\t\t<div class=\"wd-negative-gap elementor-element elementor-element-77efb82 e-flex e-con-boxed e-con e-parent\" data-id=\"77efb82\" data-element_type=\"container\" data-e-type=\"container\">\n\t\t\t\t\t<div class=\"e-con-inner\">\n\t\t\t\t<div class=\"elementor-element elementor-element-f0ec461 elementor-widget__width-initial elementor-widget elementor-widget-wd_text_block\" data-id=\"f0ec461\" data-element_type=\"widget\" data-e-type=\"widget\" data-widget_type=\"wd_text_block.default\">\n\t\t\t\t<div class=\"elementor-widget-container\">\n\t\t\t\t\t\t\t<div class=\"wd-text-block reset-last-child text-left\">\n\t\t\t\n\t\t\t<p data-start=\"398\" data-end=\"481\"><strong data-start=\"398\" data-end=\"481\">Untdelemn Sfin\u021bit 10ml \u2013 Pic\u0103turi de credin\u021b\u0103 pentru protec\u021bie \u0219i binecuv\u00e2ntare<\/strong><\/p><p data-start=\"483\" data-end=\"715\">Acest untdelemn sfin\u021bit este preg\u0103tit dup\u0103 r\u00e2nduiala ortodox\u0103 \u0219i poate fi folosit pentru ungerea personal\u0103, semnul crucii sau binecuv\u00e2ntarea obiectelor din cas\u0103. Vine ambalat \u00een sticlu\u021b\u0103 mic\u0103 de 10ml, u\u0219or de p\u0103strat \u0219i transportat.<\/p><p data-start=\"717\" data-end=\"964\">Recomandat \u00een momente de rug\u0103ciune, \u00een timpul posturilor sau la nevoie, acest ulei este folosit tradi\u021bional pentru alinare, \u00eent\u0103rire sufleteasc\u0103 \u0219i semn de ocrotire divin\u0103. Poate fi purtat la biseric\u0103, \u00een geant\u0103 sau p\u0103strat \u00een col\u021bul de rug\u0103ciune.<\/p><p data-start=\"966\" data-end=\"1090\">Buscar en <strong data-start=\"972\" data-end=\"1011\">untdelemn sfin\u021bit ortodox \u00een Spania<\/strong>? Deromania.es \u00ee\u021bi ofer\u0103 produse autentice, cu livrare rapid\u0103 din stoc propriu.<\/p><p data-start=\"1304\" data-end=\"1419\"><strong data-start=\"1304\" data-end=\"1342\">\u271d\ufe0f Sfin\u021bit dup\u0103 r\u00e2nduiala ortodox\u0103<\/strong><br data-start=\"1342\" data-end=\"1345\" \/>Poate fi folosit \u00een rug\u0103ciuni, posturi sau ca semn de protec\u021bie personal\u0103.<\/p><p data-start=\"1421\" data-end=\"1522\"><strong data-start=\"1421\" data-end=\"1449\">\ud83e\uddf4 Ambalaj practic, 10ml<\/strong><br data-start=\"1449\" data-end=\"1452\" \/>Sticlu\u021b\u0103 mic\u0103, u\u0219or de transportat \u0219i p\u0103strat \u00een spa\u021biul de rug\u0103ciune.<\/p><p data-start=\"1524\" data-end=\"1626\"><strong data-start=\"1524\" data-end=\"1562\">\ud83c\udf81 Ad\u0103ugat la pachete duhovnice\u0219ti<\/strong><br data-start=\"1562\" data-end=\"1565\" \/>Ideal de oferit \u00eempreun\u0103 cu iconi\u021be, cruciuli\u021be sau acatiste.<\/p><p data-start=\"1628\" data-end=\"1743\"><strong data-start=\"1628\" data-end=\"1660\">\ud83d\udce6 Entrega directa desde Espa\u00f1a<\/strong><br data-start=\"1660\" data-end=\"1663\" \/>Disponibil imediat \u00een stocul Deromania.es \u2013 f\u0103r\u0103 \u00eent\u00e2rzieri sau comenzi externe.<\/p>\n\t\t\t\t\t<\/div>\n\t\t\t\t\t\t<\/div>\n\t\t\t\t<\/div>\n\t\t\t\t<div class=\"elementor-element elementor-element-6944a65 elementor-widget__width-initial elementor-widget elementor-widget-wd_image_or_svg\" data-id=\"6944a65\" data-element_type=\"widget\" data-e-type=\"widget\" data-widget_type=\"wd_image_or_svg.default\">\n\t\t\t\t<div class=\"elementor-widget-container\">\n\t\t\t\t\t\n\t\t<div class=\"wd-image text-left\">\n\t\t\t\t\t\t\t\t<img loading=\"lazy\" decoding=\"async\" width=\"1024\" height=\"1024\" src=\"https:\/\/deromania.es\/wp-content\/smush-webp\/2021\/08\/Icon-Icoane-traditionale-si-textile-romanesti.jpeg.webp\" class=\"attachment-full size-full\" alt=\"Icono Iconos rumanos, tradicionales y textiles\" srcset=\"https:\/\/deromania.es\/wp-content\/smush-webp\/2021\/08\/Icon-Icoane-traditionale-si-textile-romanesti.jpeg.webp 1024w, https:\/\/deromania.es\/wp-content\/smush-webp\/2021\/08\/Icon-Icoane-traditionale-si-textile-romanesti-12x12.jpeg.webp 12w, https:\/\/deromania.es\/wp-content\/smush-webp\/2021\/08\/Icon-Icoane-traditionale-si-textile-romanesti-150x150.jpeg.webp 150w, https:\/\/deromania.es\/wp-content\/smush-webp\/2021\/08\/Icon-Icoane-traditionale-si-textile-romanesti-300x300.jpeg.webp 300w, https:\/\/deromania.es\/wp-content\/smush-webp\/2021\/08\/Icon-Icoane-traditionale-si-textile-romanesti-768x768.jpeg.webp 768w, https:\/\/deromania.es\/wp-content\/smush-webp\/2021\/08\/Icon-Icoane-traditionale-si-textile-romanesti-800x800.jpeg.webp 800w, https:\/\/deromania.es\/wp-content\/smush-webp\/2021\/08\/Icon-Icoane-traditionale-si-textile-romanesti-430x430.jpeg.webp 430w, https:\/\/deromania.es\/wp-content\/smush-webp\/2021\/08\/Icon-Icoane-traditionale-si-textile-romanesti-700x700.jpeg.webp 700w, https:\/\/deromania.es\/wp-content\/smush-webp\/2021\/08\/Icon-Icoane-traditionale-si-textile-romanesti-50x50.jpeg.webp 50w\" sizes=\"auto, (max-width: 1024px) 100vw, 1024px\" title=\"\">\t\t\t\t\t<\/div>\n\n\t\t\t\t\t\t<\/div>\n\t\t\t\t<\/div>\n\t\t\t\t\t<\/div>\n\t\t\t\t<\/div>\n\t\t\t\t<\/div>","protected":false},"excerpt":{"rendered":"<p>\u00d3leo santo ortodoxo, 10 ml. Ideal para la unci\u00f3n personal, la oraci\u00f3n, la protecci\u00f3n o la bendici\u00f3n de objetos.<\/p>","protected":false},"featured_media":170954,"comment_status":"open","ping_status":"closed","template":"","meta":[],"product_brand":[122],"product_cat":[98,685],"product_tag":[164],"class_list":{"0":"post-34789","1":"product","2":"type-product","3":"status-publish","4":"has-post-thumbnail","6":"product_brand-patriarhia-romana","7":"product_cat-obiecte-ortodoxe","8":"product_cat-pastele-ortodox","9":"product_tag-undelemn","11":"first","12":"instock","13":"taxable","14":"shipping-taxable","15":"purchasable","16":"product-type-simple"},"_links":{"self":[{"href":"https:\/\/deromania.es\/es\/wp-json\/wp\/v2\/product\/34789","targetHints":{"allow":["GET"]}}],"collection":[{"href":"https:\/\/deromania.es\/es\/wp-json\/wp\/v2\/product"}],"about":[{"href":"https:\/\/deromania.es\/es\/wp-json\/wp\/v2\/types\/product"}],"replies":[{"embeddable":true,"href":"https:\/\/deromania.es\/es\/wp-json\/wp\/v2\/comments?post=34789"}],"version-history":[{"count":0,"href":"https:\/\/deromania.es\/es\/wp-json\/wp\/v2\/product\/34789\/revisions"}],"wp:featuredmedia":[{"embeddable":true,"href":"https:\/\/deromania.es\/es\/wp-json\/wp\/v2\/media\/170954"}],"wp:attachment":[{"href":"https:\/\/deromania.es\/es\/wp-json\/wp\/v2\/media?parent=34789"}],"wp:term":[{"taxonomy":"product_brand","embeddable":true,"href":"https:\/\/deromania.es\/es\/wp-json\/wp\/v2\/product_brand?post=34789"},{"taxonomy":"product_cat","embeddable":true,"href":"https:\/\/deromania.es\/es\/wp-json\/wp\/v2\/product_cat?post=34789"},{"taxonomy":"product_tag","embeddable":true,"href":"https:\/\/deromania.es\/es\/wp-json\/wp\/v2\/product_tag?post=34789"}],"curies":[{"name":"wp","href":"https:\/\/api.w.org\/{rel}","templated":true}]}}