{"id":34783,"date":"2025-07-25T19:38:12","date_gmt":"2025-07-25T19:38:12","guid":{"rendered":"https:\/\/deromania.es\/?post_type=product&#038;p=34783"},"modified":"2025-12-28T09:22:48","modified_gmt":"2025-12-28T09:22:48","slug":"iconita-magnetica-cu-maica-domnului","status":"publish","type":"product","link":"https:\/\/deromania.es\/es\/producto\/iconita-magnetica-cu-maica-domnului","title":{"rendered":"Icono magn\u00e9tico con la Madre de Dios"},"content":{"rendered":"<div data-elementor-type=\"wp-post\" data-elementor-id=\"34783\" class=\"elementor elementor-34783\">\n\t\t\t\t<div class=\"wd-negative-gap elementor-element elementor-element-77efb82 e-flex e-con-boxed e-con e-parent\" data-id=\"77efb82\" data-element_type=\"container\" data-e-type=\"container\">\n\t\t\t\t\t<div class=\"e-con-inner\">\n\t\t\t\t<div class=\"elementor-element elementor-element-f0ec461 elementor-widget__width-initial elementor-widget elementor-widget-wd_text_block\" data-id=\"f0ec461\" data-element_type=\"widget\" data-e-type=\"widget\" data-widget_type=\"wd_text_block.default\">\n\t\t\t\t<div class=\"elementor-widget-container\">\n\t\t\t\t\t\t\t<div class=\"wd-text-block reset-last-child text-left\">\n\t\t\t\n\t\t\t<p data-start=\"430\" data-end=\"501\"><strong data-start=\"430\" data-end=\"501\">Iconi\u021b\u0103 Magnetic\u0103 cu Maica Domnului \u2013 Prezen\u021b\u0103 sf\u00e2nt\u0103 \u00een fiecare zi<\/strong><\/p><p data-start=\"503\" data-end=\"758\">Aceast\u0103 iconi\u021b\u0103 magnetic\u0103, cu chipul Maicii Domnului, este un simbol de protec\u021bie \u0219i binecuv\u00e2ntare, discret dar profund. Realizat\u0103 \u00een format mic, cu suport magnetic, se poate ata\u0219a cu u\u0219urin\u021b\u0103 pe frigider, tabl\u0103 metalic\u0103, u\u0219\u0103 de dulap sau chiar \u00een ma\u0219in\u0103.<\/p><p data-start=\"760\" data-end=\"967\">Este ideal\u0103 pentru cei care vor s\u0103 aib\u0103 mereu aproape o imagine sf\u00e2nt\u0103, fie acas\u0103, fie la birou. Potrivit\u0103 \u0219i pentru a fi oferit\u0103 \u00een dar, iconi\u021ba adaug\u0103 un strop de lini\u0219te \u0219i credin\u021b\u0103 \u00een spa\u021biile cotidiene.<\/p><p data-start=\"969\" data-end=\"1087\">En busca de un <strong data-start=\"977\" data-end=\"1025\">icoan\u0103 magnetic\u0103 cu Maica Domnului \u00een Spania<\/strong>? Deromania.es o are \u00een stoc, preg\u0103tit\u0103 pentru livrare rapid\u0103.<\/p><p data-start=\"1317\" data-end=\"1420\"><strong data-start=\"1317\" data-end=\"1349\">\ud83d\uddbc\ufe0f Icoan\u0103 cu Maica Domnului<\/strong><br data-start=\"1349\" data-end=\"1352\" \/>Imagine clar\u0103 \u0219i expresiv\u0103, pe suport rezistent, cu magnet pe spate.<\/p><p data-start=\"1422\" data-end=\"1526\"><strong data-start=\"1422\" data-end=\"1446\">\ud83e\uddf2 Se prinde oriunde<\/strong><br data-start=\"1446\" data-end=\"1449\" \/>Poate fi pus\u0103 pe frigider, dulap metalic, tabl\u0103 sau alte suprafe\u021be magnetice.<\/p><p data-start=\"1528\" data-end=\"1635\"><strong data-start=\"1528\" data-end=\"1552\">\ud83c\udf81 Mic dar de suflet<\/strong><br data-start=\"1552\" data-end=\"1555\" \/>Ideal\u0103 ca aten\u021bie spiritual\u0103 pentru cei dragi \u2013 u\u0219or de d\u0103ruit, u\u0219or de p\u0103strat.<\/p><p data-start=\"1637\" data-end=\"1751\"><strong data-start=\"1637\" data-end=\"1667\">\ud83d\udce6 \u00cen stoc, livrare rapid\u0103<\/strong><br data-start=\"1667\" data-end=\"1670\" \/>Iconi\u021ba se trimite din depozitul Deromania.es \u2013 f\u0103r\u0103 \u00eent\u00e2rzieri sau taxe externe.<\/p>\n\t\t\t\t\t<\/div>\n\t\t\t\t\t\t<\/div>\n\t\t\t\t<\/div>\n\t\t\t\t<div class=\"elementor-element elementor-element-6944a65 elementor-widget__width-initial elementor-widget elementor-widget-wd_image_or_svg\" data-id=\"6944a65\" data-element_type=\"widget\" data-e-type=\"widget\" data-widget_type=\"wd_image_or_svg.default\">\n\t\t\t\t<div class=\"elementor-widget-container\">\n\t\t\t\t\t\n\t\t<div class=\"wd-image text-left\">\n\t\t\t\t\t\t\t\t<img loading=\"lazy\" decoding=\"async\" width=\"1024\" height=\"1024\" src=\"https:\/\/deromania.es\/wp-content\/smush-webp\/2021\/08\/Icon-Icoane-traditionale-si-textile-romanesti.jpeg.webp\" class=\"attachment-full size-full\" alt=\"Icono Iconos rumanos, tradicionales y textiles\" srcset=\"https:\/\/deromania.es\/wp-content\/smush-webp\/2021\/08\/Icon-Icoane-traditionale-si-textile-romanesti.jpeg.webp 1024w, https:\/\/deromania.es\/wp-content\/smush-webp\/2021\/08\/Icon-Icoane-traditionale-si-textile-romanesti-12x12.jpeg.webp 12w, https:\/\/deromania.es\/wp-content\/smush-webp\/2021\/08\/Icon-Icoane-traditionale-si-textile-romanesti-150x150.jpeg.webp 150w, https:\/\/deromania.es\/wp-content\/smush-webp\/2021\/08\/Icon-Icoane-traditionale-si-textile-romanesti-300x300.jpeg.webp 300w, https:\/\/deromania.es\/wp-content\/smush-webp\/2021\/08\/Icon-Icoane-traditionale-si-textile-romanesti-768x768.jpeg.webp 768w, https:\/\/deromania.es\/wp-content\/smush-webp\/2021\/08\/Icon-Icoane-traditionale-si-textile-romanesti-800x800.jpeg.webp 800w, https:\/\/deromania.es\/wp-content\/smush-webp\/2021\/08\/Icon-Icoane-traditionale-si-textile-romanesti-430x430.jpeg.webp 430w, https:\/\/deromania.es\/wp-content\/smush-webp\/2021\/08\/Icon-Icoane-traditionale-si-textile-romanesti-700x700.jpeg.webp 700w, https:\/\/deromania.es\/wp-content\/smush-webp\/2021\/08\/Icon-Icoane-traditionale-si-textile-romanesti-50x50.jpeg.webp 50w\" sizes=\"auto, (max-width: 1024px) 100vw, 1024px\" title=\"\">\t\t\t\t\t<\/div>\n\n\t\t\t\t\t\t<\/div>\n\t\t\t\t<\/div>\n\t\t\t\t\t<\/div>\n\t\t\t\t<\/div>\n\t\t\t\t<\/div>","protected":false},"excerpt":{"rendered":"<p>Icono ortodoxo con im\u00e1n - imagen de la Virgen Mar\u00eda. Ideal para nevera, oficina o espacios peque\u00f1os. Tama\u00f1o compacto, precio asequible.<\/p>","protected":false},"featured_media":170759,"comment_status":"open","ping_status":"closed","template":"","meta":[],"product_brand":[122],"product_cat":[144,98],"product_tag":[329,157,297,300],"class_list":{"0":"post-34783","1":"product","2":"type-product","3":"status-publish","4":"has-post-thumbnail","6":"product_brand-patriarhia-romana","7":"product_cat-decoratiuni","8":"product_cat-obiecte-ortodoxe","9":"product_tag-de-metal","10":"product_tag-icoane-mici","11":"product_tag-icoane-ortodoxe-mici","12":"product_tag-maica-domnului","14":"first","15":"instock","16":"taxable","17":"shipping-taxable","18":"purchasable","19":"product-type-simple"},"_links":{"self":[{"href":"https:\/\/deromania.es\/es\/wp-json\/wp\/v2\/product\/34783","targetHints":{"allow":["GET"]}}],"collection":[{"href":"https:\/\/deromania.es\/es\/wp-json\/wp\/v2\/product"}],"about":[{"href":"https:\/\/deromania.es\/es\/wp-json\/wp\/v2\/types\/product"}],"replies":[{"embeddable":true,"href":"https:\/\/deromania.es\/es\/wp-json\/wp\/v2\/comments?post=34783"}],"version-history":[{"count":0,"href":"https:\/\/deromania.es\/es\/wp-json\/wp\/v2\/product\/34783\/revisions"}],"wp:featuredmedia":[{"embeddable":true,"href":"https:\/\/deromania.es\/es\/wp-json\/wp\/v2\/media\/170759"}],"wp:attachment":[{"href":"https:\/\/deromania.es\/es\/wp-json\/wp\/v2\/media?parent=34783"}],"wp:term":[{"taxonomy":"product_brand","embeddable":true,"href":"https:\/\/deromania.es\/es\/wp-json\/wp\/v2\/product_brand?post=34783"},{"taxonomy":"product_cat","embeddable":true,"href":"https:\/\/deromania.es\/es\/wp-json\/wp\/v2\/product_cat?post=34783"},{"taxonomy":"product_tag","embeddable":true,"href":"https:\/\/deromania.es\/es\/wp-json\/wp\/v2\/product_tag?post=34783"}],"curies":[{"name":"wp","href":"https:\/\/api.w.org\/{rel}","templated":true}]}}