{"id":34780,"date":"2025-07-25T19:32:31","date_gmt":"2025-07-25T19:32:31","guid":{"rendered":"https:\/\/deromania.es\/?post_type=product&#038;p=34780"},"modified":"2026-01-15T15:10:16","modified_gmt":"2026-01-15T15:10:16","slug":"iconita-mica-aurie-maica-domnului","status":"publish","type":"product","link":"https:\/\/deromania.es\/es\/producto\/iconita-mica-aurie-maica-domnului","title":{"rendered":"Peque\u00f1o icono dorado - Madre de Dios 6 x 4 cm"},"content":{"rendered":"<div data-elementor-type=\"wp-post\" data-elementor-id=\"34780\" class=\"elementor elementor-34780\">\n\t\t\t\t<div class=\"wd-negative-gap elementor-element elementor-element-77efb82 e-flex e-con-boxed e-con e-parent\" data-id=\"77efb82\" data-element_type=\"container\" data-e-type=\"container\">\n\t\t\t\t\t<div class=\"e-con-inner\">\n\t\t\t\t<div class=\"elementor-element elementor-element-f0ec461 elementor-widget__width-initial elementor-widget elementor-widget-wd_text_block\" data-id=\"f0ec461\" data-element_type=\"widget\" data-e-type=\"widget\" data-widget_type=\"wd_text_block.default\">\n\t\t\t\t<div class=\"elementor-widget-container\">\n\t\t\t\t\t\t\t<div class=\"wd-text-block reset-last-child text-left\">\n\t\t\t\n\t\t\t<p data-start=\"420\" data-end=\"507\"><strong data-start=\"420\" data-end=\"507\">Iconi\u021b\u0103 Aurie cu Maica Domnului \u2013 Lumin\u0103 \u00een miniatur\u0103, credin\u021b\u0103 de purtat \u00een suflet<\/strong><\/p><p data-start=\"509\" data-end=\"823\">Aceast\u0103 iconi\u021b\u0103 mic\u0103 cu chipul Maicii Domnului are un finisaj auriu lucios \u0219i o prezentare elegant\u0103, fiind potrivit\u0103 pentru purtare discret\u0103, col\u021bul de rug\u0103ciune sau chiar pentru p\u0103strare \u00een portofel. Imaginea este clar\u0103, cu detalii fine, \u00eentr-un format compact care o face ideal\u0103 pentru c\u0103l\u0103torii sau spa\u021bii mici.<\/p><p data-start=\"825\" data-end=\"981\">Se ofer\u0103 adesea ca dar simbolic, al\u0103turi de alte obiecte religioase, la s\u0103rb\u0103tori, botezuri, hramuri sau pur \u0219i simplu ca semn de ocrotire \u0219i binecuv\u00e2ntare.<\/p><p data-start=\"983\" data-end=\"1098\">En busca de un <strong data-start=\"991\" data-end=\"1041\">iconi\u021b\u0103 mic\u0103 aurie cu Maica Domnului \u00een Spania<\/strong>? Deromania.es \u00ee\u021bi ofer\u0103 livrare rapid\u0103 din stoc propriu.<\/p><p data-start=\"1329\" data-end=\"1417\"><strong data-start=\"1329\" data-end=\"1358\">\ud83c\udf1f Finisaj elegant, auriu<\/strong><br data-start=\"1358\" data-end=\"1361\" \/>Aspect lucios, cu margini aurii \u2013 discret\u0103 \u0219i expresiv\u0103.<\/p><p data-start=\"1419\" data-end=\"1516\"><strong data-start=\"1419\" data-end=\"1444\">\u271d\ufe0f Reprezentare sacr\u0103<\/strong><br data-start=\"1444\" data-end=\"1447\" \/>Maica Domnului redat\u0103 \u00een stil tradi\u021bional, \u00eentr-un format miniatural.<\/p><p data-start=\"1518\" data-end=\"1636\"><strong data-start=\"1518\" data-end=\"1553\">\ud83c\udf81 Ideal\u0103 ca aten\u021bie spiritual\u0103<\/strong><br data-start=\"1553\" data-end=\"1556\" \/>Perfect\u0103 pentru a fi oferit\u0103 la ocazii religioase \u2013 mic gest, mare semnifica\u021bie.<\/p><p data-start=\"1638\" data-end=\"1750\"><strong data-start=\"1638\" data-end=\"1670\">\ud83d\udce6 Env\u00edo r\u00e1pido desde Espa\u00f1a<\/strong><br data-start=\"1670\" data-end=\"1673\" \/>Produs disponibil imediat din stocul Deromania.es \u2013 livrare sigur\u0103 \u0219i rapid\u0103.<\/p>\n\t\t\t\t\t<\/div>\n\t\t\t\t\t\t<\/div>\n\t\t\t\t<\/div>\n\t\t\t\t<div class=\"elementor-element elementor-element-6944a65 elementor-widget__width-initial elementor-widget elementor-widget-wd_image_or_svg\" data-id=\"6944a65\" data-element_type=\"widget\" data-e-type=\"widget\" data-widget_type=\"wd_image_or_svg.default\">\n\t\t\t\t<div class=\"elementor-widget-container\">\n\t\t\t\t\t\n\t\t<div class=\"wd-image text-left\">\n\t\t\t\t\t\t\t\t<img loading=\"lazy\" decoding=\"async\" width=\"1024\" height=\"1024\" src=\"https:\/\/deromania.es\/wp-content\/smush-webp\/2021\/08\/Icon-Icoane-traditionale-si-textile-romanesti.jpeg.webp\" class=\"attachment-full size-full\" alt=\"Icono Iconos rumanos, tradicionales y textiles\" srcset=\"https:\/\/deromania.es\/wp-content\/smush-webp\/2021\/08\/Icon-Icoane-traditionale-si-textile-romanesti.jpeg.webp 1024w, https:\/\/deromania.es\/wp-content\/smush-webp\/2021\/08\/Icon-Icoane-traditionale-si-textile-romanesti-12x12.jpeg.webp 12w, https:\/\/deromania.es\/wp-content\/smush-webp\/2021\/08\/Icon-Icoane-traditionale-si-textile-romanesti-150x150.jpeg.webp 150w, https:\/\/deromania.es\/wp-content\/smush-webp\/2021\/08\/Icon-Icoane-traditionale-si-textile-romanesti-300x300.jpeg.webp 300w, https:\/\/deromania.es\/wp-content\/smush-webp\/2021\/08\/Icon-Icoane-traditionale-si-textile-romanesti-768x768.jpeg.webp 768w, https:\/\/deromania.es\/wp-content\/smush-webp\/2021\/08\/Icon-Icoane-traditionale-si-textile-romanesti-800x800.jpeg.webp 800w, https:\/\/deromania.es\/wp-content\/smush-webp\/2021\/08\/Icon-Icoane-traditionale-si-textile-romanesti-430x430.jpeg.webp 430w, https:\/\/deromania.es\/wp-content\/smush-webp\/2021\/08\/Icon-Icoane-traditionale-si-textile-romanesti-700x700.jpeg.webp 700w, https:\/\/deromania.es\/wp-content\/smush-webp\/2021\/08\/Icon-Icoane-traditionale-si-textile-romanesti-50x50.jpeg.webp 50w\" sizes=\"auto, (max-width: 1024px) 100vw, 1024px\" title=\"\">\t\t\t\t\t<\/div>\n\n\t\t\t\t\t\t<\/div>\n\t\t\t\t<\/div>\n\t\t\t\t\t<\/div>\n\t\t\t\t<\/div>\n\t\t\t\t<\/div>","protected":false},"excerpt":{"rendered":"<p>Peque\u00f1o icono ortodoxo de la Madre de Dios, acabado dorado. Ideal para llevar, viajar, regalos espirituales o rincones de oraci\u00f3n.<\/p>","protected":false},"featured_media":170760,"comment_status":"open","ping_status":"closed","template":"","meta":[],"product_brand":[122],"product_cat":[144,98],"product_tag":[329,157,300],"class_list":{"0":"post-34780","1":"product","2":"type-product","3":"status-publish","4":"has-post-thumbnail","6":"product_brand-patriarhia-romana","7":"product_cat-decoratiuni","8":"product_cat-obiecte-ortodoxe","9":"product_tag-de-metal","10":"product_tag-icoane-mici","11":"product_tag-maica-domnului","13":"first","14":"instock","15":"taxable","16":"shipping-taxable","17":"purchasable","18":"product-type-simple"},"_links":{"self":[{"href":"https:\/\/deromania.es\/es\/wp-json\/wp\/v2\/product\/34780","targetHints":{"allow":["GET"]}}],"collection":[{"href":"https:\/\/deromania.es\/es\/wp-json\/wp\/v2\/product"}],"about":[{"href":"https:\/\/deromania.es\/es\/wp-json\/wp\/v2\/types\/product"}],"replies":[{"embeddable":true,"href":"https:\/\/deromania.es\/es\/wp-json\/wp\/v2\/comments?post=34780"}],"version-history":[{"count":0,"href":"https:\/\/deromania.es\/es\/wp-json\/wp\/v2\/product\/34780\/revisions"}],"wp:featuredmedia":[{"embeddable":true,"href":"https:\/\/deromania.es\/es\/wp-json\/wp\/v2\/media\/170760"}],"wp:attachment":[{"href":"https:\/\/deromania.es\/es\/wp-json\/wp\/v2\/media?parent=34780"}],"wp:term":[{"taxonomy":"product_brand","embeddable":true,"href":"https:\/\/deromania.es\/es\/wp-json\/wp\/v2\/product_brand?post=34780"},{"taxonomy":"product_cat","embeddable":true,"href":"https:\/\/deromania.es\/es\/wp-json\/wp\/v2\/product_cat?post=34780"},{"taxonomy":"product_tag","embeddable":true,"href":"https:\/\/deromania.es\/es\/wp-json\/wp\/v2\/product_tag?post=34780"}],"curies":[{"name":"wp","href":"https:\/\/api.w.org\/{rel}","templated":true}]}}