{"id":34778,"date":"2025-07-25T19:30:29","date_gmt":"2025-07-25T19:30:29","guid":{"rendered":"https:\/\/deromania.es\/?post_type=product&#038;p=34778"},"modified":"2025-10-05T17:14:23","modified_gmt":"2025-10-05T17:14:23","slug":"set-tamaie-carbune-fitil","status":"publish","type":"product","link":"https:\/\/deromania.es\/es\/producto\/set-tamaie-carbune-fitil","title":{"rendered":"Set incienso, carb\u00f3n, mecha"},"content":{"rendered":"<div data-elementor-type=\"wp-post\" data-elementor-id=\"34778\" class=\"elementor elementor-34778\">\n\t\t\t\t<div class=\"wd-negative-gap elementor-element elementor-element-77efb82 e-flex e-con-boxed e-con e-parent\" data-id=\"77efb82\" data-element_type=\"container\" data-e-type=\"container\">\n\t\t\t\t\t<div class=\"e-con-inner\">\n\t\t\t\t<div class=\"elementor-element elementor-element-f0ec461 elementor-widget__width-initial elementor-widget elementor-widget-wd_text_block\" data-id=\"f0ec461\" data-element_type=\"widget\" data-e-type=\"widget\" data-widget_type=\"wd_text_block.default\">\n\t\t\t\t<div class=\"elementor-widget-container\">\n\t\t\t\t\t\t\t<div class=\"wd-text-block reset-last-child text-left\">\n\t\t\t\n\t\t\t<p data-start=\"404\" data-end=\"477\"><strong data-start=\"404\" data-end=\"477\">Set pentru T\u0103m\u00e2iere Ortodox\u0103 \u2013 Tot ce ai nevoie \u00eentr-un singur pachet<\/strong><\/p><p data-start=\"479\" data-end=\"714\">Acest set complet con\u021bine t\u0103m\u00e2ie ortodox\u0103, c\u0103rbune \u0219i fitil, preg\u0103tite pentru folosirea u\u0219oar\u0103 \u00een cadrul rug\u0103ciunii acas\u0103. Este un pachet practic \u0219i eficient, potrivit pentru momentele de lini\u0219te, s\u0103rb\u0103tori, post sau rug\u0103ciune zilnic\u0103.<\/p><p data-start=\"716\" data-end=\"1031\">Fitilul se aprinde u\u0219or \u0219i ajut\u0103 la pornirea c\u0103rbunelui, care arde lent \u0219i constant, preg\u0103tind spa\u021biul pentru t\u0103m\u00e2iere. T\u0103m\u00e2ia inclus\u0103 are un miros pl\u0103cut, tradi\u021bional, \u0219i este suficient\u0103 pentru mai multe utiliz\u0103ri. Este alegerea ideal\u0103 pentru cei care doresc s\u0103 recreeze acas\u0103 atmosfera sacr\u0103 a slujbelor ortodoxe.<\/p><p data-start=\"1033\" data-end=\"1144\">En busca de un <strong data-start=\"1042\" data-end=\"1079\">set complet de t\u0103m\u00e2iere \u00een Spania<\/strong>? Deromania.es \u00ee\u021bi ofer\u0103 livrare rapid\u0103, direct din stoc propriu.<\/p><p data-start=\"1358\" data-end=\"1475\"><strong data-start=\"1358\" data-end=\"1393\">\ud83d\udd6f\ufe0f Totul \u00eentr-un singur pachet<\/strong><br data-start=\"1393\" data-end=\"1396\" \/>Con\u021bine t\u0103m\u00e2ie tradi\u021bional\u0103, fitil pentru aprindere \u0219i c\u0103rbune cu ardere lent\u0103.<\/p><p data-start=\"1477\" data-end=\"1594\"><strong data-start=\"1477\" data-end=\"1505\">\ud83d\udd25 U\u0219or de folosit acas\u0103<\/strong><br data-start=\"1505\" data-end=\"1508\" \/>Aprinderea este rapid\u0103 \u0219i eficient\u0103 \u2013 ideal pentru momente de rug\u0103ciune \u0219i reculegere.<\/p><p data-start=\"1596\" data-end=\"1707\"><strong data-start=\"1596\" data-end=\"1634\">\ud83c\udf81 Ideal pentru pachet duhovnicesc<\/strong><br data-start=\"1634\" data-end=\"1637\" \/>Poate fi ad\u0103ugat \u00een pachete cu icoane, acatiste sau untdelemn sfin\u021bit.<\/p><p data-start=\"1709\" data-end=\"1827\"><strong data-start=\"1709\" data-end=\"1741\">\ud83d\udce6 Env\u00edo r\u00e1pido desde Espa\u00f1a<\/strong><br data-start=\"1741\" data-end=\"1744\" \/>Setul este disponibil \u00een stocul Deromania.es \u2013 ajunge repede, f\u0103r\u0103 costuri ascunse.<\/p>\n\t\t\t\t\t<\/div>\n\t\t\t\t\t\t<\/div>\n\t\t\t\t<\/div>\n\t\t\t\t<div class=\"elementor-element elementor-element-6944a65 elementor-widget__width-initial elementor-widget elementor-widget-wd_image_or_svg\" data-id=\"6944a65\" data-element_type=\"widget\" data-e-type=\"widget\" data-widget_type=\"wd_image_or_svg.default\">\n\t\t\t\t<div class=\"elementor-widget-container\">\n\t\t\t\t\t\n\t\t<div class=\"wd-image text-left\">\n\t\t\t\t\t\t\t\t<img loading=\"lazy\" decoding=\"async\" width=\"1024\" height=\"1024\" src=\"https:\/\/deromania.es\/wp-content\/smush-webp\/2021\/08\/Icon-Icoane-traditionale-si-textile-romanesti.jpeg.webp\" class=\"attachment-full size-full\" alt=\"Icono Iconos rumanos, tradicionales y textiles\" srcset=\"https:\/\/deromania.es\/wp-content\/smush-webp\/2021\/08\/Icon-Icoane-traditionale-si-textile-romanesti.jpeg.webp 1024w, https:\/\/deromania.es\/wp-content\/smush-webp\/2021\/08\/Icon-Icoane-traditionale-si-textile-romanesti-12x12.jpeg.webp 12w, https:\/\/deromania.es\/wp-content\/smush-webp\/2021\/08\/Icon-Icoane-traditionale-si-textile-romanesti-150x150.jpeg.webp 150w, https:\/\/deromania.es\/wp-content\/smush-webp\/2021\/08\/Icon-Icoane-traditionale-si-textile-romanesti-300x300.jpeg.webp 300w, https:\/\/deromania.es\/wp-content\/smush-webp\/2021\/08\/Icon-Icoane-traditionale-si-textile-romanesti-768x768.jpeg.webp 768w, https:\/\/deromania.es\/wp-content\/smush-webp\/2021\/08\/Icon-Icoane-traditionale-si-textile-romanesti-800x800.jpeg.webp 800w, https:\/\/deromania.es\/wp-content\/smush-webp\/2021\/08\/Icon-Icoane-traditionale-si-textile-romanesti-430x430.jpeg.webp 430w, https:\/\/deromania.es\/wp-content\/smush-webp\/2021\/08\/Icon-Icoane-traditionale-si-textile-romanesti-700x700.jpeg.webp 700w, https:\/\/deromania.es\/wp-content\/smush-webp\/2021\/08\/Icon-Icoane-traditionale-si-textile-romanesti-50x50.jpeg.webp 50w\" sizes=\"auto, (max-width: 1024px) 100vw, 1024px\" title=\"\">\t\t\t\t\t<\/div>\n\n\t\t\t\t\t\t<\/div>\n\t\t\t\t<\/div>\n\t\t\t\t\t<\/div>\n\t\t\t\t<\/div>\n\t\t\t\t<\/div>","protected":false},"excerpt":{"rendered":"<p>Set completo de incienso ortodoxo: incienso, carb\u00f3n y mecha. Ideal para oraciones en casa, ayunos o vacaciones.<\/p>","protected":false},"featured_media":35420,"comment_status":"open","ping_status":"closed","template":"","meta":[],"product_brand":[122],"product_cat":[98],"product_tag":[163,161],"class_list":{"0":"post-34778","1":"product","2":"type-product","3":"status-publish","4":"has-post-thumbnail","6":"product_brand-patriarhia-romana","7":"product_cat-obiecte-ortodoxe","8":"product_tag-fitile-si-carbune","9":"product_tag-tamaie","11":"first","12":"instock","13":"taxable","14":"shipping-taxable","15":"purchasable","16":"product-type-simple"},"_links":{"self":[{"href":"https:\/\/deromania.es\/es\/wp-json\/wp\/v2\/product\/34778","targetHints":{"allow":["GET"]}}],"collection":[{"href":"https:\/\/deromania.es\/es\/wp-json\/wp\/v2\/product"}],"about":[{"href":"https:\/\/deromania.es\/es\/wp-json\/wp\/v2\/types\/product"}],"replies":[{"embeddable":true,"href":"https:\/\/deromania.es\/es\/wp-json\/wp\/v2\/comments?post=34778"}],"version-history":[{"count":0,"href":"https:\/\/deromania.es\/es\/wp-json\/wp\/v2\/product\/34778\/revisions"}],"wp:featuredmedia":[{"embeddable":true,"href":"https:\/\/deromania.es\/es\/wp-json\/wp\/v2\/media\/35420"}],"wp:attachment":[{"href":"https:\/\/deromania.es\/es\/wp-json\/wp\/v2\/media?parent=34778"}],"wp:term":[{"taxonomy":"product_brand","embeddable":true,"href":"https:\/\/deromania.es\/es\/wp-json\/wp\/v2\/product_brand?post=34778"},{"taxonomy":"product_cat","embeddable":true,"href":"https:\/\/deromania.es\/es\/wp-json\/wp\/v2\/product_cat?post=34778"},{"taxonomy":"product_tag","embeddable":true,"href":"https:\/\/deromania.es\/es\/wp-json\/wp\/v2\/product_tag?post=34778"}],"curies":[{"name":"wp","href":"https:\/\/api.w.org\/{rel}","templated":true}]}}