{"id":34712,"date":"2025-07-24T13:09:32","date_gmt":"2025-07-24T13:09:32","guid":{"rendered":"https:\/\/deromania.es\/?post_type=product&#038;p=34712"},"modified":"2026-03-07T15:09:58","modified_gmt":"2026-03-07T14:09:58","slug":"biserica-ortodoxa-de-lut","status":"publish","type":"product","link":"https:\/\/deromania.es\/es\/producto\/biserica-ortodoxa-de-lut","title":{"rendered":"Iglesia Ortodoxa de Lutero - Varios modelos"},"content":{"rendered":"<div data-elementor-type=\"wp-post\" data-elementor-id=\"34712\" class=\"elementor elementor-34712\">\n\t\t\t\t<div class=\"wd-negative-gap elementor-element elementor-element-1ce11ca0 e-flex e-con-boxed e-con e-parent\" data-id=\"1ce11ca0\" data-element_type=\"container\" data-e-type=\"container\">\n\t\t\t\t\t<div class=\"e-con-inner\">\n\t\t<div class=\"elementor-element elementor-element-73d7a666 e-con-full e-flex e-con e-child\" data-id=\"73d7a666\" data-element_type=\"container\" data-e-type=\"container\">\n\t\t\t\t<div class=\"elementor-element elementor-element-6e339ce7 elementor-widget elementor-widget-wd_text_block\" data-id=\"6e339ce7\" data-element_type=\"widget\" data-e-type=\"widget\" data-widget_type=\"wd_text_block.default\">\n\t\t\t\t<div class=\"elementor-widget-container\">\n\t\t\t\t\t\t\t<div class=\"wd-text-block reset-last-child text-left\">\n\t\t\t\n\t\t\t<p data-start=\"318\" data-end=\"394\"><strong data-start=\"318\" data-end=\"394\">Iglesia Ortodoxa de Lut - Miniaturas aut\u00e9nticas de Muntenia y Maramure\u0219<\/strong><\/p><p data-start=\"396\" data-end=\"691\">Estos modelos decorativos de arcilla, inspirados en las iglesias tradicionales rumanas, llevan la belleza de la antigua arquitectura ortodoxa a los hogares de los rumanos en Espa\u00f1a. Cada pieza est\u00e1 modelada y pintada a mano, ilustrando estilos propios de las regiones de Muntenia, Maramure\u0219 y los pueblos rumanos en general.<\/p><p data-start=\"693\" data-end=\"995\">Fabricadas con esmero artesanal y atenci\u00f3n al detalle, las iglesias de arcilla son recuerdos ideales para quienes a\u00f1oran las casas de sus padres, los ambientes r\u00fasticos o los rincones de oraci\u00f3n. Cada modelo es diferente: algunos con torres puntiagudas de Maramure, otros con tejados sencillos inspirados en las monta\u00f1as.<\/p><p data-start=\"997\" data-end=\"1137\">En busca de un <strong data-start=\"1005\" data-end=\"1046\">Iglesia ortodoxa de barro en Espa\u00f1a<\/strong>? En Deromania.es encontrar\u00e1s modelos de cuento enviados directamente desde el coraz\u00f3n de la tradici\u00f3n rumana.<\/p>\n\t\t\t\t\t<\/div>\n\t\t\t\t\t\t<\/div>\n\t\t\t\t<\/div>\n\t\t\t\t<\/div>\n\t\t<div class=\"elementor-element elementor-element-4af0f0f5 e-con-full e-flex e-con e-child\" data-id=\"4af0f0f5\" data-element_type=\"container\" data-e-type=\"container\">\n\t\t\t\t<div class=\"elementor-element elementor-element-659241 elementor-widget elementor-widget-wd_infobox\" data-id=\"659241\" data-element_type=\"widget\" data-e-type=\"widget\" data-widget_type=\"wd_infobox.default\">\n\t\t\t\t<div class=\"elementor-widget-container\">\n\t\t\t\t\t\t\t<div class=\"info-box-wrapper\">\n\t\t\t<div class=\"wd-info-box text-center box-icon-align-top box-style-base color-scheme-\">\n\t\t\t\t\t\t\t\t\t<div class=\"box-icon-wrapper  box-with-icon box-icon-simple\">\n\t\t\t\t\t\t<div class=\"info-box-icon\">\n\t\t\t\t\t\t\t\t\t\t\t\t\t\t\t<img loading=\"lazy\" decoding=\"async\" width=\"50\" height=\"50\" src=\"https:\/\/deromania.es\/wp-content\/smush-webp\/2025\/07\/Manastiri-lut-maramures-in-Spania-50x50.jpeg.webp\" class=\"attachment-50x50 size-50x50\" alt=\"Manastiri lut maramures in Spania\" srcset=\"https:\/\/deromania.es\/wp-content\/smush-webp\/2025\/07\/Manastiri-lut-maramures-in-Spania-50x50.jpeg.webp 50w, https:\/\/deromania.es\/wp-content\/smush-webp\/2025\/07\/Manastiri-lut-maramures-in-Spania-12x12.jpeg.webp 12w, https:\/\/deromania.es\/wp-content\/smush-webp\/2025\/07\/Manastiri-lut-maramures-in-Spania-150x150.jpeg.webp 150w, https:\/\/deromania.es\/wp-content\/smush-webp\/2025\/07\/Manastiri-lut-maramures-in-Spania-300x300.jpeg.webp 300w, https:\/\/deromania.es\/wp-content\/smush-webp\/2025\/07\/Manastiri-lut-maramures-in-Spania-768x768.jpeg.webp 768w, https:\/\/deromania.es\/wp-content\/smush-webp\/2025\/07\/Manastiri-lut-maramures-in-Spania-800x800.jpeg.webp 800w, https:\/\/deromania.es\/wp-content\/smush-webp\/2025\/07\/Manastiri-lut-maramures-in-Spania-430x430.jpeg.webp 430w, https:\/\/deromania.es\/wp-content\/smush-webp\/2025\/07\/Manastiri-lut-maramures-in-Spania-700x700.jpeg.webp 700w, https:\/\/deromania.es\/wp-content\/smush-webp\/2025\/07\/Manastiri-lut-maramures-in-Spania.jpeg.webp 1024w\" sizes=\"auto, (max-width: 50px) 100vw, 50px\" title=\"\">\t\t\t\t\t\t\t\t\t\t\t\t\t<\/div>\n\t\t\t\t\t<\/div>\n\t\t\t\t\n\t\t\t\t<div class=\"info-box-content\">\n\t\t\t\t\t\n\t\t\t\t\t\t\t\t\t\t\t<h4\t\t\t\t\t\tclass=\"info-box-title title box-title-style-default wd-fontsize-s\" data-elementor-setting-key=\"title\">\n\t\t\t\t\t\t\t\t\u26ea Aut\u00e9nticas modelos rumanas\t\t\t\t\t\t<\/h4>\n\t\t\t\t\t\n\t\t\t\t\t<div class=\"info-box-inner reset-last-child\"data-elementor-setting-key=\"content\"><p style=\"text-align: center;\">Inspirada en las iglesias de madera de Maramure\u0219 y en la arquitectura ortodoxa de las monta\u00f1as, cada pieza cuenta una historia.<\/p>\n<\/div>\n\n\t\t\t\t\t\t\t\t\t<\/div>\n\n\t\t\t\t\t\t\t\t\t<a href=\"#\" class=\"wd-info-box-link wd-fill\" aria-label=\"Infobox link\"><\/a>\n\t\t\t\t\t\t\t<\/div>\n\t\t<\/div>\n\t\t\t\t\t\t<\/div>\n\t\t\t\t<\/div>\n\t\t\t\t<div class=\"elementor-element elementor-element-2fd74c73 elementor-widget elementor-widget-wd_infobox\" data-id=\"2fd74c73\" data-element_type=\"widget\" data-e-type=\"widget\" data-widget_type=\"wd_infobox.default\">\n\t\t\t\t<div class=\"elementor-widget-container\">\n\t\t\t\t\t\t\t<div class=\"info-box-wrapper\">\n\t\t\t<div class=\"wd-info-box text-center box-icon-align-top box-style-base color-scheme-\">\n\t\t\t\t\t\t\t\t\t<div class=\"box-icon-wrapper  box-with-icon box-icon-simple\">\n\t\t\t\t\t\t<div class=\"info-box-icon\">\n\t\t\t\t\t\t\t\t\t\t\t\t\t\t\t<img loading=\"lazy\" decoding=\"async\" width=\"50\" height=\"50\" src=\"https:\/\/deromania.es\/wp-content\/smush-webp\/2025\/07\/Icon-Dracula-legendar-50x50.jpeg.webp\" class=\"attachment-50x50 size-50x50\" alt=\"El legendario Dr\u00e1cula\" srcset=\"https:\/\/deromania.es\/wp-content\/smush-webp\/2025\/07\/Icon-Dracula-legendar-50x50.jpeg.webp 50w, https:\/\/deromania.es\/wp-content\/smush-webp\/2025\/07\/Icon-Dracula-legendar-12x12.jpeg.webp 12w, https:\/\/deromania.es\/wp-content\/smush-webp\/2025\/07\/Icon-Dracula-legendar-150x150.jpeg.webp 150w, https:\/\/deromania.es\/wp-content\/smush-webp\/2025\/07\/Icon-Dracula-legendar-300x300.jpeg.webp 300w, https:\/\/deromania.es\/wp-content\/smush-webp\/2025\/07\/Icon-Dracula-legendar-768x768.jpeg.webp 768w, https:\/\/deromania.es\/wp-content\/smush-webp\/2025\/07\/Icon-Dracula-legendar-800x800.jpeg.webp 800w, https:\/\/deromania.es\/wp-content\/smush-webp\/2025\/07\/Icon-Dracula-legendar-430x430.jpeg.webp 430w, https:\/\/deromania.es\/wp-content\/smush-webp\/2025\/07\/Icon-Dracula-legendar-700x700.jpeg.webp 700w, https:\/\/deromania.es\/wp-content\/smush-webp\/2025\/07\/Icon-Dracula-legendar.jpeg.webp 1024w\" sizes=\"auto, (max-width: 50px) 100vw, 50px\" title=\"\">\t\t\t\t\t\t\t\t\t\t\t\t\t<\/div>\n\t\t\t\t\t<\/div>\n\t\t\t\t\n\t\t\t\t<div class=\"info-box-content\">\n\t\t\t\t\t\n\t\t\t\t\t\t\t\t\t\t\t<h4\t\t\t\t\t\tclass=\"info-box-title title box-title-style-default wd-fontsize-s\" data-elementor-setting-key=\"title\">\n\t\t\t\t\t\t\t\t\ud83d\udce6 Env\u00edo r\u00e1pido desde Espa\u00f1a\t\t\t\t\t\t<\/h4>\n\t\t\t\t\t\n\t\t\t\t\t<div class=\"info-box-inner reset-last-child\"data-elementor-setting-key=\"content\"><p style=\"text-align: center;\">Enviamos desde nuestro propio stock en la provincia de C\u00e1diz. Sin aranceles ni largas esperas desde Ruman\u00eda.<\/p>\n<\/div>\n\n\t\t\t\t\t\t\t\t\t<\/div>\n\n\t\t\t\t\t\t\t\t\t<a href=\"#\" class=\"wd-info-box-link wd-fill\" aria-label=\"Infobox link\"><\/a>\n\t\t\t\t\t\t\t<\/div>\n\t\t<\/div>\n\t\t\t\t\t\t<\/div>\n\t\t\t\t<\/div>\n\t\t\t\t<\/div>\n\t\t<div class=\"elementor-element elementor-element-617c34db e-con-full e-flex e-con e-child\" data-id=\"617c34db\" data-element_type=\"container\" data-e-type=\"container\">\n\t\t\t\t<div class=\"elementor-element elementor-element-57992980 elementor-widget elementor-widget-wd_infobox\" data-id=\"57992980\" data-element_type=\"widget\" data-e-type=\"widget\" data-widget_type=\"wd_infobox.default\">\n\t\t\t\t<div class=\"elementor-widget-container\">\n\t\t\t\t\t\t\t<div class=\"info-box-wrapper\">\n\t\t\t<div class=\"wd-info-box text-center box-icon-align-top box-style-base color-scheme-\">\n\t\t\t\t\t\t\t\t\t<div class=\"box-icon-wrapper  box-with-icon box-icon-simple\">\n\t\t\t\t\t\t<div class=\"info-box-icon\">\n\t\t\t\t\t\t\t\t\t\t\t\t\t\t\t<img loading=\"lazy\" decoding=\"async\" width=\"50\" height=\"50\" src=\"https:\/\/deromania.es\/wp-content\/smush-webp\/2025\/07\/Manastiri-lut-romanesti-in-Spania-50x50.jpeg.webp\" class=\"attachment-50x50 size-50x50\" alt=\"Manastiri lut romanesti in Spania\" srcset=\"https:\/\/deromania.es\/wp-content\/smush-webp\/2025\/07\/Manastiri-lut-romanesti-in-Spania-50x50.jpeg.webp 50w, https:\/\/deromania.es\/wp-content\/smush-webp\/2025\/07\/Manastiri-lut-romanesti-in-Spania-12x12.jpeg.webp 12w, https:\/\/deromania.es\/wp-content\/smush-webp\/2025\/07\/Manastiri-lut-romanesti-in-Spania-150x150.jpeg.webp 150w, https:\/\/deromania.es\/wp-content\/smush-webp\/2025\/07\/Manastiri-lut-romanesti-in-Spania-300x300.jpeg.webp 300w, https:\/\/deromania.es\/wp-content\/smush-webp\/2025\/07\/Manastiri-lut-romanesti-in-Spania-768x768.jpeg.webp 768w, https:\/\/deromania.es\/wp-content\/smush-webp\/2025\/07\/Manastiri-lut-romanesti-in-Spania-800x800.jpeg.webp 800w, https:\/\/deromania.es\/wp-content\/smush-webp\/2025\/07\/Manastiri-lut-romanesti-in-Spania-430x430.jpeg.webp 430w, https:\/\/deromania.es\/wp-content\/smush-webp\/2025\/07\/Manastiri-lut-romanesti-in-Spania-700x700.jpeg.webp 700w, https:\/\/deromania.es\/wp-content\/smush-webp\/2025\/07\/Manastiri-lut-romanesti-in-Spania.jpeg.webp 1024w\" sizes=\"auto, (max-width: 50px) 100vw, 50px\" title=\"\">\t\t\t\t\t\t\t\t\t\t\t\t\t<\/div>\n\t\t\t\t\t<\/div>\n\t\t\t\t\n\t\t\t\t<div class=\"info-box-content\">\n\t\t\t\t\t\n\t\t\t\t\t\t\t\t\t\t\t<h4\t\t\t\t\t\tclass=\"info-box-title title box-title-style-default wd-fontsize-s\" data-elementor-setting-key=\"title\">\n\t\t\t\t\t\t\t\t\ud83c\udf81 Regalo simb\u00f3lico o adorno espiritual.\t\t\t\t\t\t<\/h4>\n\t\t\t\t\t\n\t\t\t\t\t<div class=\"info-box-inner reset-last-child\"data-elementor-setting-key=\"content\"><p style=\"text-align: center;\">Ideal para el rinc\u00f3n de oraci\u00f3n, para la estanter\u00eda de los recuerdos o como regalo de coraz\u00f3n para los rumanos de la di\u00e1spora.<\/p>\n<\/div>\n\n\t\t\t\t\t\t\t\t\t<\/div>\n\n\t\t\t\t\t\t\t\t\t<a href=\"#\" class=\"wd-info-box-link wd-fill\" aria-label=\"Infobox link\"><\/a>\n\t\t\t\t\t\t\t<\/div>\n\t\t<\/div>\n\t\t\t\t\t\t<\/div>\n\t\t\t\t<\/div>\n\t\t\t\t<div class=\"elementor-element elementor-element-59dde6bc elementor-widget elementor-widget-wd_infobox\" data-id=\"59dde6bc\" data-element_type=\"widget\" data-e-type=\"widget\" data-widget_type=\"wd_infobox.default\">\n\t\t\t\t<div class=\"elementor-widget-container\">\n\t\t\t\t\t\t\t<div class=\"info-box-wrapper\">\n\t\t\t<div class=\"wd-info-box text-center box-icon-align-top box-style-base color-scheme-\">\n\t\t\t\t\t\t\t\t\t<div class=\"box-icon-wrapper  box-with-icon box-icon-simple\">\n\t\t\t\t\t\t<div class=\"info-box-icon\">\n\t\t\t\t\t\t\t\t\t\t\t\t\t\t\t<img loading=\"lazy\" decoding=\"async\" width=\"50\" height=\"50\" src=\"https:\/\/deromania.es\/wp-content\/smush-webp\/2025\/07\/Lemn-si-Ceramica-Romaneasca-Spania-50x50.png.webp\" class=\"attachment-50x50 size-50x50\" alt=\"Madera y cer\u00e1mica rumana Espa\u00f1a\" srcset=\"https:\/\/deromania.es\/wp-content\/smush-webp\/2025\/07\/Lemn-si-Ceramica-Romaneasca-Spania-50x50.png.webp 50w, https:\/\/deromania.es\/wp-content\/smush-webp\/2025\/07\/Lemn-si-Ceramica-Romaneasca-Spania-150x150.png.webp 150w, https:\/\/deromania.es\/wp-content\/smush-webp\/2025\/07\/Lemn-si-Ceramica-Romaneasca-Spania-430x430.png.webp 430w\" sizes=\"auto, (max-width: 50px) 100vw, 50px\" title=\"\">\t\t\t\t\t\t\t\t\t\t\t\t\t<\/div>\n\t\t\t\t\t<\/div>\n\t\t\t\t\n\t\t\t\t<div class=\"info-box-content\">\n\t\t\t\t\t\n\t\t\t\t\t\t\t\t\t\t\t<h4\t\t\t\t\t\tclass=\"info-box-title title box-title-style-default wd-fontsize-s\" data-elementor-setting-key=\"title\">\n\t\t\t\t\t\t\t\t\ud83d\udd90\ufe0f Hecho y pintado a mano\t\t\t\t\t\t<\/h4>\n\t\t\t\t\t\n\t\t\t\t\t<div class=\"info-box-inner reset-last-child\"data-elementor-setting-key=\"content\"><p style=\"text-align: center;\">Cada modelo es \u00fanico, modelado en arcilla y cuidadosamente decorado con finos detalles y c\u00e1lidos colores.<\/p>\n<\/div>\n\n\t\t\t\t\t\t\t\t\t<\/div>\n\n\t\t\t\t\t\t\t\t\t<a href=\"#\" class=\"wd-info-box-link wd-fill\" aria-label=\"Infobox link\"><\/a>\n\t\t\t\t\t\t\t<\/div>\n\t\t<\/div>\n\t\t\t\t\t\t<\/div>\n\t\t\t\t<\/div>\n\t\t\t\t<\/div>\n\t\t\t\t\t<\/div>\n\t\t\t\t<\/div>\n\t\t\t\t<\/div>","protected":false},"excerpt":{"rendered":"<p data-start=\"1066\" data-end=\"1202\">Maqueta de arcilla pintada a mano inspirada en las iglesias tradicionales rumanas. Varios modelos: Muntenia, Maramure\u0219, pueblo aut\u00e9ntico. Recuerdo r\u00fastico, decoraci\u00f3n con alma.<\/p>","protected":false},"featured_media":34716,"comment_status":"open","ping_status":"closed","template":"elementor_theme","meta":[],"product_brand":[124,225],"product_cat":[144,117,146,98,685],"product_tag":[198,227,193,190,199,328,229,228,194,188,189,192],"class_list":{"0":"post-34712","1":"product","2":"type-product","3":"status-publish","4":"has-post-thumbnail","6":"product_brand-maramures","7":"product_brand-muntenia","8":"product_cat-decoratiuni","9":"product_cat-handmade","10":"product_cat-lemn-ceramica","11":"product_cat-obiecte-ortodoxe","12":"product_cat-pastele-ortodox","13":"product_tag-artizanat-romanesc","14":"product_tag-biserica-ortodoxa","15":"product_tag-cadou-romanesc","16":"product_tag-cultura-romaneasca","17":"product_tag-decor-traditional","18":"product_tag-decorative","19":"product_tag-lut-artizanal","20":"product_tag-obiect-religios","21":"product_tag-obiect-traditional","22":"product_tag-produse-traditionale-romanesti","23":"product_tag-simboluri-ortodoxe","24":"product_tag-suvenir-romanesc","26":"first","27":"instock","28":"taxable","29":"shipping-taxable","30":"purchasable","31":"product-type-variable"},"_links":{"self":[{"href":"https:\/\/deromania.es\/es\/wp-json\/wp\/v2\/product\/34712","targetHints":{"allow":["GET"]}}],"collection":[{"href":"https:\/\/deromania.es\/es\/wp-json\/wp\/v2\/product"}],"about":[{"href":"https:\/\/deromania.es\/es\/wp-json\/wp\/v2\/types\/product"}],"replies":[{"embeddable":true,"href":"https:\/\/deromania.es\/es\/wp-json\/wp\/v2\/comments?post=34712"}],"version-history":[{"count":0,"href":"https:\/\/deromania.es\/es\/wp-json\/wp\/v2\/product\/34712\/revisions"}],"wp:featuredmedia":[{"embeddable":true,"href":"https:\/\/deromania.es\/es\/wp-json\/wp\/v2\/media\/34716"}],"wp:attachment":[{"href":"https:\/\/deromania.es\/es\/wp-json\/wp\/v2\/media?parent=34712"}],"wp:term":[{"taxonomy":"product_brand","embeddable":true,"href":"https:\/\/deromania.es\/es\/wp-json\/wp\/v2\/product_brand?post=34712"},{"taxonomy":"product_cat","embeddable":true,"href":"https:\/\/deromania.es\/es\/wp-json\/wp\/v2\/product_cat?post=34712"},{"taxonomy":"product_tag","embeddable":true,"href":"https:\/\/deromania.es\/es\/wp-json\/wp\/v2\/product_tag?post=34712"}],"curies":[{"name":"wp","href":"https:\/\/api.w.org\/{rel}","templated":true}]}}