{"id":34677,"date":"2025-07-24T12:17:49","date_gmt":"2025-07-24T12:17:49","guid":{"rendered":"https:\/\/deromania.es\/?post_type=product&#038;p=34677"},"modified":"2025-09-29T12:12:16","modified_gmt":"2025-09-29T12:12:16","slug":"magnet-frigider-potcoave-tricolor","status":"publish","type":"product","link":"https:\/\/deromania.es\/es\/producto\/magnet-frigider-potcoave-tricolor","title":{"rendered":"Im\u00e1n nevera herradura tricolor"},"content":{"rendered":"<div data-elementor-type=\"wp-post\" data-elementor-id=\"34677\" class=\"elementor elementor-34677\">\n\t\t\t\t<div class=\"wd-negative-gap elementor-element elementor-element-159df583 e-flex e-con-boxed e-con e-parent\" data-id=\"159df583\" data-element_type=\"container\" data-e-type=\"container\">\n\t\t\t\t\t<div class=\"e-con-inner\">\n\t\t<div class=\"elementor-element elementor-element-3d71c28 e-con-full e-flex e-con e-child\" data-id=\"3d71c28\" data-element_type=\"container\" data-e-type=\"container\">\n\t\t\t\t<div class=\"elementor-element elementor-element-6a0164e4 elementor-widget elementor-widget-wd_text_block\" data-id=\"6a0164e4\" data-element_type=\"widget\" data-e-type=\"widget\" data-widget_type=\"wd_text_block.default\">\n\t\t\t\t<div class=\"elementor-widget-container\">\n\t\t\t\t\t\t\t<div class=\"wd-text-block reset-last-child text-left\">\n\t\t\t\n\t\t\t<p data-start=\"458\" data-end=\"538\"><strong data-start=\"458\" data-end=\"538\">Magnet Frigider Potcoav\u0103 \u2013 Noroc rom\u00e2nesc cu motive tradi\u021bionale \u0219i tricolor<\/strong><\/p><p data-start=\"540\" data-end=\"892\">Acest magnet decorativ, realizat sub forma unei potcoave, combin\u0103 motivele populare rom\u00e2ne\u0219ti cu tricolorul na\u021bional, rezult\u00e2nd un suvenir vesel, simbolic \u0219i plin de identitate. Potcoava este recunoscut\u0103 ca semn de <strong data-start=\"755\" data-end=\"777\">noroc \u0219i protec\u021bie<\/strong>, iar \u00een aceast\u0103 variant\u0103 colorat\u0103, devine un detaliu perfect pentru frigider, dulap metalic sau cadouri de suflet.<\/p><p data-start=\"894\" data-end=\"1136\">Este u\u0219or, rezistent \u0219i decorativ \u2013 un magnet rom\u00e2nesc care atrage privirile \u0219i transmite apartenen\u021b\u0103. Poate fi oferit \u00een dar la s\u0103rb\u0103tori, evenimente culturale sau pur \u0219i simplu pentru a aduce un z\u00e2mbet \u0219i un strop de tradi\u021bie \u00een orice cas\u0103.<\/p><p data-start=\"1138\" data-end=\"1265\">En busca de un <strong data-start=\"1147\" data-end=\"1188\">magnet potcoav\u0103 cu tricolor \u00een Spania<\/strong>? Deromania.es \u021bi-l trimite direct din stoc, cu livrare rapid\u0103 \u0219i f\u0103r\u0103 griji.<\/p>\n\t\t\t\t\t<\/div>\n\t\t\t\t\t\t<\/div>\n\t\t\t\t<\/div>\n\t\t\t\t<\/div>\n\t\t<div class=\"elementor-element elementor-element-51d205e8 e-con-full e-flex e-con e-child\" data-id=\"51d205e8\" data-element_type=\"container\" data-e-type=\"container\">\n\t\t\t\t<div class=\"elementor-element elementor-element-3f261142 elementor-widget elementor-widget-wd_infobox\" data-id=\"3f261142\" data-element_type=\"widget\" data-e-type=\"widget\" data-widget_type=\"wd_infobox.default\">\n\t\t\t\t<div class=\"elementor-widget-container\">\n\t\t\t\t\t\t\t<div class=\"info-box-wrapper\">\n\t\t\t<div class=\"wd-info-box text-center box-icon-align-top box-style-base color-scheme-\">\n\t\t\t\t\t\t\t\t\t<div class=\"box-icon-wrapper  box-with-icon box-icon-simple\">\n\t\t\t\t\t\t<div class=\"info-box-icon\">\n\t\t\t\t\t\t\t\t\t\t\t\t\t\t\t<img loading=\"lazy\" decoding=\"async\" width=\"50\" height=\"50\" src=\"https:\/\/deromania.es\/wp-content\/smush-webp\/2025\/07\/Icon-Dracula-legendar-50x50.jpeg.webp\" class=\"attachment-50x50 size-50x50\" alt=\"Icon Dracula legendar\" srcset=\"https:\/\/deromania.es\/wp-content\/smush-webp\/2025\/07\/Icon-Dracula-legendar-50x50.jpeg.webp 50w, https:\/\/deromania.es\/wp-content\/smush-webp\/2025\/07\/Icon-Dracula-legendar-12x12.jpeg.webp 12w, https:\/\/deromania.es\/wp-content\/smush-webp\/2025\/07\/Icon-Dracula-legendar-150x150.jpeg.webp 150w, https:\/\/deromania.es\/wp-content\/smush-webp\/2025\/07\/Icon-Dracula-legendar-300x300.jpeg.webp 300w, https:\/\/deromania.es\/wp-content\/smush-webp\/2025\/07\/Icon-Dracula-legendar-768x768.jpeg.webp 768w, https:\/\/deromania.es\/wp-content\/smush-webp\/2025\/07\/Icon-Dracula-legendar-800x800.jpeg.webp 800w, https:\/\/deromania.es\/wp-content\/smush-webp\/2025\/07\/Icon-Dracula-legendar-430x430.jpeg.webp 430w, https:\/\/deromania.es\/wp-content\/smush-webp\/2025\/07\/Icon-Dracula-legendar-700x700.jpeg.webp 700w, https:\/\/deromania.es\/wp-content\/smush-webp\/2025\/07\/Icon-Dracula-legendar.jpeg.webp 1024w\" sizes=\"auto, (max-width: 50px) 100vw, 50px\" title=\"\">\t\t\t\t\t\t\t\t\t\t\t\t\t<\/div>\n\t\t\t\t\t<\/div>\n\t\t\t\t\n\t\t\t\t<div class=\"info-box-content\">\n\t\t\t\t\t\n\t\t\t\t\t\t\t\t\t\t\t<h4\t\t\t\t\t\tclass=\"info-box-title title box-title-style-default wd-fontsize-s\" data-elementor-setting-key=\"title\">\n\t\t\t\t\t\t\t\t\ud83c\udffa Inspirat din ceramica de Corund\t\t\t\t\t\t<\/h4>\n\t\t\t\t\t\n\t\t\t\t\t<div class=\"info-box-inner reset-last-child\"data-elementor-setting-key=\"content\"><p style=\"text-align: center;\">Modele cu vase tradi\u021bionale \u00een miniatur\u0103, pictate \u00een stilul unic al me\u0219terilor populari.<\/p>\n<\/div>\n\n\t\t\t\t\t\t\t\t\t<\/div>\n\n\t\t\t\t\t\t\t\t\t<a href=\"#\" class=\"wd-info-box-link wd-fill\" aria-label=\"Infobox link\"><\/a>\n\t\t\t\t\t\t\t<\/div>\n\t\t<\/div>\n\t\t\t\t\t\t<\/div>\n\t\t\t\t<\/div>\n\t\t\t\t<div class=\"elementor-element elementor-element-399563de elementor-widget elementor-widget-wd_infobox\" data-id=\"399563de\" data-element_type=\"widget\" data-e-type=\"widget\" data-widget_type=\"wd_infobox.default\">\n\t\t\t\t<div class=\"elementor-widget-container\">\n\t\t\t\t\t\t\t<div class=\"info-box-wrapper\">\n\t\t\t<div class=\"wd-info-box text-center box-icon-align-top box-style-base color-scheme-\">\n\t\t\t\t\t\t\t\t\t<div class=\"box-icon-wrapper  box-with-icon box-icon-simple\">\n\t\t\t\t\t\t<div class=\"info-box-icon\">\n\t\t\t\t\t\t\t\t\t\t\t\t\t\t\t<img loading=\"lazy\" decoding=\"async\" width=\"50\" height=\"50\" src=\"https:\/\/deromania.es\/wp-content\/smush-webp\/2025\/07\/Obiecte-Dracula-in-Spania-50x50.png.webp\" class=\"attachment-50x50 size-50x50\" alt=\"Objetos de Dr\u00e1cula en Espa\u00f1a\" srcset=\"https:\/\/deromania.es\/wp-content\/smush-webp\/2025\/07\/Obiecte-Dracula-in-Spania-50x50.png.webp 50w, https:\/\/deromania.es\/wp-content\/smush-webp\/2025\/07\/Obiecte-Dracula-in-Spania-12x12.png.webp 12w, https:\/\/deromania.es\/wp-content\/smush-webp\/2025\/07\/Obiecte-Dracula-in-Spania-150x150.png.webp 150w, https:\/\/deromania.es\/wp-content\/uploads\/2025\/07\/Obiecte-Dracula-in-Spania-300x300.png 300w, https:\/\/deromania.es\/wp-content\/uploads\/2025\/07\/Obiecte-Dracula-in-Spania-768x768.png 768w, https:\/\/deromania.es\/wp-content\/smush-webp\/2025\/07\/Obiecte-Dracula-in-Spania-800x800.png.webp 800w, https:\/\/deromania.es\/wp-content\/uploads\/2025\/07\/Obiecte-Dracula-in-Spania-430x430.png 430w, https:\/\/deromania.es\/wp-content\/uploads\/2025\/07\/Obiecte-Dracula-in-Spania-700x700.png 700w, https:\/\/deromania.es\/wp-content\/smush-webp\/2025\/07\/Obiecte-Dracula-in-Spania.png.webp 1024w\" sizes=\"auto, (max-width: 50px) 100vw, 50px\" title=\"\">\t\t\t\t\t\t\t\t\t\t\t\t\t<\/div>\n\t\t\t\t\t<\/div>\n\t\t\t\t\n\t\t\t\t<div class=\"info-box-content\">\n\t\t\t\t\t\n\t\t\t\t\t\t\t\t\t\t\t<h4\t\t\t\t\t\tclass=\"info-box-title title box-title-style-default wd-fontsize-s\" data-elementor-setting-key=\"title\">\n\t\t\t\t\t\t\t\t\ud83c\udf81 Suvenir mic, cu identitate\t\t\t\t\t\t<\/h4>\n\t\t\t\t\t\n\t\t\t\t\t<div class=\"info-box-inner reset-last-child\"data-elementor-setting-key=\"content\"><p style=\"text-align: center;\">Ideal de oferit \u00een dar celor care iubesc tradi\u021biile sau doresc s\u0103 p\u0103streze leg\u0103tura cu Rom\u00e2nia.<\/p>\n<\/div>\n\n\t\t\t\t\t\t\t\t\t<\/div>\n\n\t\t\t\t\t\t\t\t\t<a href=\"#\" class=\"wd-info-box-link wd-fill\" aria-label=\"Infobox link\"><\/a>\n\t\t\t\t\t\t\t<\/div>\n\t\t<\/div>\n\t\t\t\t\t\t<\/div>\n\t\t\t\t<\/div>\n\t\t\t\t<\/div>\n\t\t<div class=\"elementor-element elementor-element-73410011 e-con-full e-flex e-con e-child\" data-id=\"73410011\" data-element_type=\"container\" data-e-type=\"container\">\n\t\t\t\t<div class=\"elementor-element elementor-element-20a6415d elementor-widget elementor-widget-wd_infobox\" data-id=\"20a6415d\" data-element_type=\"widget\" data-e-type=\"widget\" data-widget_type=\"wd_infobox.default\">\n\t\t\t\t<div class=\"elementor-widget-container\">\n\t\t\t\t\t\t\t<div class=\"info-box-wrapper\">\n\t\t\t<div class=\"wd-info-box text-center box-icon-align-top box-style-base color-scheme-\">\n\t\t\t\t\t\t\t\t\t<div class=\"box-icon-wrapper  box-with-icon box-icon-simple\">\n\t\t\t\t\t\t<div class=\"info-box-icon\">\n\t\t\t\t\t\t\t\t\t\t\t\t\t\t\t<img loading=\"lazy\" decoding=\"async\" width=\"50\" height=\"50\" src=\"https:\/\/deromania.es\/wp-content\/smush-webp\/2025\/07\/Suveniruri-Dracula-in-Spania-50x50.png.webp\" class=\"attachment-50x50 size-50x50\" alt=\"Recuerdos de Dr\u00e1cula en Espa\u00f1a\" srcset=\"https:\/\/deromania.es\/wp-content\/smush-webp\/2025\/07\/Suveniruri-Dracula-in-Spania-50x50.png.webp 50w, https:\/\/deromania.es\/wp-content\/smush-webp\/2025\/07\/Suveniruri-Dracula-in-Spania-150x150.png.webp 150w, https:\/\/deromania.es\/wp-content\/smush-webp\/2025\/07\/Suveniruri-Dracula-in-Spania-430x430.png.webp 430w, https:\/\/deromania.es\/wp-content\/smush-webp\/2025\/07\/Suveniruri-Dracula-in-Spania-118x118.png.webp 118w\" sizes=\"auto, (max-width: 50px) 100vw, 50px\" title=\"\">\t\t\t\t\t\t\t\t\t\t\t\t\t<\/div>\n\t\t\t\t\t<\/div>\n\t\t\t\t\n\t\t\t\t<div class=\"info-box-content\">\n\t\t\t\t\t\n\t\t\t\t\t\t\t\t\t\t\t<h4\t\t\t\t\t\tclass=\"info-box-title title box-title-style-default wd-fontsize-s\" data-elementor-setting-key=\"title\">\n\t\t\t\t\t\t\t\t\ud83e\uddf2 Se fixeaz\u0103 u\u0219or pe frigider\t\t\t\t\t\t<\/h4>\n\t\t\t\t\t\n\t\t\t\t\t<div class=\"info-box-inner reset-last-child\"data-elementor-setting-key=\"content\"><p style=\"text-align: center;\">Magnet rezistent, perfect pentru decor cu tematic\u0103 rom\u00e2neasc\u0103 \u00een buc\u0103t\u0103rie sau birou sau pentru camer\u0103\u00a0<\/p>\n<\/div>\n\n\t\t\t\t\t\t\t\t\t<\/div>\n\n\t\t\t\t\t\t\t\t\t<a href=\"#\" class=\"wd-info-box-link wd-fill\" aria-label=\"Infobox link\"><\/a>\n\t\t\t\t\t\t\t<\/div>\n\t\t<\/div>\n\t\t\t\t\t\t<\/div>\n\t\t\t\t<\/div>\n\t\t\t\t<div class=\"elementor-element elementor-element-4651bc58 elementor-widget elementor-widget-wd_infobox\" data-id=\"4651bc58\" data-element_type=\"widget\" data-e-type=\"widget\" data-widget_type=\"wd_infobox.default\">\n\t\t\t\t<div class=\"elementor-widget-container\">\n\t\t\t\t\t\t\t<div class=\"info-box-wrapper\">\n\t\t\t<div class=\"wd-info-box text-center box-icon-align-top box-style-base color-scheme-\">\n\t\t\t\t\t\t\t\t\t<div class=\"box-icon-wrapper  box-with-icon box-icon-simple\">\n\t\t\t\t\t\t<div class=\"info-box-icon\">\n\t\t\t\t\t\t\t\t\t\t\t\t\t\t\t<img loading=\"lazy\" decoding=\"async\" width=\"50\" height=\"50\" src=\"https:\/\/deromania.es\/wp-content\/smush-webp\/2025\/07\/livrare-rapida-in-Spania-prin-Correos-50x50.png.webp\" class=\"attachment-50x50 size-50x50\" alt=\"entrega r\u00e1pida en Espa\u00f1a a trav\u00e9s de Correos\" srcset=\"https:\/\/deromania.es\/wp-content\/smush-webp\/2025\/07\/livrare-rapida-in-Spania-prin-Correos-50x50.png.webp 50w, https:\/\/deromania.es\/wp-content\/smush-webp\/2025\/07\/livrare-rapida-in-Spania-prin-Correos-12x12.png.webp 12w, https:\/\/deromania.es\/wp-content\/smush-webp\/2025\/07\/livrare-rapida-in-Spania-prin-Correos-150x150.png.webp 150w, https:\/\/deromania.es\/wp-content\/smush-webp\/2025\/07\/livrare-rapida-in-Spania-prin-Correos-300x300.png.webp 300w, https:\/\/deromania.es\/wp-content\/smush-webp\/2025\/07\/livrare-rapida-in-Spania-prin-Correos-768x768.png.webp 768w, https:\/\/deromania.es\/wp-content\/smush-webp\/2025\/07\/livrare-rapida-in-Spania-prin-Correos-800x800.png.webp 800w, https:\/\/deromania.es\/wp-content\/smush-webp\/2025\/07\/livrare-rapida-in-Spania-prin-Correos-430x430.png.webp 430w, https:\/\/deromania.es\/wp-content\/smush-webp\/2025\/07\/livrare-rapida-in-Spania-prin-Correos-700x700.png.webp 700w, https:\/\/deromania.es\/wp-content\/smush-webp\/2025\/07\/livrare-rapida-in-Spania-prin-Correos.png.webp 1024w\" sizes=\"auto, (max-width: 50px) 100vw, 50px\" title=\"\">\t\t\t\t\t\t\t\t\t\t\t\t\t<\/div>\n\t\t\t\t\t<\/div>\n\t\t\t\t\n\t\t\t\t<div class=\"info-box-content\">\n\t\t\t\t\t\n\t\t\t\t\t\t\t\t\t\t\t<h4\t\t\t\t\t\tclass=\"info-box-title title box-title-style-default wd-fontsize-s\" data-elementor-setting-key=\"title\">\n\t\t\t\t\t\t\t\t\ud83d\udce6 Entrega desde almac\u00e9n a Espa\u00f1a\t\t\t\t\t\t<\/h4>\n\t\t\t\t\t\n\t\t\t\t\t<div class=\"info-box-inner reset-last-child\"data-elementor-setting-key=\"content\"><p style=\"text-align: center;\">Produs disponibil imediat pe Deromania.es \u2013 f\u0103r\u0103 comenzi externe sau a\u0219tept\u0103ri.<\/p>\n<\/div>\n\n\t\t\t\t\t\t\t\t\t<\/div>\n\n\t\t\t\t\t\t\t\t\t<a href=\"#\" class=\"wd-info-box-link wd-fill\" aria-label=\"Infobox link\"><\/a>\n\t\t\t\t\t\t\t<\/div>\n\t\t<\/div>\n\t\t\t\t\t\t<\/div>\n\t\t\t\t<\/div>\n\t\t\t\t<\/div>\n\t\t\t\t\t<\/div>\n\t\t\t\t<\/div>\n\t\t\t\t<\/div>","protected":false},"excerpt":{"rendered":"<p data-start=\"909\" data-end=\"1048\">Im\u00e1n decorativo en forma de herradura con motivos tradicionales rumanos y tricolores. Recuerdo de la suerte, ideal para la nevera o como regalo simb\u00f3lico.<\/p>","protected":false},"featured_media":34678,"comment_status":"open","ping_status":"closed","template":"","meta":[],"product_brand":[123],"product_cat":[144,146],"product_tag":[233,234,329,328],"class_list":{"0":"post-34677","1":"product","2":"type-product","3":"status-publish","4":"has-post-thumbnail","6":"product_brand-corund","7":"product_cat-decoratiuni","8":"product_cat-lemn-ceramica","9":"product_tag-ceramica-corund","10":"product_tag-ceramica-romaneasca","11":"product_tag-de-metal","12":"product_tag-decorative","14":"first","15":"instock","16":"taxable","17":"shipping-taxable","18":"purchasable","19":"product-type-simple"},"_links":{"self":[{"href":"https:\/\/deromania.es\/es\/wp-json\/wp\/v2\/product\/34677","targetHints":{"allow":["GET"]}}],"collection":[{"href":"https:\/\/deromania.es\/es\/wp-json\/wp\/v2\/product"}],"about":[{"href":"https:\/\/deromania.es\/es\/wp-json\/wp\/v2\/types\/product"}],"replies":[{"embeddable":true,"href":"https:\/\/deromania.es\/es\/wp-json\/wp\/v2\/comments?post=34677"}],"version-history":[{"count":0,"href":"https:\/\/deromania.es\/es\/wp-json\/wp\/v2\/product\/34677\/revisions"}],"wp:featuredmedia":[{"embeddable":true,"href":"https:\/\/deromania.es\/es\/wp-json\/wp\/v2\/media\/34678"}],"wp:attachment":[{"href":"https:\/\/deromania.es\/es\/wp-json\/wp\/v2\/media?parent=34677"}],"wp:term":[{"taxonomy":"product_brand","embeddable":true,"href":"https:\/\/deromania.es\/es\/wp-json\/wp\/v2\/product_brand?post=34677"},{"taxonomy":"product_cat","embeddable":true,"href":"https:\/\/deromania.es\/es\/wp-json\/wp\/v2\/product_cat?post=34677"},{"taxonomy":"product_tag","embeddable":true,"href":"https:\/\/deromania.es\/es\/wp-json\/wp\/v2\/product_tag?post=34677"}],"curies":[{"name":"wp","href":"https:\/\/api.w.org\/{rel}","templated":true}]}}