{"id":34603,"date":"2025-07-23T15:18:26","date_gmt":"2025-07-23T15:18:26","guid":{"rendered":"https:\/\/deromania.es\/?post_type=product&#038;p=34603"},"modified":"2025-09-29T12:11:00","modified_gmt":"2025-09-29T12:11:00","slug":"cuchara-decorativa-de-madera-pintada-a-mano-15-cm","status":"publish","type":"product","link":"https:\/\/deromania.es\/es\/producto\/lingurita-din-lemn-pictata-manual-decorativa-15-cm","title":{"rendered":"Cuchara decorativa de madera pintada a mano - 15 cm"},"content":{"rendered":"<div data-elementor-type=\"wp-post\" data-elementor-id=\"34603\" class=\"elementor elementor-34603\">\n\t\t\t\t<div class=\"wd-negative-gap elementor-element elementor-element-5f61ad8c e-flex e-con-boxed e-con e-parent\" data-id=\"5f61ad8c\" data-element_type=\"container\" data-e-type=\"container\">\n\t\t\t\t\t<div class=\"e-con-inner\">\n\t\t<div class=\"elementor-element elementor-element-6e51f040 e-con-full e-flex e-con e-child\" data-id=\"6e51f040\" data-element_type=\"container\" data-e-type=\"container\">\n\t\t\t\t<div class=\"elementor-element elementor-element-7b8b6267 elementor-widget elementor-widget-wd_text_block\" data-id=\"7b8b6267\" data-element_type=\"widget\" data-e-type=\"widget\" data-widget_type=\"wd_text_block.default\">\n\t\t\t\t<div class=\"elementor-widget-container\">\n\t\t\t\t\t\t\t<div class=\"wd-text-block reset-last-child text-left\">\n\t\t\t\n\t\t\t<p data-start=\"442\" data-end=\"516\"><strong data-start=\"442\" data-end=\"516\">Cuchara decorativa pintada a mano - Tradici\u00f3n rumana en miniatura<\/strong><\/p><p data-start=\"518\" data-end=\"833\">Esta cuchara de madera de 15 cm de largo est\u00e1 pintada a mano con coloridos motivos tradicionales inspirados en el folclore rumano. Aunque su forma es funcional, est\u00e1 pensada exclusivamente para decorar: puede colocarse en la pared, en soportes r\u00fasticos, en mesas tem\u00e1ticas o integrarse en paquetes de tem\u00e1tica rumana.<\/p><p data-start=\"835\" data-end=\"1055\">Cada cuchara es \u00fanica, con variaciones naturales de forma y pintura: un peque\u00f1o objeto artesanal que lleva consigo la historia de la artesan\u00eda popular. Es un recuerdo ligero y asequible con un fuerte valor cultural.<\/p><p data-start=\"1057\" data-end=\"1206\">En busca de un <strong data-start=\"1065\" data-end=\"1112\">cuchara de madera pintada a mano en Espa\u00f1a<\/strong>? Deromania.es se lo trae directamente de los talleres rumanos, con entrega r\u00e1pida desde nuestro propio stock.<\/p>\n\t\t\t\t\t<\/div>\n\t\t\t\t\t\t<\/div>\n\t\t\t\t<\/div>\n\t\t\t\t<\/div>\n\t\t<div class=\"elementor-element elementor-element-48bb530e e-con-full e-flex e-con e-child\" data-id=\"48bb530e\" data-element_type=\"container\" data-e-type=\"container\">\n\t\t\t\t<div class=\"elementor-element elementor-element-7ed239cf elementor-widget elementor-widget-wd_infobox\" data-id=\"7ed239cf\" data-element_type=\"widget\" data-e-type=\"widget\" data-widget_type=\"wd_infobox.default\">\n\t\t\t\t<div class=\"elementor-widget-container\">\n\t\t\t\t\t\t\t<div class=\"info-box-wrapper\">\n\t\t\t<div class=\"wd-info-box text-center box-icon-align-top box-style-base color-scheme-\">\n\t\t\t\t\t\t\t\t\t<div class=\"box-icon-wrapper  box-with-icon box-icon-simple\">\n\t\t\t\t\t\t<div class=\"info-box-icon\">\n\t\t\t\t\t\t\t\t\t\t\t\t\t\t\t<img loading=\"lazy\" decoding=\"async\" width=\"50\" height=\"50\" src=\"https:\/\/deromania.es\/wp-content\/smush-webp\/2025\/07\/Lemn-si-Ceramica-Romaneasca-Spania-50x50.png.webp\" class=\"attachment-50x50 size-50x50\" alt=\"Madera y cer\u00e1mica rumana Espa\u00f1a\" srcset=\"https:\/\/deromania.es\/wp-content\/smush-webp\/2025\/07\/Lemn-si-Ceramica-Romaneasca-Spania-50x50.png.webp 50w, https:\/\/deromania.es\/wp-content\/smush-webp\/2025\/07\/Lemn-si-Ceramica-Romaneasca-Spania-150x150.png.webp 150w, https:\/\/deromania.es\/wp-content\/smush-webp\/2025\/07\/Lemn-si-Ceramica-Romaneasca-Spania-430x430.png.webp 430w\" sizes=\"auto, (max-width: 50px) 100vw, 50px\" title=\"\">\t\t\t\t\t\t\t\t\t\t\t\t\t<\/div>\n\t\t\t\t\t<\/div>\n\t\t\t\t\n\t\t\t\t<div class=\"info-box-content\">\n\t\t\t\t\t\n\t\t\t\t\t\t\t\t\t\t\t<h4\t\t\t\t\t\tclass=\"info-box-title title box-title-style-default wd-fontsize-s\" data-elementor-setting-key=\"title\">\n\t\t\t\t\t\t\t\tCada pieza es \u00fanica\t\t\t\t\t\t<\/h4>\n\t\t\t\t\t\n\t\t\t\t\t<div class=\"info-box-inner reset-last-child\"data-elementor-setting-key=\"content\"><p style=\"text-align: center;\">Pintado a mano en vivos colores inspirados en el arte popular rumano, un peque\u00f1o objeto con gran encanto.<\/p>\n<\/div>\n\n\t\t\t\t\t\t\t\t\t<\/div>\n\n\t\t\t\t\t\t\t\t\t<a href=\"#\" class=\"wd-info-box-link wd-fill\" aria-label=\"Infobox link\"><\/a>\n\t\t\t\t\t\t\t<\/div>\n\t\t<\/div>\n\t\t\t\t\t\t<\/div>\n\t\t\t\t<\/div>\n\t\t\t\t<div class=\"elementor-element elementor-element-32ddb30d elementor-widget elementor-widget-wd_infobox\" data-id=\"32ddb30d\" data-element_type=\"widget\" data-e-type=\"widget\" data-widget_type=\"wd_infobox.default\">\n\t\t\t\t<div class=\"elementor-widget-container\">\n\t\t\t\t\t\t\t<div class=\"info-box-wrapper\">\n\t\t\t<div class=\"wd-info-box text-center box-icon-align-top box-style-base color-scheme-\">\n\t\t\t\t\t\t\t\t\t<div class=\"box-icon-wrapper  box-with-icon box-icon-simple\">\n\t\t\t\t\t\t<div class=\"info-box-icon\">\n\t\t\t\t\t\t\t\t\t\t\t\t\t\t\t<img loading=\"lazy\" decoding=\"async\" width=\"50\" height=\"50\" src=\"https:\/\/deromania.es\/wp-content\/smush-webp\/2025\/07\/livrare-rapida-in-Spania-prin-Correos-50x50.png.webp\" class=\"attachment-50x50 size-50x50\" alt=\"entrega r\u00e1pida en Espa\u00f1a a trav\u00e9s de Correos\" srcset=\"https:\/\/deromania.es\/wp-content\/smush-webp\/2025\/07\/livrare-rapida-in-Spania-prin-Correos-50x50.png.webp 50w, https:\/\/deromania.es\/wp-content\/smush-webp\/2025\/07\/livrare-rapida-in-Spania-prin-Correos-12x12.png.webp 12w, https:\/\/deromania.es\/wp-content\/smush-webp\/2025\/07\/livrare-rapida-in-Spania-prin-Correos-150x150.png.webp 150w, https:\/\/deromania.es\/wp-content\/smush-webp\/2025\/07\/livrare-rapida-in-Spania-prin-Correos-300x300.png.webp 300w, https:\/\/deromania.es\/wp-content\/smush-webp\/2025\/07\/livrare-rapida-in-Spania-prin-Correos-768x768.png.webp 768w, https:\/\/deromania.es\/wp-content\/smush-webp\/2025\/07\/livrare-rapida-in-Spania-prin-Correos-800x800.png.webp 800w, https:\/\/deromania.es\/wp-content\/smush-webp\/2025\/07\/livrare-rapida-in-Spania-prin-Correos-430x430.png.webp 430w, https:\/\/deromania.es\/wp-content\/smush-webp\/2025\/07\/livrare-rapida-in-Spania-prin-Correos-700x700.png.webp 700w, https:\/\/deromania.es\/wp-content\/smush-webp\/2025\/07\/livrare-rapida-in-Spania-prin-Correos.png.webp 1024w\" sizes=\"auto, (max-width: 50px) 100vw, 50px\" title=\"\">\t\t\t\t\t\t\t\t\t\t\t\t\t<\/div>\n\t\t\t\t\t<\/div>\n\t\t\t\t\n\t\t\t\t<div class=\"info-box-content\">\n\t\t\t\t\t\n\t\t\t\t\t\t\t\t\t\t\t<h4\t\t\t\t\t\tclass=\"info-box-title title box-title-style-default wd-fontsize-s\" data-elementor-setting-key=\"title\">\n\t\t\t\t\t\t\t\tEntrega r\u00e1pida desde Espa\u00f1a\t\t\t\t\t\t<\/h4>\n\t\t\t\t\t\n\t\t\t\t\t<div class=\"info-box-inner reset-last-child\"data-elementor-setting-key=\"content\"><p style=\"text-align: center;\">Enviamos desde nuestro propio stock en la provincia de C\u00e1diz. Sin aranceles ni largas esperas desde Ruman\u00eda.<\/p>\n<\/div>\n\n\t\t\t\t\t\t\t\t\t<\/div>\n\n\t\t\t\t\t\t\t\t\t<a href=\"#\" class=\"wd-info-box-link wd-fill\" aria-label=\"Infobox link\"><\/a>\n\t\t\t\t\t\t\t<\/div>\n\t\t<\/div>\n\t\t\t\t\t\t<\/div>\n\t\t\t\t<\/div>\n\t\t\t\t<\/div>\n\t\t<div class=\"elementor-element elementor-element-71d168f5 e-con-full e-flex e-con e-child\" data-id=\"71d168f5\" data-element_type=\"container\" data-e-type=\"container\">\n\t\t\t\t<div class=\"elementor-element elementor-element-1d294fb5 elementor-widget elementor-widget-wd_infobox\" data-id=\"1d294fb5\" data-element_type=\"widget\" data-e-type=\"widget\" data-widget_type=\"wd_infobox.default\">\n\t\t\t\t<div class=\"elementor-widget-container\">\n\t\t\t\t\t\t\t<div class=\"info-box-wrapper\">\n\t\t\t<div class=\"wd-info-box text-center box-icon-align-top box-style-base color-scheme-\">\n\t\t\t\t\t\t\t\t\t<div class=\"box-icon-wrapper  box-with-icon box-icon-simple\">\n\t\t\t\t\t\t<div class=\"info-box-icon\">\n\t\t\t\t\t\t\t\t\t\t\t\t\t\t\t<img loading=\"lazy\" decoding=\"async\" width=\"50\" height=\"50\" src=\"https:\/\/deromania.es\/wp-content\/smush-webp\/2025\/07\/Produse-Romanesti-Handmade-Spania-50x50.png.webp\" class=\"attachment-50x50 size-50x50\" alt=\"Productos rumanos hechos a mano Espa\u00f1a\" srcset=\"https:\/\/deromania.es\/wp-content\/smush-webp\/2025\/07\/Produse-Romanesti-Handmade-Spania-50x50.png.webp 50w, https:\/\/deromania.es\/wp-content\/smush-webp\/2025\/07\/Produse-Romanesti-Handmade-Spania-150x150.png.webp 150w, https:\/\/deromania.es\/wp-content\/smush-webp\/2025\/07\/Produse-Romanesti-Handmade-Spania-430x430.png.webp 430w\" sizes=\"auto, (max-width: 50px) 100vw, 50px\" title=\"\">\t\t\t\t\t\t\t\t\t\t\t\t\t<\/div>\n\t\t\t\t\t<\/div>\n\t\t\t\t\n\t\t\t\t<div class=\"info-box-content\">\n\t\t\t\t\t\n\t\t\t\t\t\t\t\t\t\t\t<h4\t\t\t\t\t\tclass=\"info-box-title title box-title-style-default wd-fontsize-s\" data-elementor-setting-key=\"title\">\n\t\t\t\t\t\t\t\t\ud83c\udfe1 Aut\u00e9ntica decoraci\u00f3n de inspiraci\u00f3n r\u00fastica.\t\t\t\t\t\t<\/h4>\n\t\t\t\t\t\n\t\t\t\t\t<div class=\"info-box-inner reset-last-child\"data-elementor-setting-key=\"content\"><p style=\"text-align: center;\">Encaja perfectamente en cocinas tradicionales, rincones \u00e9tnicos o packs tem\u00e1ticos.<\/p>\n<\/div>\n\n\t\t\t\t\t\t\t\t\t<\/div>\n\n\t\t\t\t\t\t\t\t\t<a href=\"#\" class=\"wd-info-box-link wd-fill\" aria-label=\"Infobox link\"><\/a>\n\t\t\t\t\t\t\t<\/div>\n\t\t<\/div>\n\t\t\t\t\t\t<\/div>\n\t\t\t\t<\/div>\n\t\t\t\t<div class=\"elementor-element elementor-element-3c68f671 elementor-widget elementor-widget-wd_infobox\" data-id=\"3c68f671\" data-element_type=\"widget\" data-e-type=\"widget\" data-widget_type=\"wd_infobox.default\">\n\t\t\t\t<div class=\"elementor-widget-container\">\n\t\t\t\t\t\t\t<div class=\"info-box-wrapper\">\n\t\t\t<div class=\"wd-info-box text-center box-icon-align-top box-style-base color-scheme-\">\n\t\t\t\t\t\t\t\t\t<div class=\"box-icon-wrapper  box-with-icon box-icon-simple\">\n\t\t\t\t\t\t<div class=\"info-box-icon\">\n\t\t\t\t\t\t\t\t\t\t\t\t\t\t\t<img loading=\"lazy\" decoding=\"async\" width=\"50\" height=\"50\" src=\"https:\/\/deromania.es\/wp-content\/smush-webp\/2025\/07\/Decoratiuni-Romanesti-Spania-50x50.png.webp\" class=\"attachment-50x50 size-50x50\" alt=\"Decoraciones Ruman\u00eda Espa\u00f1a\" srcset=\"https:\/\/deromania.es\/wp-content\/smush-webp\/2025\/07\/Decoratiuni-Romanesti-Spania-50x50.png.webp 50w, https:\/\/deromania.es\/wp-content\/smush-webp\/2025\/07\/Decoratiuni-Romanesti-Spania-150x150.png.webp 150w, https:\/\/deromania.es\/wp-content\/smush-webp\/2025\/07\/Decoratiuni-Romanesti-Spania-430x430.png.webp 430w\" sizes=\"auto, (max-width: 50px) 100vw, 50px\" title=\"\">\t\t\t\t\t\t\t\t\t\t\t\t\t<\/div>\n\t\t\t\t\t<\/div>\n\t\t\t\t\n\t\t\t\t<div class=\"info-box-content\">\n\t\t\t\t\t\n\t\t\t\t\t\t\t\t\t\t\t<h4\t\t\t\t\t\tclass=\"info-box-title title box-title-style-default wd-fontsize-s\" data-elementor-setting-key=\"title\">\n\t\t\t\t\t\t\t\t\ud83c\udf81 F\u00e1cil recuerdo con identidad\t\t\t\t\t\t<\/h4>\n\t\t\t\t\t\n\t\t\t\t\t<div class=\"info-box-inner reset-last-child\"data-elementor-setting-key=\"content\"><p style=\"text-align: center;\">Ideal para ofrecer como peque\u00f1o gesto simb\u00f3lico en eventos o celebraciones rumanas.<\/p>\n<\/div>\n\n\t\t\t\t\t\t\t\t\t<\/div>\n\n\t\t\t\t\t\t\t\t\t<a href=\"#\" class=\"wd-info-box-link wd-fill\" aria-label=\"Infobox link\"><\/a>\n\t\t\t\t\t\t\t<\/div>\n\t\t<\/div>\n\t\t\t\t\t\t<\/div>\n\t\t\t\t<\/div>\n\t\t\t\t<\/div>\n\t\t\t\t\t<\/div>\n\t\t\t\t<\/div>\n\t\t\t\t<\/div>","protected":false},"excerpt":{"rendered":"<p data-start=\"882\" data-end=\"1025\">Cuchara decorativa de madera, 15 cm, pintada a mano con motivos folcl\u00f3ricos. Ideal para decoraci\u00f3n r\u00fastica o como regalo con alma rumana.<\/p>","protected":false},"featured_media":34604,"comment_status":"open","ping_status":"closed","template":"","meta":[],"product_brand":[125,124,226,225,127,126],"product_cat":[144,117,146],"product_tag":[328,197],"class_list":{"0":"post-34603","1":"product","2":"type-product","3":"status-publish","4":"has-post-thumbnail","6":"product_brand-bucovina","7":"product_brand-maramures","8":"product_brand-moldova","9":"product_brand-muntenia","10":"product_brand-oltenia","11":"product_brand-transilvania","12":"product_cat-decoratiuni","13":"product_cat-handmade","14":"product_cat-lemn-ceramica","15":"product_tag-decorative","16":"product_tag-lemn-artizanal","18":"first","19":"instock","20":"taxable","21":"shipping-taxable","22":"purchasable","23":"product-type-simple"},"_links":{"self":[{"href":"https:\/\/deromania.es\/es\/wp-json\/wp\/v2\/product\/34603","targetHints":{"allow":["GET"]}}],"collection":[{"href":"https:\/\/deromania.es\/es\/wp-json\/wp\/v2\/product"}],"about":[{"href":"https:\/\/deromania.es\/es\/wp-json\/wp\/v2\/types\/product"}],"replies":[{"embeddable":true,"href":"https:\/\/deromania.es\/es\/wp-json\/wp\/v2\/comments?post=34603"}],"version-history":[{"count":0,"href":"https:\/\/deromania.es\/es\/wp-json\/wp\/v2\/product\/34603\/revisions"}],"wp:featuredmedia":[{"embeddable":true,"href":"https:\/\/deromania.es\/es\/wp-json\/wp\/v2\/media\/34604"}],"wp:attachment":[{"href":"https:\/\/deromania.es\/es\/wp-json\/wp\/v2\/media?parent=34603"}],"wp:term":[{"taxonomy":"product_brand","embeddable":true,"href":"https:\/\/deromania.es\/es\/wp-json\/wp\/v2\/product_brand?post=34603"},{"taxonomy":"product_cat","embeddable":true,"href":"https:\/\/deromania.es\/es\/wp-json\/wp\/v2\/product_cat?post=34603"},{"taxonomy":"product_tag","embeddable":true,"href":"https:\/\/deromania.es\/es\/wp-json\/wp\/v2\/product_tag?post=34603"}],"curies":[{"name":"wp","href":"https:\/\/api.w.org\/{rel}","templated":true}]}}