{"id":344,"date":"2025-07-23T11:48:12","date_gmt":"2025-07-23T11:48:12","guid":{"rendered":"http:\/\/dummy.xtemos.com\/woodmart2\/elementor\/?post_type=product&#038;p=344"},"modified":"2025-09-29T12:11:02","modified_gmt":"2025-09-29T12:11:02","slug":"felicitare-traditionala-pictata-manual","status":"publish","type":"product","link":"https:\/\/deromania.es\/es\/producto\/felicitare-traditionala-pictata-manual","title":{"rendered":"Tarjeta de felicitaci\u00f3n tradicional pintada a mano - Varios dise\u00f1os 14 x 14 cm"},"content":{"rendered":"<div data-elementor-type=\"wp-post\" data-elementor-id=\"344\" class=\"elementor elementor-344\">\n\t\t\t\t<div class=\"wd-negative-gap elementor-element elementor-element-764820ed e-flex e-con-boxed e-con e-parent\" data-id=\"764820ed\" data-element_type=\"container\" data-e-type=\"container\">\n\t\t\t\t\t<div class=\"e-con-inner\">\n\t\t<div class=\"elementor-element elementor-element-4632e1ef e-con-full e-flex e-con e-child\" data-id=\"4632e1ef\" data-element_type=\"container\" data-e-type=\"container\">\n\t\t\t\t<div class=\"elementor-element elementor-element-752e01ce elementor-widget elementor-widget-wd_text_block\" data-id=\"752e01ce\" data-element_type=\"widget\" data-e-type=\"widget\" data-widget_type=\"wd_text_block.default\">\n\t\t\t\t<div class=\"elementor-widget-container\">\n\t\t\t\t\t\t\t<div class=\"wd-text-block reset-last-child text-left\">\n\t\t\t\n\t\t\t<p data-start=\"204\" data-end=\"283\"><strong data-start=\"204\" data-end=\"283\">Felicitare Tradi\u021bional\u0103 Pictat\u0103 Manual \u2013 Mesaje din inim\u0103, \u00een stil rom\u00e2nesc<\/strong><\/p><p data-start=\"285\" data-end=\"532\">Aceast\u0103 felicitare de 14 x 14 cm nu e doar o simpl\u0103 bucat\u0103 de carton \u2013 e un gest cu suflet. Fiecare felicitare este pictat\u0103 manual, \u00een modele tradi\u021bionale rom\u00e2ne\u0219ti, unele inspirate din cus\u0103turi, altele din motive florale sau simboluri folclorice.<\/p><p data-start=\"534\" data-end=\"815\">Nu exist\u0103 dou\u0103 la fel. Este cadoul perfect pentru rom\u00e2nii din Spania care vor s\u0103 transmit\u0103 un g\u00e2nd frumos \u00eentr-un mod autentic \u0219i personal. Ideal\u0103 pentru zile de na\u0219tere, s\u0103rb\u0103tori sau pur \u0219i simplu pentru a spune \u201eMul\u021bumesc\u201d \u00eentr-un stil care nu se g\u0103se\u0219te pe rafturile obi\u0219nuite.<\/p><p data-start=\"817\" data-end=\"972\">En busca de un <strong data-start=\"825\" data-end=\"864\">felicitare pictat\u0103 manual \u00een Spania<\/strong>? La Deromania.es g\u0103se\u0219ti emo\u021bia ambalat\u0103 frumos, trimis\u0103 din inim\u0103, direct din stocul nostru din Spania.<\/p>\n\t\t\t\t\t<\/div>\n\t\t\t\t\t\t<\/div>\n\t\t\t\t<\/div>\n\t\t\t\t<\/div>\n\t\t<div class=\"elementor-element elementor-element-67eae1d9 e-con-full e-flex e-con e-child\" data-id=\"67eae1d9\" data-element_type=\"container\" data-e-type=\"container\">\n\t\t\t\t<div class=\"elementor-element elementor-element-19b02d76 elementor-widget elementor-widget-wd_infobox\" data-id=\"19b02d76\" data-element_type=\"widget\" data-e-type=\"widget\" data-widget_type=\"wd_infobox.default\">\n\t\t\t\t<div class=\"elementor-widget-container\">\n\t\t\t\t\t\t\t<div class=\"info-box-wrapper\">\n\t\t\t<div class=\"wd-info-box text-center box-icon-align-top box-style-base color-scheme-\">\n\t\t\t\t\t\t\t\t\t<div class=\"box-icon-wrapper  box-with-icon box-icon-simple\">\n\t\t\t\t\t\t<div class=\"info-box-icon\">\n\t\t\t\t\t\t\t\t\t\t\t\t\t\t\t<img loading=\"lazy\" decoding=\"async\" width=\"50\" height=\"50\" src=\"https:\/\/deromania.es\/wp-content\/smush-webp\/2025\/07\/Carti-Arta-traditionale-romanesti-Spania-50x50.png.webp\" class=\"attachment-50x50 size-50x50\" alt=\"Libros y arte Arte tradicional rumano Espa\u00f1a\" srcset=\"https:\/\/deromania.es\/wp-content\/smush-webp\/2025\/07\/Carti-Arta-traditionale-romanesti-Spania-50x50.png.webp 50w, https:\/\/deromania.es\/wp-content\/smush-webp\/2025\/07\/Carti-Arta-traditionale-romanesti-Spania-150x150.png.webp 150w, https:\/\/deromania.es\/wp-content\/smush-webp\/2025\/07\/Carti-Arta-traditionale-romanesti-Spania-430x430.png.webp 430w\" sizes=\"auto, (max-width: 50px) 100vw, 50px\" title=\"\">\t\t\t\t\t\t\t\t\t\t\t\t\t<\/div>\n\t\t\t\t\t<\/div>\n\t\t\t\t\n\t\t\t\t<div class=\"info-box-content\">\n\t\t\t\t\t\n\t\t\t\t\t\t\t\t\t\t\t<h4\t\t\t\t\t\tclass=\"info-box-title title box-title-style-default wd-fontsize-s\" data-elementor-setting-key=\"title\">\n\t\t\t\t\t\t\t\tPictur\u0103 unicat pe fiecare felicitare\t\t\t\t\t\t<\/h4>\n\t\t\t\t\t\n\t\t\t\t\t<div class=\"info-box-inner reset-last-child\"data-elementor-setting-key=\"content\"><p style=\"text-align: center;\">Fiecare model este diferit, realizat manual cu inspira\u021bie din arta popular\u0103 rom\u00e2neasc\u0103.<\/p>\n<\/div>\n\n\t\t\t\t\t\t\t\t\t<\/div>\n\n\t\t\t\t\t\t\t\t\t<a href=\"#\" class=\"wd-info-box-link wd-fill\" aria-label=\"Infobox link\"><\/a>\n\t\t\t\t\t\t\t<\/div>\n\t\t<\/div>\n\t\t\t\t\t\t<\/div>\n\t\t\t\t<\/div>\n\t\t\t\t<div class=\"elementor-element elementor-element-5c089cba elementor-widget elementor-widget-wd_infobox\" data-id=\"5c089cba\" data-element_type=\"widget\" data-e-type=\"widget\" data-widget_type=\"wd_infobox.default\">\n\t\t\t\t<div class=\"elementor-widget-container\">\n\t\t\t\t\t\t\t<div class=\"info-box-wrapper\">\n\t\t\t<div class=\"wd-info-box text-center box-icon-align-top box-style-base color-scheme-\">\n\t\t\t\t\t\t\t\t\t<div class=\"box-icon-wrapper  box-with-icon box-icon-simple\">\n\t\t\t\t\t\t<div class=\"info-box-icon\">\n\t\t\t\t\t\t\t\t\t\t\t\t\t\t\t<img loading=\"lazy\" decoding=\"async\" width=\"50\" height=\"50\" src=\"https:\/\/deromania.es\/wp-content\/smush-webp\/2025\/07\/Jucarii-Traditionale-Romanesti-50x50.png.webp\" class=\"attachment-50x50 size-50x50\" alt=\"Juguetes tradicionales rumanos\" srcset=\"https:\/\/deromania.es\/wp-content\/smush-webp\/2025\/07\/Jucarii-Traditionale-Romanesti-50x50.png.webp 50w, https:\/\/deromania.es\/wp-content\/smush-webp\/2025\/07\/Jucarii-Traditionale-Romanesti-12x12.png.webp 12w, https:\/\/deromania.es\/wp-content\/smush-webp\/2025\/07\/Jucarii-Traditionale-Romanesti-150x150.png.webp 150w, https:\/\/deromania.es\/wp-content\/uploads\/2025\/07\/Jucarii-Traditionale-Romanesti-300x300.png 300w, https:\/\/deromania.es\/wp-content\/smush-webp\/2025\/07\/Jucarii-Traditionale-Romanesti-768x768.png.webp 768w, https:\/\/deromania.es\/wp-content\/uploads\/2025\/07\/Jucarii-Traditionale-Romanesti-800x800.png 800w, https:\/\/deromania.es\/wp-content\/uploads\/2025\/07\/Jucarii-Traditionale-Romanesti-430x430.png 430w, https:\/\/deromania.es\/wp-content\/uploads\/2025\/07\/Jucarii-Traditionale-Romanesti-700x700.png 700w, https:\/\/deromania.es\/wp-content\/smush-webp\/2025\/07\/Jucarii-Traditionale-Romanesti.png.webp 1024w\" sizes=\"auto, (max-width: 50px) 100vw, 50px\" title=\"\">\t\t\t\t\t\t\t\t\t\t\t\t\t<\/div>\n\t\t\t\t\t<\/div>\n\t\t\t\t\n\t\t\t\t<div class=\"info-box-content\">\n\t\t\t\t\t\n\t\t\t\t\t\t\t\t\t\t\t<h4\t\t\t\t\t\tclass=\"info-box-title title box-title-style-default wd-fontsize-s\" data-elementor-setting-key=\"title\">\n\t\t\t\t\t\t\t\tEntrega r\u00e1pida desde Espa\u00f1a\t\t\t\t\t\t<\/h4>\n\t\t\t\t\t\n\t\t\t\t\t<div class=\"info-box-inner reset-last-child\"data-elementor-setting-key=\"content\"><p style=\"text-align: center;\">Enviamos desde nuestro propio stock en la provincia de C\u00e1diz. Sin aranceles ni largas esperas desde Ruman\u00eda.<\/p>\n<\/div>\n\n\t\t\t\t\t\t\t\t\t<\/div>\n\n\t\t\t\t\t\t\t\t\t<a href=\"#\" class=\"wd-info-box-link wd-fill\" aria-label=\"Infobox link\"><\/a>\n\t\t\t\t\t\t\t<\/div>\n\t\t<\/div>\n\t\t\t\t\t\t<\/div>\n\t\t\t\t<\/div>\n\t\t\t\t<\/div>\n\t\t<div class=\"elementor-element elementor-element-1539e3e0 e-con-full e-flex e-con e-child\" data-id=\"1539e3e0\" data-element_type=\"container\" data-e-type=\"container\">\n\t\t\t\t<div class=\"elementor-element elementor-element-5a5a427c elementor-widget elementor-widget-wd_infobox\" data-id=\"5a5a427c\" data-element_type=\"widget\" data-e-type=\"widget\" data-widget_type=\"wd_infobox.default\">\n\t\t\t\t<div class=\"elementor-widget-container\">\n\t\t\t\t\t\t\t<div class=\"info-box-wrapper\">\n\t\t\t<div class=\"wd-info-box text-center box-icon-align-top box-style-base color-scheme-\">\n\t\t\t\t\t\t\t\t\t<div class=\"box-icon-wrapper  box-with-icon box-icon-simple\">\n\t\t\t\t\t\t<div class=\"info-box-icon\">\n\t\t\t\t\t\t\t\t\t\t\t\t\t\t\t<img loading=\"lazy\" decoding=\"async\" width=\"50\" height=\"50\" src=\"https:\/\/deromania.es\/wp-content\/smush-webp\/2025\/07\/martisoare-si-Bijuterii-Spania-50x50.png.webp\" class=\"attachment-50x50 size-50x50\" alt=\"Marzot y Joyer\u00eda Espa\u00f1a\" srcset=\"https:\/\/deromania.es\/wp-content\/smush-webp\/2025\/07\/martisoare-si-Bijuterii-Spania-50x50.png.webp 50w, https:\/\/deromania.es\/wp-content\/smush-webp\/2025\/07\/martisoare-si-Bijuterii-Spania-150x150.png.webp 150w, https:\/\/deromania.es\/wp-content\/smush-webp\/2025\/07\/martisoare-si-Bijuterii-Spania-430x430.png.webp 430w\" sizes=\"auto, (max-width: 50px) 100vw, 50px\" title=\"\">\t\t\t\t\t\t\t\t\t\t\t\t\t<\/div>\n\t\t\t\t\t<\/div>\n\t\t\t\t\n\t\t\t\t<div class=\"info-box-content\">\n\t\t\t\t\t\n\t\t\t\t\t\t\t\t\t\t\t<h4\t\t\t\t\t\tclass=\"info-box-title title box-title-style-default wd-fontsize-s\" data-elementor-setting-key=\"title\">\n\t\t\t\t\t\t\t\tLoc pentru mesajul t\u0103u\t\t\t\t\t\t<\/h4>\n\t\t\t\t\t\n\t\t\t\t\t<div class=\"info-box-inner reset-last-child\"data-elementor-setting-key=\"content\"><p style=\"text-align: center;\">Interiorul este alb, gata s\u0103 primeasc\u0103 un g\u00e2nd cald scris de m\u00e2n\u0103.<\/p>\n<\/div>\n\n\t\t\t\t\t\t\t\t\t<\/div>\n\n\t\t\t\t\t\t\t\t\t<a href=\"#\" class=\"wd-info-box-link wd-fill\" aria-label=\"Infobox link\"><\/a>\n\t\t\t\t\t\t\t<\/div>\n\t\t<\/div>\n\t\t\t\t\t\t<\/div>\n\t\t\t\t<\/div>\n\t\t\t\t<div class=\"elementor-element elementor-element-5bb7c8f6 elementor-widget elementor-widget-wd_infobox\" data-id=\"5bb7c8f6\" data-element_type=\"widget\" data-e-type=\"widget\" data-widget_type=\"wd_infobox.default\">\n\t\t\t\t<div class=\"elementor-widget-container\">\n\t\t\t\t\t\t\t<div class=\"info-box-wrapper\">\n\t\t\t<div class=\"wd-info-box text-center box-icon-align-top box-style-base color-scheme-\">\n\t\t\t\t\t\t\t\t\t<div class=\"box-icon-wrapper  box-with-icon box-icon-simple\">\n\t\t\t\t\t\t<div class=\"info-box-icon\">\n\t\t\t\t\t\t\t\t\t\t\t\t\t\t\t<img loading=\"lazy\" decoding=\"async\" width=\"50\" height=\"50\" src=\"https:\/\/deromania.es\/wp-content\/smush-webp\/2025\/07\/Produse-Romanesti-Handmade-Spania-50x50.png.webp\" class=\"attachment-50x50 size-50x50\" alt=\"Productos rumanos hechos a mano Espa\u00f1a\" srcset=\"https:\/\/deromania.es\/wp-content\/smush-webp\/2025\/07\/Produse-Romanesti-Handmade-Spania-50x50.png.webp 50w, https:\/\/deromania.es\/wp-content\/smush-webp\/2025\/07\/Produse-Romanesti-Handmade-Spania-150x150.png.webp 150w, https:\/\/deromania.es\/wp-content\/smush-webp\/2025\/07\/Produse-Romanesti-Handmade-Spania-430x430.png.webp 430w\" sizes=\"auto, (max-width: 50px) 100vw, 50px\" title=\"\">\t\t\t\t\t\t\t\t\t\t\t\t\t<\/div>\n\t\t\t\t\t<\/div>\n\t\t\t\t\n\t\t\t\t<div class=\"info-box-content\">\n\t\t\t\t\t\n\t\t\t\t\t\t\t\t\t\t\t<h4\t\t\t\t\t\tclass=\"info-box-title title box-title-style-default wd-fontsize-s\" data-elementor-setting-key=\"title\">\n\t\t\t\t\t\t\t\tF\u0103cut\u0103 cu pasiune \u00een Rom\u00e2nia\t\t\t\t\t\t<\/h4>\n\t\t\t\t\t\n\t\t\t\t\t<div class=\"info-box-inner reset-last-child\"data-elementor-setting-key=\"content\"><p style=\"text-align: center;\">Lucrat\u0103 de artizani rom\u00e2ni care duc mai departe tradi\u021bia \u00een forme simple, dar pline de sens.<\/p>\n<\/div>\n\n\t\t\t\t\t\t\t\t\t<\/div>\n\n\t\t\t\t\t\t\t\t\t<a href=\"#\" class=\"wd-info-box-link wd-fill\" aria-label=\"Infobox link\"><\/a>\n\t\t\t\t\t\t\t<\/div>\n\t\t<\/div>\n\t\t\t\t\t\t<\/div>\n\t\t\t\t<\/div>\n\t\t\t\t<\/div>\n\t\t\t\t\t<\/div>\n\t\t\t\t<\/div>\n\t\t\t\t<\/div>","protected":false},"excerpt":{"rendered":"<p>Felicitare unicat, pictat\u0103 manual \u00een stil tradi\u021bional rom\u00e2nesc. Dimensiune 14&#215;14 cm. Perfect\u0103 pentru mesaje cu suflet \u0219i cadouri speciale.<\/p>","protected":false},"featured_media":34613,"comment_status":"open","ping_status":"closed","template":"","meta":[],"product_brand":[128],"product_cat":[148,144],"product_tag":[198,193,190,199,328,209,194,207,188,195,192],"class_list":{"0":"post-344","1":"product","2":"type-product","3":"status-publish","4":"has-post-thumbnail","6":"product_brand-martisor","7":"product_cat-carti-arta","8":"product_cat-decoratiuni","9":"product_tag-artizanat-romanesc","10":"product_tag-cadou-romanesc","11":"product_tag-cultura-romaneasca","12":"product_tag-decor-traditional","13":"product_tag-decorative","14":"product_tag-felicitare-traditionala","15":"product_tag-obiect-traditional","16":"product_tag-pictura-manuala","17":"product_tag-produse-traditionale-romanesti","18":"product_tag-simbol-romanesc","19":"product_tag-suvenir-romanesc","21":"first","22":"instock","23":"featured","24":"taxable","25":"shipping-taxable","26":"purchasable","27":"product-type-simple"},"_links":{"self":[{"href":"https:\/\/deromania.es\/es\/wp-json\/wp\/v2\/product\/344","targetHints":{"allow":["GET"]}}],"collection":[{"href":"https:\/\/deromania.es\/es\/wp-json\/wp\/v2\/product"}],"about":[{"href":"https:\/\/deromania.es\/es\/wp-json\/wp\/v2\/types\/product"}],"replies":[{"embeddable":true,"href":"https:\/\/deromania.es\/es\/wp-json\/wp\/v2\/comments?post=344"}],"version-history":[{"count":0,"href":"https:\/\/deromania.es\/es\/wp-json\/wp\/v2\/product\/344\/revisions"}],"wp:featuredmedia":[{"embeddable":true,"href":"https:\/\/deromania.es\/es\/wp-json\/wp\/v2\/media\/34613"}],"wp:attachment":[{"href":"https:\/\/deromania.es\/es\/wp-json\/wp\/v2\/media?parent=344"}],"wp:term":[{"taxonomy":"product_brand","embeddable":true,"href":"https:\/\/deromania.es\/es\/wp-json\/wp\/v2\/product_brand?post=344"},{"taxonomy":"product_cat","embeddable":true,"href":"https:\/\/deromania.es\/es\/wp-json\/wp\/v2\/product_cat?post=344"},{"taxonomy":"product_tag","embeddable":true,"href":"https:\/\/deromania.es\/es\/wp-json\/wp\/v2\/product_tag?post=344"}],"curies":[{"name":"wp","href":"https:\/\/api.w.org\/{rel}","templated":true}]}}