{"id":253267,"date":"2026-02-22T14:22:21","date_gmt":"2026-02-22T13:22:21","guid":{"rendered":"https:\/\/deromania.es\/?post_type=product&#038;p=253267"},"modified":"2026-04-01T14:02:16","modified_gmt":"2026-04-01T12:02:16","slug":"fitile-cu-pluta-rotunda-plic","status":"publish","type":"product","link":"https:\/\/deromania.es\/es\/producto\/fitile-cu-pluta-rotunda-plic","title":{"rendered":"Mechas con corcho redondo - sobre"},"content":{"rendered":"<div data-elementor-type=\"wp-post\" data-elementor-id=\"253267\" class=\"elementor elementor-253267\">\n\t\t\t\t<div class=\"wd-negative-gap elementor-element elementor-element-1b6d1549 e-flex e-con-boxed e-con e-parent\" data-id=\"1b6d1549\" data-element_type=\"container\" data-e-type=\"container\">\n\t\t\t\t\t<div class=\"e-con-inner\">\n\t\t\t\t<div class=\"elementor-element elementor-element-24879603 color-scheme-inherit text-left elementor-widget elementor-widget-text-editor\" data-id=\"24879603\" data-element_type=\"widget\" data-e-type=\"widget\" data-widget_type=\"text-editor.default\">\n\t\t\t\t<div class=\"elementor-widget-container\">\n\t\t\t\t\t\t\t\t\t<p data-start=\"543\" data-end=\"627\"><strong data-start=\"543\" data-end=\"627\">Fitile cu Plut\u0103 rotund\u0103 \u2013 plic, accesorii indispensabile pentru candele ortodoxe<\/strong><\/p><p data-start=\"629\" data-end=\"979\"><strong data-start=\"629\" data-end=\"665\">Fitilele cu plut\u0103 rotund\u0103 \u2013 plic<\/strong> sunt accesorii esen\u021biale pentru utilizarea corect\u0103 a candelelor cu ulei, at\u00e2t \u00een locuin\u021be, c\u00e2t \u0219i \u00een biserici. Concepute pentru a asigura o ardere stabil\u0103 \u0219i controlat\u0103, aceste fitile sunt prev\u0103zute cu plut\u0103 rotund\u0103, care permite men\u021binerea lor la suprafa\u021ba uleiului, facilit\u00e2nd o func\u021bionare eficient\u0103 \u0219i sigur\u0103.<\/p><p data-start=\"981\" data-end=\"1284\">\u00cen tradi\u021bia ortodox\u0103, candela aprins\u0103 \u00een fa\u021ba icoanelor este un simbol al <strong data-start=\"1055\" data-end=\"1124\">rug\u0103ciunii ne\u00eencetate, al credin\u021bei vii \u0219i al luminii lui Hristos<\/strong>. Pentru ca aceast\u0103 practic\u0103 s\u0103 fie realizat\u0103 \u00een condi\u021bii optime, este important ca fitilul s\u0103 fie de calitate, bine fixat \u0219i adaptat pentru utilizarea zilnic\u0103.<\/p><p data-start=\"1286\" data-end=\"1516\">Pluta rotund\u0103 ajut\u0103 la pozi\u021bionarea corect\u0103 a fitilului \u00een vasul cu ulei, prevenind scufundarea acestuia \u0219i contribuind la o ardere constant\u0103. Plicul con\u021bine mai multe fitile, fiind o solu\u021bie practic\u0103 pentru utilizare \u00eendelungat\u0103.<\/p><p data-start=\"1518\" data-end=\"1554\">Aceste fitile sunt potrivite pentru:<\/p><ul data-start=\"1555\" data-end=\"1644\"><li data-start=\"1555\" data-end=\"1573\"><p data-start=\"1557\" data-end=\"1573\">candele de mas\u0103,<\/p><\/li><li data-start=\"1574\" data-end=\"1595\"><p data-start=\"1576\" data-end=\"1595\">candele suspendate,<\/p><\/li><li data-start=\"1596\" data-end=\"1644\"><p data-start=\"1598\" data-end=\"1644\">utilizare \u00een locuin\u021be sau \u00een l\u0103ca\u0219uri de cult.<\/p><\/li><\/ul><p data-start=\"1646\" data-end=\"1883\">Disponibile pe <strong data-start=\"1661\" data-end=\"1677\">Deromania.es<\/strong>, Fitilele cu Plut\u0103 rotund\u0103 \u2013 plic fac parte din categoria articolelor de cult ortodox disponibile pentru rom\u00e2nii din Spania. Produsele sunt \u00een stoc local \u0219i se livreaz\u0103 prin Correos \u00een 2\u20134 zile lucr\u0103toare.<\/p><p data-start=\"1885\" data-end=\"1996\">Un accesoriu simplu, dar indispensabil pentru p\u0103strarea tradi\u021biei aprinderii candelei \u00een fa\u021ba sfintelor icoane.<\/p>\t\t\t\t\t\t\t\t<\/div>\n\t\t\t\t<\/div>\n\t\t\t\t\t<\/div>\n\t\t\t\t<\/div>\n\t\t\t\t<\/div>","protected":false},"excerpt":{"rendered":"<p>Mechas redondas de corcho - sobre, accesorios esenciales para velas ortodoxas y l\u00e1mparas de culto. Pr\u00e1ctico y seguro para su uso en el hogar o en la iglesia.<\/p>","protected":false},"featured_media":258801,"comment_status":"open","ping_status":"closed","template":"","meta":[],"product_brand":[122],"product_cat":[98,685],"product_tag":[557,643,644,645,642],"class_list":{"0":"post-253267","1":"product","2":"type-product","3":"status-publish","4":"has-post-thumbnail","6":"product_brand-patriarhia-romana","7":"product_cat-obiecte-ortodoxe","8":"product_cat-pastele-ortodox","9":"product_tag-candela","10":"product_tag-fitile","11":"product_tag-fitile-galbene","12":"product_tag-parafina","13":"product_tag-produs-ortodox","15":"first","16":"outofstock","17":"taxable","18":"shipping-taxable","19":"purchasable","20":"product-type-simple"},"_links":{"self":[{"href":"https:\/\/deromania.es\/es\/wp-json\/wp\/v2\/product\/253267","targetHints":{"allow":["GET"]}}],"collection":[{"href":"https:\/\/deromania.es\/es\/wp-json\/wp\/v2\/product"}],"about":[{"href":"https:\/\/deromania.es\/es\/wp-json\/wp\/v2\/types\/product"}],"replies":[{"embeddable":true,"href":"https:\/\/deromania.es\/es\/wp-json\/wp\/v2\/comments?post=253267"}],"version-history":[{"count":0,"href":"https:\/\/deromania.es\/es\/wp-json\/wp\/v2\/product\/253267\/revisions"}],"wp:featuredmedia":[{"embeddable":true,"href":"https:\/\/deromania.es\/es\/wp-json\/wp\/v2\/media\/258801"}],"wp:attachment":[{"href":"https:\/\/deromania.es\/es\/wp-json\/wp\/v2\/media?parent=253267"}],"wp:term":[{"taxonomy":"product_brand","embeddable":true,"href":"https:\/\/deromania.es\/es\/wp-json\/wp\/v2\/product_brand?post=253267"},{"taxonomy":"product_cat","embeddable":true,"href":"https:\/\/deromania.es\/es\/wp-json\/wp\/v2\/product_cat?post=253267"},{"taxonomy":"product_tag","embeddable":true,"href":"https:\/\/deromania.es\/es\/wp-json\/wp\/v2\/product_tag?post=253267"}],"curies":[{"name":"wp","href":"https:\/\/api.w.org\/{rel}","templated":true}]}}