{"id":253258,"date":"2026-02-22T14:16:17","date_gmt":"2026-02-22T13:16:17","guid":{"rendered":"https:\/\/deromania.es\/?post_type=product&#038;p=253258"},"modified":"2026-03-29T18:25:30","modified_gmt":"2026-03-29T16:25:30","slug":"mir-de-nard-4-ml","status":"publish","type":"product","link":"https:\/\/deromania.es\/es\/producto\/mir-de-nard-4-ml","title":{"rendered":"Nardo MIR - 4 ml"},"content":{"rendered":"<div data-elementor-type=\"wp-post\" data-elementor-id=\"253258\" class=\"elementor elementor-253258\">\n\t\t\t\t<div class=\"wd-negative-gap elementor-element elementor-element-77efb82 e-flex e-con-boxed e-con e-parent\" data-id=\"77efb82\" data-element_type=\"container\" data-e-type=\"container\">\n\t\t\t\t\t<div class=\"e-con-inner\">\n\t\t\t\t<div class=\"elementor-element elementor-element-f0ec461 elementor-widget__width-initial elementor-widget elementor-widget-wd_text_block\" data-id=\"f0ec461\" data-element_type=\"widget\" data-e-type=\"widget\" data-widget_type=\"wd_text_block.default\">\n\t\t\t\t<div class=\"elementor-widget-container\">\n\t\t\t\t\t\t\t<div class=\"wd-text-block reset-last-child text-left\">\n\t\t\t\n\t\t\t<p data-start=\"474\" data-end=\"547\"><strong data-start=\"474\" data-end=\"547\">Mir de Nard \u2013 4 ml, mireasma tradi\u021biei biblice \u0219i a evlaviei cre\u0219tine<\/strong><\/p><p data-start=\"549\" data-end=\"934\"><strong data-start=\"549\" data-end=\"573\">Mirul de Nard \u2013 4 ml<\/strong> este un ulei parfumat cu o semnifica\u021bie profund biblic\u0103 \u0219i spiritual\u0103. Nardul este men\u021bionat \u00een Sf\u00e2nta Scriptur\u0103 ca un parfum de mare pre\u021b, folosit pentru ungere \u0219i ca expresie a iubirii \u0219i cinstirii. \u00cen Noul Testament, mirul de nard este asociat cu momentul \u00een care M\u00e2ntuitorul Iisus Hristos a fost uns cu mir pre\u021bios, simbol al jertfei \u0219i al d\u0103ruirii totale.<\/p><p data-start=\"936\" data-end=\"1213\">Aroma de nard este intens\u0103, cald\u0103 \u0219i profund\u0103, favoriz\u00e2nd o stare de lini\u0219te, reculegere \u0219i concentrare \u00een timpul rug\u0103ciunii. Este potrivit pentru uz personal, \u00een col\u021bul de rug\u0103ciune din cas\u0103, sau ca dar simbolic oferit unei persoane dragi, cu ocazia unei s\u0103rb\u0103tori religioase.<\/p><p data-start=\"1215\" data-end=\"1432\">Recipientul de <strong data-start=\"1230\" data-end=\"1238\">4 ml<\/strong> este compact \u0219i practic, u\u0219or de p\u0103strat sau transportat. Ambalajul discret \u00eel face potrivit pentru utilizare zilnic\u0103, f\u0103r\u0103 a ocupa spa\u021biu, dar p\u0103str\u00e2nd totodat\u0103 caracterul sacru al produsului.<\/p><p data-start=\"1434\" data-end=\"1669\">Pe <strong data-start=\"1437\" data-end=\"1453\">Deromania.es<\/strong>, Mirul de Nard \u2013 4 ml face parte din categoria produselor ortodoxe \u0219i articolelor religioase dedicate rom\u00e2nilor din Spania. Produsul este disponibil din stoc local \u0219i se livreaz\u0103 prin Correos \u00een 2\u20134 zile lucr\u0103toare.<\/p><p data-start=\"1671\" data-end=\"1810\"><strong data-start=\"1671\" data-end=\"1695\">Mirul de Nard \u2013 4 ml<\/strong> nu este doar un parfum, ci un simbol al credin\u021bei, al tradi\u021biei \u0219i al leg\u0103turii cu r\u0103d\u0103cinile spirituale ortodoxe.<\/p>\n\t\t\t\t\t<\/div>\n\t\t\t\t\t\t<\/div>\n\t\t\t\t<\/div>\n\t\t\t\t<div class=\"elementor-element elementor-element-6944a65 elementor-widget__width-initial elementor-widget elementor-widget-wd_image_or_svg\" data-id=\"6944a65\" data-element_type=\"widget\" data-e-type=\"widget\" data-widget_type=\"wd_image_or_svg.default\">\n\t\t\t\t<div class=\"elementor-widget-container\">\n\t\t\t\t\t\n\t\t<div class=\"wd-image text-left\">\n\t\t\t\t\t\t\t\t<img loading=\"lazy\" decoding=\"async\" width=\"1024\" height=\"1024\" src=\"https:\/\/deromania.es\/wp-content\/smush-webp\/2021\/08\/Icon-Icoane-traditionale-si-textile-romanesti.jpeg.webp\" class=\"attachment-full size-full\" alt=\"Icono Iconos rumanos, tradicionales y textiles\" srcset=\"https:\/\/deromania.es\/wp-content\/smush-webp\/2021\/08\/Icon-Icoane-traditionale-si-textile-romanesti.jpeg.webp 1024w, https:\/\/deromania.es\/wp-content\/smush-webp\/2021\/08\/Icon-Icoane-traditionale-si-textile-romanesti-12x12.jpeg.webp 12w, https:\/\/deromania.es\/wp-content\/smush-webp\/2021\/08\/Icon-Icoane-traditionale-si-textile-romanesti-150x150.jpeg.webp 150w, https:\/\/deromania.es\/wp-content\/smush-webp\/2021\/08\/Icon-Icoane-traditionale-si-textile-romanesti-300x300.jpeg.webp 300w, https:\/\/deromania.es\/wp-content\/smush-webp\/2021\/08\/Icon-Icoane-traditionale-si-textile-romanesti-768x768.jpeg.webp 768w, https:\/\/deromania.es\/wp-content\/smush-webp\/2021\/08\/Icon-Icoane-traditionale-si-textile-romanesti-800x800.jpeg.webp 800w, https:\/\/deromania.es\/wp-content\/smush-webp\/2021\/08\/Icon-Icoane-traditionale-si-textile-romanesti-430x430.jpeg.webp 430w, https:\/\/deromania.es\/wp-content\/smush-webp\/2021\/08\/Icon-Icoane-traditionale-si-textile-romanesti-700x700.jpeg.webp 700w, https:\/\/deromania.es\/wp-content\/smush-webp\/2021\/08\/Icon-Icoane-traditionale-si-textile-romanesti-50x50.jpeg.webp 50w\" sizes=\"auto, (max-width: 1024px) 100vw, 1024px\" title=\"\">\t\t\t\t\t<\/div>\n\n\t\t\t\t\t\t<\/div>\n\t\t\t\t<\/div>\n\t\t\t\t\t<\/div>\n\t\t\t\t<\/div>\n\t\t\t\t<\/div>","protected":false},"excerpt":{"rendered":"<p data-start=\"118\" data-end=\"241\">Mirra de Nardo - 4 ml, aceite perfumado con una profunda fragancia b\u00edblica, ideal para la oraci\u00f3n personal y los momentos de recogimiento.<\/p>","protected":false},"featured_media":253262,"comment_status":"open","ping_status":"closed","template":"","meta":[],"product_brand":[122],"product_cat":[98,685],"product_tag":[684],"class_list":{"0":"post-253258","1":"product","2":"type-product","3":"status-publish","4":"has-post-thumbnail","6":"product_brand-patriarhia-romana","7":"product_cat-obiecte-ortodoxe","8":"product_cat-pastele-ortodox","9":"product_tag-mir","11":"first","12":"instock","13":"taxable","14":"shipping-taxable","15":"purchasable","16":"product-type-simple"},"_links":{"self":[{"href":"https:\/\/deromania.es\/es\/wp-json\/wp\/v2\/product\/253258","targetHints":{"allow":["GET"]}}],"collection":[{"href":"https:\/\/deromania.es\/es\/wp-json\/wp\/v2\/product"}],"about":[{"href":"https:\/\/deromania.es\/es\/wp-json\/wp\/v2\/types\/product"}],"replies":[{"embeddable":true,"href":"https:\/\/deromania.es\/es\/wp-json\/wp\/v2\/comments?post=253258"}],"version-history":[{"count":0,"href":"https:\/\/deromania.es\/es\/wp-json\/wp\/v2\/product\/253258\/revisions"}],"wp:featuredmedia":[{"embeddable":true,"href":"https:\/\/deromania.es\/es\/wp-json\/wp\/v2\/media\/253262"}],"wp:attachment":[{"href":"https:\/\/deromania.es\/es\/wp-json\/wp\/v2\/media?parent=253258"}],"wp:term":[{"taxonomy":"product_brand","embeddable":true,"href":"https:\/\/deromania.es\/es\/wp-json\/wp\/v2\/product_brand?post=253258"},{"taxonomy":"product_cat","embeddable":true,"href":"https:\/\/deromania.es\/es\/wp-json\/wp\/v2\/product_cat?post=253258"},{"taxonomy":"product_tag","embeddable":true,"href":"https:\/\/deromania.es\/es\/wp-json\/wp\/v2\/product_tag?post=253258"}],"curies":[{"name":"wp","href":"https:\/\/api.w.org\/{rel}","templated":true}]}}