{"id":253253,"date":"2026-02-22T14:14:03","date_gmt":"2026-02-22T13:14:03","guid":{"rendered":"https:\/\/deromania.es\/?post_type=product&#038;p=253253"},"modified":"2026-04-24T16:45:56","modified_gmt":"2026-04-24T14:45:56","slug":"mir-8-ml-capac-auriu-trandafir","status":"publish","type":"product","link":"https:\/\/deromania.es\/es\/producto\/mir-8-ml-capac-auriu-trandafir","title":{"rendered":"Mirra 8 ml Capuch\u00f3n Rosa de Oro"},"content":{"rendered":"<div data-elementor-type=\"wp-post\" data-elementor-id=\"253253\" class=\"elementor elementor-253253\">\n\t\t\t\t<div class=\"wd-negative-gap elementor-element elementor-element-77efb82 e-flex e-con-boxed e-con e-parent\" data-id=\"77efb82\" data-element_type=\"container\" data-e-type=\"container\">\n\t\t\t\t\t<div class=\"e-con-inner\">\n\t\t\t\t<div class=\"elementor-element elementor-element-f0ec461 elementor-widget__width-initial elementor-widget elementor-widget-wd_text_block\" data-id=\"f0ec461\" data-element_type=\"widget\" data-e-type=\"widget\" data-widget_type=\"wd_text_block.default\">\n\t\t\t\t<div class=\"elementor-widget-container\">\n\t\t\t\t\t\t\t<div class=\"wd-text-block reset-last-child text-left\">\n\t\t\t\n\t\t\t<p data-start=\"516\" data-end=\"604\"><strong data-start=\"516\" data-end=\"604\">Mir 8 ml Capac Auriu Trandafir \u2013 mireasm\u0103 delicat\u0103 pentru rug\u0103ciune \u0219i binecuv\u00e2ntare<\/strong><\/p><p data-start=\"606\" data-end=\"928\"><strong data-start=\"606\" data-end=\"645\">Mirul 8 ml cu Capac Auriu Trandafir<\/strong> este un ulei parfumat special conceput pentru uz religios \u0219i personal, av\u00e2nd o arom\u0103 fin\u0103 \u0219i pl\u0103cut\u0103 de trandafir. Ambalat \u00eentr-un recipient elegant, cu capac auriu, acest mir este potrivit pentru a fi p\u0103strat \u00een cas\u0103, \u00een col\u021bul de rug\u0103ciune, sau pentru a fi oferit ca dar simbolic.<\/p><p data-start=\"930\" data-end=\"1298\">\u00cen tradi\u021bia ortodox\u0103, mirul este asociat cu <strong data-start=\"974\" data-end=\"1024\">cur\u0103\u021bia, binecuv\u00e2ntarea \u0219i \u00eent\u0103rirea credin\u021bei<\/strong>. Este utilizat \u00een cadrul slujbelor biserice\u0219ti, dar \u0219i de credincio\u0219i \u00een rug\u0103ciunea personal\u0103, ca semn de evlavie \u0219i apropiere de Dumnezeu. Mireasma de trandafir adaug\u0103 o not\u0103 de lini\u0219te \u0219i delicate\u021be, contribuind la crearea unei atmosfere de reculegere \u0219i pace interioar\u0103.<\/p><p data-start=\"1300\" data-end=\"1514\">Recipientul de 8 ml este compact \u0219i practic, u\u0219or de transportat sau p\u0103strat \u00eentr-un spa\u021biu mic. Designul cu capac auriu ofer\u0103 un aspect \u00eengrijit \u0219i respectuos, potrivit pentru un produs cu semnifica\u021bie spiritual\u0103.<\/p><p data-start=\"1516\" data-end=\"1753\"><strong data-start=\"1516\" data-end=\"1550\">Mirra 8 ml Capuch\u00f3n Rosa de Oro<\/strong> este disponibil pe Deromania.es, \u00een categoria de produse ortodoxe \u0219i articole religioase pentru rom\u00e2nii din Spania. Toate produsele sunt \u00een stoc local \u0219i se livreaz\u0103 prin Correos \u00een 2\u20134 zile lucr\u0103toare.<\/p><p data-start=\"1755\" data-end=\"1913\">Un produs discret, dar cu semnifica\u021bie profund\u0103, potrivit pentru uz personal sau pentru a fi oferit cuiva drag, ca semn de binecuv\u00e2ntare \u0219i grij\u0103 sufleteasc\u0103.<\/p>\n\t\t\t\t\t<\/div>\n\t\t\t\t\t\t<\/div>\n\t\t\t\t<\/div>\n\t\t\t\t<div class=\"elementor-element elementor-element-6944a65 elementor-widget__width-initial elementor-widget elementor-widget-wd_image_or_svg\" data-id=\"6944a65\" data-element_type=\"widget\" data-e-type=\"widget\" data-widget_type=\"wd_image_or_svg.default\">\n\t\t\t\t<div class=\"elementor-widget-container\">\n\t\t\t\t\t\n\t\t<div class=\"wd-image text-left\">\n\t\t\t\t\t\t\t\t<img loading=\"lazy\" decoding=\"async\" width=\"1024\" height=\"1024\" src=\"https:\/\/deromania.es\/wp-content\/smush-webp\/2021\/08\/Icon-Icoane-traditionale-si-textile-romanesti.jpeg.webp\" class=\"attachment-full size-full\" alt=\"Icono Iconos rumanos, tradicionales y textiles\" srcset=\"https:\/\/deromania.es\/wp-content\/smush-webp\/2021\/08\/Icon-Icoane-traditionale-si-textile-romanesti.jpeg.webp 1024w, https:\/\/deromania.es\/wp-content\/smush-webp\/2021\/08\/Icon-Icoane-traditionale-si-textile-romanesti-12x12.jpeg.webp 12w, https:\/\/deromania.es\/wp-content\/smush-webp\/2021\/08\/Icon-Icoane-traditionale-si-textile-romanesti-150x150.jpeg.webp 150w, https:\/\/deromania.es\/wp-content\/smush-webp\/2021\/08\/Icon-Icoane-traditionale-si-textile-romanesti-300x300.jpeg.webp 300w, https:\/\/deromania.es\/wp-content\/smush-webp\/2021\/08\/Icon-Icoane-traditionale-si-textile-romanesti-768x768.jpeg.webp 768w, https:\/\/deromania.es\/wp-content\/smush-webp\/2021\/08\/Icon-Icoane-traditionale-si-textile-romanesti-800x800.jpeg.webp 800w, https:\/\/deromania.es\/wp-content\/smush-webp\/2021\/08\/Icon-Icoane-traditionale-si-textile-romanesti-430x430.jpeg.webp 430w, https:\/\/deromania.es\/wp-content\/smush-webp\/2021\/08\/Icon-Icoane-traditionale-si-textile-romanesti-700x700.jpeg.webp 700w, https:\/\/deromania.es\/wp-content\/smush-webp\/2021\/08\/Icon-Icoane-traditionale-si-textile-romanesti-50x50.jpeg.webp 50w\" sizes=\"auto, (max-width: 1024px) 100vw, 1024px\" title=\"\">\t\t\t\t\t<\/div>\n\n\t\t\t\t\t\t<\/div>\n\t\t\t\t<\/div>\n\t\t\t\t\t<\/div>\n\t\t\t\t<\/div>\n\t\t\t\t<\/div>","protected":false},"excerpt":{"rendered":"<p>Mirra 8 ml Golden Rose Cap - aceite perfumado con delicada fragancia a rosas, ideal para uso personal, oraci\u00f3n y bendici\u00f3n.<\/p>","protected":false},"featured_media":253255,"comment_status":"open","ping_status":"closed","template":"","meta":[],"product_brand":[122],"product_cat":[98,685],"product_tag":[684],"class_list":{"0":"post-253253","1":"product","2":"type-product","3":"status-publish","4":"has-post-thumbnail","6":"product_brand-patriarhia-romana","7":"product_cat-obiecte-ortodoxe","8":"product_cat-pastele-ortodox","9":"product_tag-mir","11":"first","12":"instock","13":"taxable","14":"shipping-taxable","15":"purchasable","16":"product-type-simple"},"_links":{"self":[{"href":"https:\/\/deromania.es\/es\/wp-json\/wp\/v2\/product\/253253","targetHints":{"allow":["GET"]}}],"collection":[{"href":"https:\/\/deromania.es\/es\/wp-json\/wp\/v2\/product"}],"about":[{"href":"https:\/\/deromania.es\/es\/wp-json\/wp\/v2\/types\/product"}],"replies":[{"embeddable":true,"href":"https:\/\/deromania.es\/es\/wp-json\/wp\/v2\/comments?post=253253"}],"version-history":[{"count":0,"href":"https:\/\/deromania.es\/es\/wp-json\/wp\/v2\/product\/253253\/revisions"}],"wp:featuredmedia":[{"embeddable":true,"href":"https:\/\/deromania.es\/es\/wp-json\/wp\/v2\/media\/253255"}],"wp:attachment":[{"href":"https:\/\/deromania.es\/es\/wp-json\/wp\/v2\/media?parent=253253"}],"wp:term":[{"taxonomy":"product_brand","embeddable":true,"href":"https:\/\/deromania.es\/es\/wp-json\/wp\/v2\/product_brand?post=253253"},{"taxonomy":"product_cat","embeddable":true,"href":"https:\/\/deromania.es\/es\/wp-json\/wp\/v2\/product_cat?post=253253"},{"taxonomy":"product_tag","embeddable":true,"href":"https:\/\/deromania.es\/es\/wp-json\/wp\/v2\/product_tag?post=253253"}],"curies":[{"name":"wp","href":"https:\/\/api.w.org\/{rel}","templated":true}]}}