{"id":247373,"date":"2026-02-18T13:18:45","date_gmt":"2026-02-18T12:18:45","guid":{"rendered":"https:\/\/deromania.es\/?post_type=product&#038;p=247373"},"modified":"2026-03-29T18:26:22","modified_gmt":"2026-03-29T16:26:22","slug":"martisor-brosa-ie-traditionala-cu-punguta-cadou-si-mesaj","status":"publish","type":"product","link":"https:\/\/deromania.es\/es\/producto\/martisor-brosa-ie-traditionala-cu-punguta-cadou-si-mesaj","title":{"rendered":"Broche tradicional Ie con bolsa de regalo y mensaje personalizado"},"content":{"rendered":"<div data-elementor-type=\"wp-post\" data-elementor-id=\"247373\" class=\"elementor elementor-247373\">\n\t\t\t\t<div class=\"wd-negative-gap elementor-element elementor-element-32fae63a e-flex e-con-boxed e-con e-parent\" data-id=\"32fae63a\" data-element_type=\"container\" data-e-type=\"container\">\n\t\t\t\t\t<div class=\"e-con-inner\">\n\t\t\t\t<div class=\"elementor-element elementor-element-50f1aac8 color-scheme-inherit text-left elementor-widget elementor-widget-text-editor\" data-id=\"50f1aac8\" data-element_type=\"widget\" data-e-type=\"widget\" data-widget_type=\"text-editor.default\">\n\t\t\t\t<div class=\"elementor-widget-container\">\n\t\t\t\t\t\t\t\t\t<p data-start=\"471\" data-end=\"998\">Un simbol rom\u00e2nesc iubit, transformat \u00eentr-un m\u0103r\u021bi\u0219or u\u0219or de purtat: <strong data-start=\"542\" data-end=\"615\">Broche tradicional Ie con bolsa de regalo y mensaje personalizado<\/strong> este alegerea perfect\u0103 dac\u0103 vrei un cadou cu identitate, potrivit pentru 1 Martie \u0219i pentru \u00eenceputul prim\u0103verii. \u201eIa\u201d tradi\u021bional\u0103 reprezint\u0103 r\u0103d\u0103cini, elegan\u021b\u0103 \u0219i poveste, iar motivele tradi\u021bionale adaug\u0103 un plus de farmec \u0219i autenticitate \u00eentr-un format mic, delicat.\u00a0<\/p><p data-start=\"1000\" data-end=\"1481\">El broche tiene <strong data-start=\"1010\" data-end=\"1029\">abrazadera de aguja<\/strong>, se fixeaz\u0103 u\u0219or pe hain\u0103, sacou, pulover, e\u0219arf\u0103 sau geant\u0103. Este comod\u0103 la purtare \u0219i se potrive\u0219te at\u00e2t unei \u021binute casual, c\u00e2t \u0219i uneia mai elegante. Este realizat\u0103 din <strong data-start=\"1203\" data-end=\"1212\">acryl<\/strong>, y el tama\u00f1o es de aproximadamente <strong data-start=\"1250\" data-end=\"1259\">20 mm<\/strong> \u2013 suficient de discret\u0103 pentru purtare zilnic\u0103, dar vizibil\u0103 c\u00e2t s\u0103 atrag\u0103 aten\u021bia prin detaliul tradi\u021bional.\u00a0<\/p><p data-start=\"1483\" data-end=\"1538\">Cada chucher\u00eda viene lista para regalo e incluye:<\/p><ul data-start=\"1539\" data-end=\"1690\"><li data-start=\"1539\" data-end=\"1595\"><p data-start=\"1541\" data-end=\"1595\"><strong data-start=\"1541\" data-end=\"1577\">bro\u0219\u0103 m\u0103r\u021bi\u0219or \u201eie tradi\u021bional\u0103\u201d<\/strong> + cinta roja y blanca<\/p><\/li><li data-start=\"1596\" data-end=\"1640\"><p data-start=\"1598\" data-end=\"1640\"><strong data-start=\"1598\" data-end=\"1625\">tarjeta de felicitaci\u00f3n<\/strong> para su mensaje<\/p><\/li><li data-start=\"1641\" data-end=\"1690\"><p data-start=\"1643\" data-end=\"1690\"><strong data-start=\"1643\" data-end=\"1660\">bolsa de regalo<\/strong>, ideal para oferta inmediata<\/p><\/li><\/ul><h3 data-start=\"1692\" data-end=\"1720\">Mensaje personalizado (+2\u20ac)<\/h3><p data-start=\"1721\" data-end=\"1743\">Ai dou\u0103 op\u021biuni clare:<\/p><ul data-start=\"1744\" data-end=\"1893\"><li data-start=\"1744\" data-end=\"1811\"><p data-start=\"1746\" data-end=\"1811\"><strong data-start=\"1746\" data-end=\"1766\">Sin mensaje (5 euros):<\/strong> prime\u0219ti cartona\u0219ul gol \u0219i \u00eel completezi tu.<\/p><\/li><li data-start=\"1812\" data-end=\"1893\"><p data-start=\"1814\" data-end=\"1893\"><strong data-start=\"1814\" data-end=\"1845\">Con un mensaje escrito por nosotros (7 \u20ac):<\/strong> para <strong data-start=\"1853\" data-end=\"1860\">+2\u20ac<\/strong>, Escribimos el mensaje en la tarjeta.<\/p><\/li><\/ul><p data-start=\"1895\" data-end=\"2092\">Si elige la opci\u00f3n \u201eCon mensaje escrito por nosotros\u201d, <strong data-start=\"1940\" data-end=\"2012\">escriba su mensaje en la \u201cNota de pedido\u201d cuando finalice su pedido<\/strong>. Recomendaci\u00f3n: <strong data-start=\"2027\" data-end=\"2049\">m\u00e1x. 200 caracteres<\/strong>, pentru un mesaj lizibil \u0219i frumos a\u0219ezat.<\/p><p data-start=\"2094\" data-end=\"2200\">Un m\u0103r\u021bi\u0219or cu suflet rom\u00e2nesc \u2014 ambalat ca un cadou \u0219i completat cu un mesaj personal, exact cum trebuie.<\/p>\t\t\t\t\t\t\t\t<\/div>\n\t\t\t\t<\/div>\n\t\t\t\t\t<\/div>\n\t\t\t\t<\/div>\n\t\t\t\t<\/div>","protected":false},"excerpt":{"rendered":"<p><strong data-start=\"40\" data-end=\"113\">Broche tradicional Ie con bolsa de regalo y mensaje personalizado<\/strong> - un m\u0103r\u021bi\u0219or de inspiraci\u00f3n rumana con un broche tradicional \u201eie\u201d, cinta roja y blanca, tarjeta y bolsa de regalo, listo para regalar.<br data-start=\"249\" data-end=\"252\" \/>Elija la opci\u00f3n que desee: <strong data-start=\"275\" data-end=\"292\">5\u20ac sin mensaje<\/strong> (tarjeta limpia) o <strong data-start=\"312\" data-end=\"340\">7\u20ac con mensaje escrito por nosotros<\/strong> (<strong data-start=\"342\" data-end=\"349\">+2\u20ac<\/strong>). Si elige la opci\u00f3n de mensaje, <strong data-start=\"382\" data-end=\"429\">escriba el texto en la \u201cNota de pedido\u201d al pasar por caja<\/strong>.<\/p>","protected":false},"featured_media":247376,"comment_status":"open","ping_status":"closed","template":"","meta":[],"product_brand":[128],"product_cat":[99],"product_tag":[336],"class_list":{"0":"post-247373","1":"product","2":"type-product","3":"status-publish","4":"has-post-thumbnail","6":"product_brand-martisor","7":"product_cat-martisoare-bijuterii","8":"product_tag-martisoare-brosa","10":"first","11":"instock","12":"taxable","13":"shipping-taxable","14":"purchasable","15":"product-type-variable"},"_links":{"self":[{"href":"https:\/\/deromania.es\/es\/wp-json\/wp\/v2\/product\/247373","targetHints":{"allow":["GET"]}}],"collection":[{"href":"https:\/\/deromania.es\/es\/wp-json\/wp\/v2\/product"}],"about":[{"href":"https:\/\/deromania.es\/es\/wp-json\/wp\/v2\/types\/product"}],"replies":[{"embeddable":true,"href":"https:\/\/deromania.es\/es\/wp-json\/wp\/v2\/comments?post=247373"}],"version-history":[{"count":0,"href":"https:\/\/deromania.es\/es\/wp-json\/wp\/v2\/product\/247373\/revisions"}],"wp:featuredmedia":[{"embeddable":true,"href":"https:\/\/deromania.es\/es\/wp-json\/wp\/v2\/media\/247376"}],"wp:attachment":[{"href":"https:\/\/deromania.es\/es\/wp-json\/wp\/v2\/media?parent=247373"}],"wp:term":[{"taxonomy":"product_brand","embeddable":true,"href":"https:\/\/deromania.es\/es\/wp-json\/wp\/v2\/product_brand?post=247373"},{"taxonomy":"product_cat","embeddable":true,"href":"https:\/\/deromania.es\/es\/wp-json\/wp\/v2\/product_cat?post=247373"},{"taxonomy":"product_tag","embeddable":true,"href":"https:\/\/deromania.es\/es\/wp-json\/wp\/v2\/product_tag?post=247373"}],"curies":[{"name":"wp","href":"https:\/\/api.w.org\/{rel}","templated":true}]}}