{"id":247356,"date":"2026-02-18T13:10:27","date_gmt":"2026-02-18T12:10:27","guid":{"rendered":"https:\/\/deromania.es\/?post_type=product&#038;p=247356"},"modified":"2026-03-29T18:27:32","modified_gmt":"2026-03-29T16:27:32","slug":"broche-martisor-diseno-tradicional-con-bolsa-de-regalo-y-mensaje","status":"publish","type":"product","link":"https:\/\/deromania.es\/es\/producto\/martisor-brosa-model-traditional-cu-punguta-cadou-si-mesaj","title":{"rendered":"Broche de dise\u00f1o tradicional con bolsa de regalo y mensaje personalizado"},"content":{"rendered":"<div data-elementor-type=\"wp-post\" data-elementor-id=\"247356\" class=\"elementor elementor-247356\">\n\t\t\t\t<div class=\"wd-negative-gap elementor-element elementor-element-32fae63a e-flex e-con-boxed e-con e-parent\" data-id=\"32fae63a\" data-element_type=\"container\" data-e-type=\"container\">\n\t\t\t\t\t<div class=\"e-con-inner\">\n\t\t\t\t<div class=\"elementor-element elementor-element-50f1aac8 color-scheme-inherit text-left elementor-widget elementor-widget-text-editor\" data-id=\"50f1aac8\" data-element_type=\"widget\" data-e-type=\"widget\" data-widget_type=\"text-editor.default\">\n\t\t\t\t<div class=\"elementor-widget-container\">\n\t\t\t\t\t\t\t\t\t<p data-start=\"466\" data-end=\"936\">Si quieres una m\u0103r\u021bi\u0219or que mantenga el esp\u00edritu rumano pero con un aspecto moderno y f\u00e1cil de llevar, <strong data-start=\"565\" data-end=\"640\">Broche marqu\u00e9s de dise\u00f1o tradicional con bolsa de regalo y mensaje personalizado<\/strong> es una elecci\u00f3n acertada. El estampado tradicional recuerda a los motivos folcl\u00f3ricos rumanos: un peque\u00f1o detalle con personalidad, perfecto para el 1 de marzo y cualquier gesto de principios de primavera.\u00a0<\/p><p data-start=\"938\" data-end=\"1324\">El broche tiene <strong data-start=\"948\" data-end=\"967\">abrazadera de aguja<\/strong>, Se engancha f\u00e1cilmente a un abrigo, chaqueta, jersey, bufanda o bolso y es c\u00f3modo de llevar. Fabricado en <strong data-start=\"1075\" data-end=\"1084\">acryl<\/strong>, y el tama\u00f1o es de aproximadamente <strong data-start=\"1122\" data-end=\"1131\">20 mm<\/strong>, De este modo, es discreto, pero lo suficientemente visible como para complementar a la perfecci\u00f3n un atuendo.\u00a0<\/p><p data-start=\"1326\" data-end=\"1381\">Cada chucher\u00eda viene lista para regalo e incluye:<\/p><ul data-start=\"1382\" data-end=\"1536\"><li data-start=\"1382\" data-end=\"1441\"><p data-start=\"1384\" data-end=\"1441\"><strong data-start=\"1384\" data-end=\"1423\">broche marquesa de motivos tradicionales<\/strong> + cinta roja y blanca<\/p><\/li><li data-start=\"1442\" data-end=\"1486\"><p data-start=\"1444\" data-end=\"1486\"><strong data-start=\"1444\" data-end=\"1471\">tarjeta de felicitaci\u00f3n<\/strong> para su mensaje<\/p><\/li><li data-start=\"1487\" data-end=\"1536\"><p data-start=\"1489\" data-end=\"1536\"><strong data-start=\"1489\" data-end=\"1506\">bolsa de regalo<\/strong>, ideal para oferta inmediata<\/p><\/li><\/ul><h3 data-start=\"1538\" data-end=\"1566\">Mensaje personalizado (+2\u20ac)<\/h3><p data-start=\"1567\" data-end=\"1609\">Puede elegir la opci\u00f3n que m\u00e1s le convenga:<\/p><ul data-start=\"1610\" data-end=\"1752\"><li data-start=\"1610\" data-end=\"1670\"><p data-start=\"1612\" data-end=\"1670\"><strong data-start=\"1612\" data-end=\"1632\">Sin mensaje (5 euros):<\/strong> tienes la tarjeta vac\u00eda, la escribes.<\/p><\/li><li data-start=\"1671\" data-end=\"1752\"><p data-start=\"1673\" data-end=\"1752\"><strong data-start=\"1673\" data-end=\"1704\">Con un mensaje escrito por nosotros (7 \u20ac):<\/strong> para <strong data-start=\"1712\" data-end=\"1719\">+2\u20ac<\/strong>, Escribimos el mensaje en la tarjeta.<\/p><\/li><\/ul><p data-start=\"1754\" data-end=\"1959\">Si elige la opci\u00f3n \u201eCon mensaje escrito por nosotros\u201d, <strong data-start=\"1799\" data-end=\"1871\">escriba su mensaje en la \u201cNota de pedido\u201d cuando finalice su pedido<\/strong>. Recomendaci\u00f3n: <strong data-start=\"1886\" data-end=\"1908\">m\u00e1x. 200 caracteres<\/strong>, para que el texto tenga un aspecto limpio y sea f\u00e1cil de leer.<\/p><p data-start=\"1961\" data-end=\"2082\">Una chucher\u00eda tradicional envuelta para regalo con un mensaje personal: sencilla, bonita y f\u00e1cil de regalar.<\/p>\t\t\t\t\t\t\t\t<\/div>\n\t\t\t\t<\/div>\n\t\t\t\t\t<\/div>\n\t\t\t\t<\/div>\n\t\t\t\t<\/div>","protected":false},"excerpt":{"rendered":"<p><strong data-start=\"40\" data-end=\"115\">Broche marqu\u00e9s de dise\u00f1o tradicional con bolsa de regalo y mensaje personalizado<\/strong> - una marquesa de inspiraci\u00f3n rumana con un broche tradicional, cinta roja y blanca, tarjeta y bolsa de regalo, lista para regalar.<br data-start=\"244\" data-end=\"247\" \/>Elija la opci\u00f3n que desee: <strong data-start=\"270\" data-end=\"287\">5\u20ac sin mensaje<\/strong> (tarjeta limpia) o <strong data-start=\"307\" data-end=\"335\">7\u20ac con mensaje escrito por nosotros<\/strong> (<strong data-start=\"337\" data-end=\"344\">+2\u20ac<\/strong>). Si elige la opci\u00f3n de mensaje, <strong data-start=\"377\" data-end=\"424\">escriba el texto en la \u201cNota de pedido\u201d al pasar por caja<\/strong>.<\/p>","protected":false},"featured_media":247360,"comment_status":"open","ping_status":"closed","template":"","meta":[],"product_brand":[128],"product_cat":[99],"product_tag":[336],"class_list":{"0":"post-247356","1":"product","2":"type-product","3":"status-publish","4":"has-post-thumbnail","6":"product_brand-martisor","7":"product_cat-martisoare-bijuterii","8":"product_tag-martisoare-brosa","10":"first","11":"instock","12":"taxable","13":"shipping-taxable","14":"purchasable","15":"product-type-variable"},"_links":{"self":[{"href":"https:\/\/deromania.es\/es\/wp-json\/wp\/v2\/product\/247356","targetHints":{"allow":["GET"]}}],"collection":[{"href":"https:\/\/deromania.es\/es\/wp-json\/wp\/v2\/product"}],"about":[{"href":"https:\/\/deromania.es\/es\/wp-json\/wp\/v2\/types\/product"}],"replies":[{"embeddable":true,"href":"https:\/\/deromania.es\/es\/wp-json\/wp\/v2\/comments?post=247356"}],"version-history":[{"count":0,"href":"https:\/\/deromania.es\/es\/wp-json\/wp\/v2\/product\/247356\/revisions"}],"wp:featuredmedia":[{"embeddable":true,"href":"https:\/\/deromania.es\/es\/wp-json\/wp\/v2\/media\/247360"}],"wp:attachment":[{"href":"https:\/\/deromania.es\/es\/wp-json\/wp\/v2\/media?parent=247356"}],"wp:term":[{"taxonomy":"product_brand","embeddable":true,"href":"https:\/\/deromania.es\/es\/wp-json\/wp\/v2\/product_brand?post=247356"},{"taxonomy":"product_cat","embeddable":true,"href":"https:\/\/deromania.es\/es\/wp-json\/wp\/v2\/product_cat?post=247356"},{"taxonomy":"product_tag","embeddable":true,"href":"https:\/\/deromania.es\/es\/wp-json\/wp\/v2\/product_tag?post=247356"}],"curies":[{"name":"wp","href":"https:\/\/api.w.org\/{rel}","templated":true}]}}