{"id":245071,"date":"2026-02-17T12:24:10","date_gmt":"2026-02-17T11:24:10","guid":{"rendered":"https:\/\/deromania.es\/?post_type=product&#038;p=245071"},"modified":"2026-03-29T18:27:46","modified_gmt":"2026-03-29T16:27:46","slug":"martisor-brosa-cosar-cu-punguta-cadou-si-mesaj","status":"publish","type":"product","link":"https:\/\/deromania.es\/es\/producto\/martisor-brosa-cosar-cu-punguta-cadou-si-mesaj","title":{"rendered":"Broche cesta con bolsa de regalo y mensaje personalizado"},"content":{"rendered":"<div data-elementor-type=\"wp-post\" data-elementor-id=\"245071\" class=\"elementor elementor-245071\">\n\t\t\t\t<div class=\"wd-negative-gap elementor-element elementor-element-32fae63a e-flex e-con-boxed e-con e-parent\" data-id=\"32fae63a\" data-element_type=\"container\" data-e-type=\"container\">\n\t\t\t\t\t<div class=\"e-con-inner\">\n\t\t\t\t<div class=\"elementor-element elementor-element-50f1aac8 color-scheme-inherit text-left elementor-widget elementor-widget-text-editor\" data-id=\"50f1aac8\" data-element_type=\"widget\" data-e-type=\"widget\" data-widget_type=\"text-editor.default\">\n\t\t\t\t<div class=\"elementor-widget-container\">\n\t\t\t\t\t\t\t\t\t<p data-start=\"433\" data-end=\"799\">Pentru un cadou de 1 Martie cu semnifica\u021bie clar\u0103, <strong data-start=\"484\" data-end=\"547\">Broche cesta con bolsa de regalo y mensaje personalizado<\/strong> este una dintre cele mai inspirate alegeri. Co\u0219arul este un simbol tradi\u021bional asociat cu <strong data-start=\"638\" data-end=\"674\">norocul, reu\u0219ita \u0219i ve\u0219tile bune<\/strong>, iar m\u0103r\u021bi\u0219orul devine astfel nu doar un accesoriu, ci \u0219i o urare purtat\u0103 la vedere: \u201es\u0103-\u021bi mearg\u0103 bine \u00een prim\u0103vara asta\u201d.<\/p><p data-start=\"801\" data-end=\"1188\">El broche tiene <strong data-start=\"811\" data-end=\"830\">abrazadera de aguja<\/strong>, se fixeaz\u0103 u\u0219or pe hain\u0103, sacou, pulover, e\u0219arf\u0103 sau geant\u0103 \u0219i este comod\u0103 la purtare. Designul este u\u0219or de asortat \u0219i potrivit at\u00e2t pentru \u021binute casual, c\u00e2t \u0219i pentru zilele \u00een care vrei un mic detaliu festiv. Materialul este <strong data-start=\"1061\" data-end=\"1070\">acryl<\/strong>, iar dimensiunea bro\u0219ei este de aproximativ <strong data-start=\"1115\" data-end=\"1124\">20 mm<\/strong> \u2013 discret\u0103, dar suficient de vizibil\u0103 \u00eenc\u00e2t s\u0103 atrag\u0103 priviri.<\/p><p data-start=\"1190\" data-end=\"1245\">Cada chucher\u00eda viene lista para regalo e incluye:<\/p><ul data-start=\"1246\" data-end=\"1385\"><li data-start=\"1246\" data-end=\"1290\"><p data-start=\"1248\" data-end=\"1290\"><strong data-start=\"1248\" data-end=\"1272\">bro\u0219\u0103 m\u0103r\u021bi\u0219or co\u0219ar<\/strong> + cinta roja y blanca<\/p><\/li><li data-start=\"1291\" data-end=\"1335\"><p data-start=\"1293\" data-end=\"1335\"><strong data-start=\"1293\" data-end=\"1320\">tarjeta de felicitaci\u00f3n<\/strong> para su mensaje<\/p><\/li><li data-start=\"1336\" data-end=\"1385\"><p data-start=\"1338\" data-end=\"1385\"><strong data-start=\"1338\" data-end=\"1355\">bolsa de regalo<\/strong>, ideal para oferta inmediata<\/p><\/li><\/ul><h3 data-start=\"1387\" data-end=\"1415\">Mensaje personalizado (+2\u20ac)<\/h3><p data-start=\"1416\" data-end=\"1453\">Alege varianta potrivit\u0103 pentru tine:<\/p><ul data-start=\"1454\" data-end=\"1603\"><li data-start=\"1454\" data-end=\"1521\"><p data-start=\"1456\" data-end=\"1521\"><strong data-start=\"1456\" data-end=\"1476\">Sin mensaje (5 euros):<\/strong> prime\u0219ti cartona\u0219ul gol \u0219i \u00eel completezi tu.<\/p><\/li><li data-start=\"1522\" data-end=\"1603\"><p data-start=\"1524\" data-end=\"1603\"><strong data-start=\"1524\" data-end=\"1555\">Con un mensaje escrito por nosotros (7 \u20ac):<\/strong> para <strong data-start=\"1563\" data-end=\"1570\">+2\u20ac<\/strong>, Escribimos el mensaje en la tarjeta.<\/p><\/li><\/ul><p data-start=\"1605\" data-end=\"1815\">Si elige la opci\u00f3n \u201eCon mensaje escrito por nosotros\u201d, <strong data-start=\"1650\" data-end=\"1722\">escriba su mensaje en la \u201cNota de pedido\u201d cuando finalice su pedido<\/strong>. Recomendaci\u00f3n: <strong data-start=\"1737\" data-end=\"1759\">m\u00e1x. 200 caracteres<\/strong>, ca textul s\u0103 fie lizibil \u0219i frumos a\u0219ezat pe cartona\u0219.<\/p><p data-start=\"1817\" data-end=\"1954\">Un m\u0103r\u021bi\u0219or simbolic, cu \u201enoroc\u201d la pachet, ambalat ca un cadou \u0219i completat cu un mesaj personal \u2014 exact genul de aten\u021bie care conteaz\u0103.<\/p>\t\t\t\t\t\t\t\t<\/div>\n\t\t\t\t<\/div>\n\t\t\t\t\t<\/div>\n\t\t\t\t<\/div>\n\t\t\t\t<\/div>","protected":false},"excerpt":{"rendered":"<p><strong data-start=\"40\" data-end=\"103\">Broche cesta con bolsa de regalo y mensaje personalizado<\/strong> - un amuleto de la buena suerte con broche de cesta, cinta roja y blanca, tarjeta y bolsa de regalo, listo para regalar.<br data-start=\"211\" data-end=\"214\" \/>Elija la opci\u00f3n que desee: <strong data-start=\"237\" data-end=\"254\">5\u20ac sin mensaje<\/strong> (tarjeta limpia) o <strong data-start=\"274\" data-end=\"302\">7\u20ac con mensaje escrito por nosotros<\/strong> (<strong data-start=\"304\" data-end=\"311\">+2\u20ac<\/strong>). Si elige la opci\u00f3n de mensaje, <strong data-start=\"344\" data-end=\"391\">escriba el texto en la \u201cNota de pedido\u201d al pasar por caja<\/strong>.<\/p>","protected":false},"featured_media":245077,"comment_status":"open","ping_status":"closed","template":"","meta":[],"product_brand":[128],"product_cat":[99],"product_tag":[336],"class_list":{"0":"post-245071","1":"product","2":"type-product","3":"status-publish","4":"has-post-thumbnail","6":"product_brand-martisor","7":"product_cat-martisoare-bijuterii","8":"product_tag-martisoare-brosa","10":"first","11":"instock","12":"taxable","13":"shipping-taxable","14":"purchasable","15":"product-type-variable"},"_links":{"self":[{"href":"https:\/\/deromania.es\/es\/wp-json\/wp\/v2\/product\/245071","targetHints":{"allow":["GET"]}}],"collection":[{"href":"https:\/\/deromania.es\/es\/wp-json\/wp\/v2\/product"}],"about":[{"href":"https:\/\/deromania.es\/es\/wp-json\/wp\/v2\/types\/product"}],"replies":[{"embeddable":true,"href":"https:\/\/deromania.es\/es\/wp-json\/wp\/v2\/comments?post=245071"}],"version-history":[{"count":0,"href":"https:\/\/deromania.es\/es\/wp-json\/wp\/v2\/product\/245071\/revisions"}],"wp:featuredmedia":[{"embeddable":true,"href":"https:\/\/deromania.es\/es\/wp-json\/wp\/v2\/media\/245077"}],"wp:attachment":[{"href":"https:\/\/deromania.es\/es\/wp-json\/wp\/v2\/media?parent=245071"}],"wp:term":[{"taxonomy":"product_brand","embeddable":true,"href":"https:\/\/deromania.es\/es\/wp-json\/wp\/v2\/product_brand?post=245071"},{"taxonomy":"product_cat","embeddable":true,"href":"https:\/\/deromania.es\/es\/wp-json\/wp\/v2\/product_cat?post=245071"},{"taxonomy":"product_tag","embeddable":true,"href":"https:\/\/deromania.es\/es\/wp-json\/wp\/v2\/product_tag?post=245071"}],"curies":[{"name":"wp","href":"https:\/\/api.w.org\/{rel}","templated":true}]}}