{"id":244996,"date":"2026-02-17T12:03:26","date_gmt":"2026-02-17T11:03:26","guid":{"rendered":"https:\/\/deromania.es\/?post_type=product&#038;p=244996"},"modified":"2026-03-29T18:28:01","modified_gmt":"2026-03-29T16:28:01","slug":"martisor-brosa-ciucurasi-cu-punguta-cadou-si-mesaj-personalizat","status":"publish","type":"product","link":"https:\/\/deromania.es\/es\/producto\/martisor-brosa-ciucurasi-cu-punguta-cadou-si-mesaj-personalizat","title":{"rendered":"Broche de cereza de mazap\u00e1n con bolsa de regalo y mensaje personalizado"},"content":{"rendered":"<div data-elementor-type=\"wp-post\" data-elementor-id=\"244996\" class=\"elementor elementor-244996\">\n\t\t\t\t<div class=\"wd-negative-gap elementor-element elementor-element-32fae63a e-flex e-con-boxed e-con e-parent\" data-id=\"32fae63a\" data-element_type=\"container\" data-e-type=\"container\">\n\t\t\t\t\t<div class=\"e-con-inner\">\n\t\t\t\t<div class=\"elementor-element elementor-element-50f1aac8 color-scheme-inherit text-left elementor-widget elementor-widget-text-editor\" data-id=\"50f1aac8\" data-element_type=\"widget\" data-e-type=\"widget\" data-widget_type=\"text-editor.default\">\n\t\t\t\t<div class=\"elementor-widget-container\">\n\t\t\t\t\t\t\t\t\t<p data-start=\"477\" data-end=\"847\">Prim\u0103vara \u00eencepe cu gesturi mici, iar <strong data-start=\"515\" data-end=\"582\">Broche de borla de mazap\u00e1n con bolsa de regalo y mensaje personalizado<\/strong> este un cadou perfect pentru a transmite \u201em\u0103 g\u00e2ndesc la tine\u201d \u00eentr-un mod simplu \u0219i frumos. Ciucura\u0219ii sunt printre primele flori ale prim\u0103verii \u0219i simbolizeaz\u0103 <strong data-start=\"744\" data-end=\"789\">rena\u0219terea, speran\u021ba \u0219i \u00eenceputurile bune<\/strong> \u2014 exact mesajul pe care \u00eel poart\u0103 tradi\u021bia m\u0103r\u021bi\u0219orului.<\/p><p data-start=\"849\" data-end=\"1243\">El broche tiene <strong data-start=\"859\" data-end=\"878\">abrazadera de aguja<\/strong>, astfel \u00eenc\u00e2t se fixeaz\u0103 rapid pe hain\u0103, sacou, pulover, e\u0219arf\u0103 sau geant\u0103. Este u\u0219oar\u0103 \u0219i comod\u0103 la purtare, iar designul cu ciucura\u0219i arat\u0103 delicat \u0219i plin de via\u021b\u0103. Materialul este <strong data-start=\"1063\" data-end=\"1072\">acryl<\/strong>, iar dimensiunea bro\u0219ei este de aproximativ <strong data-start=\"1117\" data-end=\"1126\">20 mm<\/strong>, suficient de discret\u0103 pentru \u021binute de zi cu zi, dar vizibil\u0103 c\u00e2t s\u0103 completeze orice outfit de \u00eenceput de martie.<\/p><p data-start=\"1245\" data-end=\"1300\">Fiecare comand\u0103 este preg\u0103tit\u0103 pentru cadou \u0219i include:<\/p><ul data-start=\"1301\" data-end=\"1447\"><li data-start=\"1301\" data-end=\"1352\"><p data-start=\"1303\" data-end=\"1352\">bro\u0219\u0103 m\u0103r\u021bi\u0219or cu <strong data-start=\"1321\" data-end=\"1334\">ciucura\u0219i<\/strong> + cinta roja y blanca<\/p><\/li><li data-start=\"1353\" data-end=\"1397\"><p data-start=\"1355\" data-end=\"1397\"><strong data-start=\"1355\" data-end=\"1382\">tarjeta de felicitaci\u00f3n<\/strong> para su mensaje<\/p><\/li><li data-start=\"1398\" data-end=\"1447\"><p data-start=\"1400\" data-end=\"1447\"><strong data-start=\"1400\" data-end=\"1417\">bolsa de regalo<\/strong>, ideal para oferta inmediata<\/p><\/li><\/ul><h3 data-start=\"1449\" data-end=\"1477\">Mensaje personalizado (+2\u20ac)<\/h3><p data-start=\"1478\" data-end=\"1495\">Po\u021bi alege \u00eentre:<\/p><ul data-start=\"1496\" data-end=\"1637\"><li data-start=\"1496\" data-end=\"1555\"><p data-start=\"1498\" data-end=\"1555\"><strong data-start=\"1498\" data-end=\"1518\">Sin mensaje (5 euros):<\/strong> prime\u0219ti cartona\u0219ul gol \u0219i scrii tu.<\/p><\/li><li data-start=\"1556\" data-end=\"1637\"><p data-start=\"1558\" data-end=\"1637\"><strong data-start=\"1558\" data-end=\"1589\">Con un mensaje escrito por nosotros (7 \u20ac):<\/strong> para <strong data-start=\"1597\" data-end=\"1604\">+2\u20ac<\/strong>, Escribimos el mensaje en la tarjeta.<\/p><\/li><\/ul><p data-start=\"1639\" data-end=\"1834\">Si elige la opci\u00f3n \u201eCon mensaje escrito por nosotros\u201d, <strong data-start=\"1684\" data-end=\"1756\">escriba su mensaje en la \u201cNota de pedido\u201d cuando finalice su pedido<\/strong>. Recomendaci\u00f3n: <strong data-start=\"1771\" data-end=\"1793\">m\u00e1x. 200 caracteres<\/strong> pentru un text lizibil \u0219i frumos a\u0219ezat.<\/p><p data-start=\"1836\" data-end=\"1962\">Un m\u0103r\u021bi\u0219or delicat, cu aspect de prim\u0103var\u0103 adev\u0103rat\u0103 \u2014 gata de d\u0103ruit, ambalat ca un cadou \u0219i completat cu un mesaj personal.<\/p>\t\t\t\t\t\t\t\t<\/div>\n\t\t\t\t<\/div>\n\t\t\t\t\t<\/div>\n\t\t\t\t<\/div>\n\t\t\t\t<\/div>","protected":false},"excerpt":{"rendered":"<p><strong data-start=\"40\" data-end=\"107\">Broche de borla de mazap\u00e1n con bolsa de regalo y mensaje personalizado<\/strong> - una alegre bau bauble con un broche de borla (s\u00edmbolo del comienzo de la primavera), cinta roja y blanca, tarjeta y bolsa de regalo, lista para regalar.<br data-start=\"255\" data-end=\"258\" \/>Elija la opci\u00f3n que desee: <strong data-start=\"281\" data-end=\"298\">5\u20ac sin mensaje<\/strong> (tarjeta limpia) o <strong data-start=\"318\" data-end=\"346\">7\u20ac con mensaje escrito por nosotros<\/strong> (<strong data-start=\"348\" data-end=\"355\">+2\u20ac<\/strong>). Si elige la opci\u00f3n de mensaje, <strong data-start=\"388\" data-end=\"435\">escriba el texto en la \u201cNota de pedido\u201d al pasar por caja<\/strong>.<\/p>","protected":false},"featured_media":245006,"comment_status":"open","ping_status":"closed","template":"","meta":[],"product_brand":[128],"product_cat":[99],"product_tag":[336],"class_list":{"0":"post-244996","1":"product","2":"type-product","3":"status-publish","4":"has-post-thumbnail","6":"product_brand-martisor","7":"product_cat-martisoare-bijuterii","8":"product_tag-martisoare-brosa","10":"first","11":"instock","12":"taxable","13":"shipping-taxable","14":"purchasable","15":"product-type-variable"},"_links":{"self":[{"href":"https:\/\/deromania.es\/es\/wp-json\/wp\/v2\/product\/244996","targetHints":{"allow":["GET"]}}],"collection":[{"href":"https:\/\/deromania.es\/es\/wp-json\/wp\/v2\/product"}],"about":[{"href":"https:\/\/deromania.es\/es\/wp-json\/wp\/v2\/types\/product"}],"replies":[{"embeddable":true,"href":"https:\/\/deromania.es\/es\/wp-json\/wp\/v2\/comments?post=244996"}],"version-history":[{"count":0,"href":"https:\/\/deromania.es\/es\/wp-json\/wp\/v2\/product\/244996\/revisions"}],"wp:featuredmedia":[{"embeddable":true,"href":"https:\/\/deromania.es\/es\/wp-json\/wp\/v2\/media\/245006"}],"wp:attachment":[{"href":"https:\/\/deromania.es\/es\/wp-json\/wp\/v2\/media?parent=244996"}],"wp:term":[{"taxonomy":"product_brand","embeddable":true,"href":"https:\/\/deromania.es\/es\/wp-json\/wp\/v2\/product_brand?post=244996"},{"taxonomy":"product_cat","embeddable":true,"href":"https:\/\/deromania.es\/es\/wp-json\/wp\/v2\/product_cat?post=244996"},{"taxonomy":"product_tag","embeddable":true,"href":"https:\/\/deromania.es\/es\/wp-json\/wp\/v2\/product_tag?post=244996"}],"curies":[{"name":"wp","href":"https:\/\/api.w.org\/{rel}","templated":true}]}}