{"id":244929,"date":"2026-02-17T11:54:34","date_gmt":"2026-02-17T10:54:34","guid":{"rendered":"https:\/\/deromania.es\/?post_type=product&#038;p=244929"},"modified":"2026-03-29T18:28:09","modified_gmt":"2026-03-29T16:28:09","slug":"martisor-brosa-trifoi-cu-punguta-cadou-si-mesaj-personalizat","status":"publish","type":"product","link":"https:\/\/deromania.es\/es\/producto\/martisor-brosa-trifoi-cu-punguta-cadou-si-mesaj-personalizat","title":{"rendered":"Peque\u00f1o broche tr\u00e9bol con bolsa de regalo y mensaje personalizado"},"content":{"rendered":"<div data-elementor-type=\"wp-post\" data-elementor-id=\"244929\" class=\"elementor elementor-244929\">\n\t\t\t\t<div class=\"wd-negative-gap elementor-element elementor-element-32fae63a e-flex e-con-boxed e-con e-parent\" data-id=\"32fae63a\" data-element_type=\"container\" data-e-type=\"container\">\n\t\t\t\t\t<div class=\"e-con-inner\">\n\t\t\t\t<div class=\"elementor-element elementor-element-50f1aac8 color-scheme-inherit text-left elementor-widget elementor-widget-text-editor\" data-id=\"50f1aac8\" data-element_type=\"widget\" data-e-type=\"widget\" data-widget_type=\"text-editor.default\">\n\t\t\t\t<div class=\"elementor-widget-container\">\n\t\t\t\t\t\t\t\t\t<p data-start=\"448\" data-end=\"843\">C\u00e2nd vrei s\u0103 d\u0103ruie\u0219ti un m\u0103r\u021bi\u0219or simplu, dar cu semnifica\u021bie, <strong data-start=\"512\" data-end=\"576\">Peque\u00f1o broche tr\u00e9bol con bolsa de regalo y mensaje personalizado<\/strong> este una dintre cele mai potrivite alegeri. Trifoiul este asociat cu <strong data-start=\"646\" data-end=\"690\">norocul, prosperitatea \u0219i g\u00e2ndurile bune<\/strong>, iar \u00een tradi\u021bia m\u0103r\u021bi\u0219orului devine un mic simbol de prim\u0103var\u0103 pe care \u00eel oferi cu drag unei persoane importante.<\/p><p data-start=\"845\" data-end=\"1252\">El broche tiene <strong data-start=\"855\" data-end=\"874\">abrazadera de aguja<\/strong>, astfel \u00eenc\u00e2t se poate fixa u\u0219or pe hain\u0103, sacou, pulover, e\u0219arf\u0103 sau chiar pe geant\u0103. Designul p\u0103streaz\u0103 forma clasic\u0103 a trifoiului, dar \u00eentr-o prezentare modern\u0103, luminoas\u0103. Este realizat\u0103 din <strong data-start=\"1070\" data-end=\"1079\">acryl<\/strong>, y el tama\u00f1o es de aproximadamente <strong data-start=\"1117\" data-end=\"1126\">20 mm<\/strong> \u2013 suficient de discret\u0103 pentru a fi purtat\u0103 zilnic, dar vizibil\u0103 c\u00e2t s\u0103 atrag\u0103 priviri.<\/p><p data-start=\"1254\" data-end=\"1309\">Fiecare comand\u0103 este preg\u0103tit\u0103 pentru cadou \u0219i include:<\/p><ul data-start=\"1310\" data-end=\"1452\"><li data-start=\"1310\" data-end=\"1355\"><p data-start=\"1312\" data-end=\"1355\"><strong data-start=\"1312\" data-end=\"1337\">bro\u0219\u0103 m\u0103r\u021bi\u0219or trifoi<\/strong> + cinta roja y blanca<\/p><\/li><li data-start=\"1356\" data-end=\"1402\"><p data-start=\"1358\" data-end=\"1402\"><strong data-start=\"1358\" data-end=\"1385\">tarjeta de felicitaci\u00f3n<\/strong> (pentru mesaj)<\/p><\/li><li data-start=\"1403\" data-end=\"1452\"><p data-start=\"1405\" data-end=\"1452\"><strong data-start=\"1405\" data-end=\"1422\">bolsa de regalo<\/strong>, ideal para oferta inmediata<\/p><\/li><\/ul><h3 data-start=\"1454\" data-end=\"1482\">Mensaje personalizado (+2\u20ac)<\/h3><p data-start=\"1483\" data-end=\"1505\">Ai dou\u0103 op\u021biuni clare:<\/p><ul data-start=\"1506\" data-end=\"1651\"><li data-start=\"1506\" data-end=\"1569\"><p data-start=\"1508\" data-end=\"1569\"><strong data-start=\"1508\" data-end=\"1528\">Sin mensaje (5 euros):<\/strong> prime\u0219ti cartona\u0219ul gol, ca s\u0103 scrii tu.<\/p><\/li><li data-start=\"1570\" data-end=\"1651\"><p data-start=\"1572\" data-end=\"1651\"><strong data-start=\"1572\" data-end=\"1603\">Con un mensaje escrito por nosotros (7 \u20ac):<\/strong> para <strong data-start=\"1611\" data-end=\"1618\">+2\u20ac<\/strong>, Escribimos el mensaje en la tarjeta.<\/p><\/li><\/ul><p data-start=\"1653\" data-end=\"1851\">Si elige la opci\u00f3n \u201eCon mensaje escrito por nosotros\u201d, <strong data-start=\"1698\" data-end=\"1770\">escriba su mensaje en la \u201cNota de pedido\u201d cuando finalice su pedido<\/strong>. Recomendaci\u00f3n: <strong data-start=\"1785\" data-end=\"1807\">m\u00e1x. 200 caracteres<\/strong>, para que se vea bien y legible en la tarjeta.<\/p><p data-start=\"1853\" data-end=\"1976\">Un m\u0103r\u021bi\u0219or mic, cu impact mare: simbol de noroc, ambalat ca un cadou \u0219i completat cu un mesaj personal, exact cum trebuie.<\/p>\t\t\t\t\t\t\t\t<\/div>\n\t\t\t\t<\/div>\n\t\t\t\t\t<\/div>\n\t\t\t\t<\/div>\n\t\t\t\t<\/div>","protected":false},"excerpt":{"rendered":"<p><strong data-start=\"40\" data-end=\"104\">Peque\u00f1o broche tr\u00e9bol con bolsa de regalo y mensaje personalizado<\/strong> - un broche marquesa en forma de tr\u00e9bol (s\u00edmbolo de la buena suerte) con cinta roja y blanca, tarjeta y bolsa de regalo, listo para regalar.<br data-start=\"226\" data-end=\"229\" \/>Elija la opci\u00f3n que desee: <strong data-start=\"252\" data-end=\"269\">5\u20ac sin mensaje<\/strong> (tarjeta limpia) o <strong data-start=\"289\" data-end=\"317\">7\u20ac con mensaje escrito por nosotros<\/strong> (<strong data-start=\"319\" data-end=\"326\">+2\u20ac<\/strong>). Si elige la opci\u00f3n de mensaje, <strong data-start=\"359\" data-end=\"406\">escriba el texto en la \u201cNota de pedido\u201d al pasar por caja<\/strong>.<\/p>","protected":false},"featured_media":244942,"comment_status":"open","ping_status":"closed","template":"","meta":[],"product_brand":[128],"product_cat":[99],"product_tag":[336],"class_list":{"0":"post-244929","1":"product","2":"type-product","3":"status-publish","4":"has-post-thumbnail","6":"product_brand-martisor","7":"product_cat-martisoare-bijuterii","8":"product_tag-martisoare-brosa","10":"first","11":"outofstock","12":"taxable","13":"shipping-taxable","14":"purchasable","15":"product-type-variable"},"_links":{"self":[{"href":"https:\/\/deromania.es\/es\/wp-json\/wp\/v2\/product\/244929","targetHints":{"allow":["GET"]}}],"collection":[{"href":"https:\/\/deromania.es\/es\/wp-json\/wp\/v2\/product"}],"about":[{"href":"https:\/\/deromania.es\/es\/wp-json\/wp\/v2\/types\/product"}],"replies":[{"embeddable":true,"href":"https:\/\/deromania.es\/es\/wp-json\/wp\/v2\/comments?post=244929"}],"version-history":[{"count":0,"href":"https:\/\/deromania.es\/es\/wp-json\/wp\/v2\/product\/244929\/revisions"}],"wp:featuredmedia":[{"embeddable":true,"href":"https:\/\/deromania.es\/es\/wp-json\/wp\/v2\/media\/244942"}],"wp:attachment":[{"href":"https:\/\/deromania.es\/es\/wp-json\/wp\/v2\/media?parent=244929"}],"wp:term":[{"taxonomy":"product_brand","embeddable":true,"href":"https:\/\/deromania.es\/es\/wp-json\/wp\/v2\/product_brand?post=244929"},{"taxonomy":"product_cat","embeddable":true,"href":"https:\/\/deromania.es\/es\/wp-json\/wp\/v2\/product_cat?post=244929"},{"taxonomy":"product_tag","embeddable":true,"href":"https:\/\/deromania.es\/es\/wp-json\/wp\/v2\/product_tag?post=244929"}],"curies":[{"name":"wp","href":"https:\/\/api.w.org\/{rel}","templated":true}]}}