{"id":244597,"date":"2026-02-17T09:59:45","date_gmt":"2026-02-17T08:59:45","guid":{"rendered":"https:\/\/deromania.es\/?post_type=product&#038;p=244597"},"modified":"2026-03-29T18:28:16","modified_gmt":"2026-03-29T16:28:16","slug":"martisor-brosa-fluture-cu-punguta-cadou-si-mesaj","status":"publish","type":"product","link":"https:\/\/deromania.es\/es\/producto\/martisor-brosa-fluture-cu-punguta-cadou-si-mesaj","title":{"rendered":"Broche de mariposa con bolsa de regalo y mensaje personalizado"},"content":{"rendered":"<div data-elementor-type=\"wp-post\" data-elementor-id=\"244597\" class=\"elementor elementor-244597\">\n\t\t\t\t<div class=\"wd-negative-gap elementor-element elementor-element-32fae63a e-flex e-con-boxed e-con e-parent\" data-id=\"32fae63a\" data-element_type=\"container\" data-e-type=\"container\">\n\t\t\t\t\t<div class=\"e-con-inner\">\n\t\t\t\t<div class=\"elementor-element elementor-element-50f1aac8 color-scheme-inherit text-left elementor-widget elementor-widget-text-editor\" data-id=\"50f1aac8\" data-element_type=\"widget\" data-e-type=\"widget\" data-widget_type=\"text-editor.default\">\n\t\t\t\t<div class=\"elementor-widget-container\">\n\t\t\t\t\t\t\t\t\t<p data-start=\"642\" data-end=\"1017\">D\u0103ruie\u0219te un m\u0103r\u021bi\u0219or care spune o poveste: <strong data-start=\"686\" data-end=\"751\">Broche de mariposa con bolsa de regalo y mensaje personalizado<\/strong> este alegerea ideal\u0103 atunci c\u00e2nd vrei ceva simplu, elegant \u0219i u\u0219or de oferit. Fluturele este un simbol al transform\u0103rii \u0219i al \u00eenceputurilor frumoase, iar m\u0103r\u021bi\u0219orul devine un mic gest prin care transmi\u021bi \u201eprim\u0103vara\u201d cuiva drag.<\/p><p data-start=\"1019\" data-end=\"1348\">El broche tiene <strong data-start=\"1029\" data-end=\"1048\">abrazadera de aguja<\/strong>, se fixeaz\u0103 u\u0219or pe hain\u0103, sacou, e\u0219arf\u0103 sau geant\u0103, iar dimensiunea ei este de aproximativ <strong data-start=\"1141\" data-end=\"1150\">20 mm<\/strong> \u2013 discret\u0103, dar vizibil\u0103. Este realizat\u0103 din <strong data-start=\"1196\" data-end=\"1205\">acryl<\/strong>, cu un design pl\u0103cut \u0219i luminos, potrivit at\u00e2t pentru \u021binute de zi cu zi, c\u00e2t \u0219i pentru ocazii speciale.<\/p><p data-start=\"1350\" data-end=\"1394\">Fiecare comand\u0103 vine preg\u0103tit\u0103 pentru cadou:<\/p><ul data-start=\"1395\" data-end=\"1537\"><li data-start=\"1395\" data-end=\"1433\"><p data-start=\"1397\" data-end=\"1433\">bro\u0219\u0103 m\u0103r\u021bi\u0219or \u00een form\u0103 de fluture<\/p><\/li><li data-start=\"1434\" data-end=\"1460\"><p data-start=\"1436\" data-end=\"1460\">\u0219nur m\u0103r\u021bi\u0219or alb-ro\u0219u<\/p><\/li><li data-start=\"1461\" data-end=\"1486\"><p data-start=\"1463\" data-end=\"1486\">cartona\u0219 pentru mesaj<\/p><\/li><li data-start=\"1487\" data-end=\"1537\"><p data-start=\"1489\" data-end=\"1537\"><strong data-start=\"1489\" data-end=\"1506\">bolsa de regalo<\/strong> (ideal\u0103 pentru oferit imediat)<\/p><\/li><\/ul><h3 data-start=\"1539\" data-end=\"1567\">Mensaje personalizado (+2\u20ac)<\/h3><p data-start=\"1568\" data-end=\"1585\">Po\u021bi alege \u00eentre:<\/p><ul data-start=\"1586\" data-end=\"1727\"><li data-start=\"1586\" data-end=\"1646\"><p data-start=\"1588\" data-end=\"1646\"><strong data-start=\"1588\" data-end=\"1608\">Sin mensaje (5 euros):<\/strong> tienes la tarjeta vac\u00eda, la escribes.<\/p><\/li><li data-start=\"1647\" data-end=\"1727\"><p data-start=\"1649\" data-end=\"1727\"><strong data-start=\"1649\" data-end=\"1680\">Con un mensaje escrito por nosotros (7 \u20ac):<\/strong> para <strong data-start=\"1688\" data-end=\"1695\">+2\u20ac<\/strong> scriem noi mesajul pe cartona\u0219.<\/p><\/li><\/ul><p data-start=\"1729\" data-end=\"1906\">Si elige la opci\u00f3n \u201eCon mensaje escrito por nosotros\u201d, <strong data-start=\"1774\" data-end=\"1846\">escriba su mensaje en la \u201cNota de pedido\u201d cuando finalice su pedido<\/strong> (ideal max. 200 caractere, ca s\u0103 arate frumos pe cartona\u0219).<\/p><p data-start=\"1908\" data-end=\"1981\">Un m\u0103r\u021bi\u0219or mic, dar cu impact \u2014 gata de d\u0103ruit, cu un mesaj care r\u0103m\u00e2ne.<\/p>\t\t\t\t\t\t\t\t<\/div>\n\t\t\t\t<\/div>\n\t\t\t\t\t<\/div>\n\t\t\t\t<\/div>\n\t\t\t\t<\/div>","protected":false},"excerpt":{"rendered":"<p><strong data-start=\"230\" data-end=\"295\">Broche de mariposa con bolsa de regalo y mensaje personalizado<\/strong> - una delicada bau bauble con broche de mariposa, cinta roja y blanca y bolsa de regalo, lista para regalar.<br data-start=\"396\" data-end=\"399\" \/>Elija la opci\u00f3n que desee: <strong data-start=\"422\" data-end=\"439\">5\u20ac sin mensaje<\/strong> (tarjeta limpia) o <strong data-start=\"459\" data-end=\"487\">7\u20ac con mensaje escrito por nosotros<\/strong> (<strong data-start=\"489\" data-end=\"496\">+2\u20ac<\/strong>). Si elige la opci\u00f3n de mensaje, <strong data-start=\"529\" data-end=\"600\">escriba el texto que desea que anotemos en la \u201cNota de pedido\u201d al realizar el pago<\/strong>.<\/p>","protected":false},"featured_media":244684,"comment_status":"open","ping_status":"closed","template":"","meta":[],"product_brand":[128],"product_cat":[99],"product_tag":[336],"class_list":{"0":"post-244597","1":"product","2":"type-product","3":"status-publish","4":"has-post-thumbnail","6":"product_brand-martisor","7":"product_cat-martisoare-bijuterii","8":"product_tag-martisoare-brosa","10":"first","11":"outofstock","12":"taxable","13":"shipping-taxable","14":"purchasable","15":"product-type-variable"},"_links":{"self":[{"href":"https:\/\/deromania.es\/es\/wp-json\/wp\/v2\/product\/244597","targetHints":{"allow":["GET"]}}],"collection":[{"href":"https:\/\/deromania.es\/es\/wp-json\/wp\/v2\/product"}],"about":[{"href":"https:\/\/deromania.es\/es\/wp-json\/wp\/v2\/types\/product"}],"replies":[{"embeddable":true,"href":"https:\/\/deromania.es\/es\/wp-json\/wp\/v2\/comments?post=244597"}],"version-history":[{"count":0,"href":"https:\/\/deromania.es\/es\/wp-json\/wp\/v2\/product\/244597\/revisions"}],"wp:featuredmedia":[{"embeddable":true,"href":"https:\/\/deromania.es\/es\/wp-json\/wp\/v2\/media\/244684"}],"wp:attachment":[{"href":"https:\/\/deromania.es\/es\/wp-json\/wp\/v2\/media?parent=244597"}],"wp:term":[{"taxonomy":"product_brand","embeddable":true,"href":"https:\/\/deromania.es\/es\/wp-json\/wp\/v2\/product_brand?post=244597"},{"taxonomy":"product_cat","embeddable":true,"href":"https:\/\/deromania.es\/es\/wp-json\/wp\/v2\/product_cat?post=244597"},{"taxonomy":"product_tag","embeddable":true,"href":"https:\/\/deromania.es\/es\/wp-json\/wp\/v2\/product_tag?post=244597"}],"curies":[{"name":"wp","href":"https:\/\/api.w.org\/{rel}","templated":true}]}}