{"id":232,"date":"2025-07-22T14:39:51","date_gmt":"2025-07-22T14:39:51","guid":{"rendered":"http:\/\/dummy.xtemos.com\/woodmart2\/elementor\/?post_type=product&#038;p=232"},"modified":"2025-09-29T12:11:02","modified_gmt":"2025-09-29T12:11:02","slug":"nai-mediu-16-cm","status":"publish","type":"product","link":"https:\/\/deromania.es\/es\/producto\/nai-mediu-16-cm","title":{"rendered":"Nai romana mediana de 16 cm"},"content":{"rendered":"<div data-elementor-type=\"wp-post\" data-elementor-id=\"232\" class=\"elementor elementor-232\">\n\t\t\t\t<div class=\"wd-negative-gap elementor-element elementor-element-6dad74dd e-flex e-con-boxed e-con e-parent\" data-id=\"6dad74dd\" data-element_type=\"container\" data-e-type=\"container\">\n\t\t\t\t\t<div class=\"e-con-inner\">\n\t\t<div class=\"elementor-element elementor-element-17bee46b e-con-full e-flex e-con e-child\" data-id=\"17bee46b\" data-element_type=\"container\" data-e-type=\"container\">\n\t\t\t\t<div class=\"elementor-element elementor-element-1eacaa09 elementor-widget elementor-widget-wd_text_block\" data-id=\"1eacaa09\" data-element_type=\"widget\" data-e-type=\"widget\" data-widget_type=\"wd_text_block.default\">\n\t\t\t\t<div class=\"elementor-widget-container\">\n\t\t\t\t\t\t\t<div class=\"wd-text-block reset-last-child text-left\">\n\t\t\t\n\t\t\t<p data-start=\"144\" data-end=\"211\"><strong data-start=\"144\" data-end=\"211\">Nai Mediu Rom\u00e2nesc \u2013 Instrument decorativ cu suflet tradi\u021bional<\/strong><\/p><p data-start=\"213\" data-end=\"486\">Acest nai miniatural de 16 cm este o reproducere decorativ\u0103 a celebrului instrument rom\u00e2nesc, simbol al muzicii populare autentice. Realizat din lemn \u0219i decorat cu motive tradi\u021bionale, este ideal ca suvenir, obiect de decor sau cadou pentru iubitorii de cultur\u0103 rom\u00e2neasc\u0103.<\/p><p data-start=\"488\" data-end=\"709\">U\u0219or, elegant \u0219i expresiv, acest nai este o pies\u0103 care aduce farmecul Rom\u00e2niei \u00een orice col\u021b de Spania. Este perfect pentru rom\u00e2nii din diaspora care doresc s\u0103 p\u0103streze aproape un simbol al identit\u0103\u021bii muzicale rom\u00e2ne\u0219ti.<\/p><p data-start=\"711\" data-end=\"895\">Pida ahora un <strong data-start=\"727\" data-end=\"753\">nai rom\u00e2nesc \u00een Spania<\/strong>, lucrat manual \u0219i livrat rapid din stocul nostru din La L\u00ednea de la Concepci\u00f3n, doar pe Deromania.es \u2013 magazinul dedicat sufletului rom\u00e2nesc.<\/p>\n\t\t\t\t\t<\/div>\n\t\t\t\t\t\t<\/div>\n\t\t\t\t<\/div>\n\t\t\t\t<\/div>\n\t\t<div class=\"elementor-element elementor-element-4520d486 e-con-full e-flex e-con e-child\" data-id=\"4520d486\" data-element_type=\"container\" data-e-type=\"container\">\n\t\t\t\t<div class=\"elementor-element elementor-element-35d6bed6 elementor-widget elementor-widget-wd_infobox\" data-id=\"35d6bed6\" data-element_type=\"widget\" data-e-type=\"widget\" data-widget_type=\"wd_infobox.default\">\n\t\t\t\t<div class=\"elementor-widget-container\">\n\t\t\t\t\t\t\t<div class=\"info-box-wrapper\">\n\t\t\t<div class=\"wd-info-box text-center box-icon-align-top box-style-base color-scheme-\">\n\t\t\t\t\t\t\t\t\t<div class=\"box-icon-wrapper  box-with-icon box-icon-simple\">\n\t\t\t\t\t\t<div class=\"info-box-icon\">\n\t\t\t\t\t\t\t\t\t\t\t\t\t\t\t<img loading=\"lazy\" decoding=\"async\" width=\"50\" height=\"50\" src=\"https:\/\/deromania.es\/wp-content\/smush-webp\/2025\/07\/Obiecte-traditionale-din-Transilvania-in-Spania-50x50.png.webp\" class=\"attachment-50x50 size-50x50\" alt=\"Objetos tradicionales de Transilvania en Espa\u00f1a\" srcset=\"https:\/\/deromania.es\/wp-content\/smush-webp\/2025\/07\/Obiecte-traditionale-din-Transilvania-in-Spania-50x50.png.webp 50w, https:\/\/deromania.es\/wp-content\/smush-webp\/2025\/07\/Obiecte-traditionale-din-Transilvania-in-Spania-150x150.png.webp 150w, https:\/\/deromania.es\/wp-content\/smush-webp\/2025\/07\/Obiecte-traditionale-din-Transilvania-in-Spania-430x430.png.webp 430w\" sizes=\"auto, (max-width: 50px) 100vw, 50px\" title=\"\">\t\t\t\t\t\t\t\t\t\t\t\t\t<\/div>\n\t\t\t\t\t<\/div>\n\t\t\t\t\n\t\t\t\t<div class=\"info-box-content\">\n\t\t\t\t\t\n\t\t\t\t\t\t\t\t\t\t\t<h4\t\t\t\t\t\tclass=\"info-box-title title box-title-style-default wd-fontsize-s\" data-elementor-setting-key=\"title\">\n\t\t\t\t\t\t\t\tSimbol al muzicii rom\u00e2ne\u0219ti\t\t\t\t\t\t<\/h4>\n\t\t\t\t\t\n\t\t\t\t\t<div class=\"info-box-inner reset-last-child\"data-elementor-setting-key=\"content\"><p style=\"text-align: center;\">Inspirat din naiul tradi\u021bional, acest obiect decorativ evoc\u0103 sunetele care definesc sufletul rom\u00e2nesc.<\/p>\n<\/div>\n\n\t\t\t\t\t\t\t\t\t<\/div>\n\n\t\t\t\t\t\t\t\t\t<a href=\"#\" class=\"wd-info-box-link wd-fill\" aria-label=\"Infobox link\"><\/a>\n\t\t\t\t\t\t\t<\/div>\n\t\t<\/div>\n\t\t\t\t\t\t<\/div>\n\t\t\t\t<\/div>\n\t\t\t\t<div class=\"elementor-element elementor-element-720d0b18 elementor-widget elementor-widget-wd_infobox\" data-id=\"720d0b18\" data-element_type=\"widget\" data-e-type=\"widget\" data-widget_type=\"wd_infobox.default\">\n\t\t\t\t<div class=\"elementor-widget-container\">\n\t\t\t\t\t\t\t<div class=\"info-box-wrapper\">\n\t\t\t<div class=\"wd-info-box text-center box-icon-align-top box-style-base color-scheme-\">\n\t\t\t\t\t\t\t\t\t<div class=\"box-icon-wrapper  box-with-icon box-icon-simple\">\n\t\t\t\t\t\t<div class=\"info-box-icon\">\n\t\t\t\t\t\t\t\t\t\t\t\t\t\t\t<img loading=\"lazy\" decoding=\"async\" width=\"50\" height=\"50\" src=\"https:\/\/deromania.es\/wp-content\/smush-webp\/2025\/07\/Jucarii-Traditionale-Romanesti-50x50.png.webp\" class=\"attachment-50x50 size-50x50\" alt=\"Juguetes tradicionales rumanos\" srcset=\"https:\/\/deromania.es\/wp-content\/smush-webp\/2025\/07\/Jucarii-Traditionale-Romanesti-50x50.png.webp 50w, https:\/\/deromania.es\/wp-content\/smush-webp\/2025\/07\/Jucarii-Traditionale-Romanesti-12x12.png.webp 12w, https:\/\/deromania.es\/wp-content\/smush-webp\/2025\/07\/Jucarii-Traditionale-Romanesti-150x150.png.webp 150w, https:\/\/deromania.es\/wp-content\/uploads\/2025\/07\/Jucarii-Traditionale-Romanesti-300x300.png 300w, https:\/\/deromania.es\/wp-content\/smush-webp\/2025\/07\/Jucarii-Traditionale-Romanesti-768x768.png.webp 768w, https:\/\/deromania.es\/wp-content\/uploads\/2025\/07\/Jucarii-Traditionale-Romanesti-800x800.png 800w, https:\/\/deromania.es\/wp-content\/uploads\/2025\/07\/Jucarii-Traditionale-Romanesti-430x430.png 430w, https:\/\/deromania.es\/wp-content\/uploads\/2025\/07\/Jucarii-Traditionale-Romanesti-700x700.png 700w, https:\/\/deromania.es\/wp-content\/smush-webp\/2025\/07\/Jucarii-Traditionale-Romanesti.png.webp 1024w\" sizes=\"auto, (max-width: 50px) 100vw, 50px\" title=\"\">\t\t\t\t\t\t\t\t\t\t\t\t\t<\/div>\n\t\t\t\t\t<\/div>\n\t\t\t\t\n\t\t\t\t<div class=\"info-box-content\">\n\t\t\t\t\t\n\t\t\t\t\t\t\t\t\t\t\t<h4\t\t\t\t\t\tclass=\"info-box-title title box-title-style-default wd-fontsize-s\" data-elementor-setting-key=\"title\">\n\t\t\t\t\t\t\t\tEntrega r\u00e1pida desde Espa\u00f1a\t\t\t\t\t\t<\/h4>\n\t\t\t\t\t\n\t\t\t\t\t<div class=\"info-box-inner reset-last-child\"data-elementor-setting-key=\"content\"><p style=\"text-align: center;\">Enviamos desde nuestro propio stock en la provincia de C\u00e1diz. Sin aranceles ni largas esperas desde Ruman\u00eda.<\/p>\n<\/div>\n\n\t\t\t\t\t\t\t\t\t<\/div>\n\n\t\t\t\t\t\t\t\t\t<a href=\"#\" class=\"wd-info-box-link wd-fill\" aria-label=\"Infobox link\"><\/a>\n\t\t\t\t\t\t\t<\/div>\n\t\t<\/div>\n\t\t\t\t\t\t<\/div>\n\t\t\t\t<\/div>\n\t\t\t\t<\/div>\n\t\t<div class=\"elementor-element elementor-element-106eeeb8 e-con-full e-flex e-con e-child\" data-id=\"106eeeb8\" data-element_type=\"container\" data-e-type=\"container\">\n\t\t\t\t<div class=\"elementor-element elementor-element-133b4f54 elementor-widget elementor-widget-wd_infobox\" data-id=\"133b4f54\" data-element_type=\"widget\" data-e-type=\"widget\" data-widget_type=\"wd_infobox.default\">\n\t\t\t\t<div class=\"elementor-widget-container\">\n\t\t\t\t\t\t\t<div class=\"info-box-wrapper\">\n\t\t\t<div class=\"wd-info-box text-center box-icon-align-top box-style-base color-scheme-\">\n\t\t\t\t\t\t\t\t\t<div class=\"box-icon-wrapper  box-with-icon box-icon-simple\">\n\t\t\t\t\t\t<div class=\"info-box-icon\">\n\t\t\t\t\t\t\t\t\t\t\t\t\t\t\t<img loading=\"lazy\" decoding=\"async\" width=\"50\" height=\"50\" src=\"https:\/\/deromania.es\/wp-content\/smush-webp\/2025\/07\/Jucarii-Traditionale-Romanesti-Spania-50x50.png.webp\" class=\"attachment-50x50 size-50x50\" alt=\"Juguetes tradicionales rumanos Espa\u00f1a\" srcset=\"https:\/\/deromania.es\/wp-content\/smush-webp\/2025\/07\/Jucarii-Traditionale-Romanesti-Spania-50x50.png.webp 50w, https:\/\/deromania.es\/wp-content\/smush-webp\/2025\/07\/Jucarii-Traditionale-Romanesti-Spania-150x150.png.webp 150w, https:\/\/deromania.es\/wp-content\/smush-webp\/2025\/07\/Jucarii-Traditionale-Romanesti-Spania-430x430.png.webp 430w\" sizes=\"auto, (max-width: 50px) 100vw, 50px\" title=\"\">\t\t\t\t\t\t\t\t\t\t\t\t\t<\/div>\n\t\t\t\t\t<\/div>\n\t\t\t\t\n\t\t\t\t<div class=\"info-box-content\">\n\t\t\t\t\t\n\t\t\t\t\t\t\t\t\t\t\t<h4\t\t\t\t\t\tclass=\"info-box-title title box-title-style-default wd-fontsize-s\" data-elementor-setting-key=\"title\">\n\t\t\t\t\t\t\t\tPerfect ca suvenir sau cadou\t\t\t\t\t\t<\/h4>\n\t\t\t\t\t\n\t\t\t\t\t<div class=\"info-box-inner reset-last-child\"data-elementor-setting-key=\"content\"><p style=\"text-align: center;\">Mic, elegant \u0219i u\u0219or de transportat \u2013 o alegere potrivit\u0103 pentru daruri cu tematic\u0103 rom\u00e2neasc\u0103.<\/p>\n<\/div>\n\n\t\t\t\t\t\t\t\t\t<\/div>\n\n\t\t\t\t\t\t\t\t\t<a href=\"#\" class=\"wd-info-box-link wd-fill\" aria-label=\"Infobox link\"><\/a>\n\t\t\t\t\t\t\t<\/div>\n\t\t<\/div>\n\t\t\t\t\t\t<\/div>\n\t\t\t\t<\/div>\n\t\t\t\t<div class=\"elementor-element elementor-element-76e0647a elementor-widget elementor-widget-wd_infobox\" data-id=\"76e0647a\" data-element_type=\"widget\" data-e-type=\"widget\" data-widget_type=\"wd_infobox.default\">\n\t\t\t\t<div class=\"elementor-widget-container\">\n\t\t\t\t\t\t\t<div class=\"info-box-wrapper\">\n\t\t\t<div class=\"wd-info-box text-center box-icon-align-top box-style-base color-scheme-\">\n\t\t\t\t\t\t\t\t\t<div class=\"box-icon-wrapper  box-with-icon box-icon-simple\">\n\t\t\t\t\t\t<div class=\"info-box-icon\">\n\t\t\t\t\t\t\t\t\t\t\t\t\t\t\t<img loading=\"lazy\" decoding=\"async\" width=\"50\" height=\"50\" src=\"https:\/\/deromania.es\/wp-content\/smush-webp\/2025\/07\/Carti-Arta-traditionale-romanesti-Spania-50x50.png.webp\" class=\"attachment-50x50 size-50x50\" alt=\"Libros y arte Arte tradicional rumano Espa\u00f1a\" srcset=\"https:\/\/deromania.es\/wp-content\/smush-webp\/2025\/07\/Carti-Arta-traditionale-romanesti-Spania-50x50.png.webp 50w, https:\/\/deromania.es\/wp-content\/smush-webp\/2025\/07\/Carti-Arta-traditionale-romanesti-Spania-150x150.png.webp 150w, https:\/\/deromania.es\/wp-content\/smush-webp\/2025\/07\/Carti-Arta-traditionale-romanesti-Spania-430x430.png.webp 430w\" sizes=\"auto, (max-width: 50px) 100vw, 50px\" title=\"\">\t\t\t\t\t\t\t\t\t\t\t\t\t<\/div>\n\t\t\t\t\t<\/div>\n\t\t\t\t\n\t\t\t\t<div class=\"info-box-content\">\n\t\t\t\t\t\n\t\t\t\t\t\t\t\t\t\t\t<h4\t\t\t\t\t\tclass=\"info-box-title title box-title-style-default wd-fontsize-s\" data-elementor-setting-key=\"title\">\n\t\t\t\t\t\t\t\tMe\u0219te\u0219ug tradi\u021bional rom\u00e2nesc\t\t\t\t\t\t<\/h4>\n\t\t\t\t\t\n\t\t\t\t\t<div class=\"info-box-inner reset-last-child\"data-elementor-setting-key=\"content\"><p style=\"text-align: center;\">Fabricat \u00een Rom\u00e2nia, din lemn \u0219i decorat manual, este un omagiu adus tradi\u021biilor populare autentice.<\/p>\n<\/div>\n\n\t\t\t\t\t\t\t\t\t<\/div>\n\n\t\t\t\t\t\t\t\t\t<a href=\"#\" class=\"wd-info-box-link wd-fill\" aria-label=\"Infobox link\"><\/a>\n\t\t\t\t\t\t\t<\/div>\n\t\t<\/div>\n\t\t\t\t\t\t<\/div>\n\t\t\t\t<\/div>\n\t\t\t\t<\/div>\n\t\t\t\t\t<\/div>\n\t\t\t\t<\/div>\n\t\t\t\t<\/div>","protected":false},"excerpt":{"rendered":"<p>Nai rumano decorativo de madera de 16 cm inspirado en los instrumentos folcl\u00f3ricos rumanos. Ideal como recuerdo, regalo tradicional o decoraci\u00f3n para los amantes del folclore.<\/p>","protected":false},"featured_media":34578,"comment_status":"open","ping_status":"closed","template":"","meta":[],"product_brand":[126],"product_cat":[144,117,149,146],"product_tag":[198,193,190,328,204,205,202,197,203,201,188,195],"class_list":{"0":"post-232","1":"product","2":"type-product","3":"status-publish","4":"has-post-thumbnail","6":"product_brand-transilvania","7":"product_cat-decoratiuni","8":"product_cat-handmade","9":"product_cat-jucarii-traditionale","10":"product_cat-lemn-ceramica","11":"product_tag-artizanat-romanesc","12":"product_tag-cadou-romanesc","13":"product_tag-cultura-romaneasca","14":"product_tag-decorative","15":"product_tag-folclor-romanesc","16":"product_tag-instrument-romanesc","17":"product_tag-instrument-traditional","18":"product_tag-lemn-artizanal","19":"product_tag-muzica-populara","20":"product_tag-nai-romanesc","21":"product_tag-produse-traditionale-romanesti","22":"product_tag-simbol-romanesc","24":"first","25":"instock","26":"taxable","27":"shipping-taxable","28":"purchasable","29":"product-type-simple"},"_links":{"self":[{"href":"https:\/\/deromania.es\/es\/wp-json\/wp\/v2\/product\/232","targetHints":{"allow":["GET"]}}],"collection":[{"href":"https:\/\/deromania.es\/es\/wp-json\/wp\/v2\/product"}],"about":[{"href":"https:\/\/deromania.es\/es\/wp-json\/wp\/v2\/types\/product"}],"replies":[{"embeddable":true,"href":"https:\/\/deromania.es\/es\/wp-json\/wp\/v2\/comments?post=232"}],"version-history":[{"count":0,"href":"https:\/\/deromania.es\/es\/wp-json\/wp\/v2\/product\/232\/revisions"}],"wp:featuredmedia":[{"embeddable":true,"href":"https:\/\/deromania.es\/es\/wp-json\/wp\/v2\/media\/34578"}],"wp:attachment":[{"href":"https:\/\/deromania.es\/es\/wp-json\/wp\/v2\/media?parent=232"}],"wp:term":[{"taxonomy":"product_brand","embeddable":true,"href":"https:\/\/deromania.es\/es\/wp-json\/wp\/v2\/product_brand?post=232"},{"taxonomy":"product_cat","embeddable":true,"href":"https:\/\/deromania.es\/es\/wp-json\/wp\/v2\/product_cat?post=232"},{"taxonomy":"product_tag","embeddable":true,"href":"https:\/\/deromania.es\/es\/wp-json\/wp\/v2\/product_tag?post=232"}],"curies":[{"name":"wp","href":"https:\/\/api.w.org\/{rel}","templated":true}]}}