{"id":197464,"date":"2026-01-21T15:15:36","date_gmt":"2026-01-21T14:15:36","guid":{"rendered":"https:\/\/deromania.es\/?post_type=product&#038;p=197464"},"modified":"2026-03-29T18:29:59","modified_gmt":"2026-03-29T16:29:59","slug":"martisor-brosa-glas-de-pasare-in-saculet","status":"publish","type":"product","link":"https:\/\/deromania.es\/es\/producto\/martisor-brosa-glas-de-pasare-in-saculet","title":{"rendered":"Broche Martisor Cristal de p\u00e1jaro en una bolsa"},"content":{"rendered":"<div data-elementor-type=\"wp-post\" data-elementor-id=\"197464\" class=\"elementor elementor-197464\">\n\t\t\t\t<div class=\"wd-negative-gap elementor-element elementor-element-32fae63a e-flex e-con-boxed e-con e-parent\" data-id=\"32fae63a\" data-element_type=\"container\" data-e-type=\"container\">\n\t\t\t\t\t<div class=\"e-con-inner\">\n\t\t\t\t<div class=\"elementor-element elementor-element-50f1aac8 color-scheme-inherit text-left elementor-widget elementor-widget-text-editor\" data-id=\"50f1aac8\" data-element_type=\"widget\" data-e-type=\"widget\" data-widget_type=\"text-editor.default\">\n\t\t\t\t<div class=\"elementor-widget-container\">\n\t\t\t\t\t\t\t\t\t<p data-start=\"513\" data-end=\"620\"><strong data-start=\"513\" data-end=\"620\">M\u0103r\u021bi\u0219or bro\u0219\u0103 Glas de pas\u0103re \u00een s\u0103cule\u021b \u2013 o celebrare a prim\u0103verii, a libert\u0103\u021bii \u0219i a sufletului curat<\/strong><\/p><p data-start=\"622\" data-end=\"985\">Cu un design inspirat de natur\u0103 \u0219i de simbolistica pas\u0103rilor \u00een cultura rom\u00e2neasc\u0103, <strong data-start=\"706\" data-end=\"752\">M\u0103r\u021bi\u0219orul bro\u0219\u0103 Glas de pas\u0103re \u00een s\u0103cule\u021b<\/strong> este o alegere elegant\u0103, vesel\u0103 \u0219i plin\u0103 de semnifica\u021bie pentru \u00eenceputul lunii martie. Pas\u0103rea, \u00een credin\u021bele populare, anun\u021b\u0103 prim\u0103vara \u0219i rena\u0219terea, dar este \u0219i un simbol al sufletului liber, al bucuriei \u0219i al armoniei cu lumea.<\/p><p data-start=\"987\" data-end=\"1265\">Bro\u0219a reprezint\u0103 o pas\u0103re delicat\u0103 \u0219i stilizat\u0103, u\u0219or de purtat, \u0219i ideal\u0103 pentru persoanele care apreciaz\u0103 <strong data-start=\"1095\" data-end=\"1140\">cadourile simbolice, inspirate din natur\u0103<\/strong>. Este ambalat\u0103 cu grij\u0103 \u00eentr-un <strong data-start=\"1173\" data-end=\"1199\">s\u0103cule\u021b textil elegant<\/strong>, transform\u00e2nd m\u0103r\u021bi\u0219orul \u00eentr-un cadou complet \u0219i gata de oferit.<\/p><p data-start=\"1267\" data-end=\"1300\">Acest model este potrivit pentru:<\/p><ul data-start=\"1301\" data-end=\"1426\"><li data-start=\"1301\" data-end=\"1334\"><p data-start=\"1303\" data-end=\"1334\">colege de birou sau profesoare,<\/p><\/li><li data-start=\"1335\" data-end=\"1356\"><p data-start=\"1337\" data-end=\"1356\">prietene apropiate,<\/p><\/li><li data-start=\"1357\" data-end=\"1426\"><p data-start=\"1359\" data-end=\"1426\">persoane care iubesc p\u0103s\u0103rile, libertatea sau simbolistica naturii.<\/p><\/li><\/ul><p data-start=\"1428\" data-end=\"1640\">\u0218nurul tradi\u021bional alb-ro\u0219u completeaz\u0103 bro\u0219a \u0219i aduce cu el mesajul rom\u00e2nesc de noroc, protec\u021bie \u0219i re\u00eennoire. Ambalajul de tip s\u0103cule\u021b adaug\u0103 o not\u0103 de rafinament \u0219i grij\u0103, oferind un plus de valoare simbolic\u0103.<\/p><p data-start=\"1642\" data-end=\"1892\">Disponibil pe <strong data-start=\"1656\" data-end=\"1672\">Deromania.es<\/strong>, m\u0103r\u021bi\u0219orul <strong data-start=\"1685\" data-end=\"1714\">Glas de pas\u0103re \u00een s\u0103cule\u021b<\/strong> face parte din colec\u021bia noastr\u0103 atent selec\u021bionat\u0103 de produse rom\u00e2ne\u0219ti tradi\u021bionale \u0219i moderne, livrate rapid \u00een toat\u0103 Spania din stoc local (2\u20134 zile lucr\u0103toare prin Correos).<\/p><p data-start=\"1894\" data-end=\"1974\">Ofer\u0103 un mesaj de libertate, speran\u021b\u0103 \u0219i prim\u0103var\u0103 printr-un m\u0103r\u021bi\u0219or cu suflet!<\/p>\t\t\t\t\t\t\t\t<\/div>\n\t\t\t\t<\/div>\n\t\t\t\t\t<\/div>\n\t\t\t\t<\/div>\n\t\t\t\t<\/div>","protected":false},"excerpt":{"rendered":"<p>Las Voces del P\u00e1jaro en una Bolsa - un s\u00edmbolo de primavera, libertad y esperanza, elegantemente empaquetado para ser regalado con un coraz\u00f3n.<\/p>","protected":false},"featured_media":203671,"comment_status":"open","ping_status":"closed","template":"","meta":[],"product_brand":[128],"product_cat":[99],"product_tag":[336],"class_list":{"0":"post-197464","1":"product","2":"type-product","3":"status-publish","4":"has-post-thumbnail","6":"product_brand-martisor","7":"product_cat-martisoare-bijuterii","8":"product_tag-martisoare-brosa","10":"first","11":"instock","12":"taxable","13":"shipping-taxable","14":"purchasable","15":"product-type-simple"},"_links":{"self":[{"href":"https:\/\/deromania.es\/es\/wp-json\/wp\/v2\/product\/197464","targetHints":{"allow":["GET"]}}],"collection":[{"href":"https:\/\/deromania.es\/es\/wp-json\/wp\/v2\/product"}],"about":[{"href":"https:\/\/deromania.es\/es\/wp-json\/wp\/v2\/types\/product"}],"replies":[{"embeddable":true,"href":"https:\/\/deromania.es\/es\/wp-json\/wp\/v2\/comments?post=197464"}],"version-history":[{"count":0,"href":"https:\/\/deromania.es\/es\/wp-json\/wp\/v2\/product\/197464\/revisions"}],"wp:featuredmedia":[{"embeddable":true,"href":"https:\/\/deromania.es\/es\/wp-json\/wp\/v2\/media\/203671"}],"wp:attachment":[{"href":"https:\/\/deromania.es\/es\/wp-json\/wp\/v2\/media?parent=197464"}],"wp:term":[{"taxonomy":"product_brand","embeddable":true,"href":"https:\/\/deromania.es\/es\/wp-json\/wp\/v2\/product_brand?post=197464"},{"taxonomy":"product_cat","embeddable":true,"href":"https:\/\/deromania.es\/es\/wp-json\/wp\/v2\/product_cat?post=197464"},{"taxonomy":"product_tag","embeddable":true,"href":"https:\/\/deromania.es\/es\/wp-json\/wp\/v2\/product_tag?post=197464"}],"curies":[{"name":"wp","href":"https:\/\/api.w.org\/{rel}","templated":true}]}}