{"id":197459,"date":"2026-01-21T15:14:45","date_gmt":"2026-01-21T14:14:45","guid":{"rendered":"https:\/\/deromania.es\/?post_type=product&#038;p=197459"},"modified":"2026-03-29T18:30:07","modified_gmt":"2026-03-29T16:30:07","slug":"martisor-brosa-elefantel-in-cutiuta","status":"publish","type":"product","link":"https:\/\/deromania.es\/es\/producto\/martisor-brosa-elefantel-in-cutiuta","title":{"rendered":"Elefante Elefante en una cajita"},"content":{"rendered":"<div data-elementor-type=\"wp-post\" data-elementor-id=\"197459\" class=\"elementor elementor-197459\">\n\t\t\t\t<div class=\"wd-negative-gap elementor-element elementor-element-32fae63a e-flex e-con-boxed e-con e-parent\" data-id=\"32fae63a\" data-element_type=\"container\" data-e-type=\"container\">\n\t\t\t\t\t<div class=\"e-con-inner\">\n\t\t\t\t<div class=\"elementor-element elementor-element-50f1aac8 color-scheme-inherit text-left elementor-widget elementor-widget-text-editor\" data-id=\"50f1aac8\" data-element_type=\"widget\" data-e-type=\"widget\" data-widget_type=\"text-editor.default\">\n\t\t\t\t<div class=\"elementor-widget-container\">\n\t\t\t\t\t\t\t\t\t<p data-start=\"487\" data-end=\"569\"><strong data-start=\"487\" data-end=\"569\">M\u0103r\u021bi\u0219or bro\u0219\u0103 Elef\u0103n\u021bel \u00een cutiu\u021b\u0103 \u2013 bucurie, noroc \u0219i z\u00e2mbete \u00een stil juc\u0103u\u0219<\/strong><\/p><p data-start=\"571\" data-end=\"901\">Pentru cei care vor s\u0103 ofere un m\u0103r\u021bi\u0219or diferit, cu un strop de veselie \u0219i culoare, <strong data-start=\"656\" data-end=\"697\">M\u0103r\u021bi\u0219orul bro\u0219\u0103 Elef\u0103n\u021bel \u00een cutiu\u021b\u0103<\/strong> este alegerea perfect\u0103. Reprezent\u00e2nd un elef\u0103n\u021bel simpatic, acest m\u0103r\u021bi\u0219or iese \u00een eviden\u021b\u0103 printr-un design colorat \u0219i prietenos, fiind \u00eendr\u0103git de copii, adolescen\u021bi, dar \u0219i de adul\u021bii cu suflet t\u00e2n\u0103r.<\/p><p data-start=\"903\" data-end=\"1251\">\u00cen cultura asiatic\u0103, elefantul simbolizeaz\u0103 <strong data-start=\"947\" data-end=\"1002\">norocul, \u00een\u021belepciunea, loialitatea \u0219i stabilitatea<\/strong>. Integrat \u00eentr-un m\u0103r\u021bi\u0219or bro\u0219\u0103, el devine un cadou amuzant, dar cu sens, potrivit pentru a aduce z\u00e2mbete \u0219i g\u00e2nduri bune celor dragi. Fie c\u0103 alegi s\u0103 \u00eel oferi colegilor, prietenilor sau membrilor familiei, va transmite un mesaj pozitiv \u0219i juc\u0103u\u0219.<\/p><p data-start=\"1253\" data-end=\"1482\">Bro\u0219a este ambalat\u0103 elegant \u00eentr-o <strong data-start=\"1288\" data-end=\"1310\">cutiu\u021b\u0103 decorativ\u0103<\/strong>, gata de oferit, f\u0103r\u0103 alte preg\u0103tiri. Bine\u00een\u021beles, nu lipse\u0219te <strong data-start=\"1374\" data-end=\"1405\">\u0219nurul tradi\u021bional alb-ro\u0219u<\/strong>, care leag\u0103 simbolul prim\u0103verii cu mesajul personal al celui care d\u0103ruie\u0219te.<\/p><p data-start=\"1484\" data-end=\"1720\">Ya disponible en <strong data-start=\"1503\" data-end=\"1519\">Deromania.es<\/strong>, acest m\u0103r\u021bi\u0219or face parte din colec\u021bia noastr\u0103 de <strong data-start=\"1571\" data-end=\"1617\">m\u0103r\u021bi\u0219oare moderne cu simboluri universale<\/strong>, atent selec\u021bionate \u0219i livrate din stoc local, oriunde \u00een Spania, \u00een 2\u20134 zile lucr\u0103toare prin Correos.<\/p><p data-start=\"1722\" data-end=\"1820\">Alege s\u0103 oferi o bucurie simpl\u0103, dar memorabil\u0103 \u2013 un m\u0103r\u021bi\u0219or plin de culoare \u0219i energie pozitiv\u0103!<\/p>\t\t\t\t\t\t\t\t<\/div>\n\t\t\t\t<\/div>\n\t\t\t\t\t<\/div>\n\t\t\t\t<\/div>\n\t\t\t\t<\/div>","protected":false},"excerpt":{"rendered":"<p>Broche Elefante en cajita - un juguet\u00f3n s\u00edmbolo de buena suerte y sabidur\u00eda, ideal para un regalo alegre y colorido en marzo.<\/p>","protected":false},"featured_media":203579,"comment_status":"open","ping_status":"closed","template":"","meta":[],"product_brand":[128],"product_cat":[99],"product_tag":[336],"class_list":{"0":"post-197459","1":"product","2":"type-product","3":"status-publish","4":"has-post-thumbnail","6":"product_brand-martisor","7":"product_cat-martisoare-bijuterii","8":"product_tag-martisoare-brosa","10":"first","11":"instock","12":"taxable","13":"shipping-taxable","14":"purchasable","15":"product-type-simple"},"_links":{"self":[{"href":"https:\/\/deromania.es\/es\/wp-json\/wp\/v2\/product\/197459","targetHints":{"allow":["GET"]}}],"collection":[{"href":"https:\/\/deromania.es\/es\/wp-json\/wp\/v2\/product"}],"about":[{"href":"https:\/\/deromania.es\/es\/wp-json\/wp\/v2\/types\/product"}],"replies":[{"embeddable":true,"href":"https:\/\/deromania.es\/es\/wp-json\/wp\/v2\/comments?post=197459"}],"version-history":[{"count":0,"href":"https:\/\/deromania.es\/es\/wp-json\/wp\/v2\/product\/197459\/revisions"}],"wp:featuredmedia":[{"embeddable":true,"href":"https:\/\/deromania.es\/es\/wp-json\/wp\/v2\/media\/203579"}],"wp:attachment":[{"href":"https:\/\/deromania.es\/es\/wp-json\/wp\/v2\/media?parent=197459"}],"wp:term":[{"taxonomy":"product_brand","embeddable":true,"href":"https:\/\/deromania.es\/es\/wp-json\/wp\/v2\/product_brand?post=197459"},{"taxonomy":"product_cat","embeddable":true,"href":"https:\/\/deromania.es\/es\/wp-json\/wp\/v2\/product_cat?post=197459"},{"taxonomy":"product_tag","embeddable":true,"href":"https:\/\/deromania.es\/es\/wp-json\/wp\/v2\/product_tag?post=197459"}],"curies":[{"name":"wp","href":"https:\/\/api.w.org\/{rel}","templated":true}]}}