{"id":197457,"date":"2026-01-21T15:14:22","date_gmt":"2026-01-21T14:14:22","guid":{"rendered":"https:\/\/deromania.es\/?post_type=product&#038;p=197457"},"modified":"2026-03-29T18:30:11","modified_gmt":"2026-03-29T16:30:11","slug":"martisor-brosa-port-popular-in-saculet","status":"publish","type":"product","link":"https:\/\/deromania.es\/es\/producto\/martisor-brosa-port-popular-in-saculet","title":{"rendered":"Martisor brosa Port Popular en bolsita"},"content":{"rendered":"<div data-elementor-type=\"wp-post\" data-elementor-id=\"197457\" class=\"elementor elementor-197457\">\n\t\t\t\t<div class=\"wd-negative-gap elementor-element elementor-element-32fae63a e-flex e-con-boxed e-con e-parent\" data-id=\"32fae63a\" data-element_type=\"container\" data-e-type=\"container\">\n\t\t\t\t\t<div class=\"e-con-inner\">\n\t\t\t\t<div class=\"elementor-element elementor-element-50f1aac8 color-scheme-inherit text-left elementor-widget elementor-widget-text-editor\" data-id=\"50f1aac8\" data-element_type=\"widget\" data-e-type=\"widget\" data-widget_type=\"text-editor.default\">\n\t\t\t\t<div class=\"elementor-widget-container\">\n\t\t\t\t\t\t\t\t\t<p data-start=\"483\" data-end=\"566\"><strong data-start=\"483\" data-end=\"566\">M\u0103r\u021bi\u0219or bro\u0219\u0103 Port Popular \u00een s\u0103cule\u021b \u2013 un simbol viu al identit\u0103\u021bii rom\u00e2ne\u0219ti<\/strong><\/p><p data-start=\"568\" data-end=\"925\">Cu respect pentru tradi\u021bie \u0219i dragoste pentru frumos, <strong data-start=\"622\" data-end=\"666\">M\u0103r\u021bi\u0219orul bro\u0219\u0103 Port Popular \u00een s\u0103cule\u021b<\/strong> aduce \u00een prim-plan valorile autentice ale culturii rom\u00e2ne\u0219ti. Reprezent\u00e2nd un cuplu \u00eembr\u0103cat \u00een port popular, acest m\u0103r\u021bi\u0219or este o alegere de suflet pentru cei care \u00ee\u0219i pre\u021buiesc originile \u0219i vor s\u0103 transmit\u0103 mai departe simboluri ale identit\u0103\u021bii na\u021bionale.<\/p><p data-start=\"927\" data-end=\"1241\">Bro\u0219a este lucrat\u0103 cu aten\u021bie la detalii, surprinz\u00e2nd elemente stilizate ale costumului tradi\u021bional rom\u00e2nesc, care variaz\u0103 \u00een func\u021bie de regiune, dar p\u0103streaz\u0103 aceea\u0219i esen\u021b\u0103: <strong data-start=\"1103\" data-end=\"1152\">frumuse\u021be, modestie \u0219i continuitate cultural\u0103<\/strong>. Este \u00eenso\u021bit\u0103 de clasicul \u0219nur alb-ro\u0219u, care adaug\u0103 un plus de simbolism \u0219i prim\u0103var\u0103.<\/p><p data-start=\"1243\" data-end=\"1393\">Ambalarea \u00eentr-un <strong data-start=\"1261\" data-end=\"1289\">s\u0103cule\u021b textil decorativ<\/strong> ofer\u0103 o not\u0103 aparte de elegan\u021b\u0103 \u0219i grij\u0103 pentru detalii \u2013 un cadou gata de oferit, f\u0103r\u0103 alte preg\u0103tiri.<\/p><p data-start=\"1395\" data-end=\"1671\">M\u0103r\u021bi\u0219orul este ideal pentru cei care vor s\u0103 p\u0103streze vie tradi\u021bia, dar \u0219i pentru cei care doresc s\u0103 ofere un dar simbolic, reprezentativ pentru Rom\u00e2nia. Se potrive\u0219te perfect pentru colegi, profesori, rude sau prieteni apropia\u021bi \u2013 cu siguran\u021b\u0103 va st\u00e2rni z\u00e2mbete \u0219i nostalgie.<\/p><p data-start=\"1673\" data-end=\"1876\">Disponibil pe <strong data-start=\"1687\" data-end=\"1703\">Deromania.es<\/strong>, acest m\u0103r\u021bi\u0219or face parte din colec\u021bia noastr\u0103 special\u0103 de produse tradi\u021bionale rom\u00e2ne\u0219ti, livrate din stoc local din Spania, prin serviciul Correos \u2013 2\u20134 zile lucr\u0103toare.<\/p>\t\t\t\t\t\t\t\t<\/div>\n\t\t\t\t<\/div>\n\t\t\t\t\t<\/div>\n\t\t\t\t<\/div>\n\t\t\t\t<\/div>","protected":false},"excerpt":{"rendered":"<p>Broche marquesa Port Popular en bolsa - un homenaje a la tradici\u00f3n rumana, elegantemente empaquetado e ideal como regalo en marzo.<\/p>","protected":false},"featured_media":203572,"comment_status":"open","ping_status":"closed","template":"","meta":[],"product_brand":[128],"product_cat":[99],"product_tag":[336],"class_list":{"0":"post-197457","1":"product","2":"type-product","3":"status-publish","4":"has-post-thumbnail","6":"product_brand-martisor","7":"product_cat-martisoare-bijuterii","8":"product_tag-martisoare-brosa","10":"first","11":"outofstock","12":"taxable","13":"shipping-taxable","14":"purchasable","15":"product-type-simple"},"_links":{"self":[{"href":"https:\/\/deromania.es\/es\/wp-json\/wp\/v2\/product\/197457","targetHints":{"allow":["GET"]}}],"collection":[{"href":"https:\/\/deromania.es\/es\/wp-json\/wp\/v2\/product"}],"about":[{"href":"https:\/\/deromania.es\/es\/wp-json\/wp\/v2\/types\/product"}],"replies":[{"embeddable":true,"href":"https:\/\/deromania.es\/es\/wp-json\/wp\/v2\/comments?post=197457"}],"version-history":[{"count":0,"href":"https:\/\/deromania.es\/es\/wp-json\/wp\/v2\/product\/197457\/revisions"}],"wp:featuredmedia":[{"embeddable":true,"href":"https:\/\/deromania.es\/es\/wp-json\/wp\/v2\/media\/203572"}],"wp:attachment":[{"href":"https:\/\/deromania.es\/es\/wp-json\/wp\/v2\/media?parent=197457"}],"wp:term":[{"taxonomy":"product_brand","embeddable":true,"href":"https:\/\/deromania.es\/es\/wp-json\/wp\/v2\/product_brand?post=197457"},{"taxonomy":"product_cat","embeddable":true,"href":"https:\/\/deromania.es\/es\/wp-json\/wp\/v2\/product_cat?post=197457"},{"taxonomy":"product_tag","embeddable":true,"href":"https:\/\/deromania.es\/es\/wp-json\/wp\/v2\/product_tag?post=197457"}],"curies":[{"name":"wp","href":"https:\/\/api.w.org\/{rel}","templated":true}]}}