{"id":164395,"date":"2025-12-20T14:16:09","date_gmt":"2025-12-20T14:16:09","guid":{"rendered":"https:\/\/deromania.es\/?post_type=product&#038;p=164395"},"modified":"2026-03-29T18:31:32","modified_gmt":"2026-03-29T16:31:32","slug":"carbune-holy-trinity-27mm-6-bucati-rola","status":"publish","type":"product","link":"https:\/\/deromania.es\/es\/producto\/carbune-holy-trinity-27mm-6-bucati-rola","title":{"rendered":"Holy Trinity Carb\u00f3n 27mm - 6 piezas \/ rollo"},"content":{"rendered":"<div data-elementor-type=\"wp-post\" data-elementor-id=\"164395\" class=\"elementor elementor-164395\">\n\t\t\t\t<div class=\"wd-negative-gap elementor-element elementor-element-77efb82 e-flex e-con-boxed e-con e-parent\" data-id=\"77efb82\" data-element_type=\"container\" data-e-type=\"container\">\n\t\t\t\t\t<div class=\"e-con-inner\">\n\t\t\t\t<div class=\"elementor-element elementor-element-f0ec461 elementor-widget__width-initial elementor-widget elementor-widget-wd_text_block\" data-id=\"f0ec461\" data-element_type=\"widget\" data-e-type=\"widget\" data-widget_type=\"wd_text_block.default\">\n\t\t\t\t<div class=\"elementor-widget-container\">\n\t\t\t\t\t\t\t<div class=\"wd-text-block reset-last-child text-left\">\n\t\t\t\n\t\t\t<p data-start=\"378\" data-end=\"443\"><strong data-start=\"378\" data-end=\"443\">C\u0103rbune pentru Cult Ortodox \u2013 Ardere curat\u0103, t\u0103m\u00e2iere cu rost<\/strong><\/p><p data-start=\"445\" data-end=\"733\">Acest rulou de c\u0103rbune este special conceput pentru uz religios, cu dimensiunea standard de 24 x 7 mm, ideal pentru aprinderea t\u0103m\u00e2ii \u00een cadrul rug\u0103ciunii personale sau \u00een spa\u021biile liturgice. Se aprinde u\u0219or \u0219i arde constant, f\u0103r\u0103 fum excesiv, oferind o experien\u021b\u0103 curat\u0103 \u0219i lini\u0219titoare.<\/p><p data-start=\"735\" data-end=\"998\">Fie c\u0103 este folosit acas\u0103, \u00een col\u021bul de rug\u0103ciune, sau la biseric\u0103, c\u0103rbunele asigur\u0103 arderea optim\u0103 a t\u0103m\u00e2ii, sprijinind momentele de reculegere \u0219i comuniune spiritual\u0103. Ruloul con\u021bine mai multe pastile de c\u0103rbune presat, ambalate compact pentru p\u0103strare u\u0219oar\u0103.<\/p><p data-start=\"1000\" data-end=\"1130\">Buscar en <strong data-start=\"1006\" data-end=\"1047\">c\u0103rbune pentru cult ortodox \u00een Spania<\/strong>? La Deromania.es g\u0103se\u0219ti produse de \u00eencredere, cu livrare rapid\u0103 din stoc propriu.<\/p><p data-start=\"1346\" data-end=\"1476\"><strong data-start=\"1346\" data-end=\"1386\">\ud83d\udd25 Aprindere rapid\u0103, ardere uniform\u0103<\/strong><br data-start=\"1386\" data-end=\"1389\" \/>C\u0103rbunele se aprinde u\u0219or \u0219i men\u021bine flac\u0103ra constant\u0103, ideal pentru t\u0103m\u00e2ierea corect\u0103.<\/p><p data-start=\"1478\" data-end=\"1593\"><strong data-start=\"1478\" data-end=\"1513\">\u271d\ufe0f Potrivit pentru cult ortodox<\/strong><br data-start=\"1513\" data-end=\"1516\" \/>Recomandat pentru folosirea cu t\u0103m\u00e2ie, la rug\u0103ciuni sau \u00een slujbe religioase.<\/p><p data-start=\"1595\" data-end=\"1725\"><strong data-start=\"1595\" data-end=\"1634\">\ud83e\uddf4 Ambalaj compact, u\u0219or de p\u0103strat<\/strong><br data-start=\"1634\" data-end=\"1637\" \/>Rulou cu pastile individuale \u2013 se depoziteaz\u0103 bine \u0219i este practic \u00een utilizare zilnic\u0103.<\/p><p data-start=\"1727\" data-end=\"1856\"><strong data-start=\"1727\" data-end=\"1759\">\ud83d\udce6 Env\u00edo r\u00e1pido desde Espa\u00f1a<\/strong><br data-start=\"1759\" data-end=\"1762\" \/>C\u0103rbunele este disponibil imediat \u00een stocul Deromania.es \u2013 f\u0103r\u0103 comenzi externe sau a\u0219tept\u0103ri.<\/p>\n\t\t\t\t\t<\/div>\n\t\t\t\t\t\t<\/div>\n\t\t\t\t<\/div>\n\t\t\t\t<div class=\"elementor-element elementor-element-6944a65 elementor-widget__width-initial elementor-widget elementor-widget-wd_image_or_svg\" data-id=\"6944a65\" data-element_type=\"widget\" data-e-type=\"widget\" data-widget_type=\"wd_image_or_svg.default\">\n\t\t\t\t<div class=\"elementor-widget-container\">\n\t\t\t\t\t\n\t\t<div class=\"wd-image text-left\">\n\t\t\t\t\t\t\t\t<img loading=\"lazy\" decoding=\"async\" width=\"1024\" height=\"1024\" src=\"https:\/\/deromania.es\/wp-content\/smush-webp\/2021\/08\/Icon-Icoane-traditionale-si-textile-romanesti.jpeg.webp\" class=\"attachment-full size-full\" alt=\"Icono Iconos rumanos, tradicionales y textiles\" srcset=\"https:\/\/deromania.es\/wp-content\/smush-webp\/2021\/08\/Icon-Icoane-traditionale-si-textile-romanesti.jpeg.webp 1024w, https:\/\/deromania.es\/wp-content\/smush-webp\/2021\/08\/Icon-Icoane-traditionale-si-textile-romanesti-12x12.jpeg.webp 12w, https:\/\/deromania.es\/wp-content\/smush-webp\/2021\/08\/Icon-Icoane-traditionale-si-textile-romanesti-150x150.jpeg.webp 150w, https:\/\/deromania.es\/wp-content\/smush-webp\/2021\/08\/Icon-Icoane-traditionale-si-textile-romanesti-300x300.jpeg.webp 300w, https:\/\/deromania.es\/wp-content\/smush-webp\/2021\/08\/Icon-Icoane-traditionale-si-textile-romanesti-768x768.jpeg.webp 768w, https:\/\/deromania.es\/wp-content\/smush-webp\/2021\/08\/Icon-Icoane-traditionale-si-textile-romanesti-800x800.jpeg.webp 800w, https:\/\/deromania.es\/wp-content\/smush-webp\/2021\/08\/Icon-Icoane-traditionale-si-textile-romanesti-430x430.jpeg.webp 430w, https:\/\/deromania.es\/wp-content\/smush-webp\/2021\/08\/Icon-Icoane-traditionale-si-textile-romanesti-700x700.jpeg.webp 700w, https:\/\/deromania.es\/wp-content\/smush-webp\/2021\/08\/Icon-Icoane-traditionale-si-textile-romanesti-50x50.jpeg.webp 50w\" sizes=\"auto, (max-width: 1024px) 100vw, 1024px\" title=\"\">\t\t\t\t\t<\/div>\n\n\t\t\t\t\t\t<\/div>\n\t\t\t\t<\/div>\n\t\t\t\t\t<\/div>\n\t\t\t\t<\/div>\n\t\t\t\t<\/div>","protected":false},"excerpt":{"rendered":"<p>Carbones para incienso Sant\u00edsima Trinidad - 27 mm, rollo de 6 piezas. Carb\u00f3n de alta calidad, de encendido r\u00e1pido y combusti\u00f3n uniforme, ideal para el incienso casero y la oraci\u00f3n.<\/p>","protected":false},"featured_media":170969,"comment_status":"open","ping_status":"closed","template":"","meta":[],"product_brand":[122],"product_cat":[98],"product_tag":[163],"class_list":{"0":"post-164395","1":"product","2":"type-product","3":"status-publish","4":"has-post-thumbnail","6":"product_brand-patriarhia-romana","7":"product_cat-obiecte-ortodoxe","8":"product_tag-fitile-si-carbune","10":"first","11":"instock","12":"taxable","13":"shipping-taxable","14":"purchasable","15":"product-type-simple"},"_links":{"self":[{"href":"https:\/\/deromania.es\/es\/wp-json\/wp\/v2\/product\/164395","targetHints":{"allow":["GET"]}}],"collection":[{"href":"https:\/\/deromania.es\/es\/wp-json\/wp\/v2\/product"}],"about":[{"href":"https:\/\/deromania.es\/es\/wp-json\/wp\/v2\/types\/product"}],"replies":[{"embeddable":true,"href":"https:\/\/deromania.es\/es\/wp-json\/wp\/v2\/comments?post=164395"}],"version-history":[{"count":0,"href":"https:\/\/deromania.es\/es\/wp-json\/wp\/v2\/product\/164395\/revisions"}],"wp:featuredmedia":[{"embeddable":true,"href":"https:\/\/deromania.es\/es\/wp-json\/wp\/v2\/media\/170969"}],"wp:attachment":[{"href":"https:\/\/deromania.es\/es\/wp-json\/wp\/v2\/media?parent=164395"}],"wp:term":[{"taxonomy":"product_brand","embeddable":true,"href":"https:\/\/deromania.es\/es\/wp-json\/wp\/v2\/product_brand?post=164395"},{"taxonomy":"product_cat","embeddable":true,"href":"https:\/\/deromania.es\/es\/wp-json\/wp\/v2\/product_cat?post=164395"},{"taxonomy":"product_tag","embeddable":true,"href":"https:\/\/deromania.es\/es\/wp-json\/wp\/v2\/product_tag?post=164395"}],"curies":[{"name":"wp","href":"https:\/\/api.w.org\/{rel}","templated":true}]}}