{"id":164388,"date":"2025-12-20T14:09:17","date_gmt":"2025-12-20T14:09:17","guid":{"rendered":"https:\/\/deromania.es\/?post_type=product&#038;p=164388"},"modified":"2026-03-29T18:31:41","modified_gmt":"2026-03-29T16:31:41","slug":"candela-de-masa-simpla-argintie-12-x-6-cm","status":"publish","type":"product","link":"https:\/\/deromania.es\/es\/producto\/candela-de-masa-simpla-argintie-12-x-6-cm","title":{"rendered":"Vela de mesa plateada lisa 12 x 6 cm"},"content":{"rendered":"<div data-elementor-type=\"wp-post\" data-elementor-id=\"164388\" class=\"elementor elementor-164388\">\n\t\t\t\t<div class=\"wd-negative-gap elementor-element elementor-element-77efb82 e-flex e-con-boxed e-con e-parent\" data-id=\"77efb82\" data-element_type=\"container\" data-e-type=\"container\">\n\t\t\t\t\t<div class=\"e-con-inner\">\n\t\t\t\t<div class=\"elementor-element elementor-element-f0ec461 elementor-widget__width-initial elementor-widget elementor-widget-wd_text_block\" data-id=\"f0ec461\" data-element_type=\"widget\" data-e-type=\"widget\" data-widget_type=\"wd_text_block.default\">\n\t\t\t\t<div class=\"elementor-widget-container\">\n\t\t\t\t\t\t\t<div class=\"wd-text-block reset-last-child text-left\">\n\t\t\t\n\t\t\t<p><strong>Candela de Mas\u0103 \u2013 Model Clasic, cu Cutie PVC<\/strong> este un obiect ortodox indispensabil \u00een via\u021ba de rug\u0103ciune a credinciosului. Folosit\u0103 pentru aprinderea luminii la icoane, candela simbolizeaz\u0103 prezen\u021ba lui Hristos \u2013 Lumina lumii \u2013 \u0219i aduce pace \u0219i reculegere \u00een locuin\u021b\u0103.<\/p>\n<p>Designul simplu \u0219i stabil o face potrivit\u0103 pentru a fi a\u0219ezat\u0103 pe mas\u0103, comod\u0103, noptier\u0103 sau \u00een col\u021bul de rug\u0103ciune. Ambalajul din PVC protejeaz\u0103 produsul \u0219i \u00eel face u\u0219or de transportat sau oferit cadou.<\/p>\n<h3><strong>Caracter\u00edsticas principales<\/strong><\/h3>\n<ul>\n<li><strong>Consejo:<\/strong> Candel\u0103 ortodox\u0103 de mas\u0103<\/li>\n<li><strong>Model:<\/strong> Clasic<\/li>\n<li><strong>Utilizare:<\/strong> Cas\u0103, col\u021b de rug\u0103ciune<\/li>\n<li><strong>Ambalaj:<\/strong> Cutie PVC transparent\u0103<\/li>\n<li><strong>Compatibilitate:<\/strong> Fitile cu plut\u0103 \u0219i ulei pentru candel\u0103<\/li>\n<li><strong>Origen:<\/strong> Ruman\u00eda<\/li>\n<\/ul>\n<h3><strong>\u2726 Semnifica\u021bie \u0219i utilizare<\/strong><\/h3>\n<p>Aprinderea candelei este un gest de rug\u0103ciune \u0219i de comuniune cu Dumnezeu. Lumina ei \u00eenso\u021be\u0219te momentele de lini\u0219te, citirea acatistelor \u0219i rug\u0103ciunea zilnic\u0103, fiind un semn al credin\u021bei vii.<\/p>\n<p>Candela este ideal\u0103 pentru:<\/p>\n<ul>\n<li>col\u021bul de rug\u0103ciune din locuin\u021b\u0103;<\/li>\n<li>aprinderea zilnic\u0103 a luminii la icoane;<\/li>\n<li>rug\u0103ciuni de diminea\u021b\u0103 \u0219i sear\u0103;<\/li>\n<li>cadouri simple cu semnifica\u021bie religioas\u0103;<\/li>\n<li>folosire constant\u0103, u\u0219oar\u0103 \u0219i sigur\u0103.<\/li>\n<\/ul>\n<h3><strong>\u2726 Avantaje<\/strong><\/h3>\n<ul>\n<li>model stabil \u0219i u\u0219or de utilizat;<\/li>\n<li>potrivit\u0103 pentru spa\u021bii mici;<\/li>\n<li>ambalaj practic pentru depozitare \u0219i transport;<\/li>\n<li>design discret, integrabil \u00een orice decor;<\/li>\n<li>obiect esen\u021bial pentru via\u021ba de rug\u0103ciune.<\/li>\n<\/ul>\n<p>Candela de mas\u0103 este alegerea potrivit\u0103 pentru cei care doresc s\u0103 p\u0103streze aprins\u0103 lumina credin\u021bei \u00een fiecare zi, \u00eentr-un mod simplu, sigur \u0219i tradi\u021bional.<\/p>\n\n\t\t\t\t\t<\/div>\n\t\t\t\t\t\t<\/div>\n\t\t\t\t<\/div>\n\t\t\t\t<div class=\"elementor-element elementor-element-6944a65 elementor-widget__width-initial elementor-widget elementor-widget-wd_image_or_svg\" data-id=\"6944a65\" data-element_type=\"widget\" data-e-type=\"widget\" data-widget_type=\"wd_image_or_svg.default\">\n\t\t\t\t<div class=\"elementor-widget-container\">\n\t\t\t\t\t\n\t\t<div class=\"wd-image text-left\">\n\t\t\t\t\t\t\t\t<img loading=\"lazy\" decoding=\"async\" width=\"1024\" height=\"1024\" src=\"https:\/\/deromania.es\/wp-content\/smush-webp\/2021\/08\/Icon-Icoane-traditionale-si-textile-romanesti.jpeg.webp\" class=\"attachment-full size-full\" alt=\"Icono Iconos rumanos, tradicionales y textiles\" srcset=\"https:\/\/deromania.es\/wp-content\/smush-webp\/2021\/08\/Icon-Icoane-traditionale-si-textile-romanesti.jpeg.webp 1024w, https:\/\/deromania.es\/wp-content\/smush-webp\/2021\/08\/Icon-Icoane-traditionale-si-textile-romanesti-12x12.jpeg.webp 12w, https:\/\/deromania.es\/wp-content\/smush-webp\/2021\/08\/Icon-Icoane-traditionale-si-textile-romanesti-150x150.jpeg.webp 150w, https:\/\/deromania.es\/wp-content\/smush-webp\/2021\/08\/Icon-Icoane-traditionale-si-textile-romanesti-300x300.jpeg.webp 300w, https:\/\/deromania.es\/wp-content\/smush-webp\/2021\/08\/Icon-Icoane-traditionale-si-textile-romanesti-768x768.jpeg.webp 768w, https:\/\/deromania.es\/wp-content\/smush-webp\/2021\/08\/Icon-Icoane-traditionale-si-textile-romanesti-800x800.jpeg.webp 800w, https:\/\/deromania.es\/wp-content\/smush-webp\/2021\/08\/Icon-Icoane-traditionale-si-textile-romanesti-430x430.jpeg.webp 430w, https:\/\/deromania.es\/wp-content\/smush-webp\/2021\/08\/Icon-Icoane-traditionale-si-textile-romanesti-700x700.jpeg.webp 700w, https:\/\/deromania.es\/wp-content\/smush-webp\/2021\/08\/Icon-Icoane-traditionale-si-textile-romanesti-50x50.jpeg.webp 50w\" sizes=\"auto, (max-width: 1024px) 100vw, 1024px\" title=\"\">\t\t\t\t\t<\/div>\n\n\t\t\t\t\t\t<\/div>\n\t\t\t\t<\/div>\n\t\t\t\t\t<\/div>\n\t\t\t\t<\/div>\n\t\t\t\t<\/div>","protected":false},"excerpt":{"rendered":"<p>Cirio de mesa - modelo cl\u00e1sico, embalado en caja de PVC. Un art\u00edculo ortodoxo esencial para el rinc\u00f3n de oraci\u00f3n, ideal para encender la luz sobre los iconos y crear una atm\u00f3sfera de tranquilidad y recogimiento.<\/p>","protected":false},"featured_media":170960,"comment_status":"open","ping_status":"closed","template":"","meta":[],"product_brand":[122],"product_cat":[144,98],"product_tag":[],"class_list":{"0":"post-164388","1":"product","2":"type-product","3":"status-publish","4":"has-post-thumbnail","6":"product_brand-patriarhia-romana","7":"product_cat-decoratiuni","8":"product_cat-obiecte-ortodoxe","10":"first","11":"instock","12":"taxable","13":"shipping-taxable","14":"purchasable","15":"product-type-simple"},"_links":{"self":[{"href":"https:\/\/deromania.es\/es\/wp-json\/wp\/v2\/product\/164388","targetHints":{"allow":["GET"]}}],"collection":[{"href":"https:\/\/deromania.es\/es\/wp-json\/wp\/v2\/product"}],"about":[{"href":"https:\/\/deromania.es\/es\/wp-json\/wp\/v2\/types\/product"}],"replies":[{"embeddable":true,"href":"https:\/\/deromania.es\/es\/wp-json\/wp\/v2\/comments?post=164388"}],"version-history":[{"count":0,"href":"https:\/\/deromania.es\/es\/wp-json\/wp\/v2\/product\/164388\/revisions"}],"wp:featuredmedia":[{"embeddable":true,"href":"https:\/\/deromania.es\/es\/wp-json\/wp\/v2\/media\/170960"}],"wp:attachment":[{"href":"https:\/\/deromania.es\/es\/wp-json\/wp\/v2\/media?parent=164388"}],"wp:term":[{"taxonomy":"product_brand","embeddable":true,"href":"https:\/\/deromania.es\/es\/wp-json\/wp\/v2\/product_brand?post=164388"},{"taxonomy":"product_cat","embeddable":true,"href":"https:\/\/deromania.es\/es\/wp-json\/wp\/v2\/product_cat?post=164388"},{"taxonomy":"product_tag","embeddable":true,"href":"https:\/\/deromania.es\/es\/wp-json\/wp\/v2\/product_tag?post=164388"}],"curies":[{"name":"wp","href":"https:\/\/api.w.org\/{rel}","templated":true}]}}