{"id":149545,"date":"2025-11-25T11:11:00","date_gmt":"2025-11-25T11:11:00","guid":{"rendered":"https:\/\/deromania.es\/?post_type=product&#038;p=149545"},"modified":"2026-03-29T18:32:23","modified_gmt":"2026-03-29T16:32:23","slug":"catuie-din-ceramica-mica-pentru-tamaie","status":"publish","type":"product","link":"https:\/\/deromania.es\/es\/producto\/catuie-din-ceramica-mica-pentru-tamaie","title":{"rendered":"C\u00e1liz de incienso de cer\u00e1mica - Peque\u00f1o, Para incienso, Producto ortodoxo"},"content":{"rendered":"<p><strong>C\u0103tuie Mic\u0103 din Ceramic\u0103<\/strong> este un accesoriu ortodox pentru t\u0103m\u00e2ie realizat \u00een Rom\u00e2nia \u0219i, acolo unde se aplic\u0103, <strong>sfin\u021bit<\/strong> \u00eenainte de expediere. Produs recomandat pentru cas\u0103, familie \u0219i folos duhovnicesc.<\/p>\n<h3><strong>\u2726 Caracteristici<\/strong><\/h3>\n<ul>\n<li>Material: ceramic\u0103<\/li>\n<li>M\u0103rime: mic\u0103<\/li>\n<li>Potrivit\u0103 pentru t\u0103m\u00e2ie<\/li>\n<\/ul>\n<h3><strong>\u2726 Semnifica\u021bie \u0219i utilizare<\/strong><\/h3>\n<p>C\u0103tuiile sunt folosite \u00een col\u021bul de rug\u0103ciune pentru arderea t\u0103m\u00e2iei.<\/p>\n<p>Este ideal\u0103 pentru uz casnic, oferind un mod sigur \u0219i tradi\u021bional de a folosi t\u0103m\u00e2ia.<\/p>\n<p>Livrare rapid\u0103 din Spania.<\/p>","protected":false},"excerpt":{"rendered":"<p>Peque\u00f1o caldero de cer\u00e1mica para quemar incienso.<\/p>","protected":false},"featured_media":150011,"comment_status":"open","ping_status":"closed","template":"","meta":[],"product_brand":[122],"product_cat":[98],"product_tag":[680,678,679,161],"class_list":{"0":"post-149545","1":"product","2":"type-product","3":"status-publish","4":"has-post-thumbnail","6":"product_brand-patriarhia-romana","7":"product_cat-obiecte-ortodoxe","8":"product_tag-accesorii-ortodoxe","9":"product_tag-catuie","10":"product_tag-ceramica","11":"product_tag-tamaie","13":"first","14":"instock","15":"taxable","16":"shipping-taxable","17":"purchasable","18":"product-type-simple"},"_links":{"self":[{"href":"https:\/\/deromania.es\/es\/wp-json\/wp\/v2\/product\/149545","targetHints":{"allow":["GET"]}}],"collection":[{"href":"https:\/\/deromania.es\/es\/wp-json\/wp\/v2\/product"}],"about":[{"href":"https:\/\/deromania.es\/es\/wp-json\/wp\/v2\/types\/product"}],"replies":[{"embeddable":true,"href":"https:\/\/deromania.es\/es\/wp-json\/wp\/v2\/comments?post=149545"}],"version-history":[{"count":0,"href":"https:\/\/deromania.es\/es\/wp-json\/wp\/v2\/product\/149545\/revisions"}],"wp:featuredmedia":[{"embeddable":true,"href":"https:\/\/deromania.es\/es\/wp-json\/wp\/v2\/media\/150011"}],"wp:attachment":[{"href":"https:\/\/deromania.es\/es\/wp-json\/wp\/v2\/media?parent=149545"}],"wp:term":[{"taxonomy":"product_brand","embeddable":true,"href":"https:\/\/deromania.es\/es\/wp-json\/wp\/v2\/product_brand?post=149545"},{"taxonomy":"product_cat","embeddable":true,"href":"https:\/\/deromania.es\/es\/wp-json\/wp\/v2\/product_cat?post=149545"},{"taxonomy":"product_tag","embeddable":true,"href":"https:\/\/deromania.es\/es\/wp-json\/wp\/v2\/product_tag?post=149545"}],"curies":[{"name":"wp","href":"https:\/\/api.w.org\/{rel}","templated":true}]}}