{"id":149530,"date":"2025-11-25T11:10:00","date_gmt":"2025-11-25T11:10:00","guid":{"rendered":"https:\/\/deromania.es\/?post_type=product&#038;p=149530"},"modified":"2026-03-29T18:32:28","modified_gmt":"2026-03-29T16:32:28","slug":"vin-nama-rosu-dulce-pentru-impartasanie","status":"publish","type":"product","link":"https:\/\/deromania.es\/es\/producto\/vin-nama-rosu-dulce-pentru-impartasanie","title":{"rendered":"Vino Tinto Nama - Dulce, Para Comuni\u00f3n"},"content":{"rendered":"<p><strong>Vin Nama \u2013 Ro\u0219u Dulce Pentru \u00cemp\u0103rt\u0103\u0219anie<\/strong> este un vin ortodox pentru uz liturgic realizat \u00een Rom\u00e2nia \u0219i, acolo unde se aplic\u0103, <strong>sfin\u021bit<\/strong> \u00eenainte de expediere. Produs recomandat pentru cas\u0103, familie \u0219i folos duhovnicesc.<\/p>\n<h3><strong>\u2726 Caracteristici<\/strong><\/h3>\n<ul>\n<li>Cantitate: sticl\u0103 standard<\/li>\n<li>Tip: ro\u0219u dulce<\/li>\n<li>Potrivit pentru \u00eemp\u0103rt\u0103\u0219anie<\/li>\n<\/ul>\n<h3><strong>\u2726 Semnifica\u021bie \u0219i utilizare<\/strong><\/h3>\n<p>Vinul Nama este folosit \u00een tradi\u021bia ortodox\u0103 pentru slujbe \u0219i \u00eemp\u0103rt\u0103\u0219ire.<\/p>\n<p>Este ales pentru gustul dulce, curat, \u0219i pentru utilizarea lui sacr\u0103 \u0219i tradi\u021bional\u0103.<\/p>\n<p>Livrare rapid\u0103 din Spania.<\/p>","protected":false},"excerpt":{"rendered":"<p>Vino Nama tinto y dulce, adecuado para comuniones y momentos lit\u00fargicos.<\/p>","protected":false},"featured_media":150038,"comment_status":"open","ping_status":"closed","template":"","meta":[],"product_brand":[122],"product_cat":[98],"product_tag":[544,677,676,675],"class_list":{"0":"post-149530","1":"product","2":"type-product","3":"status-publish","4":"has-post-thumbnail","6":"product_brand-patriarhia-romana","7":"product_cat-obiecte-ortodoxe","8":"product_tag-ortodox","9":"product_tag-rosu-dulce","10":"product_tag-vin-impartasanie","11":"product_tag-vin-nama","13":"first","14":"instock","15":"taxable","16":"shipping-taxable","17":"purchasable","18":"product-type-simple"},"_links":{"self":[{"href":"https:\/\/deromania.es\/es\/wp-json\/wp\/v2\/product\/149530","targetHints":{"allow":["GET"]}}],"collection":[{"href":"https:\/\/deromania.es\/es\/wp-json\/wp\/v2\/product"}],"about":[{"href":"https:\/\/deromania.es\/es\/wp-json\/wp\/v2\/types\/product"}],"replies":[{"embeddable":true,"href":"https:\/\/deromania.es\/es\/wp-json\/wp\/v2\/comments?post=149530"}],"version-history":[{"count":0,"href":"https:\/\/deromania.es\/es\/wp-json\/wp\/v2\/product\/149530\/revisions"}],"wp:featuredmedia":[{"embeddable":true,"href":"https:\/\/deromania.es\/es\/wp-json\/wp\/v2\/media\/150038"}],"wp:attachment":[{"href":"https:\/\/deromania.es\/es\/wp-json\/wp\/v2\/media?parent=149530"}],"wp:term":[{"taxonomy":"product_brand","embeddable":true,"href":"https:\/\/deromania.es\/es\/wp-json\/wp\/v2\/product_brand?post=149530"},{"taxonomy":"product_cat","embeddable":true,"href":"https:\/\/deromania.es\/es\/wp-json\/wp\/v2\/product_cat?post=149530"},{"taxonomy":"product_tag","embeddable":true,"href":"https:\/\/deromania.es\/es\/wp-json\/wp\/v2\/product_tag?post=149530"}],"curies":[{"name":"wp","href":"https:\/\/api.w.org\/{rel}","templated":true}]}}