{"id":149507,"date":"2025-11-25T11:07:00","date_gmt":"2025-11-25T11:07:00","guid":{"rendered":"https:\/\/deromania.es\/?post_type=product&#038;p=149507"},"modified":"2025-11-26T14:48:19","modified_gmt":"2025-11-26T14:48:19","slug":"icoana-pe-lemn-binecuvantarea-casei","status":"publish","type":"product","link":"https:\/\/deromania.es\/es\/producto\/icoana-pe-lemn-binecuvantarea-casei","title":{"rendered":"Icono sobre madera - La bendici\u00f3n de la casa 33 x 23 cm, Santificado"},"content":{"rendered":"<p><strong>Icoan\u0103 pe Lemn \u2013 Binecuv\u00e2ntarea Casei<\/strong> este un obiect ortodox pe lemn realizat \u00een Rom\u00e2nia \u0219i, acolo unde se aplic\u0103, <strong>sfin\u021bit<\/strong> \u00eenainte de expediere. Produs recomandat pentru cas\u0103, familie \u0219i folos duhovnicesc.<\/p>\n<h3><strong>\u2726 Caracteristici<\/strong><\/h3>\n<ul>\n<li>Dimensiune:  aproximativ 20\u00d7?? cm<\/li>\n<li>Imagine: Binecuv\u00e2ntarea Casei<\/li>\n<li>Sfin\u021bit\u0103 \u00eenainte de expediere<\/li>\n<\/ul>\n<h3><strong>\u2726 Semnifica\u021bie \u0219i utilizare<\/strong><\/h3>\n<p>Aceast\u0103 icoan\u0103 este potrivit\u0103 pentru protec\u021bia locuin\u021bei \u0219i a familiei.<\/p>\n<p>Este aleas\u0103 pentru pace, lumin\u0103, armonie \u0219i binecuv\u00e2ntare permanent\u0103 asupra casei.<\/p>\n<p>Livrare rapid\u0103 din Spania.<\/p>","protected":false},"excerpt":{"rendered":"<p>Icono sobre madera consagrada - La Bendici\u00f3n de la Casa.<\/p>","protected":false},"featured_media":149867,"comment_status":"open","ping_status":"closed","template":"","meta":[],"product_brand":[122],"product_cat":[91,98],"product_tag":[669,504,515,506],"class_list":{"0":"post-149507","1":"product","2":"type-product","3":"status-publish","4":"has-post-thumbnail","6":"product_brand-patriarhia-romana","7":"product_cat-icoane","8":"product_cat-obiecte-ortodoxe","9":"product_tag-binecuvantarea-casei","10":"product_tag-icoana","11":"product_tag-protectie","12":"product_tag-sfintita","14":"first","15":"instock","16":"taxable","17":"shipping-taxable","18":"purchasable","19":"product-type-simple"},"_links":{"self":[{"href":"https:\/\/deromania.es\/es\/wp-json\/wp\/v2\/product\/149507","targetHints":{"allow":["GET"]}}],"collection":[{"href":"https:\/\/deromania.es\/es\/wp-json\/wp\/v2\/product"}],"about":[{"href":"https:\/\/deromania.es\/es\/wp-json\/wp\/v2\/types\/product"}],"replies":[{"embeddable":true,"href":"https:\/\/deromania.es\/es\/wp-json\/wp\/v2\/comments?post=149507"}],"version-history":[{"count":0,"href":"https:\/\/deromania.es\/es\/wp-json\/wp\/v2\/product\/149507\/revisions"}],"wp:featuredmedia":[{"embeddable":true,"href":"https:\/\/deromania.es\/es\/wp-json\/wp\/v2\/media\/149867"}],"wp:attachment":[{"href":"https:\/\/deromania.es\/es\/wp-json\/wp\/v2\/media?parent=149507"}],"wp:term":[{"taxonomy":"product_brand","embeddable":true,"href":"https:\/\/deromania.es\/es\/wp-json\/wp\/v2\/product_brand?post=149507"},{"taxonomy":"product_cat","embeddable":true,"href":"https:\/\/deromania.es\/es\/wp-json\/wp\/v2\/product_cat?post=149507"},{"taxonomy":"product_tag","embeddable":true,"href":"https:\/\/deromania.es\/es\/wp-json\/wp\/v2\/product_tag?post=149507"}],"curies":[{"name":"wp","href":"https:\/\/api.w.org\/{rel}","templated":true}]}}