{"id":149360,"date":"2025-11-25T10:48:00","date_gmt":"2025-11-25T10:48:00","guid":{"rendered":"https:\/\/deromania.es\/?post_type=product&#038;p=149360"},"modified":"2026-03-22T19:04:33","modified_gmt":"2026-03-22T18:04:33","slug":"icoana-metalica-icoana-tuturor-sfintilor","status":"publish","type":"product","link":"https:\/\/deromania.es\/es\/producto\/icoana-metalica-icoana-tuturor-sfintilor","title":{"rendered":"Icono de metal - Icono de Todos los Santos, 19\u00d724 cm, Producto ortodoxo ungido"},"content":{"rendered":"<p><strong>Icoan\u0103 Metalic\u0103 \u2013 Icoana Tuturor Sfin\u021bilor, 19\u00d724 cm<\/strong> este o icoan\u0103 metalic\u0103 ortodox\u0103 realizat\u0103 \u00een Rom\u00e2nia, lucrat\u0103 cu grij\u0103 \u0219i <strong>consagrado<\/strong> \u00eenainte de expediere. Icoana este potrivit\u0103 pentru cas\u0103, birou sau ca dar religios cu semnifica\u021bie profund\u0103.<\/p>\n<h3><strong>Caracter\u00edsticas principales<\/strong><\/h3>\n<ul>\n<li><strong>Consejo:<\/strong> icoan\u0103 metalic\u0103 ortodox\u0103<\/li>\n<li><strong>Tama\u00f1o:<\/strong> 19 \u00d7 24 cm<\/li>\n<li><strong>Imag\u00ednate:<\/strong> Icoana Tuturor Sfin\u021bilor<\/li>\n<li><strong>Origen:<\/strong> Ruman\u00eda<\/li>\n<li><strong>Bendici\u00f3n:<\/strong> <strong>Santo<\/strong> \u00eenainte de expediere<\/li>\n<\/ul>\n<h3><strong>\u2726 Significado espiritual<\/strong><\/h3>\n<p>Icoana Tuturor Sfin\u021bilor aminte\u0219te de marea familie a sfin\u021bilor care se roag\u0103 pentru lume \u0219i pentru fiecare credincios \u00een parte.<\/p>\n<p>Este aleas\u0103 de cei care doresc s\u0103 aib\u0103 aproape, \u00een chip tainic, ajutorul \u0219i mijlocirea tuturor sfin\u021bilor, pentru cas\u0103, copii, familie \u0219i serviciu.<\/p>\n<h3><strong>\u2726 Ideal\u0103 pentru<\/strong><\/h3>\n<ul>\n<li>Col\u021bul de rug\u0103ciune din cas\u0103<\/li>\n<li>Regalos religiosos<\/li>\n<li>Protec\u021bia familiei \u0219i a locuin\u021bei<\/li>\n<li>Birou, living sau dormitor<\/li>\n<\/ul>\n<p>Produs livrat rapid din Spania, ambalat cu grij\u0103 pentru a ajunge \u00een stare perfect\u0103.<\/p>","protected":false},"excerpt":{"rendered":"<p>Icono de metal en relieve - Icono de Todos los Santos, 19\u00d724 cm, consagrado. Una representaci\u00f3n llena de luz, unidad y poder espiritual, ideal para la protecci\u00f3n, la oraci\u00f3n y el fortalecimiento de la fe en la familia.<\/p>","protected":false},"featured_media":149923,"comment_status":"open","ping_status":"closed","template":"","meta":[],"product_brand":[122],"product_cat":[91,98],"product_tag":[648,504,646,506,649,650],"class_list":{"0":"post-149360","1":"product","2":"type-product","3":"status-publish","4":"has-post-thumbnail","6":"product_brand-patriarhia-romana","7":"product_cat-icoane","8":"product_cat-obiecte-ortodoxe","9":"product_tag-19x24","10":"product_tag-icoana","11":"product_tag-icoana-metalica","12":"product_tag-sfintita","13":"product_tag-toti-sfintii","14":"product_tag-tuturor-sfintilor","16":"first","17":"instock","18":"taxable","19":"shipping-taxable","20":"purchasable","21":"product-type-simple"},"_links":{"self":[{"href":"https:\/\/deromania.es\/es\/wp-json\/wp\/v2\/product\/149360","targetHints":{"allow":["GET"]}}],"collection":[{"href":"https:\/\/deromania.es\/es\/wp-json\/wp\/v2\/product"}],"about":[{"href":"https:\/\/deromania.es\/es\/wp-json\/wp\/v2\/types\/product"}],"replies":[{"embeddable":true,"href":"https:\/\/deromania.es\/es\/wp-json\/wp\/v2\/comments?post=149360"}],"version-history":[{"count":0,"href":"https:\/\/deromania.es\/es\/wp-json\/wp\/v2\/product\/149360\/revisions"}],"wp:featuredmedia":[{"embeddable":true,"href":"https:\/\/deromania.es\/es\/wp-json\/wp\/v2\/media\/149923"}],"wp:attachment":[{"href":"https:\/\/deromania.es\/es\/wp-json\/wp\/v2\/media?parent=149360"}],"wp:term":[{"taxonomy":"product_brand","embeddable":true,"href":"https:\/\/deromania.es\/es\/wp-json\/wp\/v2\/product_brand?post=149360"},{"taxonomy":"product_cat","embeddable":true,"href":"https:\/\/deromania.es\/es\/wp-json\/wp\/v2\/product_cat?post=149360"},{"taxonomy":"product_tag","embeddable":true,"href":"https:\/\/deromania.es\/es\/wp-json\/wp\/v2\/product_tag?post=149360"}],"curies":[{"name":"wp","href":"https:\/\/api.w.org\/{rel}","templated":true}]}}