{"id":148287,"date":"2025-11-21T09:54:45","date_gmt":"2025-11-21T09:54:45","guid":{"rendered":"https:\/\/deromania.es\/?post_type=product&#038;p=148287"},"modified":"2025-12-27T10:33:31","modified_gmt":"2025-12-27T10:33:31","slug":"icoana-pe-lemn-sfantul-mare-mucenic-gheorghe","status":"publish","type":"product","link":"https:\/\/deromania.es\/es\/producto\/icoana-pe-lemn-sfantul-mare-mucenic-gheorghe","title":{"rendered":"Icono sobre madera - San Jorge Gran M\u00e1rtir, 14\u00d719 cm, Santificado"},"content":{"rendered":"<p><strong>Icoan\u0103 Sf\u00e2ntul Gheorghe<\/strong> este o icoan\u0103 ortodox\u0103 pe lemn, lucrat\u0103 \u00een stil bizantin, imprimat\u0103 impecabil \u0219i <strong>consagrado<\/strong> \u00eenainte de expediere. Este potrivit\u0103 pentru protec\u021bia casei, rug\u0103ciune \u0219i binecuv\u00e2ntare.<\/p>\n<h3><strong>Caracter\u00edsticas principales<\/strong><\/h3>\n<ul>\n<li>Dimensiune: 14\u00d719 cm<\/li>\n<li>Imagine: Sf\u00e2ntul Mare Mucenic Gheorghe<\/li>\n<li>Material: lemn + litografie<\/li>\n<li>Origine: Rom\u00e2nia<\/li>\n<li>Bendici\u00f3n: <strong>Santo<\/strong><\/li>\n<\/ul>\n<h3><strong>\u2726 Significado espiritual<\/strong><\/h3>\n<p>Sf\u00e2ntul Gheorghe este cunoscut pentru curaj, biruin\u021b\u0103 \u0219i ajutor \u00een lupta cu nedrept\u0103\u021bile.<\/p>\n<p>Credincio\u0219ii \u00eel aleg pentru protec\u021bie, putere \u0219i izb\u0103vire din \u00eencerc\u0103ri.<\/p>\n<h3><strong>\u2726 Ideal\u0103 pentru<\/strong><\/h3>\n<ul>\n<li>Protec\u021bia familiei<\/li>\n<li>Altar personal<\/li>\n<li>Regalos religiosos<\/li>\n<li>Oraci\u00f3n diaria<\/li>\n<\/ul>\n<p>Livrare rapid\u0103 din Spania.<\/p>","protected":false},"excerpt":{"rendered":"<p>Icono consagrado de San Jorge - 14\u00d719 cm, vencedor del drag\u00f3n y defensor de los fieles.<\/p>","protected":false},"featured_media":169892,"comment_status":"open","ping_status":"closed","template":"","meta":[],"product_brand":[122],"product_cat":[91,98],"product_tag":[593,635,504,634,506],"class_list":{"0":"post-148287","1":"product","2":"type-product","3":"status-publish","4":"has-post-thumbnail","6":"product_brand-patriarhia-romana","7":"product_cat-icoane","8":"product_cat-obiecte-ortodoxe","9":"product_tag-14x19","10":"product_tag-biruitorul-balaurului","11":"product_tag-icoana","12":"product_tag-sf-gheorghe","13":"product_tag-sfintita","15":"first","16":"instock","17":"taxable","18":"shipping-taxable","19":"purchasable","20":"product-type-simple"},"_links":{"self":[{"href":"https:\/\/deromania.es\/es\/wp-json\/wp\/v2\/product\/148287","targetHints":{"allow":["GET"]}}],"collection":[{"href":"https:\/\/deromania.es\/es\/wp-json\/wp\/v2\/product"}],"about":[{"href":"https:\/\/deromania.es\/es\/wp-json\/wp\/v2\/types\/product"}],"replies":[{"embeddable":true,"href":"https:\/\/deromania.es\/es\/wp-json\/wp\/v2\/comments?post=148287"}],"version-history":[{"count":0,"href":"https:\/\/deromania.es\/es\/wp-json\/wp\/v2\/product\/148287\/revisions"}],"wp:featuredmedia":[{"embeddable":true,"href":"https:\/\/deromania.es\/es\/wp-json\/wp\/v2\/media\/169892"}],"wp:attachment":[{"href":"https:\/\/deromania.es\/es\/wp-json\/wp\/v2\/media?parent=148287"}],"wp:term":[{"taxonomy":"product_brand","embeddable":true,"href":"https:\/\/deromania.es\/es\/wp-json\/wp\/v2\/product_brand?post=148287"},{"taxonomy":"product_cat","embeddable":true,"href":"https:\/\/deromania.es\/es\/wp-json\/wp\/v2\/product_cat?post=148287"},{"taxonomy":"product_tag","embeddable":true,"href":"https:\/\/deromania.es\/es\/wp-json\/wp\/v2\/product_tag?post=148287"}],"curies":[{"name":"wp","href":"https:\/\/api.w.org\/{rel}","templated":true}]}}