{"id":148277,"date":"2025-11-21T09:39:02","date_gmt":"2025-11-21T09:39:02","guid":{"rendered":"https:\/\/deromania.es\/?post_type=product&#038;p=148277"},"modified":"2026-01-02T20:09:26","modified_gmt":"2026-01-02T20:09:26","slug":"icoana-pe-lemn-izvorul-tamaduirii-14x19-cm","status":"publish","type":"product","link":"https:\/\/deromania.es\/es\/producto\/icoana-pe-lemn-izvorul-tamaduirii-14x19-cm","title":{"rendered":"Icono sobre madera - La fuente de la curaci\u00f3n, 14\u00d719 cm, Sagrado"},"content":{"rendered":"<p><strong>Icoan\u0103 Izvorul T\u0103m\u0103duirii<\/strong> este o icoan\u0103 ortodox\u0103 lucrat\u0103 pe lemn, imprimat\u0103 \u00een stil bizantin cu detalii curate \u0219i <strong>consagrado<\/strong> \u00eenainte de expediere. O icoan\u0103 \u00eenc\u0103rcat\u0103 de lini\u0219te, har \u0219i protec\u021bie.<\/p>\n<h3><strong>Caracter\u00edsticas principales<\/strong><\/h3>\n<ul>\n<li>Dimensiune: 14\u00d719 cm<\/li>\n<li>Imagine: Izvorul T\u0103m\u0103duirii<\/li>\n<li>Material: lemn + litografie<\/li>\n<li>Origine: Rom\u00e2nia<\/li>\n<li>Bendici\u00f3n: <strong>Santo<\/strong><\/li>\n<\/ul>\n<h3><strong>\u2726 Significado espiritual<\/strong><\/h3>\n<p>Aceast\u0103 icoan\u0103 este cunoscut\u0103 pentru darul vindec\u0103rii \u0219i al alin\u0103rii suferin\u021belor.<\/p>\n<p>Mul\u021bi credincio\u0219i o aleg pentru s\u0103n\u0103tate, speran\u021b\u0103 \u0219i puterea Maicii Domnului.<\/p>\n<h3><strong>\u2726 Recomandat\u0103 pentru<\/strong><\/h3>\n<ul>\n<li>Altar personal<\/li>\n<li>Protec\u021bia casei<\/li>\n<li>Regalos religiosos<\/li>\n<li>Oraci\u00f3n diaria<\/li>\n<\/ul>\n<p>Livrare rapid\u0103 din Spania.<\/p>","protected":false},"excerpt":{"rendered":"<p>Icono santificado con la Fuente de la Curaci\u00f3n - 14\u00d719 cm, que aporta curaci\u00f3n, paz y gracia.<\/p>","protected":false},"featured_media":175945,"comment_status":"open","ping_status":"closed","template":"","meta":[],"product_brand":[122],"product_cat":[91,98],"product_tag":[593,504,627,506,617],"class_list":{"0":"post-148277","1":"product","2":"type-product","3":"status-publish","4":"has-post-thumbnail","6":"product_brand-patriarhia-romana","7":"product_cat-icoane","8":"product_cat-obiecte-ortodoxe","9":"product_tag-14x19","10":"product_tag-icoana","11":"product_tag-izvorul-tamaduirii","12":"product_tag-sfintita","13":"product_tag-vindecare","15":"first","16":"instock","17":"taxable","18":"shipping-taxable","19":"purchasable","20":"product-type-simple"},"_links":{"self":[{"href":"https:\/\/deromania.es\/es\/wp-json\/wp\/v2\/product\/148277","targetHints":{"allow":["GET"]}}],"collection":[{"href":"https:\/\/deromania.es\/es\/wp-json\/wp\/v2\/product"}],"about":[{"href":"https:\/\/deromania.es\/es\/wp-json\/wp\/v2\/types\/product"}],"replies":[{"embeddable":true,"href":"https:\/\/deromania.es\/es\/wp-json\/wp\/v2\/comments?post=148277"}],"version-history":[{"count":0,"href":"https:\/\/deromania.es\/es\/wp-json\/wp\/v2\/product\/148277\/revisions"}],"wp:featuredmedia":[{"embeddable":true,"href":"https:\/\/deromania.es\/es\/wp-json\/wp\/v2\/media\/175945"}],"wp:attachment":[{"href":"https:\/\/deromania.es\/es\/wp-json\/wp\/v2\/media?parent=148277"}],"wp:term":[{"taxonomy":"product_brand","embeddable":true,"href":"https:\/\/deromania.es\/es\/wp-json\/wp\/v2\/product_brand?post=148277"},{"taxonomy":"product_cat","embeddable":true,"href":"https:\/\/deromania.es\/es\/wp-json\/wp\/v2\/product_cat?post=148277"},{"taxonomy":"product_tag","embeddable":true,"href":"https:\/\/deromania.es\/es\/wp-json\/wp\/v2\/product_tag?post=148277"}],"curies":[{"name":"wp","href":"https:\/\/api.w.org\/{rel}","templated":true}]}}