{"id":60,"date":"2021-08-26T12:26:53","date_gmt":"2021-08-26T12:26:53","guid":{"rendered":"http:\/\/dummy.xtemos.com\/woodmart2\/elementor\/?page_id=60"},"modified":"2025-09-28T15:59:19","modified_gmt":"2025-09-28T15:59:19","slug":"lista-de-deseos","status":"publish","type":"page","link":"https:\/\/deromania.es\/es\/wishlist","title":{"rendered":"Lista de deseos"},"content":{"rendered":"<div data-elementor-type=\"wp-page\" data-elementor-id=\"60\" class=\"elementor elementor-60\">\n\t\t\t\t<div class=\"wd-negative-gap elementor-element elementor-element-5a98b2f1 e-flex e-con-boxed e-con e-parent\" data-id=\"5a98b2f1\" data-element_type=\"container\" data-e-type=\"container\">\n\t\t\t\t\t<div class=\"e-con-inner\">\n\t\t\t\t<div class=\"elementor-element elementor-element-4b7e9f1e color-scheme-inherit text-left elementor-widget elementor-widget-text-editor\" data-id=\"4b7e9f1e\" data-element_type=\"widget\" data-e-type=\"widget\" data-widget_type=\"text-editor.default\">\n\t\t\t\t<div class=\"elementor-widget-container\">\n\t\t\t\t\t\t\t\t\t<div class=\"\" >\n<div class=\"wd-wishlist-content\">\n<div class=\"wd-empty-block wd-empty-wishlist\">\n<h2 class=\"wd-empty-block-title\">\n\t\t\tThis wishlist is empty.\t\t<\/h2>\n<p class=\"wd-empty-block-text\">\n\t\t\t\tA\u00fan no tienes ning\u00fan producto en la lista de deseos. Encontrar\u00e1s muchos productos interesantes en nuestra p\u00e1gina \u201eTienda\u201d.\t\t\t<\/p>\n<p>\t\t\t\t\t<a class=\"button btn btn-accent wd-empty-block-btn\" href=\"https:\/\/deromania.es\/es\/shop\"><br \/>\n\t\t\t\tReturn to shop\t\t\t<\/a><\/p><\/div>\n<\/p><\/div>\n<\/p><\/div><\/p>\n\n\t\t\t\t\t\t\t\t<\/div>\n\t\t\t\t<\/div>\n\t\t\t\t\t<\/div>\n\t\t\t\t<\/div>\n\t\t<div class=\"wd-negative-gap elementor-element elementor-element-9d2bacb e-flex e-con-boxed e-con e-parent\" data-id=\"9d2bacb\" data-element_type=\"container\" data-e-type=\"container\">\n\t\t\t\t\t<div class=\"e-con-inner\">\n\t\t\t\t<div class=\"elementor-element elementor-element-44db351 elementor-widget elementor-widget-html\" data-id=\"44db351\" data-element_type=\"widget\" data-e-type=\"widget\" data-widget_type=\"html.default\">\n\t\t\t\t<div class=\"elementor-widget-container\">\n\t\t\t\t\t<script>\r\ndocument.addEventListener('DOMContentLoaded', function() {\r\n  const observer = new MutationObserver(function() {\r\n    document.querySelectorAll('.woodmart-wishlist-empty h2').forEach(el => {\r\n      if (el.textContent.trim() === 'This wishlist is empty.') {\r\n        el.textContent = 'Tu lista de deseos est\u00e1 vac\u00eda';\r\n      }\r\n    });\r\n\r\n    document.querySelectorAll('.woodmart-wishlist-empty p').forEach(el => {\r\n      if (el.textContent.includes(\"You don't have any products in the wishlist yet\")) {\r\n        el.textContent = 'Todav\u00eda no has a\u00f1adido ning\u00fan producto. Descubre productos aut\u00e9nticos en nuestra tienda.';\r\n      }\r\n    });\r\n\r\n    document.querySelectorAll('.woodmart-wishlist-empty a').forEach(el => {\r\n      if (el.textContent.trim() === 'Return to shop') {\r\n        el.textContent = 'Volver a la tienda';\r\n      }\r\n    });\r\n  });\r\n\r\n  observer.observe(document.body, { childList: true, subtree: true });\r\n});\r\n<\/script>\r\n\t\t\t\t<\/div>\n\t\t\t\t<\/div>\n\t\t\t\t\t<\/div>\n\t\t\t\t<\/div>\n\t\t\t\t<\/div>","protected":false},"excerpt":{"rendered":"","protected":false},"author":1,"featured_media":0,"parent":0,"menu_order":0,"comment_status":"closed","ping_status":"closed","template":"","meta":{"footnotes":""},"class_list":["post-60","page","type-page","status-publish","hentry"],"_links":{"self":[{"href":"https:\/\/deromania.es\/es\/wp-json\/wp\/v2\/pages\/60","targetHints":{"allow":["GET"]}}],"collection":[{"href":"https:\/\/deromania.es\/es\/wp-json\/wp\/v2\/pages"}],"about":[{"href":"https:\/\/deromania.es\/es\/wp-json\/wp\/v2\/types\/page"}],"author":[{"embeddable":true,"href":"https:\/\/deromania.es\/es\/wp-json\/wp\/v2\/users\/1"}],"replies":[{"embeddable":true,"href":"https:\/\/deromania.es\/es\/wp-json\/wp\/v2\/comments?post=60"}],"version-history":[{"count":0,"href":"https:\/\/deromania.es\/es\/wp-json\/wp\/v2\/pages\/60\/revisions"}],"wp:attachment":[{"href":"https:\/\/deromania.es\/es\/wp-json\/wp\/v2\/media?parent=60"}],"curies":[{"name":"wp","href":"https:\/\/api.w.org\/{rel}","templated":true}]}}