{"id":3,"date":"2025-02-28T21:17:49","date_gmt":"2025-02-28T21:17:49","guid":{"rendered":"http:\/\/deromania.live-website.com\/?page_id=3"},"modified":"2025-08-12T11:10:06","modified_gmt":"2025-08-12T11:10:06","slug":"politica-de-privacidad","status":"publish","type":"page","link":"https:\/\/deromania.es\/es\/politica-de-privacidad","title":{"rendered":"Pol\u00edtica de privacidad"},"content":{"rendered":"<h2 class=\"wp-block-heading\" data-start=\"247\" data-end=\"272\">Pol\u00edtica de privacidad<\/h2>\r\n<p data-start=\"274\" data-end=\"520\">En <strong data-start=\"277\" data-end=\"293\">deromania.es<\/strong>, Valoramos tu privacidad y nos comprometemos a proteger tus datos personales de acuerdo con el Reglamento General de Protecci\u00f3n de Datos (GDPR) y la Ley Org\u00e1nica de Protecci\u00f3n de Datos y Garant\u00eda de los Derechos Digitales (LOPDGDD).<\/p>\r\n<hr data-start=\"522\" data-end=\"525\" \/>\r\n<h3 data-start=\"527\" data-end=\"546\">Qui\u00e9nes somos<\/h3>\r\n<p data-start=\"548\" data-end=\"631\">La direcci\u00f3n de nuestro sitio web es: <a class=\"\" href=\"https:\/\/deromania.es\/es\/\" target=\"_new\" rel=\"noopener\" data-start=\"586\" data-end=\"630\">https:\/\/deromania.es<\/a>.<\/p>\r\n<hr data-start=\"633\" data-end=\"636\" \/>\r\n<h3 data-start=\"638\" data-end=\"653\">Comentarios<\/h3>\r\n<p data-start=\"655\" data-end=\"874\">Cuando los visitantes dejan comentarios en el sitio, recogemos los datos que aparecen en el formulario de comentarios, as\u00ed como la direcci\u00f3n IP y la cadena de agentes del navegador para ayudar a la detecci\u00f3n de spam.<\/p>\r\n<p data-start=\"876\" data-end=\"1239\">Se puede proporcionar al servicio Gravatar una cadena anonimizada creada a partir de su direcci\u00f3n de correo electr\u00f3nico para verificar si la est\u00e1 utilizando. Puede consultar la pol\u00edtica de privacidad de Gravatar en: <a class=\"\" href=\"https:\/\/automattic.com\/privacy\/\" target=\"_new\" rel=\"noopener\" data-start=\"1093\" data-end=\"1159\">https:\/\/automattic.com\/privacy\/<\/a>. Una vez aprobado tu comentario, tu foto de perfil ser\u00e1 visible p\u00fablicamente.<\/p>\r\n<hr data-start=\"1241\" data-end=\"1244\" \/>\r\n<h3 data-start=\"1246\" data-end=\"1256\">Medios de comunicaci\u00f3n<\/h3>\r\n<p data-start=\"1258\" data-end=\"1423\">Si subes im\u00e1genes a la web, evita hacerlo con datos de localizaci\u00f3n incrustados (EXIF GPS), ya que los visitantes pueden descargar y extraer esa informaci\u00f3n.<\/p>\r\n<hr data-start=\"1425\" data-end=\"1428\" \/>\r\n<h3 data-start=\"1430\" data-end=\"1441\">Cookies<\/h3>\r\n<p data-start=\"1443\" data-end=\"1646\">Cuando deja un comentario, puede elegir guardar su nombre, correo electr\u00f3nico y sitio web en cookies. Esto es para su comodidad, para que no tenga que rellenar sus datos de nuevo. Estas cookies durar\u00e1n un a\u00f1o.<\/p>\r\n<p data-start=\"1648\" data-end=\"1849\">Si visita la p\u00e1gina de inicio de sesi\u00f3n, instalaremos una cookie temporal para comprobar si su navegador acepta cookies. Esta cookie no contiene datos personales y se elimina al cerrar el navegador.<\/p>\r\n<p data-start=\"1851\" data-end=\"2168\">Cuando inicie sesi\u00f3n, instalaremos varias cookies para almacenar su informaci\u00f3n de inicio de sesi\u00f3n y sus preferencias de pantalla. Las cookies de inicio de sesi\u00f3n duran dos d\u00edas y las de opciones de pantalla, un a\u00f1o. Si selecciona \u201cRecordarme\u201d, sus datos de inicio de sesi\u00f3n se conservar\u00e1n durante dos semanas. Cuando cierre la sesi\u00f3n, se borrar\u00e1n las cookies.<\/p>\r\n<p data-start=\"2170\" data-end=\"2361\">Si edita o publica un art\u00edculo, se guardar\u00e1 una cookie adicional en su navegador. Esta cookie no contiene datos personales y simplemente indica el ID del contenido editado. Caduca en 1 d\u00eda.<\/p>\r\n<hr data-start=\"2363\" data-end=\"2366\" \/>\r\n<h3 data-start=\"2368\" data-end=\"2408\">Contenido incrustado de otros sitios<\/h3>\r\n<p data-start=\"2410\" data-end=\"2654\">Los art\u00edculos de este sitio pueden incluir contenido incrustado (por ejemplo, v\u00eddeos, im\u00e1genes, art\u00edculos, etc.). El contenido incrustado de otros sitios web se comporta de la misma manera que si el visitante hubiera visitado ese otro sitio.<\/p>\r\n<p data-start=\"2656\" data-end=\"2875\">Estos sitios pueden recopilar datos sobre usted, utilizar cookies, incrustar seguimiento de terceros y controlar su interacci\u00f3n con ese contenido incrustado, incluido si tiene una cuenta y ha iniciado sesi\u00f3n en ese sitio web.<\/p>\r\n<hr data-start=\"2877\" data-end=\"2880\" \/>\r\n<h3 data-start=\"2882\" data-end=\"2917\">Con qui\u00e9n compartimos sus datos<\/h3>\r\n<p data-start=\"2919\" data-end=\"3024\">Si solicitas un restablecimiento de contrase\u00f1a, tu direcci\u00f3n IP se incluir\u00e1 en el correo de recuperaci\u00f3n.<\/p>\r\n<hr data-start=\"3026\" data-end=\"3029\" \/>\r\n<h3 data-start=\"3031\" data-end=\"3072\">\u00bfCu\u00e1nto tiempo conservamos sus datos?<\/h3>\r\n<p data-start=\"3074\" data-end=\"3237\">Si deja un comentario, tanto el comentario como sus metadatos se conservan indefinidamente para que los comentarios posteriores puedan ser reconocidos y aprobados autom\u00e1ticamente.<\/p>\r\n<p data-start=\"3239\" data-end=\"3570\">En el caso de los usuarios que se registran en nuestro sitio web, tambi\u00e9n almacenamos la informaci\u00f3n personal que proporcionan en su perfil. Todos los usuarios pueden ver, editar o borrar su informaci\u00f3n personal en cualquier momento (excepto el nombre de usuario), y los administradores del sitio tambi\u00e9n pueden ver y modificar esa informaci\u00f3n.<\/p>\r\n<hr data-start=\"3572\" data-end=\"3575\" \/>\r\n<h3 data-start=\"3577\" data-end=\"3618\">\u00bfQu\u00e9 derechos tiene sobre sus datos?<\/h3>\r\n<p data-start=\"3620\" data-end=\"3896\">Tiene derecho a acceder, rectificar y suprimir sus datos personales, as\u00ed como otros derechos establecidos en la normativa vigente. Si tiene una cuenta en este sitio o ha dejado comentarios, puede solicitar un archivo exportado con sus datos personales o pedir que se supriman sus datos personales.<\/p>\r\n<p data-start=\"3898\" data-end=\"4094\">Estas solicitudes pueden hacerse enviando un correo electr\u00f3nico a <strong data-start=\"3968\" data-end=\"3989\"><a class=\"cursor-pointer\" rel=\"noopener\" data-start=\"3970\" data-end=\"3987\">info@deromania.es<\/a><\/strong>. Nos reservamos el derecho a conservar determinados datos por obligaciones legales, fiscales o de seguridad.<\/p>\r\n<hr data-start=\"4096\" data-end=\"4099\" \/>\r\n<h3 data-start=\"4101\" data-end=\"4130\">D\u00f3nde se env\u00edan sus datos<\/h3>\r\n<p data-start=\"4132\" data-end=\"4221\">Los comentarios pueden ser controlados por un sistema autom\u00e1tico de detecci\u00f3n de spam.<\/p>\r\n<hr data-start=\"4223\" data-end=\"4226\" \/>\r\n<h3 data-start=\"4228\" data-end=\"4255\">Uso de Google Analytics<\/h3>\r\n<p data-start=\"4257\" data-end=\"4506\">Utilizamos <strong data-start=\"4268\" data-end=\"4288\">Google Analytics<\/strong> para comprender c\u00f3mo interact\u00faan los usuarios con nuestro sitio web. Google Analytics recopila datos como su direcci\u00f3n IP, el tipo de dispositivo que utiliza, el navegador, la ubicaci\u00f3n aproximada y el comportamiento de navegaci\u00f3n.<\/p>\r\n<p data-start=\"4508\" data-end=\"4806\">Esta informaci\u00f3n nos ayuda a mejorar la experiencia del usuario, pero no se utiliza para identificarle personalmente. Puede gestionar o desactivar el uso de estas cookies desde la configuraci\u00f3n de su navegador o a trav\u00e9s del banner de consentimiento de cookies disponible al entrar en nuestro sitio web.<\/p>\r\n<hr data-start=\"4808\" data-end=\"4811\" \/>\r\n<h3 data-start=\"4813\" data-end=\"4825\">P\u00f3ngase en contacto con<\/h3>\r\n<p data-start=\"4827\" data-end=\"4938\">Si tiene alguna pregunta sobre esta pol\u00edtica de privacidad o desea ejercer sus derechos, puede escribirnos a<\/p>\r\n<p data-start=\"4940\" data-end=\"5058\"><strong data-start=\"4940\" data-end=\"4967\">Mihai Bogdan Stanculescu Aut\u00f3noma<\/strong><br data-start=\"4967\" data-end=\"4970\" \/>Calle Jimena 23, La L\u00ednea de la Concepci\u00f3n, C\u00e1diz, Espa\u00f1a<br data-start=\"5027\" data-end=\"5030\" \/>Correo electr\u00f3nico: <strong data-start=\"5037\" data-end=\"5058\"><a class=\"cursor-pointer\" rel=\"noopener\" data-start=\"5039\" data-end=\"5056\">info@deromania.es<\/a><\/strong><\/p>","protected":false},"excerpt":{"rendered":"<p>Pol\u00edtica de Privacidad En deromania.es, valoramos tu privacidad y nos comprometemos a proteger tus datos personales conforme al Reglamento General<\/p>","protected":false},"author":1,"featured_media":0,"parent":0,"menu_order":0,"comment_status":"closed","ping_status":"closed","template":"","meta":{"footnotes":""},"class_list":["post-3","page","type-page","status-publish","hentry"],"_links":{"self":[{"href":"https:\/\/deromania.es\/es\/wp-json\/wp\/v2\/pages\/3","targetHints":{"allow":["GET"]}}],"collection":[{"href":"https:\/\/deromania.es\/es\/wp-json\/wp\/v2\/pages"}],"about":[{"href":"https:\/\/deromania.es\/es\/wp-json\/wp\/v2\/types\/page"}],"author":[{"embeddable":true,"href":"https:\/\/deromania.es\/es\/wp-json\/wp\/v2\/users\/1"}],"replies":[{"embeddable":true,"href":"https:\/\/deromania.es\/es\/wp-json\/wp\/v2\/comments?post=3"}],"version-history":[{"count":0,"href":"https:\/\/deromania.es\/es\/wp-json\/wp\/v2\/pages\/3\/revisions"}],"wp:attachment":[{"href":"https:\/\/deromania.es\/es\/wp-json\/wp\/v2\/media?parent=3"}],"curies":[{"name":"wp","href":"https:\/\/api.w.org\/{rel}","templated":true}]}}